{"id":44749,"date":"2025-10-29T12:32:38","date_gmt":"2025-10-29T10:32:38","guid":{"rendered":"https:\/\/keluvo.com\/se\/product\/reflektion-kamera-spegel-clip-set\/"},"modified":"2025-11-11T11:54:59","modified_gmt":"2025-11-11T09:54:59","slug":"reflektion-kamera-spegel-clip-set","status":"publish","type":"product","link":"https:\/\/keluvo.com\/se\/product\/reflektion-kamera-spegel-clip-set\/","title":{"rendered":"Reflektion kamera spegel clip set"},"content":{"rendered":"<p style=\"text-align: center\" data-start=\"0\" data-end=\"62\"><strong data-start=\"0\" data-end=\"60\">F\u00f6rvandla Din Telefon Till En Professionell Kamera P\u00e5 N\u00e5gra Sekunder \ud83d\udcf8<\/strong><\/p>\n<p style=\"text-align: center\" data-start=\"64\" data-end=\"367\">Ta kreativa foton och videor av h\u00f6g kvalitet med reflexkameran. Denna spegelreflektionsclips ger din smartphone en professionell fotoeffekt &#8211; perfekt f\u00f6r selfies, vloggar och unika perspektivbilder. H\u00e5llbar, \u00e5teranv\u00e4ndbar och enkel att anv\u00e4nda, det \u00e4r ett m\u00e5ste f\u00f6r alla inneh\u00e5llsskapare.<\/p>\n<p data-start=\"64\" data-end=\"367\"><img decoding=\"async\" class=\"size-full wp-image-38663 aligncenter\" src=\"https:\/\/keluvo.com\/template\/wp-content\/uploads\/sites\/5\/2025\/10\/10227-ezgif.com-video-to-webp-converter-1.webp\" alt=\"\" \/><\/p>\n<h2 style=\"text-align: center\" data-start=\"374\" data-end=\"396\"><strong>Huvudf\u00f6rdelar<\/strong><\/h2>\n<p data-start=\"399\" data-end=\"495\">\ud83d\udd0d Professionella reflektionsbilder &#8211; Ger fantastiska spegeleffekter f\u00f6r kreativ fotografering.<\/p>\n<p data-start=\"498\" data-end=\"569\">\ud83d\udcf1 Universell passform &#8211; Justerbar kl\u00e4mma passar de flesta smartphones s\u00e4kert.<\/p>\n<p data-start=\"572\" data-end=\"642\">\ud83d\udca1 Enkel installation &#8211; F\u00e4st, rikta in och fotografera &#8211; inga extra verktyg beh\u00f6vs.<\/p>\n<p data-start=\"724\" data-end=\"812\">\ud83d\udc8e H\u00e5llbar &amp; \u00e5teranv\u00e4ndbar &#8211; Tillverkad av h\u00f6gkvalitativt glas och PVC f\u00f6r l\u00e5ngsiktig klarhet.<\/p>\n<p data-start=\"815\" data-end=\"914\">\ud83c\udfa5 Perfekt f\u00f6r kreat\u00f6rer &#8211; Perfekt f\u00f6r vloggare, influencers och alla som \u00e4lskar att ta bilder.<\/p>\n<p data-start=\"815\" data-end=\"914\"><img decoding=\"async\" class=\"size-full wp-image-38666 aligncenter\" src=\"https:\/\/keluvo.com\/template\/wp-content\/uploads\/sites\/5\/2025\/10\/FM1_a011c57d-c60a-4396-87a4-f9889d17855e.webp\" alt=\"\" \/><\/p>\n<h2 style=\"text-align: center\" data-start=\"921\" data-end=\"940\"><strong>Hur Man Anv\u00e4nder<\/strong><\/h2>\n<ol data-start=\"941\" data-end=\"1207\">\n<li data-start=\"941\" data-end=\"988\">\n<p data-start=\"944\" data-end=\"988\">Ta ut kl\u00e4mman och spegeln fr\u00e5n l\u00e5dan.<\/p>\n<\/li>\n<li data-start=\"989\" data-end=\"1024\">\n<p data-start=\"992\" data-end=\"1024\">F\u00e4st spegeln p\u00e5 kl\u00e4mman.<\/p>\n<\/li>\n<li data-start=\"1025\" data-end=\"1076\">\n<p data-start=\"1028\" data-end=\"1076\">F\u00e4st kl\u00e4mman p\u00e5 telefonens bakre kamera.<\/p>\n<\/li>\n<li data-start=\"1077\" data-end=\"1133\">\n<p data-start=\"1080\" data-end=\"1133\">Justera spegeln s\u00e5 att den ligger perfekt i linje med linsen.<\/p>\n<\/li>\n<li data-start=\"1134\" data-end=\"1207\">\n<p data-start=\"1137\" data-end=\"1207\">Anv\u00e4nd den medf\u00f6ljande selfiefj\u00e4rrkontrollen f\u00f6r att ta fantastiska reflektionsbilder.<\/p>\n<\/li>\n<\/ol>\n<h2 style=\"text-align: center\" data-start=\"1214\" data-end=\"1238\"><strong>Produktdetaljer<\/strong><\/h2>\n<ul data-start=\"1239\" data-end=\"1472\">\n<li data-start=\"1239\" data-end=\"1264\">\n<p data-start=\"1241\" data-end=\"1264\">Material: Glas + PVC<\/p>\n<\/li>\n<li data-start=\"1265\" data-end=\"1290\">\n<p data-start=\"1267\" data-end=\"1290\">F\u00e4rg: Svart, Vit, Rosa<\/p>\n<\/li>\n<li data-start=\"1291\" data-end=\"1342\">\n<p data-start=\"1293\" data-end=\"1342\">Storlek: 8,5 x 13 x 3,5 cm<\/p>\n<\/li>\n<li data-start=\"1343\" data-end=\"1361\">\n<p data-start=\"1345\" data-end=\"1361\">Vikt: 91,8 g<\/p>\n<\/li>\n<li data-start=\"1362\" data-end=\"1402\">\n<p data-start=\"1364\" data-end=\"1402\">Kompatibilitet: Passar de flesta smartphones<\/p>\n<\/li>\n<li data-start=\"1403\" data-end=\"1472\">\n<p data-start=\"1405\" data-end=\"1472\">Funktioner: Justerbar kl\u00e4mma, \u00e5teranv\u00e4ndbar design, selfie-fj\u00e4rrkontroll<\/p>\n<\/li>\n<\/ul>\n<h2 style=\"text-align: center\" data-start=\"1479\" data-end=\"1504\"><strong>Paketet Inneh\u00e5ller<\/strong><\/h2>\n<ul data-start=\"1505\" data-end=\"1597\">\n<li data-start=\"1505\" data-end=\"1575\">\n<p data-start=\"1507\" data-end=\"1575\">1x reflexkamera spegelkl\u00e4mma set (spegel, reflexkl\u00e4mma, l\u00e4derv\u00e4ska, torkduk).<\/p>\n<\/li>\n<\/ul>\n","protected":false},"excerpt":{"rendered":"<p>F\u00f6rvandla Din Telefon Till En Professionell Kamera P\u00e5 N\u00e5gra Sekunder \ud83d\udcf8 Ta kreativa foton och videor av h\u00f6g kvalitet med [&hellip;]<\/p>\n","protected":false},"featured_media":44745,"comment_status":"open","ping_status":"closed","template":"","meta":{"site-sidebar-layout":"default","site-content-layout":"","ast-site-content-layout":"default","site-content-style":"default","site-sidebar-style":"default","ast-global-header-display":"","ast-banner-title-visibility":"","ast-main-header-display":"","ast-hfb-above-header-display":"","ast-hfb-below-header-display":"","ast-hfb-mobile-header-display":"","site-post-title":"","ast-breadcrumbs-content":"","ast-featured-img":"","footer-sml-layout":"","theme-transparent-header-meta":"default","adv-header-id-meta":"","stick-header-meta":"","header-above-stick-meta":"","header-main-stick-meta":"","header-below-stick-meta":"","astra-migrate-meta-layouts":"set","ast-page-background-enabled":"default","ast-page-background-meta":{"desktop":{"background-color":"var(--ast-global-color-4)","background-image":"","background-repeat":"repeat","background-position":"center center","background-size":"auto","background-attachment":"scroll","background-type":"","background-media":"","overlay-type":"","overlay-color":"","overlay-opacity":"","overlay-gradient":""},"tablet":{"background-color":"","background-image":"","background-repeat":"repeat","background-position":"center center","background-size":"auto","background-attachment":"scroll","background-type":"","background-media":"","overlay-type":"","overlay-color":"","overlay-opacity":"","overlay-gradient":""},"mobile":{"background-color":"","background-image":"","background-repeat":"repeat","background-position":"center center","background-size":"auto","background-attachment":"scroll","background-type":"","background-media":"","overlay-type":"","overlay-color":"","overlay-opacity":"","overlay-gradient":""}},"ast-content-background-meta":{"desktop":{"background-color":"var(--ast-global-color-5)","background-image":"","background-repeat":"repeat","background-position":"center center","background-size":"auto","background-attachment":"scroll","background-type":"","background-media":"","overlay-type":"","overlay-color":"","overlay-opacity":"","overlay-gradient":""},"tablet":{"background-color":"var(--ast-global-color-5)","background-image":"","background-repeat":"repeat","background-position":"center center","background-size":"auto","background-attachment":"scroll","background-type":"","background-media":"","overlay-type":"","overlay-color":"","overlay-opacity":"","overlay-gradient":""},"mobile":{"background-color":"var(--ast-global-color-5)","background-image":"","background-repeat":"repeat","background-position":"center center","background-size":"auto","background-attachment":"scroll","background-type":"","background-media":"","overlay-type":"","overlay-color":"","overlay-opacity":"","overlay-gradient":""}}},"product_brand":[],"product_cat":[15],"product_tag":[],"class_list":{"0":"post-44749","1":"product","2":"type-product","3":"status-publish","4":"has-post-thumbnail","6":"product_cat-uncategorized","7":"pa_29950_tku34zfq-rosa","8":"pa_29950_tku34zfq-svart","9":"pa_29950_tku34zfq-vit","10":"desktop-align-left","11":"tablet-align-left","12":"mobile-align-left","14":"first","15":"instock","16":"shipping-taxable","17":"purchasable","18":"product-type-variable"},"_links":{"self":[{"href":"https:\/\/keluvo.com\/se\/wp-json\/wp\/v2\/product\/44749","targetHints":{"allow":["GET"]}}],"collection":[{"href":"https:\/\/keluvo.com\/se\/wp-json\/wp\/v2\/product"}],"about":[{"href":"https:\/\/keluvo.com\/se\/wp-json\/wp\/v2\/types\/product"}],"replies":[{"embeddable":true,"href":"https:\/\/keluvo.com\/se\/wp-json\/wp\/v2\/comments?post=44749"}],"wp:featuredmedia":[{"embeddable":true,"href":"https:\/\/keluvo.com\/se\/wp-json\/wp\/v2\/media\/44745"}],"wp:attachment":[{"href":"https:\/\/keluvo.com\/se\/wp-json\/wp\/v2\/media?parent=44749"}],"wp:term":[{"taxonomy":"product_brand","embeddable":true,"href":"https:\/\/keluvo.com\/se\/wp-json\/wp\/v2\/product_brand?post=44749"},{"taxonomy":"product_cat","embeddable":true,"href":"https:\/\/keluvo.com\/se\/wp-json\/wp\/v2\/product_cat?post=44749"},{"taxonomy":"product_tag","embeddable":true,"href":"https:\/\/keluvo.com\/se\/wp-json\/wp\/v2\/product_tag?post=44749"}],"curies":[{"name":"wp","href":"https:\/\/api.w.org\/{rel}","templated":true}]}}