{"id":44036,"date":"2025-10-23T17:45:32","date_gmt":"2025-10-23T14:45:32","guid":{"rendered":"https:\/\/keluvo.com\/se\/product\/modern-vagglampa\/"},"modified":"2025-10-23T17:45:41","modified_gmt":"2025-10-23T14:45:41","slug":"modern-vagglampa","status":"publish","type":"product","link":"https:\/\/keluvo.com\/se\/product\/modern-vagglampa\/","title":{"rendered":"Modern v\u00e4gglampa"},"content":{"rendered":"<p style=\"text-align: center\" data-start=\"0\" data-end=\"80\"><strong data-start=\"0\" data-end=\"78\">Njut av enkel belysning och modern stil med den h\u00e4r moderna v\u00e4gglampan. \ud83c\udf19<\/strong><\/p>\n<p style=\"text-align: center\" data-start=\"82\" data-end=\"399\">Den h\u00e4r moderna v\u00e4gglampan \u00e4r en smart, plug-in v\u00e4gglampa som automatiskt anpassar sig efter dina behov. Med sin inbyggda ljussensor, dimbara ljusstyrka och kompakta design ger den den perfekta m\u00e4ngden ljus var som helst i ditt hem &#8211; fr\u00e5n m\u00f6rka korridorer till mysiga sovrum. Koppla bara in den och l\u00e5t den g\u00f6ra jobbet \u00e5t dig.<\/p>\n<p data-start=\"82\" data-end=\"399\"><img decoding=\"async\" class=\"size-full wp-image-38146 aligncenter\" src=\"https:\/\/keluvo.com\/template\/wp-content\/uploads\/sites\/5\/2025\/10\/ezgif-3-e82e054535.webp\" alt=\"\" \/><\/p>\n<h2 style=\"text-align: center\" data-start=\"406\" data-end=\"428\"><strong>Huvudf\u00f6rdelar<\/strong><\/h2>\n<p data-start=\"431\" data-end=\"534\">\ud83c\udf19 Automatisk p\u00e5\/av &#8211; Smart skymnings- till gryningssensor t\u00e4nder lampan i m\u00f6rkret och sl\u00e4cker den vid soluppg\u00e5ngen.<\/p>\n<p data-start=\"537\" data-end=\"631\">\ud83d\udd06 Justerbar ljusstyrka &#8211; V\u00e4lj mellan ett mjukt sken eller starkare ljus f\u00f6r synlighet.<\/p>\n<p data-start=\"634\" data-end=\"719\">\u26a1 Energieffektiv &#8211; Anv\u00e4nder mindre \u00e4n 1 watt \u2014 ljust hela natten, l\u00e5g energif\u00f6rbrukning.<\/p>\n<p data-start=\"634\" data-end=\"719\">\ud83e\udde9 Kompakt &amp; snygg design &#8211; Passar alla uttag och h\u00e5ller det andra uttaget fritt.<\/p>\n<p data-start=\"809\" data-end=\"890\">\ud83d\udd12 S\u00e4ker &amp; p\u00e5litlig &#8211; H\u00e5ller sig sval vid ber\u00f6ring, perfekt f\u00f6r daglig inomhusanv\u00e4ndning.<\/p>\n<p data-start=\"809\" data-end=\"890\"><img decoding=\"async\" class=\"size-full wp-image-38147 aligncenter\" src=\"https:\/\/keluvo.com\/template\/wp-content\/uploads\/sites\/5\/2025\/10\/ezgif-3-c747945947.webp\" alt=\"\" \/><\/p>\n<h2 style=\"text-align: center\" data-start=\"897\" data-end=\"916\"><strong>Hur Man Anv\u00e4nder<\/strong><\/h2>\n<ol data-start=\"917\" data-end=\"1125\">\n<li data-start=\"917\" data-end=\"978\">\n<p data-start=\"920\" data-end=\"978\">Koppla v\u00e4gglampan till valfritt v\u00e4gguttag.<\/p>\n<\/li>\n<li data-start=\"979\" data-end=\"1037\">\n<p data-start=\"982\" data-end=\"1037\">Justera ljusstyrkan med den inbyggda dimmerfunktionen.<\/p>\n<\/li>\n<li data-start=\"1038\" data-end=\"1125\">\n<p data-start=\"1041\" data-end=\"1125\">Ljuset t\u00e4nds automatiskt i skymningen och sl\u00e4cks i gryningen &#8211; inga str\u00f6mbrytare beh\u00f6vs.<\/p>\n<\/li>\n<\/ol>\n<h2 style=\"text-align: center\" data-start=\"1132\" data-end=\"1156\"><strong>Produktdetaljer<\/strong><\/h2>\n<ul data-start=\"1157\" data-end=\"1481\">\n<li data-start=\"1202\" data-end=\"1230\">\n<p data-start=\"1204\" data-end=\"1230\">Ljusstyrka: Dimbar<\/p>\n<\/li>\n<li data-start=\"1231\" data-end=\"1277\">\n<p data-start=\"1233\" data-end=\"1277\">Sensor: Automatisk skymning-till-gryning-kontroll<\/p>\n<\/li>\n<li data-start=\"1278\" data-end=\"1309\">\n<p data-start=\"1280\" data-end=\"1309\">Effektf\u00f6rbrukning: &lt; 1W<\/p>\n<\/li>\n<li data-start=\"1310\" data-end=\"1347\">\n<p data-start=\"1312\" data-end=\"1347\">F\u00e4rgalternativ: Svart eller vit<\/p>\n<\/li>\n<li data-start=\"1348\" data-end=\"1412\">\n<p data-start=\"1350\" data-end=\"1412\">Design: Kompakt och platsbesparande (h\u00e5ller ett uttag fritt)<\/p>\n<\/li>\n<li data-start=\"1413\" data-end=\"1481\">\n<p data-start=\"1415\" data-end=\"1481\">Anv\u00e4ndning: Perfekt f\u00f6r hallar, sovrum, badrum och k\u00f6k<\/p>\n<\/li>\n<li data-start=\"1413\" data-end=\"1481\">Effekt: EU-kontakt<\/li>\n<\/ul>\n<h2 style=\"text-align: center\" data-start=\"1488\" data-end=\"1513\"><strong>Paketet Inneh\u00e5ller<\/strong><\/h2>\n<ul data-start=\"1514\" data-end=\"1554\">\n<li data-start=\"1514\" data-end=\"1554\">\n<p data-start=\"1516\" data-end=\"1554\">1, 2, 4x modern v\u00e4gglampa.<\/p>\n<\/li>\n<\/ul>\n","protected":false},"excerpt":{"rendered":"<p>Njut av enkel belysning och modern stil med den h\u00e4r moderna v\u00e4gglampan. \ud83c\udf19 Den h\u00e4r moderna v\u00e4gglampan \u00e4r en smart, [&hellip;]<\/p>\n","protected":false},"featured_media":44032,"comment_status":"open","ping_status":"closed","template":"","meta":{"site-sidebar-layout":"default","site-content-layout":"","ast-site-content-layout":"default","site-content-style":"default","site-sidebar-style":"default","ast-global-header-display":"","ast-banner-title-visibility":"","ast-main-header-display":"","ast-hfb-above-header-display":"","ast-hfb-below-header-display":"","ast-hfb-mobile-header-display":"","site-post-title":"","ast-breadcrumbs-content":"","ast-featured-img":"","footer-sml-layout":"","theme-transparent-header-meta":"default","adv-header-id-meta":"","stick-header-meta":"","header-above-stick-meta":"","header-main-stick-meta":"","header-below-stick-meta":"","astra-migrate-meta-layouts":"set","ast-page-background-enabled":"default","ast-page-background-meta":{"desktop":{"background-color":"var(--ast-global-color-4)","background-image":"","background-repeat":"repeat","background-position":"center center","background-size":"auto","background-attachment":"scroll","background-type":"","background-media":"","overlay-type":"","overlay-color":"","overlay-opacity":"","overlay-gradient":""},"tablet":{"background-color":"","background-image":"","background-repeat":"repeat","background-position":"center center","background-size":"auto","background-attachment":"scroll","background-type":"","background-media":"","overlay-type":"","overlay-color":"","overlay-opacity":"","overlay-gradient":""},"mobile":{"background-color":"","background-image":"","background-repeat":"repeat","background-position":"center center","background-size":"auto","background-attachment":"scroll","background-type":"","background-media":"","overlay-type":"","overlay-color":"","overlay-opacity":"","overlay-gradient":""}},"ast-content-background-meta":{"desktop":{"background-color":"var(--ast-global-color-5)","background-image":"","background-repeat":"repeat","background-position":"center center","background-size":"auto","background-attachment":"scroll","background-type":"","background-media":"","overlay-type":"","overlay-color":"","overlay-opacity":"","overlay-gradient":""},"tablet":{"background-color":"var(--ast-global-color-5)","background-image":"","background-repeat":"repeat","background-position":"center center","background-size":"auto","background-attachment":"scroll","background-type":"","background-media":"","overlay-type":"","overlay-color":"","overlay-opacity":"","overlay-gradient":""},"mobile":{"background-color":"var(--ast-global-color-5)","background-image":"","background-repeat":"repeat","background-position":"center center","background-size":"auto","background-attachment":"scroll","background-type":"","background-media":"","overlay-type":"","overlay-color":"","overlay-opacity":"","overlay-gradient":""}}},"product_brand":[],"product_cat":[1001],"product_tag":[],"class_list":{"0":"post-44036","1":"product","2":"type-product","3":"status-publish","4":"has-post-thumbnail","6":"product_cat-household-goods","7":"pa_48374_0wvmp6s8-1-st","8":"pa_48374_0wvmp6s8-2-st","9":"pa_48374_0wvmp6s8-4-st","10":"desktop-align-left","11":"tablet-align-left","12":"mobile-align-left","14":"first","15":"instock","16":"shipping-taxable","17":"purchasable","18":"product-type-variable"},"_links":{"self":[{"href":"https:\/\/keluvo.com\/se\/wp-json\/wp\/v2\/product\/44036","targetHints":{"allow":["GET"]}}],"collection":[{"href":"https:\/\/keluvo.com\/se\/wp-json\/wp\/v2\/product"}],"about":[{"href":"https:\/\/keluvo.com\/se\/wp-json\/wp\/v2\/types\/product"}],"replies":[{"embeddable":true,"href":"https:\/\/keluvo.com\/se\/wp-json\/wp\/v2\/comments?post=44036"}],"wp:featuredmedia":[{"embeddable":true,"href":"https:\/\/keluvo.com\/se\/wp-json\/wp\/v2\/media\/44032"}],"wp:attachment":[{"href":"https:\/\/keluvo.com\/se\/wp-json\/wp\/v2\/media?parent=44036"}],"wp:term":[{"taxonomy":"product_brand","embeddable":true,"href":"https:\/\/keluvo.com\/se\/wp-json\/wp\/v2\/product_brand?post=44036"},{"taxonomy":"product_cat","embeddable":true,"href":"https:\/\/keluvo.com\/se\/wp-json\/wp\/v2\/product_cat?post=44036"},{"taxonomy":"product_tag","embeddable":true,"href":"https:\/\/keluvo.com\/se\/wp-json\/wp\/v2\/product_tag?post=44036"}],"curies":[{"name":"wp","href":"https:\/\/api.w.org\/{rel}","templated":true}]}}