{"id":44001,"date":"2025-10-23T17:43:29","date_gmt":"2025-10-23T14:43:29","guid":{"rendered":"https:\/\/keluvo.com\/se\/product\/ateranvandbara-vaxljus\/"},"modified":"2025-11-18T16:11:20","modified_gmt":"2025-11-18T14:11:20","slug":"ateranvandbara-vaxljus","status":"publish","type":"product","link":"https:\/\/keluvo.com\/se\/product\/ateranvandbara-vaxljus\/","title":{"rendered":"\u00c5teranv\u00e4ndbara vaxljus"},"content":{"rendered":"<p style=\"text-align: center;\" data-start=\"0\" data-end=\"75\"><strong data-start=\"0\" data-end=\"73\">Njut av det mysiga skenet fr\u00e5n levande ljus &#8211; utan st\u00f6k, r\u00f6k eller oro. \ud83d\udd6f\ufe0f<\/strong><\/p>\n<p style=\"text-align: center;\" data-start=\"77\" data-end=\"371\">These \u00e5teranv\u00e4ndbara vaxljus kombinerar elegant design med modern bekv\u00e4mlighet. Med realistiska 3D-vekar, l\u00e5ng batteritid och fj\u00e4rrkontrollsinst\u00e4llningar ger de v\u00e4rme och charm till ditt hem. Perfekt f\u00f6r matbord, vardagsrum eller andra utrymmen som beh\u00f6ver en touch av lugn och sk\u00f6nhet.<\/p>\n<p data-start=\"77\" data-end=\"371\"><img decoding=\"async\" class=\"size-full wp-image-38122 aligncenter\" src=\"https:\/\/keluvo.com\/template\/wp-content\/uploads\/sites\/5\/2025\/10\/10222-ezgif.com-video-to-webp-converter.webp\" alt=\"\" \/><\/p>\n<h2 style=\"text-align: center;\" data-start=\"378\" data-end=\"399\">Huvudsakliga f\u00f6rdelar<\/h2>\n<p data-start=\"402\" data-end=\"511\">\ud83d\udd6f\ufe0f Realistisk 3D-flamma: Det verklighetstrogna flimret efterliknar riktiga stearinljus f\u00f6r en autentisk, mysig atmosf\u00e4r.<\/p>\n<p data-start=\"514\" data-end=\"611\">\ud83d\udd0b L\u00e5ng batteritid: Varje ljus lyser i 450+ timmar med AAA-batterier med h\u00f6g kapacitet.<\/p>\n<p data-start=\"614\" data-end=\"729\">\ud83c\udfae Easy remote control: Justera ljusstyrka, flimmerl\u00e4ge och st\u00e4ll in 2, 4, 6, 8 timmars timers fr\u00e5n upp till 25 fot bort.<\/p>\n<p data-start=\"732\" data-end=\"833\">\ud83e\uddd2 S\u00e4kert f\u00f6r alla: Ingen \u00f6ppen l\u00e5ga, r\u00f6k eller droppande vax &#8211; perfekt f\u00f6r hem med barn och husdjur.<\/p>\n<p data-start=\"836\" data-end=\"950\">\ud83c\udfe1 Elegant inredning: Den 17 cm h\u00f6ga designen passar vackert i alla rum f\u00f6r h\u00f6gtider, middagar eller daglig avkoppling.<\/p>\n<p data-start=\"836\" data-end=\"950\"><img decoding=\"async\" class=\"size-full wp-image-38125 aligncenter\" src=\"https:\/\/keluvo.com\/template\/wp-content\/uploads\/sites\/5\/2025\/10\/j.jpg.webp\" alt=\"\" \/><\/p>\n<h2 style=\"text-align: center;\" data-start=\"957\" data-end=\"976\"><strong>Hur Man Anv\u00e4nder Ljusen<\/strong><\/h2>\n<ol data-start=\"977\" data-end=\"1323\">\n<li data-start=\"977\" data-end=\"1041\">\n<p data-start=\"980\" data-end=\"1041\">S\u00e4tt i 2 AAA-batterier i varje ljus (ing\u00e5r ej).<\/p>\n<\/li>\n<li data-start=\"1042\" data-end=\"1095\">\n<p data-start=\"1045\" data-end=\"1095\">T\u00e4nd ljusen manuellt eller med fj\u00e4rrkontrollen.<\/p>\n<\/li>\n<li data-start=\"1096\" data-end=\"1258\">\n<p data-start=\"1099\" data-end=\"1131\">Anv\u00e4nd fj\u00e4rrkontrollen f\u00f6r att:<\/p>\n<ul data-start=\"1135\" data-end=\"1258\">\n<li data-start=\"1135\" data-end=\"1150\">\n<p data-start=\"1137\" data-end=\"1150\">Sl\u00e5 p\u00e5\/av<\/p>\n<\/li>\n<li data-start=\"1154\" data-end=\"1175\">\n<p data-start=\"1156\" data-end=\"1175\">Justera ljusstyrkan<\/p>\n<\/li>\n<li data-start=\"1179\" data-end=\"1215\">\n<p data-start=\"1181\" data-end=\"1215\">V\u00e4lj flimrande eller stadigt l\u00e4ge<\/p>\n<\/li>\n<li data-start=\"1219\" data-end=\"1258\">\n<p data-start=\"1221\" data-end=\"1258\">St\u00e4ll in automatisk timer (2, 4, 6, 8 timmar)<\/p>\n<\/li>\n<\/ul>\n<\/li>\n<li data-start=\"1259\" data-end=\"1323\">\n<p data-start=\"1262\" data-end=\"1323\">Placera ljusen d\u00e4r du vill ha mjukt, flimrande ljus.<\/p>\n<\/li>\n<\/ol>\n<h2 style=\"text-align: center;\" data-start=\"1330\" data-end=\"1354\"><strong>Produktdetaljer<\/strong><\/h2>\n<ul data-start=\"1355\" data-end=\"1671\">\n<li data-start=\"1355\" data-end=\"1376\">\n<p data-start=\"1357\" data-end=\"1376\">H\u00f6jd: 17 cm<\/p>\n<\/li>\n<li data-start=\"1377\" data-end=\"1423\">\n<p data-start=\"1379\" data-end=\"1423\">Ljustyp: LED med realistisk 3D-veke<\/p>\n<\/li>\n<li data-start=\"1424\" data-end=\"1478\">\n<p data-start=\"1426\" data-end=\"1478\">Str\u00f6mk\u00e4lla: 2x AAA-batterier (ing\u00e5r ej)<\/p>\n<\/li>\n<li data-start=\"1479\" data-end=\"1511\">\n<p data-start=\"1481\" data-end=\"1511\">Batteritid: 450+ timmar<\/p>\n<\/li>\n<li data-start=\"1512\" data-end=\"1561\">\n<p data-start=\"1514\" data-end=\"1561\">R\u00e4ckvidd med fj\u00e4rrkontroll: Upp till 25 fot (fj\u00e4rrkontroll med 10 knappar)<\/p>\n<\/li>\n<li data-start=\"1562\" data-end=\"1619\">\n<p data-start=\"1564\" data-end=\"1619\">Timeralternativ: 2h, 4h, 6h, 8h automatiska cykler<\/p>\n<\/li>\n<li data-start=\"1620\" data-end=\"1671\">\n<p data-start=\"1622\" data-end=\"1671\">S\u00e4kerhet: Flam-, r\u00f6k- och v\u00e4rmefri<\/p>\n<\/li>\n<li data-start=\"1620\" data-end=\"1671\">F\u00e4rg: Vit, gul<\/li>\n<\/ul>\n<h2 style=\"text-align: center;\" data-start=\"1678\" data-end=\"1703\"><strong>Paketet Inneh\u00e5ller<\/strong><\/h2>\n<ul data-start=\"1704\" data-end=\"1781\">\n<li data-start=\"1704\" data-end=\"1737\">\n<p data-start=\"1706\" data-end=\"1737\">6, 12x \u00e5teranv\u00e4ndbara vaxljus<\/p>\n<\/li>\n<li data-start=\"1704\" data-end=\"1737\">\n<p data-start=\"1706\" data-end=\"1737\">6, 12x avtagbar bas<\/p>\n<\/li>\n<li data-start=\"1704\" data-end=\"1737\">\n<p data-start=\"1706\" data-end=\"1737\">1, 2x fj\u00e4rrkontroller<\/p>\n<\/li>\n<li data-start=\"1762\" data-end=\"1781\">\n<p data-start=\"1764\" data-end=\"1781\">1x anv\u00e4ndarmanual.<\/p>\n<\/li>\n<\/ul>\n","protected":false},"excerpt":{"rendered":"<p>Njut av det mysiga skenet fr\u00e5n levande ljus &#8211; utan st\u00f6k, r\u00f6k eller oro. \ud83d\udd6f\ufe0f These \u00e5teranv\u00e4ndbara vaxljus kombinerar elegant [&hellip;]<\/p>\n","protected":false},"featured_media":43997,"comment_status":"open","ping_status":"closed","template":"","meta":{"site-sidebar-layout":"default","site-content-layout":"","ast-site-content-layout":"default","site-content-style":"default","site-sidebar-style":"default","ast-global-header-display":"","ast-banner-title-visibility":"","ast-main-header-display":"","ast-hfb-above-header-display":"","ast-hfb-below-header-display":"","ast-hfb-mobile-header-display":"","site-post-title":"","ast-breadcrumbs-content":"","ast-featured-img":"","footer-sml-layout":"","theme-transparent-header-meta":"default","adv-header-id-meta":"","stick-header-meta":"","header-above-stick-meta":"","header-main-stick-meta":"","header-below-stick-meta":"","astra-migrate-meta-layouts":"set","ast-page-background-enabled":"default","ast-page-background-meta":{"desktop":{"background-color":"var(--ast-global-color-4)","background-image":"","background-repeat":"repeat","background-position":"center center","background-size":"auto","background-attachment":"scroll","background-type":"","background-media":"","overlay-type":"","overlay-color":"","overlay-opacity":"","overlay-gradient":""},"tablet":{"background-color":"","background-image":"","background-repeat":"repeat","background-position":"center center","background-size":"auto","background-attachment":"scroll","background-type":"","background-media":"","overlay-type":"","overlay-color":"","overlay-opacity":"","overlay-gradient":""},"mobile":{"background-color":"","background-image":"","background-repeat":"repeat","background-position":"center center","background-size":"auto","background-attachment":"scroll","background-type":"","background-media":"","overlay-type":"","overlay-color":"","overlay-opacity":"","overlay-gradient":""}},"ast-content-background-meta":{"desktop":{"background-color":"var(--ast-global-color-5)","background-image":"","background-repeat":"repeat","background-position":"center center","background-size":"auto","background-attachment":"scroll","background-type":"","background-media":"","overlay-type":"","overlay-color":"","overlay-opacity":"","overlay-gradient":""},"tablet":{"background-color":"var(--ast-global-color-5)","background-image":"","background-repeat":"repeat","background-position":"center center","background-size":"auto","background-attachment":"scroll","background-type":"","background-media":"","overlay-type":"","overlay-color":"","overlay-opacity":"","overlay-gradient":""},"mobile":{"background-color":"var(--ast-global-color-5)","background-image":"","background-repeat":"repeat","background-position":"center center","background-size":"auto","background-attachment":"scroll","background-type":"","background-media":"","overlay-type":"","overlay-color":"","overlay-opacity":"","overlay-gradient":""}}},"product_brand":[],"product_cat":[1001],"product_tag":[],"class_list":{"0":"post-44001","1":"product","2":"type-product","3":"status-publish","4":"has-post-thumbnail","6":"product_cat-household-goods","7":"pa_48372_33savakj-varm-vit","8":"pa_48372_33savakj-vit","9":"pa_48372_54g33nyo-6-st","10":"pa_48372_54g33nyo-12-st","11":"desktop-align-left","12":"tablet-align-left","13":"mobile-align-left","15":"first","16":"instock","17":"shipping-taxable","18":"purchasable","19":"product-type-variable","20":"has-default-attributes"},"_links":{"self":[{"href":"https:\/\/keluvo.com\/se\/wp-json\/wp\/v2\/product\/44001","targetHints":{"allow":["GET"]}}],"collection":[{"href":"https:\/\/keluvo.com\/se\/wp-json\/wp\/v2\/product"}],"about":[{"href":"https:\/\/keluvo.com\/se\/wp-json\/wp\/v2\/types\/product"}],"replies":[{"embeddable":true,"href":"https:\/\/keluvo.com\/se\/wp-json\/wp\/v2\/comments?post=44001"}],"wp:featuredmedia":[{"embeddable":true,"href":"https:\/\/keluvo.com\/se\/wp-json\/wp\/v2\/media\/43997"}],"wp:attachment":[{"href":"https:\/\/keluvo.com\/se\/wp-json\/wp\/v2\/media?parent=44001"}],"wp:term":[{"taxonomy":"product_brand","embeddable":true,"href":"https:\/\/keluvo.com\/se\/wp-json\/wp\/v2\/product_brand?post=44001"},{"taxonomy":"product_cat","embeddable":true,"href":"https:\/\/keluvo.com\/se\/wp-json\/wp\/v2\/product_cat?post=44001"},{"taxonomy":"product_tag","embeddable":true,"href":"https:\/\/keluvo.com\/se\/wp-json\/wp\/v2\/product_tag?post=44001"}],"curies":[{"name":"wp","href":"https:\/\/api.w.org\/{rel}","templated":true}]}}