{"id":4396,"date":"2024-12-03T15:32:08","date_gmt":"2024-12-03T13:32:08","guid":{"rendered":"https:\/\/keluvo.com\/se\/product\/soffoverdrag-i-chenille\/"},"modified":"2024-12-03T15:35:46","modified_gmt":"2024-12-03T13:35:46","slug":"soffoverdrag-i-chenille","status":"publish","type":"product","link":"https:\/\/keluvo.com\/se\/product\/soffoverdrag-i-chenille\/","title":{"rendered":"Soff\u00f6verdrag i Chenille"},"content":{"rendered":"<h2 style=\"text-align: center\"><strong>Elegant och m\u00e5ngsidig design<\/strong><\/h2>\n<p style=\"text-align: center\">Chenille-soff\u00f6verdraget ger en touch av elegans till alla vardagsrum med sitt mjuka, enf\u00e4rgade chenilletyg. Dess universella design passar olika soffstilar och ger v\u00e4rme och stil till ditt utrymme samtidigt som den skyddar dina m\u00f6bler.<\/p>\n<p><img fetchpriority=\"high\" decoding=\"async\" width=\"720\" height=\"720\" class=\"alignnone size-medium wp-image-1851 aligncenter\" src=\"https:\/\/keluvo.com\/template\/wp-content\/uploads\/sites\/5\/2024\/10\/6339001f-01cb-478b-aadf-8e9f49ed3427.webp\" alt=\"\" srcset=\"https:\/\/keluvo.com\/se\/wp-content\/uploads\/sites\/12\/2024\/10\/6339001f-01cb-478b-aadf-8e9f49ed3427.webp 720w, https:\/\/keluvo.com\/se\/wp-content\/uploads\/sites\/12\/2024\/10\/6339001f-01cb-478b-aadf-8e9f49ed3427-300x300.webp 300w, https:\/\/keluvo.com\/se\/wp-content\/uploads\/sites\/12\/2024\/10\/6339001f-01cb-478b-aadf-8e9f49ed3427-150x150.webp 150w, https:\/\/keluvo.com\/se\/wp-content\/uploads\/sites\/12\/2024\/10\/6339001f-01cb-478b-aadf-8e9f49ed3427-600x600.webp 600w, https:\/\/keluvo.com\/se\/wp-content\/uploads\/sites\/12\/2024\/10\/6339001f-01cb-478b-aadf-8e9f49ed3427-100x100.webp 100w, https:\/\/keluvo.com\/se\/wp-content\/uploads\/sites\/12\/2024\/10\/6339001f-01cb-478b-aadf-8e9f49ed3427-50x50.webp 50w\" sizes=\"(max-width: 720px) 100vw, 720px\" \/><\/p>\n<h2 style=\"text-align: center\"><strong>Bekv\u00e4mt tyg f\u00f6r hela s\u00e4songen<\/strong><\/h2>\n<p style=\"text-align: center\">Soff\u00f6verdraget i chenille \u00e4r tillverkat f\u00f6r anv\u00e4ndning \u00e5ret runt och erbjuder mysig komfort under alla \u00e5rstider. Det mjuka chenillematerialet andas men \u00e4r \u00e4nd\u00e5 varmt, vilket g\u00f6r det till det perfekta valet f\u00f6r alla \u00e5rstider.<\/p>\n<p><img decoding=\"async\" width=\"720\" height=\"720\" class=\"alignnone size-medium wp-image-1856 aligncenter\" src=\"https:\/\/keluvo.com\/template\/wp-content\/uploads\/sites\/5\/2024\/10\/154748c7-be38-49d4-894b-372f4d8d26f5.webp\" alt=\"\" srcset=\"https:\/\/keluvo.com\/se\/wp-content\/uploads\/sites\/12\/2024\/10\/154748c7-be38-49d4-894b-372f4d8d26f5.webp 720w, https:\/\/keluvo.com\/se\/wp-content\/uploads\/sites\/12\/2024\/10\/154748c7-be38-49d4-894b-372f4d8d26f5-300x300.webp 300w, https:\/\/keluvo.com\/se\/wp-content\/uploads\/sites\/12\/2024\/10\/154748c7-be38-49d4-894b-372f4d8d26f5-150x150.webp 150w, https:\/\/keluvo.com\/se\/wp-content\/uploads\/sites\/12\/2024\/10\/154748c7-be38-49d4-894b-372f4d8d26f5-600x600.webp 600w, https:\/\/keluvo.com\/se\/wp-content\/uploads\/sites\/12\/2024\/10\/154748c7-be38-49d4-894b-372f4d8d26f5-100x100.webp 100w, https:\/\/keluvo.com\/se\/wp-content\/uploads\/sites\/12\/2024\/10\/154748c7-be38-49d4-894b-372f4d8d26f5-50x50.webp 50w\" sizes=\"(max-width: 720px) 100vw, 720px\" \/><\/p>\n<h2 style=\"text-align: center\"><strong>L\u00e4tt att anpassa och montera<\/strong><\/h2>\n<p style=\"text-align: center\">Soff\u00f6verdraget i chenille finns i flera storlekar f\u00f6r ryggst\u00f6d, armst\u00f6d och s\u00e4ten och kan skr\u00e4ddarsys efter din soffas specifika m\u00e5tt. Denna flexibilitet g\u00f6r att du kan hitta den perfekta passformen f\u00f6r en sammanh\u00e4ngande och polerad look.<\/p>\n<p><img decoding=\"async\" width=\"1000\" height=\"1000\" class=\"alignnone size-medium wp-image-1853 aligncenter\" src=\"https:\/\/keluvo.com\/template\/wp-content\/uploads\/sites\/5\/2024\/10\/e64385c4-9496-48dd-a4b1-88739b319ead.webp\" alt=\"\" srcset=\"https:\/\/keluvo.com\/se\/wp-content\/uploads\/sites\/12\/2024\/10\/e64385c4-9496-48dd-a4b1-88739b319ead.webp 1000w, https:\/\/keluvo.com\/se\/wp-content\/uploads\/sites\/12\/2024\/10\/e64385c4-9496-48dd-a4b1-88739b319ead-300x300.webp 300w, https:\/\/keluvo.com\/se\/wp-content\/uploads\/sites\/12\/2024\/10\/e64385c4-9496-48dd-a4b1-88739b319ead-150x150.webp 150w, https:\/\/keluvo.com\/se\/wp-content\/uploads\/sites\/12\/2024\/10\/e64385c4-9496-48dd-a4b1-88739b319ead-768x768.webp 768w, https:\/\/keluvo.com\/se\/wp-content\/uploads\/sites\/12\/2024\/10\/e64385c4-9496-48dd-a4b1-88739b319ead-600x600.webp 600w, https:\/\/keluvo.com\/se\/wp-content\/uploads\/sites\/12\/2024\/10\/e64385c4-9496-48dd-a4b1-88739b319ead-100x100.webp 100w, https:\/\/keluvo.com\/se\/wp-content\/uploads\/sites\/12\/2024\/10\/e64385c4-9496-48dd-a4b1-88739b319ead-50x50.webp 50w\" sizes=\"(max-width: 1000px) 100vw, 1000px\" \/><\/p>\n","protected":false},"excerpt":{"rendered":"<p>Elegant och m\u00e5ngsidig design Chenille-soff\u00f6verdraget ger en touch av elegans till alla vardagsrum med sitt mjuka, enf\u00e4rgade chenilletyg. Dess universella [&hellip;]<\/p>\n","protected":false},"featured_media":4392,"comment_status":"open","ping_status":"closed","template":"","meta":{"site-sidebar-layout":"default","site-content-layout":"","ast-site-content-layout":"default","site-content-style":"default","site-sidebar-style":"default","ast-global-header-display":"","ast-banner-title-visibility":"","ast-main-header-display":"","ast-hfb-above-header-display":"","ast-hfb-below-header-display":"","ast-hfb-mobile-header-display":"","site-post-title":"","ast-breadcrumbs-content":"","ast-featured-img":"","footer-sml-layout":"","theme-transparent-header-meta":"default","adv-header-id-meta":"","stick-header-meta":"","header-above-stick-meta":"","header-main-stick-meta":"","header-below-stick-meta":"","astra-migrate-meta-layouts":"set","ast-page-background-enabled":"default","ast-page-background-meta":{"desktop":{"background-color":"var(--ast-global-color-4)","background-image":"","background-repeat":"repeat","background-position":"center center","background-size":"auto","background-attachment":"scroll","background-type":"","background-media":"","overlay-type":"","overlay-color":"","overlay-opacity":"","overlay-gradient":""},"tablet":{"background-color":"","background-image":"","background-repeat":"repeat","background-position":"center center","background-size":"auto","background-attachment":"scroll","background-type":"","background-media":"","overlay-type":"","overlay-color":"","overlay-opacity":"","overlay-gradient":""},"mobile":{"background-color":"","background-image":"","background-repeat":"repeat","background-position":"center center","background-size":"auto","background-attachment":"scroll","background-type":"","background-media":"","overlay-type":"","overlay-color":"","overlay-opacity":"","overlay-gradient":""}},"ast-content-background-meta":{"desktop":{"background-color":"var(--ast-global-color-5)","background-image":"","background-repeat":"repeat","background-position":"center center","background-size":"auto","background-attachment":"scroll","background-type":"","background-media":"","overlay-type":"","overlay-color":"","overlay-opacity":"","overlay-gradient":""},"tablet":{"background-color":"var(--ast-global-color-5)","background-image":"","background-repeat":"repeat","background-position":"center center","background-size":"auto","background-attachment":"scroll","background-type":"","background-media":"","overlay-type":"","overlay-color":"","overlay-opacity":"","overlay-gradient":""},"mobile":{"background-color":"var(--ast-global-color-5)","background-image":"","background-repeat":"repeat","background-position":"center center","background-size":"auto","background-attachment":"scroll","background-type":"","background-media":"","overlay-type":"","overlay-color":"","overlay-opacity":"","overlay-gradient":""}}},"product_brand":[],"product_cat":[1001],"product_tag":[],"class_list":{"0":"post-4396","1":"product","2":"type-product","3":"status-publish","4":"has-post-thumbnail","6":"product_cat-household-goods","7":"pa_9qu0ut86-110x240cm-1-st","8":"pa_9qu0ut86-70x150cm-1-st","9":"pa_9qu0ut86-70x180cm-1-st","10":"pa_9qu0ut86-70x70cm-1-st","11":"pa_9qu0ut86-90x120cm-1-st","12":"pa_9qu0ut86-90x160cm-1-st","13":"pa_9qu0ut86-90x180cm-1-st","14":"pa_9qu0ut86-90x210cm-1-st","15":"pa_9qu0ut86-90x240cm-1-st","16":"pa_9qu0ut86-90x70cm-1-st","17":"pa_qnkizgej-beige","18":"pa_qnkizgej-bla","19":"pa_qnkizgej-gra","20":"pa_qnkizgej-gron","21":"pa_qnkizgej-marin","22":"pa_qnkizgej-orange","23":"desktop-align-left","24":"tablet-align-left","25":"mobile-align-left","27":"first","28":"instock","29":"shipping-taxable","30":"purchasable","31":"product-type-variable"},"_links":{"self":[{"href":"https:\/\/keluvo.com\/se\/wp-json\/wp\/v2\/product\/4396","targetHints":{"allow":["GET"]}}],"collection":[{"href":"https:\/\/keluvo.com\/se\/wp-json\/wp\/v2\/product"}],"about":[{"href":"https:\/\/keluvo.com\/se\/wp-json\/wp\/v2\/types\/product"}],"replies":[{"embeddable":true,"href":"https:\/\/keluvo.com\/se\/wp-json\/wp\/v2\/comments?post=4396"}],"wp:featuredmedia":[{"embeddable":true,"href":"https:\/\/keluvo.com\/se\/wp-json\/wp\/v2\/media\/4392"}],"wp:attachment":[{"href":"https:\/\/keluvo.com\/se\/wp-json\/wp\/v2\/media?parent=4396"}],"wp:term":[{"taxonomy":"product_brand","embeddable":true,"href":"https:\/\/keluvo.com\/se\/wp-json\/wp\/v2\/product_brand?post=4396"},{"taxonomy":"product_cat","embeddable":true,"href":"https:\/\/keluvo.com\/se\/wp-json\/wp\/v2\/product_cat?post=4396"},{"taxonomy":"product_tag","embeddable":true,"href":"https:\/\/keluvo.com\/se\/wp-json\/wp\/v2\/product_tag?post=4396"}],"curies":[{"name":"wp","href":"https:\/\/api.w.org\/{rel}","templated":true}]}}