{"id":43924,"date":"2025-10-23T12:37:33","date_gmt":"2025-10-23T09:37:33","guid":{"rendered":"https:\/\/keluvo.com\/se\/product\/konsttryck\/"},"modified":"2025-10-23T12:37:33","modified_gmt":"2025-10-23T09:37:33","slug":"konsttryck","status":"publish","type":"product","link":"https:\/\/keluvo.com\/se\/product\/konsttryck\/","title":{"rendered":"Konsttryck"},"content":{"rendered":"<p style=\"text-align: center\" data-start=\"0\" data-end=\"72\"><strong data-start=\"0\" data-end=\"70\">Ge liv \u00e5t dina v\u00e4ggar med livfulla och h\u00e5llbara konsttryck. \ud83d\uddbc\ufe0f<\/strong><\/p>\n<p style=\"text-align: center\" data-start=\"74\" data-end=\"373\">Add f\u00e4rg, personlighet och stil till alla utrymmen med v\u00e5ra h\u00f6gkvalitativa konsttryck p\u00e5 canvas. Varje verk har skarpa detaljer och levande f\u00e4rger som sticker ut p\u00e5 ett vackert s\u00e4tt. Perfekta f\u00f6r hem, kontor eller presenter &#8211; dessa tavlor f\u00f6rvandlar varje v\u00e4gg till ett galleri med inspiration.<\/p>\n<p data-start=\"74\" data-end=\"373\"><img decoding=\"async\" class=\"size-full wp-image-37757 aligncenter\" src=\"https:\/\/keluvo.com\/template\/wp-content\/uploads\/sites\/5\/2025\/10\/S236787e951e74e779a1cde1cc57e6494I.jpg_960x960q75.jpg_.avif\" alt=\"\" \/><\/p>\n<h2 style=\"text-align: center\" data-start=\"380\" data-end=\"402\"><strong>Huvudf\u00f6rdelar<\/strong><\/h2>\n<p data-start=\"405\" data-end=\"489\">\ud83c\udf08 Levande f\u00e4rger &#8211; H\u00f6guppl\u00f6sta utskrifter skapar rika, dj\u00e4rva toner som sticker ut.<\/p>\n<p data-start=\"580\" data-end=\"651\">\ud83e\udde0 Abstrakt design &#8211; Ger en modern och konstn\u00e4rlig touch till alla rum.<\/p>\n<p data-start=\"654\" data-end=\"742\">\ud83c\udfe0 M\u00e5ngsidig inredning &#8211; Perfekt f\u00f6r vardagsrum, sovrum, kontor eller kreativa utrymmen.<\/p>\n<p data-start=\"745\" data-end=\"821\">\ud83c\udf81 Perfekt presentid\u00e9 &#8211; En omt\u00e4nksam och snygg present till konst\u00e4lskare.<\/p>\n<p data-start=\"745\" data-end=\"821\"><img decoding=\"async\" class=\"size-full wp-image-37759 aligncenter\" src=\"https:\/\/keluvo.com\/template\/wp-content\/uploads\/sites\/5\/2025\/10\/S758c626f424f41719b9abcc95b76c12fN.png_960x960.png_.avif\" alt=\"\" \/><\/p>\n<h2 style=\"text-align: center\" data-start=\"828\" data-end=\"847\"><strong>Hur Man Anv\u00e4nder<\/strong><\/h2>\n<ol data-start=\"848\" data-end=\"1126\">\n<li data-start=\"848\" data-end=\"910\">\n<p data-start=\"851\" data-end=\"910\">V\u00e4lj din favoritdesign eller tema f\u00f6r att matcha din inredning.<\/p>\n<\/li>\n<li data-start=\"911\" data-end=\"979\">\n<p data-start=\"914\" data-end=\"979\">Rama in den (ram ing\u00e5r ej) eller h\u00e4ng den direkt p\u00e5 v\u00e4ggen.<\/p>\n<\/li>\n<li data-start=\"980\" data-end=\"1059\">\n<p data-start=\"983\" data-end=\"1059\">Visa den i ditt hem, p\u00e5 kontoret eller i n\u00e5got annat utrymme som beh\u00f6ver en kreativ touch.<\/p>\n<\/li>\n<li data-start=\"1060\" data-end=\"1126\">\n<p data-start=\"1063\" data-end=\"1126\">Njut av den varaktiga sk\u00f6nhet och inspiration som den ger varje dag.<\/p>\n<\/li>\n<\/ol>\n<h2 style=\"text-align: center\" data-start=\"1133\" data-end=\"1157\"><strong>Produktdetaljer<\/strong><\/h2>\n<ul data-start=\"1158\" data-end=\"1368\">\n<li data-start=\"1158\" data-end=\"1181\">\n<p data-start=\"1160\" data-end=\"1181\">Style: Abstrakt<\/p>\n<\/li>\n<li data-start=\"1182\" data-end=\"1211\">\n<p data-start=\"1184\" data-end=\"1211\">F\u00f6rem\u00e5l: Abstrakt konst<\/p>\n<\/li>\n<li data-start=\"1212\" data-end=\"1249\">\n<p data-start=\"1214\" data-end=\"1249\">Typ: Canvastryck (utan ram)<\/p>\n<\/li>\n<li data-start=\"1295\" data-end=\"1322\">\n<p data-start=\"1297\" data-end=\"1322\">Ram: Ing\u00e5r ej<\/p>\n<\/li>\n<li data-start=\"1323\" data-end=\"1368\">\n<p data-start=\"1325\" data-end=\"1368\">Anv\u00e4ndning: Hem, kontor eller presentdekoration<\/p>\n<\/li>\n<li data-start=\"1323\" data-end=\"1368\">Storlek: 20 x 30cm, 30 x 40cm, 40 x 50cm, 40 x 60cm, 50 x 70cm<\/li>\n<\/ul>\n<h2 style=\"text-align: center\" data-start=\"1375\" data-end=\"1400\"><strong>Paketet Inneh\u00e5ller<\/strong><\/h2>\n<ul data-start=\"1401\" data-end=\"1466\" data-is-last-node=\"\" data-is-only-node=\"\">\n<li data-start=\"1401\" data-end=\"1466\" data-is-last-node=\"\">\n<p data-start=\"1403\" data-end=\"1466\" data-is-last-node=\"\">1x konsttryck (ingen ram).<\/p>\n<\/li>\n<\/ul>\n","protected":false},"excerpt":{"rendered":"<p>Ge liv \u00e5t dina v\u00e4ggar med livfulla och h\u00e5llbara konsttryck. \ud83d\uddbc\ufe0f Add f\u00e4rg, personlighet och stil till alla utrymmen med [&hellip;]<\/p>\n","protected":false},"featured_media":43920,"comment_status":"open","ping_status":"closed","template":"","meta":{"site-sidebar-layout":"default","site-content-layout":"","ast-site-content-layout":"default","site-content-style":"default","site-sidebar-style":"default","ast-global-header-display":"","ast-banner-title-visibility":"","ast-main-header-display":"","ast-hfb-above-header-display":"","ast-hfb-below-header-display":"","ast-hfb-mobile-header-display":"","site-post-title":"","ast-breadcrumbs-content":"","ast-featured-img":"","footer-sml-layout":"","theme-transparent-header-meta":"default","adv-header-id-meta":"","stick-header-meta":"","header-above-stick-meta":"","header-main-stick-meta":"","header-below-stick-meta":"","astra-migrate-meta-layouts":"set","ast-page-background-enabled":"default","ast-page-background-meta":{"desktop":{"background-color":"var(--ast-global-color-4)","background-image":"","background-repeat":"repeat","background-position":"center center","background-size":"auto","background-attachment":"scroll","background-type":"","background-media":"","overlay-type":"","overlay-color":"","overlay-opacity":"","overlay-gradient":""},"tablet":{"background-color":"","background-image":"","background-repeat":"repeat","background-position":"center center","background-size":"auto","background-attachment":"scroll","background-type":"","background-media":"","overlay-type":"","overlay-color":"","overlay-opacity":"","overlay-gradient":""},"mobile":{"background-color":"","background-image":"","background-repeat":"repeat","background-position":"center center","background-size":"auto","background-attachment":"scroll","background-type":"","background-media":"","overlay-type":"","overlay-color":"","overlay-opacity":"","overlay-gradient":""}},"ast-content-background-meta":{"desktop":{"background-color":"var(--ast-global-color-5)","background-image":"","background-repeat":"repeat","background-position":"center center","background-size":"auto","background-attachment":"scroll","background-type":"","background-media":"","overlay-type":"","overlay-color":"","overlay-opacity":"","overlay-gradient":""},"tablet":{"background-color":"var(--ast-global-color-5)","background-image":"","background-repeat":"repeat","background-position":"center center","background-size":"auto","background-attachment":"scroll","background-type":"","background-media":"","overlay-type":"","overlay-color":"","overlay-opacity":"","overlay-gradient":""},"mobile":{"background-color":"var(--ast-global-color-5)","background-image":"","background-repeat":"repeat","background-position":"center center","background-size":"auto","background-attachment":"scroll","background-type":"","background-media":"","overlay-type":"","overlay-color":"","overlay-opacity":"","overlay-gradient":""}}},"product_brand":[],"product_cat":[1001],"product_tag":[],"class_list":{"0":"post-43924","1":"product","2":"type-product","3":"status-publish","4":"has-post-thumbnail","6":"product_cat-household-goods","7":"pa_31693_0dm58uz1-20-x-30-cm","8":"pa_31693_0dm58uz1-30-x-40-cm","9":"pa_31693_0dm58uz1-40-x-50-cm","10":"pa_31693_0dm58uz1-40-x-60-cm","11":"pa_31693_0dm58uz1-50-x-70-cm","12":"pa_31693_m95g7hp4-a","13":"pa_31693_m95g7hp4-b","14":"pa_31693_m95g7hp4-c","15":"pa_31693_m95g7hp4-d","16":"pa_31693_m95g7hp4-e","17":"pa_31693_m95g7hp4-f","18":"desktop-align-left","19":"tablet-align-left","20":"mobile-align-left","22":"first","23":"outofstock","24":"shipping-taxable","25":"product-type-variable","26":"has-default-attributes"},"_links":{"self":[{"href":"https:\/\/keluvo.com\/se\/wp-json\/wp\/v2\/product\/43924","targetHints":{"allow":["GET"]}}],"collection":[{"href":"https:\/\/keluvo.com\/se\/wp-json\/wp\/v2\/product"}],"about":[{"href":"https:\/\/keluvo.com\/se\/wp-json\/wp\/v2\/types\/product"}],"replies":[{"embeddable":true,"href":"https:\/\/keluvo.com\/se\/wp-json\/wp\/v2\/comments?post=43924"}],"wp:featuredmedia":[{"embeddable":true,"href":"https:\/\/keluvo.com\/se\/wp-json\/wp\/v2\/media\/43920"}],"wp:attachment":[{"href":"https:\/\/keluvo.com\/se\/wp-json\/wp\/v2\/media?parent=43924"}],"wp:term":[{"taxonomy":"product_brand","embeddable":true,"href":"https:\/\/keluvo.com\/se\/wp-json\/wp\/v2\/product_brand?post=43924"},{"taxonomy":"product_cat","embeddable":true,"href":"https:\/\/keluvo.com\/se\/wp-json\/wp\/v2\/product_cat?post=43924"},{"taxonomy":"product_tag","embeddable":true,"href":"https:\/\/keluvo.com\/se\/wp-json\/wp\/v2\/product_tag?post=43924"}],"curies":[{"name":"wp","href":"https:\/\/api.w.org\/{rel}","templated":true}]}}