{"id":43728,"date":"2025-10-22T21:02:42","date_gmt":"2025-10-22T18:02:42","guid":{"rendered":"https:\/\/keluvo.com\/se\/product\/axelremsvaska-7\/"},"modified":"2025-10-23T20:37:41","modified_gmt":"2025-10-23T17:37:41","slug":"axelremsvaska-7","status":"publish","type":"product","link":"https:\/\/keluvo.com\/se\/product\/axelremsvaska-7\/","title":{"rendered":"Axelremsv\u00e4ska"},"content":{"rendered":"<article class=\"text-token-text-primary w-full focus:outline-none [--shadow-height:45px] has-data-writing-block:pointer-events-none has-data-writing-block:-mt-(--shadow-height) has-data-writing-block:pt-(--shadow-height) [&amp;:has([data-writing-block])&gt;*]:pointer-events-auto [content-visibility:auto] supports-[content-visibility:auto]:[contain-intrinsic-size:auto_100lvh] scroll-mt-[calc(var(--header-height)+min(200px,max(70px,20svh)))]\" dir=\"auto\" data-turn-id=\"request-68f27435-66d8-8326-9862-00f9c0a2e193-3\" data-testid=\"conversation-turn-56\" data-scroll-anchor=\"true\" data-turn=\"assistant\">\n<div class=\"text-base my-auto mx-auto pb-10 [--thread-content-margin:--spacing(4)] thread-sm:[--thread-content-margin:--spacing(6)] thread-lg:[--thread-content-margin:--spacing(16)] px-(--thread-content-margin)\">\n<div class=\"[--thread-content-max-width:40rem] thread-lg:[--thread-content-max-width:48rem] mx-auto max-w-(--thread-content-max-width) flex-1 group\/turn-messages focus-visible:outline-hidden relative flex w-full min-w-0 flex-col agent-turn\">\n<div class=\"flex max-w-full flex-col grow\">\n<div class=\"min-h-8 text-message relative flex w-full flex-col items-end gap-2 text-start break-words whitespace-normal [.text-message+&amp;]:mt-1\" dir=\"auto\" data-message-author-role=\"assistant\" data-message-id=\"6e00814b-1e10-4e09-a938-5c7aefb647dd\" data-message-model-slug=\"gpt-5\">\n<div class=\"flex w-full flex-col gap-1 empty:hidden first:pt-[1px]\">\n<div class=\"markdown prose dark:prose-invert w-full break-words light markdown-new-styling\">\n<p style=\"text-align: center;\" data-start=\"0\" data-end=\"90\"><strong>B\u00e4r med dig tidl\u00f6s stil och komfort vart du \u00e4n g\u00e5r med den h\u00e4r vintageinspirerade handv\u00e4skan. \ud83d\udc5c<\/strong><\/p>\n<p style=\"text-align: center;\" data-start=\"92\" data-end=\"369\">Den h\u00e4r eleganta handv\u00e4skan blandar klassisk design med modern funktionalitet. Den \u00e4r tillverkad av l\u00e4ttviktigt, f\u00f6rstklassigt PU-l\u00e4der och har en rymlig och organiserad interi\u00f6r, s\u00e4ker dragkedjest\u00e4ngning och m\u00e5ngsidiga b\u00e4ralternativ &#8211; perfekt f\u00f6r vardagsbruk, fr\u00e5n arbetsdagar till helgutflykter.<\/p>\n<p data-start=\"92\" data-end=\"369\"><img decoding=\"async\" class=\"size-full wp-image-38061 aligncenter\" src=\"https:\/\/keluvo.com\/template\/wp-content\/uploads\/sites\/5\/2025\/10\/10221-ezgif.com-video-to-webp-converter.webp\" alt=\"\" \/><\/p>\n<h2 style=\"text-align: center;\" data-start=\"376\" data-end=\"398\">Huvudf\u00f6rdelar \u2705<\/h2>\n<p data-start=\"401\" data-end=\"528\">\ud83d\udd70\ufe0f Tidl\u00f6s vintagedesign &#8211; Klassisk silhuett med logotypaccenter i metall och f\u00f6rst\u00e4rkta s\u00f6mmar f\u00f6r en retro-modern look.<\/p>\n<p data-start=\"531\" data-end=\"634\">\ud83e\udeb6 L\u00e4ttviktig &amp; h\u00e5llbar &#8211; Tillverkad av h\u00f6gkvalitativt syntetiskt l\u00e4der f\u00f6r varaktig komfort och stil.<\/p>\n<p data-start=\"637\" data-end=\"730\">\ud83e\uddf3 Rymlig interi\u00f6r &#8211; Flera fack h\u00e5ller dina v\u00e4sentligheter snygga och l\u00e4tta att hitta.<\/p>\n<p data-start=\"733\" data-end=\"821\">\ud83d\udd12 S\u00e4ker st\u00e4ngning &#8211; Smidig dragkedja h\u00e5ller dina tillh\u00f6righeter s\u00e4kra och l\u00e4ttillg\u00e4ngliga.<\/p>\n<p data-start=\"824\" data-end=\"940\">\ud83c\udf92 M\u00e5ngsidig anv\u00e4ndning &#8211; Justerbar och avtagbar rem g\u00f6r att du kan b\u00e4ra den som handv\u00e4ska, axelv\u00e4ska eller crossbody.<\/p>\n<p data-start=\"943\" data-end=\"1037\">\ud83d\udc57 Vardaglig elegans &#8211; Passar enkelt ihop med avslappnade eller formella outfits f\u00f6r alla tillf\u00e4llen.<\/p>\n<p data-start=\"943\" data-end=\"1037\"><img decoding=\"async\" class=\"size-full wp-image-38062 aligncenter\" src=\"https:\/\/keluvo.com\/template\/wp-content\/uploads\/sites\/5\/2025\/10\/f8316a13-3295-4749-b204-7ccb35514f1c.webp\" alt=\"\" \/><\/p>\n<h2 style=\"text-align: center;\" data-start=\"1044\" data-end=\"1063\">S\u00e5 h\u00e4r anv\u00e4nder du \ud83d\udccc<\/h2>\n<ol data-start=\"1064\" data-end=\"1346\">\n<li data-start=\"1064\" data-end=\"1155\">\n<p data-start=\"1067\" data-end=\"1155\">Organisera dina viktigaste saker &#8211; pl\u00e5nbok, telefon, nycklar, smink &#8211; i de inre facken.<\/p>\n<\/li>\n<li data-start=\"1156\" data-end=\"1246\">\n<p data-start=\"1159\" data-end=\"1246\">Justera remmen f\u00f6r din f\u00f6redragna b\u00e4rstil (handv\u00e4ska, axel eller crossbody).<\/p>\n<\/li>\n<li data-start=\"1247\" data-end=\"1292\">\n<p data-start=\"1250\" data-end=\"1292\">St\u00e4ng den med dragkedja f\u00f6r att s\u00e4kra dina tillh\u00f6righeter.<\/p>\n<\/li>\n<li data-start=\"1293\" data-end=\"1346\">\n<p data-start=\"1296\" data-end=\"1346\">Njut av en snygg, bekv\u00e4m b\u00e4rning hela dagen.<\/p>\n<\/li>\n<\/ol>\n<h2 style=\"text-align: center;\" data-start=\"1353\" data-end=\"1377\">Produktdetaljer \u2139<\/h2>\n<ul data-start=\"1378\" data-end=\"1695\">\n<li data-start=\"1378\" data-end=\"1426\">\n<p data-start=\"1380\" data-end=\"1426\">Material: Premium l\u00e4ttvikts PU-l\u00e4der<\/p>\n<\/li>\n<li data-start=\"1427\" data-end=\"1483\">\n<p data-start=\"1429\" data-end=\"1483\">Design: Vintage-inspirerad med logotyp i metallst\u00e4mpel<\/p>\n<\/li>\n<li data-start=\"1484\" data-end=\"1514\">\n<p data-start=\"1486\" data-end=\"1514\">St\u00e4ngning: Smidig dragkedja<\/p>\n<\/li>\n<li data-start=\"1515\" data-end=\"1572\">\n<p data-start=\"1517\" data-end=\"1572\">B\u00e4ralternativ: Handv\u00e4ska, axel eller crossbody<\/p>\n<\/li>\n<li data-start=\"1573\" data-end=\"1638\">\n<p data-start=\"1575\" data-end=\"1638\">Interi\u00f6r: Rymlig med flera fickor f\u00f6r organisering<\/p>\n<\/li>\n<li data-start=\"1639\" data-end=\"1695\">\n<p data-start=\"1641\" data-end=\"1695\">Anv\u00e4ndning: Vardagsutflykter, arbete, shopping eller resor<\/p>\n<\/li>\n<li data-start=\"1639\" data-end=\"1695\">Storlek: 24cm x 12cm x 26cm<\/li>\n<\/ul>\n<h2 style=\"text-align: center;\" data-start=\"1702\" data-end=\"1727\">Paketet\u00a0inneh\u00e5ller\u00a0\ud83d\udce6<\/h2>\n<ul data-start=\"1728\" data-end=\"1769\" data-is-last-node=\"\" data-is-only-node=\"\">\n<li data-start=\"1728\" data-end=\"1769\" data-is-last-node=\"\">\n<p data-start=\"1730\" data-end=\"1769\" data-is-last-node=\"\">1x vintage axelremsv\u00e4ska.<\/p>\n<\/li>\n<\/ul>\n<\/div>\n<\/div>\n<\/div>\n<\/div>\n<\/div>\n<\/div>\n<\/article>\n","protected":false},"excerpt":{"rendered":"<p>B\u00e4r med dig tidl\u00f6s stil och komfort vart du \u00e4n g\u00e5r med den h\u00e4r vintageinspirerade handv\u00e4skan. \ud83d\udc5c Den h\u00e4r eleganta [&hellip;]<\/p>\n","protected":false},"featured_media":43724,"comment_status":"open","ping_status":"closed","template":"","meta":{"site-sidebar-layout":"default","site-content-layout":"","ast-site-content-layout":"default","site-content-style":"default","site-sidebar-style":"default","ast-global-header-display":"","ast-banner-title-visibility":"","ast-main-header-display":"","ast-hfb-above-header-display":"","ast-hfb-below-header-display":"","ast-hfb-mobile-header-display":"","site-post-title":"","ast-breadcrumbs-content":"","ast-featured-img":"","footer-sml-layout":"","theme-transparent-header-meta":"default","adv-header-id-meta":"","stick-header-meta":"","header-above-stick-meta":"","header-main-stick-meta":"","header-below-stick-meta":"","astra-migrate-meta-layouts":"set","ast-page-background-enabled":"default","ast-page-background-meta":{"desktop":{"background-color":"var(--ast-global-color-4)","background-image":"","background-repeat":"repeat","background-position":"center center","background-size":"auto","background-attachment":"scroll","background-type":"","background-media":"","overlay-type":"","overlay-color":"","overlay-opacity":"","overlay-gradient":""},"tablet":{"background-color":"","background-image":"","background-repeat":"repeat","background-position":"center center","background-size":"auto","background-attachment":"scroll","background-type":"","background-media":"","overlay-type":"","overlay-color":"","overlay-opacity":"","overlay-gradient":""},"mobile":{"background-color":"","background-image":"","background-repeat":"repeat","background-position":"center center","background-size":"auto","background-attachment":"scroll","background-type":"","background-media":"","overlay-type":"","overlay-color":"","overlay-opacity":"","overlay-gradient":""}},"ast-content-background-meta":{"desktop":{"background-color":"var(--ast-global-color-5)","background-image":"","background-repeat":"repeat","background-position":"center center","background-size":"auto","background-attachment":"scroll","background-type":"","background-media":"","overlay-type":"","overlay-color":"","overlay-opacity":"","overlay-gradient":""},"tablet":{"background-color":"var(--ast-global-color-5)","background-image":"","background-repeat":"repeat","background-position":"center center","background-size":"auto","background-attachment":"scroll","background-type":"","background-media":"","overlay-type":"","overlay-color":"","overlay-opacity":"","overlay-gradient":""},"mobile":{"background-color":"var(--ast-global-color-5)","background-image":"","background-repeat":"repeat","background-position":"center center","background-size":"auto","background-attachment":"scroll","background-type":"","background-media":"","overlay-type":"","overlay-color":"","overlay-opacity":"","overlay-gradient":""}}},"product_brand":[],"product_cat":[994,993],"product_tag":[],"class_list":{"0":"post-43728","1":"product","2":"type-product","3":"status-publish","4":"has-post-thumbnail","6":"product_cat-clothing-for-women","7":"product_cat-footwear-accessories","8":"pa_29284_ktseruf8-bla","9":"pa_29284_ktseruf8-brun","10":"pa_29284_ktseruf8-khaki","11":"pa_29284_ktseruf8-lila","12":"pa_29284_ktseruf8-rod","13":"pa_29284_ktseruf8-svart","14":"desktop-align-left","15":"tablet-align-left","16":"mobile-align-left","18":"first","19":"instock","20":"shipping-taxable","21":"purchasable","22":"product-type-variable"},"_links":{"self":[{"href":"https:\/\/keluvo.com\/se\/wp-json\/wp\/v2\/product\/43728","targetHints":{"allow":["GET"]}}],"collection":[{"href":"https:\/\/keluvo.com\/se\/wp-json\/wp\/v2\/product"}],"about":[{"href":"https:\/\/keluvo.com\/se\/wp-json\/wp\/v2\/types\/product"}],"replies":[{"embeddable":true,"href":"https:\/\/keluvo.com\/se\/wp-json\/wp\/v2\/comments?post=43728"}],"wp:featuredmedia":[{"embeddable":true,"href":"https:\/\/keluvo.com\/se\/wp-json\/wp\/v2\/media\/43724"}],"wp:attachment":[{"href":"https:\/\/keluvo.com\/se\/wp-json\/wp\/v2\/media?parent=43728"}],"wp:term":[{"taxonomy":"product_brand","embeddable":true,"href":"https:\/\/keluvo.com\/se\/wp-json\/wp\/v2\/product_brand?post=43728"},{"taxonomy":"product_cat","embeddable":true,"href":"https:\/\/keluvo.com\/se\/wp-json\/wp\/v2\/product_cat?post=43728"},{"taxonomy":"product_tag","embeddable":true,"href":"https:\/\/keluvo.com\/se\/wp-json\/wp\/v2\/product_tag?post=43728"}],"curies":[{"name":"wp","href":"https:\/\/api.w.org\/{rel}","templated":true}]}}