{"id":43672,"date":"2025-10-22T20:46:32","date_gmt":"2025-10-22T17:46:32","guid":{"rendered":"https:\/\/keluvo.com\/se\/product\/lekmatta\/"},"modified":"2025-10-23T20:31:24","modified_gmt":"2025-10-23T17:31:24","slug":"lekmatta","status":"publish","type":"product","link":"https:\/\/keluvo.com\/se\/product\/lekmatta\/","title":{"rendered":"Lekmatta"},"content":{"rendered":"<article class=\"text-token-text-primary w-full focus:outline-none [--shadow-height:45px] has-data-writing-block:pointer-events-none has-data-writing-block:-mt-(--shadow-height) has-data-writing-block:pt-(--shadow-height) [&amp;:has([data-writing-block])&gt;*]:pointer-events-auto [content-visibility:auto] supports-[content-visibility:auto]:[contain-intrinsic-size:auto_100lvh] scroll-mt-[calc(var(--header-height)+min(200px,max(70px,20svh)))]\" dir=\"auto\" data-turn-id=\"request-68f27435-66d8-8326-9862-00f9c0a2e193-15\" data-testid=\"conversation-turn-48\" data-scroll-anchor=\"true\" data-turn=\"assistant\">\n<div class=\"text-base my-auto mx-auto pb-10 [--thread-content-margin:--spacing(4)] thread-sm:[--thread-content-margin:--spacing(6)] thread-lg:[--thread-content-margin:--spacing(16)] px-(--thread-content-margin)\">\n<div class=\"[--thread-content-max-width:40rem] thread-lg:[--thread-content-max-width:48rem] mx-auto max-w-(--thread-content-max-width) flex-1 group\/turn-messages focus-visible:outline-hidden relative flex w-full min-w-0 flex-col agent-turn\">\n<div class=\"flex max-w-full flex-col grow\">\n<div class=\"min-h-8 text-message relative flex w-full flex-col items-end gap-2 text-start break-words whitespace-normal [.text-message+&amp;]:mt-1\" dir=\"auto\" data-message-author-role=\"assistant\" data-message-id=\"b5f2fb99-ac61-4ac8-bb15-839ed2869d74\" data-message-model-slug=\"gpt-5\">\n<div class=\"flex w-full flex-col gap-1 empty:hidden first:pt-[1px]\">\n<div class=\"markdown prose dark:prose-invert w-full break-words light markdown-new-styling\">\n<p style=\"text-align: center;\" data-start=\"0\" data-end=\"76\"><strong>Skapa en mysig och s\u00e4ker plats d\u00e4r ditt barn kan leka, utforska och v\u00e4xa. \ud83e\uddf8<\/strong><\/p>\n<p style=\"text-align: center;\" data-start=\"78\" data-end=\"461\">Den h\u00e4r mjuka lekmattan i bomull erbjuder mer \u00e4n bara komfort &#8211; det \u00e4r en v\u00e4rld av uppt\u00e4ckter f\u00f6r ditt barn. Den \u00e4r utformad f\u00f6r att st\u00f6dja ditt barns utveckling fr\u00e5n de f\u00f6rsta m\u00e5naderna och ger en varm och s\u00e4ker yta f\u00f6r magstund, krypning och fantasifull lek. Med sina bed\u00e5rande tryck och pastellf\u00e4rger \u00e4r den b\u00e5de praktisk och dekorativ &#8211; ett perfekt tillskott till alla barnkammare eller lekrum.<\/p>\n<p data-start=\"78\" data-end=\"461\"><img decoding=\"async\" class=\"size-full wp-image-37853 aligncenter\" src=\"https:\/\/keluvo.com\/template\/wp-content\/uploads\/sites\/5\/2025\/10\/S75bcd646287040b58c47a30f2c1b2ba79.jpg_960x960q75.jpg_.avif\" alt=\"\" \/><\/p>\n<h2 style=\"text-align: center;\" data-start=\"468\" data-end=\"490\">Huvudf\u00f6rdelar \u2705<\/h2>\n<p data-start=\"493\" data-end=\"567\">\ud83e\uddf8 Mjuk och s\u00e4ker &#8211; Tillverkad av halkfri bomull f\u00f6r komfort och stabilitet.<\/p>\n<p data-start=\"570\" data-end=\"671\">\ud83c\udf3f Uppmuntrar utveckling &#8211; Fr\u00e4mjar r\u00f6relse, nyfikenhet och koordination fr\u00e5n f\u00f6rsta m\u00e5naden.<\/p>\n<p data-start=\"674\" data-end=\"770\">\ud83e\udde9 Rymlig design &#8211; Upp till 140 cm bred &#8211; gott om plats f\u00f6r lek, krypning och kreativitet.<\/p>\n<p data-start=\"773\" data-end=\"851\">\ud83c\udfa8 Charmig design &#8211; S\u00f6ta, trendiga tryck som f\u00f6rh\u00f6jer inredningen i barnrummet.<\/p>\n<p data-start=\"854\" data-end=\"958\">\ud83d\udc76 V\u00e4xer med ditt barn &#8211; Perfekt fr\u00e5n f\u00f6dseln upp till 3+ \u00e5r som b\u00e5de lekplats och dekorativ matta.<\/p>\n<p data-start=\"961\" data-end=\"1048\">\ud83d\udc95 Flera anv\u00e4ndningsomr\u00e5den &#8211; Perfekt f\u00f6r magstund, leksakslek, l\u00e4sning eller mysig tupplur.<\/p>\n<p data-start=\"961\" data-end=\"1048\"><img decoding=\"async\" class=\"size-full wp-image-37850 aligncenter\" src=\"https:\/\/keluvo.com\/template\/wp-content\/uploads\/sites\/5\/2025\/10\/Sd999d6565fe54ebab0f9ae032617de15d.jpg\" alt=\"\" \/><\/p>\n<h2 style=\"text-align: center;\" data-start=\"1055\" data-end=\"1074\">S\u00e5 h\u00e4r anv\u00e4nder du \ud83d\udccc<\/h2>\n<ol data-start=\"1075\" data-end=\"1452\">\n<li data-start=\"1075\" data-end=\"1149\">\n<p data-start=\"1078\" data-end=\"1149\">Placera lekmattan p\u00e5 en plan yta i ditt barns rum eller lekplats.<\/p>\n<\/li>\n<li data-start=\"1150\" data-end=\"1209\">\n<p data-start=\"1153\" data-end=\"1209\">L\u00e4gg ditt barn p\u00e5 mattan s\u00e5 att det kan utforska fritt och s\u00e4kert.<\/p>\n<\/li>\n<li data-start=\"1210\" data-end=\"1273\">\n<p data-start=\"1213\" data-end=\"1273\">Anv\u00e4nd den f\u00f6r magstund, leksakslek eller sagostunder.<\/p>\n<\/li>\n<li data-start=\"1274\" data-end=\"1378\">\n<p data-start=\"1277\" data-end=\"1378\">F\u00f6r reng\u00f6ring, maskintv\u00e4tt p\u00e5 en k\u00e4nslig cykel (kall eller 30\u00b0C), skaka f\u00f6r att \u00e5terst\u00e4lla formen och lufttorka.<\/p>\n<\/li>\n<li data-start=\"1379\" data-end=\"1452\">\n<p data-start=\"1382\" data-end=\"1452\">Valfritt: stryk f\u00f6rsiktigt med en handduk under f\u00f6r att skydda f\u00e4rgerna.<\/p>\n<\/li>\n<\/ol>\n<h2 style=\"text-align: center;\" data-start=\"1459\" data-end=\"1483\">Produktdetaljer \u2139<\/h2>\n<ul data-start=\"1484\" data-end=\"1721\">\n<li data-start=\"1484\" data-end=\"1517\">\n<p data-start=\"1486\" data-end=\"1517\">Material: Halkfri bomull<\/p>\n<\/li>\n<li data-start=\"1518\" data-end=\"1553\">\n<p data-start=\"1520\" data-end=\"1553\">Storlek: 40cm, 60cm, 80cm, 100cm, 120cm, 140cm<\/p>\n<\/li>\n<li data-start=\"1554\" data-end=\"1606\">\n<p data-start=\"1556\" data-end=\"1606\">\u00c5lder: L\u00e4mplig fr\u00e5n 1 m\u00e5nad till 3+ \u00e5r<\/p>\n<\/li>\n<li data-start=\"1607\" data-end=\"1665\">\n<p data-start=\"1609\" data-end=\"1665\">Design: Flera s\u00f6ta och trendiga tryck tillg\u00e4ngliga<\/p>\n<\/li>\n<li data-start=\"1666\" data-end=\"1721\">\n<p data-start=\"1668\" data-end=\"1721\">Anv\u00e4ndning: Lek, utforskning, dekoration eller tupplur<\/p>\n<\/li>\n<\/ul>\n<h2 style=\"text-align: center;\" data-start=\"1728\" data-end=\"1753\">Paketet\u00a0inneh\u00e5ller\u00a0\ud83d\udce6<\/h2>\n<ul data-start=\"1754\" data-end=\"1784\" data-is-last-node=\"\" data-is-only-node=\"\">\n<li data-start=\"1754\" data-end=\"1784\" data-is-last-node=\"\">\n<p data-start=\"1756\" data-end=\"1784\" data-is-last-node=\"\">1x lekmatta.<\/p>\n<\/li>\n<\/ul>\n<\/div>\n<\/div>\n<\/div>\n<\/div>\n<\/div>\n<\/div>\n<\/article>\n","protected":false},"excerpt":{"rendered":"<p>Skapa en mysig och s\u00e4ker plats d\u00e4r ditt barn kan leka, utforska och v\u00e4xa. \ud83e\uddf8 Den h\u00e4r mjuka lekmattan i [&hellip;]<\/p>\n","protected":false},"featured_media":43668,"comment_status":"open","ping_status":"closed","template":"","meta":{"site-sidebar-layout":"default","site-content-layout":"","ast-site-content-layout":"default","site-content-style":"default","site-sidebar-style":"default","ast-global-header-display":"","ast-banner-title-visibility":"","ast-main-header-display":"","ast-hfb-above-header-display":"","ast-hfb-below-header-display":"","ast-hfb-mobile-header-display":"","site-post-title":"","ast-breadcrumbs-content":"","ast-featured-img":"","footer-sml-layout":"","theme-transparent-header-meta":"default","adv-header-id-meta":"","stick-header-meta":"","header-above-stick-meta":"","header-main-stick-meta":"","header-below-stick-meta":"","astra-migrate-meta-layouts":"set","ast-page-background-enabled":"default","ast-page-background-meta":{"desktop":{"background-color":"var(--ast-global-color-4)","background-image":"","background-repeat":"repeat","background-position":"center center","background-size":"auto","background-attachment":"scroll","background-type":"","background-media":"","overlay-type":"","overlay-color":"","overlay-opacity":"","overlay-gradient":""},"tablet":{"background-color":"","background-image":"","background-repeat":"repeat","background-position":"center center","background-size":"auto","background-attachment":"scroll","background-type":"","background-media":"","overlay-type":"","overlay-color":"","overlay-opacity":"","overlay-gradient":""},"mobile":{"background-color":"","background-image":"","background-repeat":"repeat","background-position":"center center","background-size":"auto","background-attachment":"scroll","background-type":"","background-media":"","overlay-type":"","overlay-color":"","overlay-opacity":"","overlay-gradient":""}},"ast-content-background-meta":{"desktop":{"background-color":"var(--ast-global-color-5)","background-image":"","background-repeat":"repeat","background-position":"center center","background-size":"auto","background-attachment":"scroll","background-type":"","background-media":"","overlay-type":"","overlay-color":"","overlay-opacity":"","overlay-gradient":""},"tablet":{"background-color":"var(--ast-global-color-5)","background-image":"","background-repeat":"repeat","background-position":"center center","background-size":"auto","background-attachment":"scroll","background-type":"","background-media":"","overlay-type":"","overlay-color":"","overlay-opacity":"","overlay-gradient":""},"mobile":{"background-color":"var(--ast-global-color-5)","background-image":"","background-repeat":"repeat","background-position":"center center","background-size":"auto","background-attachment":"scroll","background-type":"","background-media":"","overlay-type":"","overlay-color":"","overlay-opacity":"","overlay-gradient":""}}},"product_brand":[],"product_cat":[990],"product_tag":[],"class_list":{"0":"post-43672","1":"product","2":"type-product","3":"status-publish","4":"has-post-thumbnail","6":"product_cat-toys-childrens-and-baby-products","7":"pa_38900_cbof81o4-a","8":"pa_38900_cbof81o4-b","9":"pa_38900_cbof81o4-c","10":"pa_38900_cbof81o4-d","11":"pa_38900_cbof81o4-e","12":"pa_38900_cbof81o4-f","13":"pa_38900_cbof81o4-g","14":"pa_38900_cbof81o4-h","15":"pa_38900_cbof81o4-i","16":"pa_38900_cbof81o4-j","17":"pa_38900_cbof81o4-k","18":"pa_38900_gn5qylqy-40-cm","19":"pa_38900_gn5qylqy-60-cm","20":"pa_38900_gn5qylqy-80-cm","21":"pa_38900_gn5qylqy-100-cm","22":"pa_38900_gn5qylqy-120-cm","23":"pa_38900_gn5qylqy-140-cm","24":"desktop-align-left","25":"tablet-align-left","26":"mobile-align-left","28":"first","29":"instock","30":"shipping-taxable","31":"purchasable","32":"product-type-variable","33":"has-default-attributes"},"_links":{"self":[{"href":"https:\/\/keluvo.com\/se\/wp-json\/wp\/v2\/product\/43672","targetHints":{"allow":["GET"]}}],"collection":[{"href":"https:\/\/keluvo.com\/se\/wp-json\/wp\/v2\/product"}],"about":[{"href":"https:\/\/keluvo.com\/se\/wp-json\/wp\/v2\/types\/product"}],"replies":[{"embeddable":true,"href":"https:\/\/keluvo.com\/se\/wp-json\/wp\/v2\/comments?post=43672"}],"wp:featuredmedia":[{"embeddable":true,"href":"https:\/\/keluvo.com\/se\/wp-json\/wp\/v2\/media\/43668"}],"wp:attachment":[{"href":"https:\/\/keluvo.com\/se\/wp-json\/wp\/v2\/media?parent=43672"}],"wp:term":[{"taxonomy":"product_brand","embeddable":true,"href":"https:\/\/keluvo.com\/se\/wp-json\/wp\/v2\/product_brand?post=43672"},{"taxonomy":"product_cat","embeddable":true,"href":"https:\/\/keluvo.com\/se\/wp-json\/wp\/v2\/product_cat?post=43672"},{"taxonomy":"product_tag","embeddable":true,"href":"https:\/\/keluvo.com\/se\/wp-json\/wp\/v2\/product_tag?post=43672"}],"curies":[{"name":"wp","href":"https:\/\/api.w.org\/{rel}","templated":true}]}}