{"id":43640,"date":"2025-10-22T20:42:00","date_gmt":"2025-10-22T17:42:00","guid":{"rendered":"https:\/\/keluvo.com\/se\/product\/ring-med-arabisk-gravyr\/"},"modified":"2025-10-23T20:29:25","modified_gmt":"2025-10-23T17:29:25","slug":"ring-med-arabisk-gravyr","status":"publish","type":"product","link":"https:\/\/keluvo.com\/se\/product\/ring-med-arabisk-gravyr\/","title":{"rendered":"Ring med arabisk gravyr"},"content":{"rendered":"<p style=\"text-align: center;\" data-start=\"0\" data-end=\"69\"><strong data-start=\"0\" data-end=\"67\">B\u00e4r med dig en tidl\u00f6s p\u00e5minnelse om hopp och styrka vart du \u00e4n g\u00e5r. \ud83d\udc8d<\/strong><\/p>\n<p style=\"text-align: center;\" data-start=\"71\" data-end=\"353\">Den h\u00e4r vackert utformade ringen har en elegant arabisk gravyr av en av de mest tr\u00f6stande verserna fr\u00e5n Koranen: <em data-start=\"192\" data-end=\"229\">&#8221;Sannerligen, med sv\u00e5righeter kommer l\u00e4tthet.&#8221;<\/em> Den \u00e4r en symbol f\u00f6r t\u00e5lamod och tro och fungerar som en mild p\u00e5minnelse om att oavsett kampen f\u00f6ljer alltid l\u00e4tthet och fred.<\/p>\n<p data-start=\"71\" data-end=\"353\"><img decoding=\"async\" class=\"size-full wp-image-38082 aligncenter\" src=\"https:\/\/keluvo.com\/template\/wp-content\/uploads\/sites\/5\/2025\/10\/S66bfecf8370a451db4e42aa5a7b48de4r.jpg_960x960q75.jpg_.avif\" alt=\"\" \/><\/p>\n<h2 style=\"text-align: center;\" data-start=\"360\" data-end=\"382\">Huvudf\u00f6rdelar \u2705<\/h2>\n<p data-start=\"385\" data-end=\"512\">\ud83d\udd4a\ufe0f Meningsfull design: Inneh\u00e5ller Koranens vers &#8221;\u0641\u064e\u0625\u0650\u0646\u064e\u0651 \u0645\u064e\u0639\u064e \u0627\u0644\u0652\u0639\u064f\u0633\u0652\u0631\u0650 \u064a\u064f\u0633\u0652\u0631\u064b\u0627&#8221; &#8211; &#8221;Sannerligen, med sv\u00e5righeter kommer l\u00e4tthet.&#8221;<\/p>\n<p data-start=\"515\" data-end=\"624\">\ud83d\udc8d Elegant hantverk: Vackert graverad arabisk kalligrafi sveper runt bandet med precision.<\/p>\n<p data-start=\"627\" data-end=\"734\">\ud83e\udeb6 L\u00e4tt komfort: Designad f\u00f6r vardagsbruk &#8211; sl\u00e4t, polerad och bekv\u00e4m p\u00e5 fingret.<\/p>\n<p data-start=\"737\" data-end=\"838\">\ud83c\udf19 Spirituell p\u00e5minnelse: En daglig k\u00e4lla till motivation, frid och tro under livets utmaningar.<\/p>\n<p data-start=\"841\" data-end=\"951\">\ud83c\udf81 Perfekt present: En omt\u00e4nksam present till n\u00e4ra och k\u00e4ra som s\u00f6ker inspiration, hopp eller andlig anknytning.<\/p>\n<p data-start=\"841\" data-end=\"951\"><img decoding=\"async\" class=\"size-full wp-image-38119 aligncenter\" src=\"https:\/\/keluvo.com\/template\/wp-content\/uploads\/sites\/5\/2025\/10\/Screenshot_5-1.png\" alt=\"\" \/><\/p>\n<h2 style=\"text-align: center;\" data-start=\"958\" data-end=\"977\">S\u00e5 h\u00e4r anv\u00e4nder du \ud83d\udccc<\/h2>\n<ol data-start=\"978\" data-end=\"1257\">\n<li data-start=\"978\" data-end=\"1048\">\n<p data-start=\"981\" data-end=\"1048\">B\u00e4r ringen dagligen som en personlig p\u00e5minnelse om t\u00e5lamod och tro.<\/p>\n<\/li>\n<li data-start=\"1049\" data-end=\"1119\">\n<p data-start=\"1052\" data-end=\"1119\">Matcha den med dina befintliga smycken f\u00f6r en tidl\u00f6s, minimal look.<\/p>\n<\/li>\n<li data-start=\"1120\" data-end=\"1187\">\n<p data-start=\"1123\" data-end=\"1187\">F\u00f6rvara den i en mjuk p\u00e5se n\u00e4r den inte anv\u00e4nds f\u00f6r att bevara dess glans.<\/p>\n<\/li>\n<li data-start=\"1188\" data-end=\"1257\">\n<p data-start=\"1191\" data-end=\"1257\">Reng\u00f6r f\u00f6rsiktigt med en mjuk trasa f\u00f6r att beh\u00e5lla de graverade detaljerna.<\/p>\n<\/li>\n<\/ol>\n<h2 style=\"text-align: center;\" data-start=\"1264\" data-end=\"1288\">Produktdetaljer \u2139<\/h2>\n<ul data-start=\"1289\" data-end=\"1630\">\n<li data-start=\"1289\" data-end=\"1376\">\n<p data-start=\"1291\" data-end=\"1376\">Gravyr (arabiska): \u0641\u064e\u0625\u0650\u0646\u064e\u0651 \u0645\u064e\u0639\u064e \u0627\u0644\u0652\u0639\u064f\u0633\u0652\u0631\u0650 \u064a\u064f\u0633\u0652\u0631\u064b\u0627 \u0625\u0650\u0646\u064e\u0651 \u0645\u064e\u0639\u064e \u0627\u0644\u0652\u0639\u064f\u0633\u0652\u0631\u0650 \u064a\u064f\u0633\u0652\u0631\u064b\u0627<\/p>\n<\/li>\n<li data-start=\"1377\" data-end=\"1433\">\n<p data-start=\"1379\" data-end=\"1433\">Translation: &#8221;Sannerligen, med sv\u00e5righeter kommer l\u00e4tthet.&#8221;<\/p>\n<\/li>\n<li data-start=\"1434\" data-end=\"1509\">\n<p data-start=\"1436\" data-end=\"1509\">Material: H\u00f6gkvalitativ, polerad metall (designen kan variera beroende p\u00e5 variant)<\/p>\n<\/li>\n<li data-start=\"1510\" data-end=\"1582\">\n<p data-start=\"1512\" data-end=\"1582\">Finish: Sl\u00e4t, h\u00e5llbar och graverad i fin arabisk kalligrafi<\/p>\n<\/li>\n<li data-start=\"1583\" data-end=\"1630\">\n<p data-start=\"1585\" data-end=\"1630\">Anv\u00e4ndning: Vardagskl\u00e4der eller speciella tillf\u00e4llen<\/p>\n<\/li>\n<li data-start=\"1583\" data-end=\"1630\">Size: 6, 7, 8, 9, 10<\/li>\n<\/ul>\n<h2 style=\"text-align: center;\" data-start=\"1637\" data-end=\"1662\">Paketet\u00a0inneh\u00e5ller\u00a0\ud83d\udce6<\/h2>\n<ul data-start=\"1663\" data-end=\"1724\" data-is-last-node=\"\" data-is-only-node=\"\">\n<li data-start=\"1663\" data-end=\"1724\" data-is-last-node=\"\">\n<p data-start=\"1665\" data-end=\"1724\" data-is-last-node=\"\">1x ring med arabisk gravyr.<\/p>\n<\/li>\n<\/ul>\n","protected":false},"excerpt":{"rendered":"<p>B\u00e4r med dig en tidl\u00f6s p\u00e5minnelse om hopp och styrka vart du \u00e4n g\u00e5r. \ud83d\udc8d Den h\u00e4r vackert utformade ringen [&hellip;]<\/p>\n","protected":false},"featured_media":43636,"comment_status":"open","ping_status":"closed","template":"","meta":{"site-sidebar-layout":"default","site-content-layout":"","ast-site-content-layout":"default","site-content-style":"default","site-sidebar-style":"default","ast-global-header-display":"","ast-banner-title-visibility":"","ast-main-header-display":"","ast-hfb-above-header-display":"","ast-hfb-below-header-display":"","ast-hfb-mobile-header-display":"","site-post-title":"","ast-breadcrumbs-content":"","ast-featured-img":"","footer-sml-layout":"","theme-transparent-header-meta":"default","adv-header-id-meta":"","stick-header-meta":"","header-above-stick-meta":"","header-main-stick-meta":"","header-below-stick-meta":"","astra-migrate-meta-layouts":"set","ast-page-background-enabled":"default","ast-page-background-meta":{"desktop":{"background-color":"var(--ast-global-color-4)","background-image":"","background-repeat":"repeat","background-position":"center center","background-size":"auto","background-attachment":"scroll","background-type":"","background-media":"","overlay-type":"","overlay-color":"","overlay-opacity":"","overlay-gradient":""},"tablet":{"background-color":"","background-image":"","background-repeat":"repeat","background-position":"center center","background-size":"auto","background-attachment":"scroll","background-type":"","background-media":"","overlay-type":"","overlay-color":"","overlay-opacity":"","overlay-gradient":""},"mobile":{"background-color":"","background-image":"","background-repeat":"repeat","background-position":"center center","background-size":"auto","background-attachment":"scroll","background-type":"","background-media":"","overlay-type":"","overlay-color":"","overlay-opacity":"","overlay-gradient":""}},"ast-content-background-meta":{"desktop":{"background-color":"var(--ast-global-color-5)","background-image":"","background-repeat":"repeat","background-position":"center center","background-size":"auto","background-attachment":"scroll","background-type":"","background-media":"","overlay-type":"","overlay-color":"","overlay-opacity":"","overlay-gradient":""},"tablet":{"background-color":"var(--ast-global-color-5)","background-image":"","background-repeat":"repeat","background-position":"center center","background-size":"auto","background-attachment":"scroll","background-type":"","background-media":"","overlay-type":"","overlay-color":"","overlay-opacity":"","overlay-gradient":""},"mobile":{"background-color":"var(--ast-global-color-5)","background-image":"","background-repeat":"repeat","background-position":"center center","background-size":"auto","background-attachment":"scroll","background-type":"","background-media":"","overlay-type":"","overlay-color":"","overlay-opacity":"","overlay-gradient":""}}},"product_brand":[],"product_cat":[993],"product_tag":[],"class_list":{"0":"post-43640","1":"product","2":"type-product","3":"status-publish","4":"has-post-thumbnail","6":"product_cat-footwear-accessories","7":"pa_38365_417eahlw-6955","8":"pa_38365_417eahlw-6956","9":"pa_38365_417eahlw-6957","10":"pa_38365_417eahlw-6958","11":"pa_38365_417eahlw-6954","12":"pa_38365_4go9bi4r-guld","13":"pa_38365_4go9bi4r-silver","14":"desktop-align-left","15":"tablet-align-left","16":"mobile-align-left","18":"first","19":"instock","20":"shipping-taxable","21":"purchasable","22":"product-type-variable","23":"has-default-attributes"},"_links":{"self":[{"href":"https:\/\/keluvo.com\/se\/wp-json\/wp\/v2\/product\/43640","targetHints":{"allow":["GET"]}}],"collection":[{"href":"https:\/\/keluvo.com\/se\/wp-json\/wp\/v2\/product"}],"about":[{"href":"https:\/\/keluvo.com\/se\/wp-json\/wp\/v2\/types\/product"}],"replies":[{"embeddable":true,"href":"https:\/\/keluvo.com\/se\/wp-json\/wp\/v2\/comments?post=43640"}],"wp:featuredmedia":[{"embeddable":true,"href":"https:\/\/keluvo.com\/se\/wp-json\/wp\/v2\/media\/43636"}],"wp:attachment":[{"href":"https:\/\/keluvo.com\/se\/wp-json\/wp\/v2\/media?parent=43640"}],"wp:term":[{"taxonomy":"product_brand","embeddable":true,"href":"https:\/\/keluvo.com\/se\/wp-json\/wp\/v2\/product_brand?post=43640"},{"taxonomy":"product_cat","embeddable":true,"href":"https:\/\/keluvo.com\/se\/wp-json\/wp\/v2\/product_cat?post=43640"},{"taxonomy":"product_tag","embeddable":true,"href":"https:\/\/keluvo.com\/se\/wp-json\/wp\/v2\/product_tag?post=43640"}],"curies":[{"name":"wp","href":"https:\/\/api.w.org\/{rel}","templated":true}]}}