{"id":43629,"date":"2025-10-22T20:37:51","date_gmt":"2025-10-22T17:37:51","guid":{"rendered":"https:\/\/keluvo.com\/se\/product\/kaffemuggar\/"},"modified":"2025-10-23T20:24:17","modified_gmt":"2025-10-23T17:24:17","slug":"kaffemuggar","status":"publish","type":"product","link":"https:\/\/keluvo.com\/se\/product\/kaffemuggar\/","title":{"rendered":"Kaffemuggar"},"content":{"rendered":"<p style=\"text-align: center;\" data-start=\"0\" data-end=\"88\"><strong>Njut av din favoritdryck med stil med denna unikt designade kaffemugg i keramik. \u2615<\/strong><\/p>\n<p style=\"text-align: center;\" data-start=\"90\" data-end=\"418\">Den h\u00e4r handgjorda grova keramikmuggen med matchande bas kombinerar komfort, stil och funktionalitet i ett. Dess konformade design och sl\u00e4ta yta g\u00f6r den l\u00e4tt att h\u00e5lla i, medan den h\u00f6gkvalitativa keramiken h\u00e5ller din dryck varm l\u00e4ngre. Perfekt f\u00f6r kaffe-, te- eller kakao\u00e4lskare &#8211; oavsett om det \u00e4r hemma, p\u00e5 kontoret eller p\u00e5 ditt favoritcaf\u00e9.<\/p>\n<p data-start=\"90\" data-end=\"418\"><img decoding=\"async\" class=\"size-full wp-image-37827 aligncenter\" src=\"https:\/\/keluvo.com\/template\/wp-content\/uploads\/sites\/5\/2025\/10\/100218-ezgif.com-video-to-webp-converter-1.webp\" alt=\"\" \/><\/p>\n<h2 style=\"text-align: center;\" data-start=\"425\" data-end=\"446\">\u2615 Huvudf\u00f6rdelar<\/h2>\n<p data-start=\"449\" data-end=\"534\">\ud83c\udf00 Unik design &#8211; Konformad kopp med bas ger ett kreativt och elegant utseende.<\/p>\n<p data-start=\"537\" data-end=\"621\">\ud83d\udd90\ufe0f Bekv\u00e4mt grepp &#8211; Sl\u00e4t konsistens och ergonomisk form g\u00f6r den l\u00e4tt att h\u00e5lla.<\/p>\n<p data-start=\"624\" data-end=\"693\">\ud83d\udd25 V\u00e4rmebest\u00e4ndig &#8211; H\u00e5ller din dryck varm och s\u00e4ker att hantera.<\/p>\n<p data-start=\"696\" data-end=\"778\">\ud83e\uddfd L\u00e4tt att reng\u00f6ra &#8211; Tillverkad av h\u00e5llbar keramik som t\u00e5l maskindisk och mikrov\u00e5gsugn.<\/p>\n<p data-start=\"781\" data-end=\"880\">\ud83c\udfe0 M\u00e5ngsidig anv\u00e4ndning &#8211; Perfekt f\u00f6r kaffe, te, espresso eller till och med cocktails &#8211; hemma eller p\u00e5 kaf\u00e9er.<\/p>\n<p data-start=\"781\" data-end=\"880\"><img decoding=\"async\" class=\"size-full wp-image-37824 aligncenter\" src=\"https:\/\/keluvo.com\/template\/wp-content\/uploads\/sites\/5\/2025\/10\/S7e596b61e39a425b89b8194c9e00672f9.jpg_960x960q75.jpg_.avif\" alt=\"\" \/><\/p>\n<h2 style=\"text-align: center;\" data-start=\"887\" data-end=\"906\">\ud83e\ude84 S\u00e5 h\u00e4r anv\u00e4nder du<\/h2>\n<ol data-start=\"907\" data-end=\"1151\">\n<li data-start=\"907\" data-end=\"947\">\n<p data-start=\"910\" data-end=\"947\">Placera muggen s\u00e4kert p\u00e5 basen.<\/p>\n<\/li>\n<li data-start=\"948\" data-end=\"1003\">\n<p data-start=\"951\" data-end=\"1003\">H\u00e4ll din varma eller kalla favoritdryck i muggen.<\/p>\n<\/li>\n<li data-start=\"1004\" data-end=\"1066\">\n<p data-start=\"1007\" data-end=\"1066\">Njut av den mysiga, taktila k\u00e4nslan medan du smuttar p\u00e5 din dryck.<\/p>\n<\/li>\n<li data-start=\"1067\" data-end=\"1151\">\n<p data-start=\"1070\" data-end=\"1151\">Efter anv\u00e4ndning, reng\u00f6r den f\u00f6r hand eller placera den i diskmaskinen f\u00f6r enkelt underh\u00e5ll.<\/p>\n<\/li>\n<\/ol>\n<h2 style=\"text-align: center;\" data-start=\"1158\" data-end=\"1182\">\ud83d\udccf Produktdetaljer<\/h2>\n<ul data-start=\"1183\" data-end=\"1466\">\n<li data-start=\"1183\" data-end=\"1228\">\n<p data-start=\"1185\" data-end=\"1228\">Material: Grov keramik av h\u00f6g kvalitet<\/p>\n<\/li>\n<li data-start=\"1229\" data-end=\"1279\">\n<p data-start=\"1231\" data-end=\"1279\">Design: Kegelformad kopp med matchande bas<\/p>\n<\/li>\n<li data-start=\"1280\" data-end=\"1344\">\n<p data-start=\"1282\" data-end=\"1344\">Anv\u00e4ndning: L\u00e4mplig f\u00f6r kaffe, te, kakao, mj\u00f6lk eller cocktails<\/p>\n<\/li>\n<li data-start=\"1345\" data-end=\"1411\">\n<p data-start=\"1347\" data-end=\"1411\">T\u00e5lighet: T\u00e5l mikrov\u00e5gsugn, diskmaskin och kylsk\u00e5p<\/p>\n<\/li>\n<li data-start=\"1412\" data-end=\"1466\">\n<p data-start=\"1414\" data-end=\"1466\">Anv\u00e4ndningsomr\u00e5de: Hem, kontor, restaurang eller caf\u00e9<\/p>\n<\/li>\n<li data-start=\"1412\" data-end=\"1466\">Kapacitet: 100ml<\/li>\n<\/ul>\n<h2 style=\"text-align: center;\" data-start=\"1473\" data-end=\"1498\">\ud83c\udf81 Paketet inneh\u00e5ller<\/h2>\n<ul data-start=\"1499\" data-end=\"1552\" data-is-last-node=\"\" data-is-only-node=\"\">\n<li data-start=\"1499\" data-end=\"1525\">\n<p data-start=\"1501\" data-end=\"1525\">2, 4x keramisk kaffemugg<\/p>\n<\/li>\n<li data-start=\"1526\" data-end=\"1552\" data-is-last-node=\"\">\n<p data-start=\"1528\" data-end=\"1552\" data-is-last-node=\"\">2, 4x matchande bash\u00e5llare.<\/p>\n<\/li>\n<\/ul>\n","protected":false},"excerpt":{"rendered":"<p>Njut av din favoritdryck med stil med denna unikt designade kaffemugg i keramik. \u2615 Den h\u00e4r handgjorda grova keramikmuggen med [&hellip;]<\/p>\n","protected":false},"featured_media":43625,"comment_status":"open","ping_status":"closed","template":"","meta":{"site-sidebar-layout":"default","site-content-layout":"","ast-site-content-layout":"default","site-content-style":"default","site-sidebar-style":"default","ast-global-header-display":"","ast-banner-title-visibility":"","ast-main-header-display":"","ast-hfb-above-header-display":"","ast-hfb-below-header-display":"","ast-hfb-mobile-header-display":"","site-post-title":"","ast-breadcrumbs-content":"","ast-featured-img":"","footer-sml-layout":"","theme-transparent-header-meta":"default","adv-header-id-meta":"","stick-header-meta":"","header-above-stick-meta":"","header-main-stick-meta":"","header-below-stick-meta":"","astra-migrate-meta-layouts":"set","ast-page-background-enabled":"default","ast-page-background-meta":{"desktop":{"background-color":"var(--ast-global-color-4)","background-image":"","background-repeat":"repeat","background-position":"center center","background-size":"auto","background-attachment":"scroll","background-type":"","background-media":"","overlay-type":"","overlay-color":"","overlay-opacity":"","overlay-gradient":""},"tablet":{"background-color":"","background-image":"","background-repeat":"repeat","background-position":"center center","background-size":"auto","background-attachment":"scroll","background-type":"","background-media":"","overlay-type":"","overlay-color":"","overlay-opacity":"","overlay-gradient":""},"mobile":{"background-color":"","background-image":"","background-repeat":"repeat","background-position":"center center","background-size":"auto","background-attachment":"scroll","background-type":"","background-media":"","overlay-type":"","overlay-color":"","overlay-opacity":"","overlay-gradient":""}},"ast-content-background-meta":{"desktop":{"background-color":"var(--ast-global-color-5)","background-image":"","background-repeat":"repeat","background-position":"center center","background-size":"auto","background-attachment":"scroll","background-type":"","background-media":"","overlay-type":"","overlay-color":"","overlay-opacity":"","overlay-gradient":""},"tablet":{"background-color":"var(--ast-global-color-5)","background-image":"","background-repeat":"repeat","background-position":"center center","background-size":"auto","background-attachment":"scroll","background-type":"","background-media":"","overlay-type":"","overlay-color":"","overlay-opacity":"","overlay-gradient":""},"mobile":{"background-color":"var(--ast-global-color-5)","background-image":"","background-repeat":"repeat","background-position":"center center","background-size":"auto","background-attachment":"scroll","background-type":"","background-media":"","overlay-type":"","overlay-color":"","overlay-opacity":"","overlay-gradient":""}}},"product_brand":[],"product_cat":[1001],"product_tag":[],"class_list":{"0":"post-43629","1":"product","2":"type-product","3":"status-publish","4":"has-post-thumbnail","6":"product_cat-household-goods","7":"pa_32293_uiiil6y1-a","8":"pa_32293_uiiil6y1-b","9":"pa_32293_uiiil6y1-c","10":"pa_32293_uiiil6y1-d","11":"pa_32293_uiiil6y1-e","12":"pa_32293_uiiil6y1-f","13":"pa_32293_uiiil6y1-g","14":"pa_32293_uiiil6y1-h","15":"pa_32293_uiiil6y1-i","16":"pa_32293_uiiil6y1-j","17":"pa_32293_xom2sppd-2-st","18":"pa_32293_xom2sppd-4-st","19":"desktop-align-left","20":"tablet-align-left","21":"mobile-align-left","23":"first","24":"instock","25":"shipping-taxable","26":"purchasable","27":"product-type-variable","28":"has-default-attributes"},"_links":{"self":[{"href":"https:\/\/keluvo.com\/se\/wp-json\/wp\/v2\/product\/43629","targetHints":{"allow":["GET"]}}],"collection":[{"href":"https:\/\/keluvo.com\/se\/wp-json\/wp\/v2\/product"}],"about":[{"href":"https:\/\/keluvo.com\/se\/wp-json\/wp\/v2\/types\/product"}],"replies":[{"embeddable":true,"href":"https:\/\/keluvo.com\/se\/wp-json\/wp\/v2\/comments?post=43629"}],"wp:featuredmedia":[{"embeddable":true,"href":"https:\/\/keluvo.com\/se\/wp-json\/wp\/v2\/media\/43625"}],"wp:attachment":[{"href":"https:\/\/keluvo.com\/se\/wp-json\/wp\/v2\/media?parent=43629"}],"wp:term":[{"taxonomy":"product_brand","embeddable":true,"href":"https:\/\/keluvo.com\/se\/wp-json\/wp\/v2\/product_brand?post=43629"},{"taxonomy":"product_cat","embeddable":true,"href":"https:\/\/keluvo.com\/se\/wp-json\/wp\/v2\/product_cat?post=43629"},{"taxonomy":"product_tag","embeddable":true,"href":"https:\/\/keluvo.com\/se\/wp-json\/wp\/v2\/product_tag?post=43629"}],"curies":[{"name":"wp","href":"https:\/\/api.w.org\/{rel}","templated":true}]}}