{"id":4355,"date":"2024-12-03T14:01:41","date_gmt":"2024-12-03T12:01:41","guid":{"rendered":"https:\/\/keluvo.com\/se\/product\/borr-for-klyvning-av-ved\/"},"modified":"2025-09-05T10:47:14","modified_gmt":"2025-09-05T07:47:14","slug":"borr-for-klyvning-av-ved","status":"publish","type":"product","link":"https:\/\/keluvo.com\/se\/product\/borr-for-klyvning-av-ved\/","title":{"rendered":"Borr f\u00f6r klyvning av ved"},"content":{"rendered":"<h2 style=\"text-align: center\"><strong>Effektiv vedklyvning<\/strong><\/h2>\n<p style=\"text-align: center\">Borrkronan f\u00f6r vedklyvning \u00e4r utformad f\u00f6r att kapa och klyva ved snabbt, vilket sparar tid och anstr\u00e4ngning. Dess skruvkoniska design s\u00e4kerst\u00e4ller effektiv klyvning f\u00f6r en m\u00e4ngd olika tr\u00e4slag, vilket g\u00f6r det till ett perfekt verktyg f\u00f6r att f\u00f6rbereda ved.<\/p>\n<p style=\"text-align: center\">\u00a0<img fetchpriority=\"high\" decoding=\"async\" width=\"800\" height=\"800\" class=\"alignnone size-medium wp-image-1942\" src=\"https:\/\/keluvo.com\/template\/wp-content\/uploads\/sites\/5\/2024\/10\/fdbf43b0-c474-45e7-80b6-a60a92138688.webp\" alt=\"\" srcset=\"https:\/\/keluvo.com\/se\/wp-content\/uploads\/sites\/12\/2024\/10\/fdbf43b0-c474-45e7-80b6-a60a92138688.webp 800w, https:\/\/keluvo.com\/se\/wp-content\/uploads\/sites\/12\/2024\/10\/fdbf43b0-c474-45e7-80b6-a60a92138688-300x300.webp 300w, https:\/\/keluvo.com\/se\/wp-content\/uploads\/sites\/12\/2024\/10\/fdbf43b0-c474-45e7-80b6-a60a92138688-150x150.webp 150w, https:\/\/keluvo.com\/se\/wp-content\/uploads\/sites\/12\/2024\/10\/fdbf43b0-c474-45e7-80b6-a60a92138688-768x768.webp 768w, https:\/\/keluvo.com\/se\/wp-content\/uploads\/sites\/12\/2024\/10\/fdbf43b0-c474-45e7-80b6-a60a92138688-600x600.webp 600w, https:\/\/keluvo.com\/se\/wp-content\/uploads\/sites\/12\/2024\/10\/fdbf43b0-c474-45e7-80b6-a60a92138688-100x100.webp 100w, https:\/\/keluvo.com\/se\/wp-content\/uploads\/sites\/12\/2024\/10\/fdbf43b0-c474-45e7-80b6-a60a92138688-50x50.webp 50w\" sizes=\"(max-width: 800px) 100vw, 800px\" \/><\/p>\n<h2 style=\"text-align: center\"><strong>Slitstarkt material av h\u00f6g kvalitet<\/strong><\/h2>\n<p style=\"text-align: center\">Tillverkad av h\u00f6gkolhaltigt st\u00e5l \u00e4r vedklyvningsborret byggt f\u00f6r l\u00e5ngvarig anv\u00e4ndning. Detta kraftiga material \u00e4r slag- och slitstarkt, vilket s\u00e4kerst\u00e4ller tillf\u00f6rlitlig prestanda \u00e4ven vid frekvent anv\u00e4ndning p\u00e5 h\u00e5rt tr\u00e4.<\/p>\n<p><img decoding=\"async\" width=\"480\" height=\"480\" class=\"alignnone size-medium wp-image-1937 aligncenter\" src=\"https:\/\/keluvo.com\/template\/wp-content\/uploads\/sites\/5\/2024\/10\/095776af-e10d-4c5c-a26f-f50a41c76a5e.webp\" alt=\"\" srcset=\"https:\/\/keluvo.com\/se\/wp-content\/uploads\/sites\/12\/2024\/10\/095776af-e10d-4c5c-a26f-f50a41c76a5e.webp 480w, https:\/\/keluvo.com\/se\/wp-content\/uploads\/sites\/12\/2024\/10\/095776af-e10d-4c5c-a26f-f50a41c76a5e-300x300.webp 300w, https:\/\/keluvo.com\/se\/wp-content\/uploads\/sites\/12\/2024\/10\/095776af-e10d-4c5c-a26f-f50a41c76a5e-150x150.webp 150w, https:\/\/keluvo.com\/se\/wp-content\/uploads\/sites\/12\/2024\/10\/095776af-e10d-4c5c-a26f-f50a41c76a5e-100x100.webp 100w, https:\/\/keluvo.com\/se\/wp-content\/uploads\/sites\/12\/2024\/10\/095776af-e10d-4c5c-a26f-f50a41c76a5e-50x50.webp 50w\" sizes=\"(max-width: 480px) 100vw, 480px\" \/><\/p>\n","protected":false},"excerpt":{"rendered":"<p>Effektiv vedklyvning Borrkronan f\u00f6r vedklyvning \u00e4r utformad f\u00f6r att kapa och klyva ved snabbt, vilket sparar tid och anstr\u00e4ngning. Dess [&hellip;]<\/p>\n","protected":false},"featured_media":4351,"comment_status":"open","ping_status":"closed","template":"","meta":{"site-sidebar-layout":"default","site-content-layout":"","ast-site-content-layout":"default","site-content-style":"default","site-sidebar-style":"default","ast-global-header-display":"","ast-banner-title-visibility":"","ast-main-header-display":"","ast-hfb-above-header-display":"","ast-hfb-below-header-display":"","ast-hfb-mobile-header-display":"","site-post-title":"","ast-breadcrumbs-content":"","ast-featured-img":"","footer-sml-layout":"","theme-transparent-header-meta":"default","adv-header-id-meta":"","stick-header-meta":"","header-above-stick-meta":"","header-main-stick-meta":"","header-below-stick-meta":"","astra-migrate-meta-layouts":"set","ast-page-background-enabled":"default","ast-page-background-meta":{"desktop":{"background-color":"var(--ast-global-color-4)","background-image":"","background-repeat":"repeat","background-position":"center center","background-size":"auto","background-attachment":"scroll","background-type":"","background-media":"","overlay-type":"","overlay-color":"","overlay-opacity":"","overlay-gradient":""},"tablet":{"background-color":"","background-image":"","background-repeat":"repeat","background-position":"center center","background-size":"auto","background-attachment":"scroll","background-type":"","background-media":"","overlay-type":"","overlay-color":"","overlay-opacity":"","overlay-gradient":""},"mobile":{"background-color":"","background-image":"","background-repeat":"repeat","background-position":"center center","background-size":"auto","background-attachment":"scroll","background-type":"","background-media":"","overlay-type":"","overlay-color":"","overlay-opacity":"","overlay-gradient":""}},"ast-content-background-meta":{"desktop":{"background-color":"var(--ast-global-color-5)","background-image":"","background-repeat":"repeat","background-position":"center center","background-size":"auto","background-attachment":"scroll","background-type":"","background-media":"","overlay-type":"","overlay-color":"","overlay-opacity":"","overlay-gradient":""},"tablet":{"background-color":"var(--ast-global-color-5)","background-image":"","background-repeat":"repeat","background-position":"center center","background-size":"auto","background-attachment":"scroll","background-type":"","background-media":"","overlay-type":"","overlay-color":"","overlay-opacity":"","overlay-gradient":""},"mobile":{"background-color":"var(--ast-global-color-5)","background-image":"","background-repeat":"repeat","background-position":"center center","background-size":"auto","background-attachment":"scroll","background-type":"","background-media":"","overlay-type":"","overlay-color":"","overlay-opacity":"","overlay-gradient":""}}},"product_brand":[],"product_cat":[1000],"product_tag":[],"class_list":{"0":"post-4355","1":"product","2":"type-product","3":"status-publish","4":"has-post-thumbnail","6":"product_cat-hiking-camping-and-leisure-goods","7":"pa_nt4uxd7c-32-mm-fyrkantigt-skaft","8":"pa_nt4uxd7c-32-mm-runt-skaft","9":"pa_nt4uxd7c-32-mm-sexkantigt-skaft","10":"pa_nt4uxd7c-42-mm-fyrkantigt-skaft","11":"pa_nt4uxd7c-42-mm-runt-skaft","12":"pa_nt4uxd7c-42-mm-sexkantigt-skaft","13":"desktop-align-left","14":"tablet-align-left","15":"mobile-align-left","17":"first","18":"instock","19":"shipping-taxable","20":"purchasable","21":"product-type-variable"},"_links":{"self":[{"href":"https:\/\/keluvo.com\/se\/wp-json\/wp\/v2\/product\/4355","targetHints":{"allow":["GET"]}}],"collection":[{"href":"https:\/\/keluvo.com\/se\/wp-json\/wp\/v2\/product"}],"about":[{"href":"https:\/\/keluvo.com\/se\/wp-json\/wp\/v2\/types\/product"}],"replies":[{"embeddable":true,"href":"https:\/\/keluvo.com\/se\/wp-json\/wp\/v2\/comments?post=4355"}],"wp:featuredmedia":[{"embeddable":true,"href":"https:\/\/keluvo.com\/se\/wp-json\/wp\/v2\/media\/4351"}],"wp:attachment":[{"href":"https:\/\/keluvo.com\/se\/wp-json\/wp\/v2\/media?parent=4355"}],"wp:term":[{"taxonomy":"product_brand","embeddable":true,"href":"https:\/\/keluvo.com\/se\/wp-json\/wp\/v2\/product_brand?post=4355"},{"taxonomy":"product_cat","embeddable":true,"href":"https:\/\/keluvo.com\/se\/wp-json\/wp\/v2\/product_cat?post=4355"},{"taxonomy":"product_tag","embeddable":true,"href":"https:\/\/keluvo.com\/se\/wp-json\/wp\/v2\/product_tag?post=4355"}],"curies":[{"name":"wp","href":"https:\/\/api.w.org\/{rel}","templated":true}]}}