{"id":43538,"date":"2025-10-22T16:00:51","date_gmt":"2025-10-22T13:00:51","guid":{"rendered":"https:\/\/keluvo.com\/se\/product\/pennfodral\/"},"modified":"2025-10-23T20:10:55","modified_gmt":"2025-10-23T17:10:55","slug":"pennfodral","status":"publish","type":"product","link":"https:\/\/keluvo.com\/se\/product\/pennfodral\/","title":{"rendered":"Pennfodral"},"content":{"rendered":"<p style=\"text-align: center;\" data-start=\"0\" data-end=\"104\"><strong data-start=\"0\" data-end=\"102\">H\u00e5ll ditt skrivbord organiserat och dina tillbeh\u00f6r snyggt f\u00f6rvarade med detta multifunktionella pennfodral. \ud83d\udd8a\ufe0f<\/strong><\/p>\n<p style=\"text-align: center;\" data-start=\"106\" data-end=\"411\">Denna smarta och estetiska pennfodral fungerar b\u00e5de som en b\u00e4rbar p\u00e5se och en pennh\u00e5llare f\u00f6r st\u00e5ende skrivbord. Det \u00e4r tillverkat av mjuk bomull och veganskt l\u00e4der, \u00e4r slitstarkt, bekv\u00e4mt att anv\u00e4nda och tillr\u00e4ckligt stort f\u00f6r att rymma alla dina favoritpennor, blyertspennor och kontorsmaterial &#8211; perfekt f\u00f6r skolan, kontoret eller hemmet.<\/p>\n<p data-start=\"106\" data-end=\"411\"><img decoding=\"async\" class=\"size-full wp-image-37642 aligncenter\" src=\"https:\/\/keluvo.com\/template\/wp-content\/uploads\/sites\/5\/2025\/10\/100212-ezgif.com-video-to-webp-converter-2.webp\" alt=\"\" \/><\/p>\n<h2 style=\"text-align: center;\" data-start=\"418\" data-end=\"440\">Huvudf\u00f6rdelar \u2705<\/h2>\n<p data-start=\"443\" data-end=\"548\">\ud83d\udd8a\ufe0f 2-i-1-design &#8211; Anv\u00e4nd det som ett pennfodral n\u00e4r du \u00e4r p\u00e5 spr\u00e5ng eller tryck ner det f\u00f6r att f\u00f6rvandla det till en pennh\u00e5llare.<\/p>\n<p data-start=\"551\" data-end=\"632\">\ud83d\udcda Stor kapacitet &#8211; Rymmer enkelt \u00f6ver 35 pennor och andra skrivverktyg.<\/p>\n<p data-start=\"635\" data-end=\"750\">\ud83d\udcbc H\u00f6gkvalitativa material &#8211; Tillverkad av mjuk bomull, polyuretan och veganl\u00e4der f\u00f6r h\u00e5llbarhet och komfort.<\/p>\n<p data-start=\"753\" data-end=\"820\">\ud83c\udf92 B\u00e4rbar &amp; kompakt &#8211; L\u00e4tt att b\u00e4ra med sig i v\u00e4skan eller ryggs\u00e4cken.<\/p>\n<p data-start=\"823\" data-end=\"886\">\ud83c\udf3f Milj\u00f6v\u00e4nlig &#8211; Tillverkad av grymtfritt veganl\u00e4der.<\/p>\n<p data-start=\"823\" data-end=\"886\"><img decoding=\"async\" class=\"size-full wp-image-37643 aligncenter\" src=\"https:\/\/keluvo.com\/template\/wp-content\/uploads\/sites\/5\/2025\/10\/centerframe.webp\" alt=\"\" \/><\/p>\n<h2 style=\"text-align: center;\" data-start=\"893\" data-end=\"912\">S\u00e5 h\u00e4r anv\u00e4nder du \ud83d\udccc<\/h2>\n<ol data-start=\"913\" data-end=\"1219\">\n<li data-start=\"913\" data-end=\"978\">\n<p data-start=\"916\" data-end=\"978\">Vippa upp pennfodralet f\u00f6r att f\u00f6rvara dina skrivredskap inuti.<\/p>\n<\/li>\n<li data-start=\"979\" data-end=\"1067\">\n<p data-start=\"982\" data-end=\"1067\">N\u00e4r du arbetar trycker du helt enkelt ner sidorna f\u00f6r att omvandla det till en st\u00e5ende pennh\u00e5llare.<\/p>\n<\/li>\n<li data-start=\"1068\" data-end=\"1131\">\n<p data-start=\"1071\" data-end=\"1131\">Placera det p\u00e5 skrivbordet f\u00f6r enkel \u00e5tkomst till pennor.<\/p>\n<\/li>\n<li data-start=\"1132\" data-end=\"1219\">\n<p data-start=\"1135\" data-end=\"1219\">Dra upp dragkedjan och b\u00e4r med dig det n\u00e4r du \u00e4r klar &#8211; snyggt och praktiskt var som helst!<\/p>\n<\/li>\n<\/ol>\n<h2 style=\"text-align: center;\" data-start=\"1226\" data-end=\"1250\">\u00a0Produktdetaljer \u2139<\/h2>\n<ul data-start=\"1251\" data-end=\"1438\">\n<li data-start=\"1251\" data-end=\"1311\">\n<p data-start=\"1253\" data-end=\"1311\">Material: Polyuretangummi, bomull, veganskt l\u00e4der<\/p>\n<\/li>\n<li data-start=\"1312\" data-end=\"1338\">\n<p data-start=\"1314\" data-end=\"1338\">Storlek: 18,5 x 8,5 x 6,5 cm<\/p>\n<\/li>\n<li data-start=\"1339\" data-end=\"1374\">\n<p data-start=\"1341\" data-end=\"1374\">Kapacitet: Rymmer 35+ pennor<\/p>\n<\/li>\n<li data-start=\"1375\" data-end=\"1438\">\n<p data-start=\"1377\" data-end=\"1438\">Anv\u00e4ndning: F\u00f6rvaring av pennor och andra skrivverktyg<\/p>\n<\/li>\n<\/ul>\n<h2 style=\"text-align: center;\" data-start=\"1445\" data-end=\"1470\">Paketet\u00a0inneh\u00e5ller\u00a0\ud83d\udce6<\/h2>\n<ul data-start=\"1471\" data-end=\"1504\" data-is-last-node=\"\" data-is-only-node=\"\">\n<li data-start=\"1471\" data-end=\"1504\" data-is-last-node=\"\">\n<p data-start=\"1473\" data-end=\"1504\" data-is-last-node=\"\">1x multifunktionellt pennfodral.<\/p>\n<\/li>\n<\/ul>\n","protected":false},"excerpt":{"rendered":"<p>H\u00e5ll ditt skrivbord organiserat och dina tillbeh\u00f6r snyggt f\u00f6rvarade med detta multifunktionella pennfodral. \ud83d\udd8a\ufe0f Denna smarta och estetiska pennfodral fungerar [&hellip;]<\/p>\n","protected":false},"featured_media":43534,"comment_status":"open","ping_status":"closed","template":"","meta":{"site-sidebar-layout":"default","site-content-layout":"","ast-site-content-layout":"default","site-content-style":"default","site-sidebar-style":"default","ast-global-header-display":"","ast-banner-title-visibility":"","ast-main-header-display":"","ast-hfb-above-header-display":"","ast-hfb-below-header-display":"","ast-hfb-mobile-header-display":"","site-post-title":"","ast-breadcrumbs-content":"","ast-featured-img":"","footer-sml-layout":"","theme-transparent-header-meta":"default","adv-header-id-meta":"","stick-header-meta":"","header-above-stick-meta":"","header-main-stick-meta":"","header-below-stick-meta":"","astra-migrate-meta-layouts":"set","ast-page-background-enabled":"default","ast-page-background-meta":{"desktop":{"background-color":"var(--ast-global-color-4)","background-image":"","background-repeat":"repeat","background-position":"center center","background-size":"auto","background-attachment":"scroll","background-type":"","background-media":"","overlay-type":"","overlay-color":"","overlay-opacity":"","overlay-gradient":""},"tablet":{"background-color":"","background-image":"","background-repeat":"repeat","background-position":"center center","background-size":"auto","background-attachment":"scroll","background-type":"","background-media":"","overlay-type":"","overlay-color":"","overlay-opacity":"","overlay-gradient":""},"mobile":{"background-color":"","background-image":"","background-repeat":"repeat","background-position":"center center","background-size":"auto","background-attachment":"scroll","background-type":"","background-media":"","overlay-type":"","overlay-color":"","overlay-opacity":"","overlay-gradient":""}},"ast-content-background-meta":{"desktop":{"background-color":"var(--ast-global-color-5)","background-image":"","background-repeat":"repeat","background-position":"center center","background-size":"auto","background-attachment":"scroll","background-type":"","background-media":"","overlay-type":"","overlay-color":"","overlay-opacity":"","overlay-gradient":""},"tablet":{"background-color":"var(--ast-global-color-5)","background-image":"","background-repeat":"repeat","background-position":"center center","background-size":"auto","background-attachment":"scroll","background-type":"","background-media":"","overlay-type":"","overlay-color":"","overlay-opacity":"","overlay-gradient":""},"mobile":{"background-color":"var(--ast-global-color-5)","background-image":"","background-repeat":"repeat","background-position":"center center","background-size":"auto","background-attachment":"scroll","background-type":"","background-media":"","overlay-type":"","overlay-color":"","overlay-opacity":"","overlay-gradient":""}}},"product_brand":[],"product_cat":[990,993],"product_tag":[],"class_list":{"0":"post-43538","1":"product","2":"type-product","3":"status-publish","4":"has-post-thumbnail","6":"product_cat-toys-childrens-and-baby-products","7":"product_cat-footwear-accessories","8":"pa_24082_xfvrlk8i-bla","9":"pa_24082_xfvrlk8i-gron","10":"pa_24082_xfvrlk8i-gul","11":"pa_24082_xfvrlk8i-lila","12":"pa_24082_xfvrlk8i-rosa","13":"desktop-align-left","14":"tablet-align-left","15":"mobile-align-left","17":"first","18":"instock","19":"shipping-taxable","20":"purchasable","21":"product-type-variable"},"_links":{"self":[{"href":"https:\/\/keluvo.com\/se\/wp-json\/wp\/v2\/product\/43538","targetHints":{"allow":["GET"]}}],"collection":[{"href":"https:\/\/keluvo.com\/se\/wp-json\/wp\/v2\/product"}],"about":[{"href":"https:\/\/keluvo.com\/se\/wp-json\/wp\/v2\/types\/product"}],"replies":[{"embeddable":true,"href":"https:\/\/keluvo.com\/se\/wp-json\/wp\/v2\/comments?post=43538"}],"wp:featuredmedia":[{"embeddable":true,"href":"https:\/\/keluvo.com\/se\/wp-json\/wp\/v2\/media\/43534"}],"wp:attachment":[{"href":"https:\/\/keluvo.com\/se\/wp-json\/wp\/v2\/media?parent=43538"}],"wp:term":[{"taxonomy":"product_brand","embeddable":true,"href":"https:\/\/keluvo.com\/se\/wp-json\/wp\/v2\/product_brand?post=43538"},{"taxonomy":"product_cat","embeddable":true,"href":"https:\/\/keluvo.com\/se\/wp-json\/wp\/v2\/product_cat?post=43538"},{"taxonomy":"product_tag","embeddable":true,"href":"https:\/\/keluvo.com\/se\/wp-json\/wp\/v2\/product_tag?post=43538"}],"curies":[{"name":"wp","href":"https:\/\/api.w.org\/{rel}","templated":true}]}}