{"id":43519,"date":"2025-10-22T15:59:47","date_gmt":"2025-10-22T12:59:47","guid":{"rendered":"https:\/\/keluvo.com\/se\/product\/dekorativt-nattljus\/"},"modified":"2025-10-23T20:09:12","modified_gmt":"2025-10-23T17:09:12","slug":"dekorativt-nattljus","status":"publish","type":"product","link":"https:\/\/keluvo.com\/se\/product\/dekorativt-nattljus\/","title":{"rendered":"Dekorativt nattljus"},"content":{"rendered":"<article class=\"text-token-text-primary w-full focus:outline-none [--shadow-height:45px] has-data-writing-block:pointer-events-none has-data-writing-block:-mt-(--shadow-height) has-data-writing-block:pt-(--shadow-height) [&amp;:has([data-writing-block])&gt;*]:pointer-events-auto [content-visibility:auto] supports-[content-visibility:auto]:[contain-intrinsic-size:auto_100lvh] scroll-mt-[calc(var(--header-height)+min(200px,max(70px,20svh)))]\" dir=\"auto\" data-turn-id=\"request-68f27435-66d8-8326-9862-00f9c0a2e193-6\" data-testid=\"conversation-turn-30\" data-scroll-anchor=\"true\" data-turn=\"assistant\">\n<div class=\"text-base my-auto mx-auto pb-10 [--thread-content-margin:--spacing(4)] thread-sm:[--thread-content-margin:--spacing(6)] thread-lg:[--thread-content-margin:--spacing(16)] px-(--thread-content-margin)\">\n<div class=\"[--thread-content-max-width:40rem] thread-lg:[--thread-content-max-width:48rem] mx-auto max-w-(--thread-content-max-width) flex-1 group\/turn-messages focus-visible:outline-hidden relative flex w-full min-w-0 flex-col agent-turn\">\n<div class=\"flex max-w-full flex-col grow\">\n<div class=\"min-h-8 text-message relative flex w-full flex-col items-end gap-2 text-start break-words whitespace-normal [.text-message+&amp;]:mt-1\" dir=\"auto\" data-message-author-role=\"assistant\" data-message-id=\"d44776d3-33d8-4e49-aa6d-daee0bc91ce9\" data-message-model-slug=\"gpt-5\">\n<div class=\"flex w-full flex-col gap-1 empty:hidden first:pt-[1px]\">\n<div class=\"markdown prose dark:prose-invert w-full break-words light markdown-new-styling\">\n<p style=\"text-align: center;\" data-start=\"0\" data-end=\"83\"><strong>Skapa en varm och mysig atmosf\u00e4r med denna vackra dekorativa nattlampa.\ud83c\udf19<\/strong><\/p>\n<p style=\"text-align: center;\" data-start=\"85\" data-end=\"394\">Designad i en elegant m\u00e5n- och stj\u00e4rnform med en handgjord hamparepfinish, ger denna nattlampa ett mjukt, varmt sken till alla rum. Den \u00e4r perfekt f\u00f6r sovrum, vardagsrum, fester eller som en unik present f\u00f6r h\u00f6gtider och speciella tillf\u00e4llen. Batteridriven och b\u00e4rbar, passar den enkelt in i alla inredningsstilar.<\/p>\n<p data-start=\"85\" data-end=\"394\"><img decoding=\"async\" class=\"size-full wp-image-37627 aligncenter\" src=\"https:\/\/keluvo.com\/template\/wp-content\/uploads\/sites\/5\/2025\/10\/100211-ezgif.com-video-to-webp-converter-2.webp\" alt=\"\" \/><\/p>\n<h2 style=\"text-align: center;\" data-start=\"401\" data-end=\"423\">Huvudf\u00f6rdelar \ud83c\udf19<\/h2>\n<p data-start=\"426\" data-end=\"530\">\ud83d\udca1 Mjukt varmt ljus &#8211; Mjuk belysning som \u00e4r l\u00e4tt f\u00f6r \u00f6gonen och perfekt f\u00f6r avkopplande kv\u00e4llar.<\/p>\n<p data-start=\"533\" data-end=\"617\">\ud83e\uddf6 Handgjord design &#8211; Tillverkad med naturligt hamparep f\u00f6r ett rustikt, elegant utseende.<\/p>\n<p data-start=\"620\" data-end=\"718\">\ud83e\udeb6 B\u00e4rbar &amp; bekv\u00e4m &#8211; Batteridriven (3xAA) s\u00e5 att du kan placera den var som helst utan sladdar.<\/p>\n<p data-start=\"721\" data-end=\"816\">\ud83c\udfe0 M\u00e5ngsidig dekoration &#8211; Perfekt f\u00f6r sovrum, sovsalar, fotov\u00e4ggar eller festliga bordsupps\u00e4ttningar.<\/p>\n<p data-start=\"819\" data-end=\"905\">\ud83d\udd29 H\u00e5llbar konstruktion &#8211; Smidesj\u00e4rnskonstruktionen garanterar stabilitet och l\u00e5ngvarig anv\u00e4ndning.<\/p>\n<p data-start=\"908\" data-end=\"999\">\ud83c\udf81 Perfekt present &#8211; En omt\u00e4nksam och charmig present f\u00f6r h\u00f6gtider eller speciella tillf\u00e4llen.<\/p>\n<p data-start=\"908\" data-end=\"999\"><img decoding=\"async\" class=\"size-full wp-image-37630 aligncenter\" src=\"https:\/\/keluvo.com\/template\/wp-content\/uploads\/sites\/5\/2025\/10\/giphy_ffce9784-cc10-41e0-b1e9-d1cef65ca9d9.webp\" alt=\"\" \/><\/p>\n<h2 style=\"text-align: center;\" data-start=\"1006\" data-end=\"1025\">S\u00e5 h\u00e4r anv\u00e4nder du \ud83d\udccc<\/h2>\n<ol data-start=\"1026\" data-end=\"1320\">\n<li data-start=\"1026\" data-end=\"1099\">\n<p data-start=\"1029\" data-end=\"1099\">S\u00e4tt i 3 AA-batterier i facket (batterier ing\u00e5r ej).<\/p>\n<\/li>\n<li data-start=\"1100\" data-end=\"1184\">\n<p data-start=\"1103\" data-end=\"1184\">Placera lampan p\u00e5 en plan, stabil yta, t.ex. ett nattduksbord, en hylla eller ett bord.<\/p>\n<\/li>\n<li data-start=\"1185\" data-end=\"1236\">\n<p data-start=\"1188\" data-end=\"1236\">T\u00e4nd den och njut av det varma, avkopplande skenet.<\/p>\n<\/li>\n<li data-start=\"1237\" data-end=\"1320\">\n<p data-start=\"1240\" data-end=\"1320\">Anv\u00e4nd den som nattlampa, inredningsdetalj eller festlampa f\u00f6r evenemang och h\u00f6gtider.<\/p>\n<\/li>\n<\/ol>\n<h2 style=\"text-align: center;\" data-start=\"1327\" data-end=\"1351\">Produktdetaljer \u2139<\/h2>\n<ul data-start=\"1352\" data-end=\"1685\">\n<li data-start=\"1423\" data-end=\"1454\">\n<p data-start=\"1425\" data-end=\"1454\">Ljusf\u00e4rg: Varmt ljus<\/p>\n<\/li>\n<li data-start=\"1455\" data-end=\"1515\">\n<p data-start=\"1457\" data-end=\"1515\">Material: Smidesj\u00e4rnsram med handgjort hamparep<\/p>\n<\/li>\n<li data-start=\"1516\" data-end=\"1545\">\n<p data-start=\"1518\" data-end=\"1545\">Storlek: 28 x 14 x 13 cm<\/p>\n<\/li>\n<li data-start=\"1546\" data-end=\"1575\">\n<p data-start=\"1548\" data-end=\"1575\">Vikt: Cirka 350 g<\/p>\n<\/li>\n<li data-start=\"1576\" data-end=\"1627\">\n<p data-start=\"1578\" data-end=\"1627\">Str\u00f6mf\u00f6rs\u00f6rjning: 3\u00d7AA-batterier (ing\u00e5r ej)<\/p>\n<\/li>\n<li data-start=\"1628\" data-end=\"1685\">\n<p data-start=\"1630\" data-end=\"1685\">Anv\u00e4ndning: Heminredning, fester, h\u00f6gtider, Ramadan-presenter<\/p>\n<\/li>\n<\/ul>\n<h2 style=\"text-align: center;\" data-start=\"1692\" data-end=\"1717\">Paketet\u00a0inneh\u00e5ller\u00a0\ud83d\udce6<\/h2>\n<ul data-start=\"1718\" data-end=\"1770\" data-is-last-node=\"\" data-is-only-node=\"\">\n<li data-start=\"1718\" data-end=\"1770\" data-is-last-node=\"\">\n<p data-start=\"1720\" data-end=\"1770\" data-is-last-node=\"\">1x dekorativ nattlampa.<\/p>\n<\/li>\n<\/ul>\n<\/div>\n<\/div>\n<\/div>\n<\/div>\n<\/div>\n<\/div>\n<\/article>\n","protected":false},"excerpt":{"rendered":"<p>Skapa en varm och mysig atmosf\u00e4r med denna vackra dekorativa nattlampa.\ud83c\udf19 Designad i en elegant m\u00e5n- och stj\u00e4rnform med en [&hellip;]<\/p>\n","protected":false},"featured_media":43515,"comment_status":"open","ping_status":"closed","template":"","meta":{"site-sidebar-layout":"default","site-content-layout":"","ast-site-content-layout":"default","site-content-style":"default","site-sidebar-style":"default","ast-global-header-display":"","ast-banner-title-visibility":"","ast-main-header-display":"","ast-hfb-above-header-display":"","ast-hfb-below-header-display":"","ast-hfb-mobile-header-display":"","site-post-title":"","ast-breadcrumbs-content":"","ast-featured-img":"","footer-sml-layout":"","theme-transparent-header-meta":"default","adv-header-id-meta":"","stick-header-meta":"","header-above-stick-meta":"","header-main-stick-meta":"","header-below-stick-meta":"","astra-migrate-meta-layouts":"set","ast-page-background-enabled":"default","ast-page-background-meta":{"desktop":{"background-color":"var(--ast-global-color-4)","background-image":"","background-repeat":"repeat","background-position":"center center","background-size":"auto","background-attachment":"scroll","background-type":"","background-media":"","overlay-type":"","overlay-color":"","overlay-opacity":"","overlay-gradient":""},"tablet":{"background-color":"","background-image":"","background-repeat":"repeat","background-position":"center center","background-size":"auto","background-attachment":"scroll","background-type":"","background-media":"","overlay-type":"","overlay-color":"","overlay-opacity":"","overlay-gradient":""},"mobile":{"background-color":"","background-image":"","background-repeat":"repeat","background-position":"center center","background-size":"auto","background-attachment":"scroll","background-type":"","background-media":"","overlay-type":"","overlay-color":"","overlay-opacity":"","overlay-gradient":""}},"ast-content-background-meta":{"desktop":{"background-color":"var(--ast-global-color-5)","background-image":"","background-repeat":"repeat","background-position":"center center","background-size":"auto","background-attachment":"scroll","background-type":"","background-media":"","overlay-type":"","overlay-color":"","overlay-opacity":"","overlay-gradient":""},"tablet":{"background-color":"var(--ast-global-color-5)","background-image":"","background-repeat":"repeat","background-position":"center center","background-size":"auto","background-attachment":"scroll","background-type":"","background-media":"","overlay-type":"","overlay-color":"","overlay-opacity":"","overlay-gradient":""},"mobile":{"background-color":"var(--ast-global-color-5)","background-image":"","background-repeat":"repeat","background-position":"center center","background-size":"auto","background-attachment":"scroll","background-type":"","background-media":"","overlay-type":"","overlay-color":"","overlay-opacity":"","overlay-gradient":""}}},"product_brand":[],"product_cat":[1001],"product_tag":[],"class_list":{"0":"post-43519","1":"product","2":"type-product","3":"status-publish","4":"has-post-thumbnail","6":"product_cat-household-goods","7":"pa_23978_s8axlwaw-a","8":"pa_23978_s8axlwaw-b","9":"pa_23978_s8axlwaw-c","10":"pa_23978_s8axlwaw-d","11":"pa_23978_s8axlwaw-e","12":"desktop-align-left","13":"tablet-align-left","14":"mobile-align-left","16":"first","17":"instock","18":"shipping-taxable","19":"purchasable","20":"product-type-variable"},"_links":{"self":[{"href":"https:\/\/keluvo.com\/se\/wp-json\/wp\/v2\/product\/43519","targetHints":{"allow":["GET"]}}],"collection":[{"href":"https:\/\/keluvo.com\/se\/wp-json\/wp\/v2\/product"}],"about":[{"href":"https:\/\/keluvo.com\/se\/wp-json\/wp\/v2\/types\/product"}],"replies":[{"embeddable":true,"href":"https:\/\/keluvo.com\/se\/wp-json\/wp\/v2\/comments?post=43519"}],"wp:featuredmedia":[{"embeddable":true,"href":"https:\/\/keluvo.com\/se\/wp-json\/wp\/v2\/media\/43515"}],"wp:attachment":[{"href":"https:\/\/keluvo.com\/se\/wp-json\/wp\/v2\/media?parent=43519"}],"wp:term":[{"taxonomy":"product_brand","embeddable":true,"href":"https:\/\/keluvo.com\/se\/wp-json\/wp\/v2\/product_brand?post=43519"},{"taxonomy":"product_cat","embeddable":true,"href":"https:\/\/keluvo.com\/se\/wp-json\/wp\/v2\/product_cat?post=43519"},{"taxonomy":"product_tag","embeddable":true,"href":"https:\/\/keluvo.com\/se\/wp-json\/wp\/v2\/product_tag?post=43519"}],"curies":[{"name":"wp","href":"https:\/\/api.w.org\/{rel}","templated":true}]}}