{"id":43470,"date":"2025-10-22T15:56:36","date_gmt":"2025-10-22T12:56:36","guid":{"rendered":"https:\/\/keluvo.com\/se\/product\/orhangen-5\/"},"modified":"2025-10-23T20:03:39","modified_gmt":"2025-10-23T17:03:39","slug":"orhangen-5","status":"publish","type":"product","link":"https:\/\/keluvo.com\/se\/product\/orhangen-5\/","title":{"rendered":"\u00d6rh\u00e4ngen"},"content":{"rendered":"<p style=\"text-align: center;\" data-start=\"0\" data-end=\"62\"><strong data-start=\"0\" data-end=\"60\">L\u00e4gg till en touch av tidl\u00f6s blommig elegans till varje outfit. \ud83c\udf37<\/strong><\/p>\n<p style=\"text-align: center;\" data-start=\"64\" data-end=\"330\">De h\u00e4r tulpaninspirerade \u00f6rh\u00e4ngena f\u00e5ngar naturens skira sk\u00f6nhet samtidigt som de ger en sofistikerad charm till din look. Tillverkade av h\u00f6gkvalitativ legering \u00e4r de utformade f\u00f6r att h\u00e5lla &#8211; vilket g\u00f6r dem till en perfekt vardagstillbeh\u00f6r eller en graci\u00f6s accent f\u00f6r speciella tillf\u00e4llen.<\/p>\n<p data-start=\"64\" data-end=\"330\"><img decoding=\"async\" class=\"size-full wp-image-37503 aligncenter\" src=\"https:\/\/keluvo.com\/template\/wp-content\/uploads\/sites\/5\/2025\/10\/10028-ezgif.com-video-to-webp-converter-1.webp\" alt=\"\" \/><\/p>\n<h2 style=\"text-align: center;\" data-start=\"337\" data-end=\"359\">Huvudf\u00f6rdelar \u2705<\/h2>\n<p data-start=\"362\" data-end=\"439\">\ud83c\udf37 Elegant blommig design &#8211; Inspirerad av tulpaner f\u00f6r en mjuk, tidl\u00f6s look.<\/p>\n<p data-start=\"442\" data-end=\"521\">\ud83d\udc8e H\u00f6gkvalitativt material &#8211; Tillverkad av h\u00e5llbar legering f\u00f6r l\u00e5ngvarig glans.<\/p>\n<p data-start=\"524\" data-end=\"590\">\ud83d\udc57 M\u00e5ngsidig stil &#8211; Perfekt f\u00f6r b\u00e5de avslappnad och formell kl\u00e4dsel.<\/p>\n<p data-start=\"593\" data-end=\"663\">\ud83c\udf81 Raffinerad finish &#8211; Ger en touch av sofistikering till varje outfit.<\/p>\n<p data-start=\"666\" data-end=\"736\">\ud83e\udeb6 L\u00e4tt komfort &#8211; L\u00e4tt att b\u00e4ra hela dagen utan irritation.<\/p>\n<p data-start=\"666\" data-end=\"736\"><img decoding=\"async\" class=\"size-full wp-image-37504 aligncenter\" src=\"https:\/\/keluvo.com\/template\/wp-content\/uploads\/sites\/5\/2025\/10\/1_615279db-8db1-4d75-b8d5-8c092d46338d.webp\" alt=\"\" \/><\/p>\n<h2 style=\"text-align: center;\" data-start=\"743\" data-end=\"762\">S\u00e5 h\u00e4r anv\u00e4nder du \ud83d\udccc<\/h2>\n<ol data-start=\"763\" data-end=\"1013\">\n<li data-start=\"763\" data-end=\"837\">\n<p data-start=\"766\" data-end=\"837\">\u00d6ppna f\u00f6rsiktigt sp\u00e4nnet och placera \u00f6rh\u00e4nget genom ditt h\u00e5lade \u00f6ra.<\/p>\n<\/li>\n<li data-start=\"838\" data-end=\"887\">\n<p data-start=\"841\" data-end=\"887\">F\u00e4st bakre st\u00e4ngningen f\u00f6r att h\u00e5lla den p\u00e5 plats.<\/p>\n<\/li>\n<li data-start=\"888\" data-end=\"956\">\n<p data-start=\"891\" data-end=\"956\">Kombinera med din favoritoutfit f\u00f6r att h\u00f6ja din stil direkt.<\/p>\n<\/li>\n<li data-start=\"957\" data-end=\"1013\">\n<p data-start=\"960\" data-end=\"1013\">F\u00f6rvara p\u00e5 en torr plats f\u00f6r att bibeh\u00e5lla glans och kvalitet.<\/p>\n<\/li>\n<\/ol>\n<h2 style=\"text-align: center;\" data-start=\"1020\" data-end=\"1044\">Produktdetaljer \u2139<\/h2>\n<ul data-start=\"1045\" data-end=\"1243\">\n<li data-start=\"1045\" data-end=\"1081\">\n<p data-start=\"1047\" data-end=\"1081\">Material: H\u00f6gkvalitativ legering<\/p>\n<\/li>\n<li data-start=\"1082\" data-end=\"1125\">\n<p data-start=\"1084\" data-end=\"1125\">Design: Tulpaninspirerad blommig form<\/p>\n<\/li>\n<li data-start=\"1126\" data-end=\"1185\">\n<p data-start=\"1128\" data-end=\"1185\">Stil: Universella \u00f6rh\u00e4ngen som passar f\u00f6r alla tillf\u00e4llen<\/p>\n<\/li>\n<li data-start=\"1186\" data-end=\"1243\">\n<p data-start=\"1188\" data-end=\"1243\">T\u00e5lighet: L\u00e5ngvarig och motst\u00e5ndskraftig mot missf\u00e4rgning<\/p>\n<\/li>\n<\/ul>\n<h2 style=\"text-align: center;\" data-start=\"1250\" data-end=\"1275\">Paketet\u00a0inneh\u00e5ller\u00a0\ud83d\udce6<\/h2>\n<ul data-start=\"1276\" data-end=\"1311\" data-is-last-node=\"\" data-is-only-node=\"\">\n<li data-start=\"1276\" data-end=\"1311\" data-is-last-node=\"\">\n<p data-start=\"1278\" data-end=\"1311\" data-is-last-node=\"\">1x par \u00f6rh\u00e4ngen.<\/p>\n<\/li>\n<\/ul>\n","protected":false},"excerpt":{"rendered":"<p>L\u00e4gg till en touch av tidl\u00f6s blommig elegans till varje outfit. \ud83c\udf37 De h\u00e4r tulpaninspirerade \u00f6rh\u00e4ngena f\u00e5ngar naturens skira sk\u00f6nhet [&hellip;]<\/p>\n","protected":false},"featured_media":43466,"comment_status":"open","ping_status":"closed","template":"","meta":{"site-sidebar-layout":"default","site-content-layout":"","ast-site-content-layout":"default","site-content-style":"default","site-sidebar-style":"default","ast-global-header-display":"","ast-banner-title-visibility":"","ast-main-header-display":"","ast-hfb-above-header-display":"","ast-hfb-below-header-display":"","ast-hfb-mobile-header-display":"","site-post-title":"","ast-breadcrumbs-content":"","ast-featured-img":"","footer-sml-layout":"","theme-transparent-header-meta":"default","adv-header-id-meta":"","stick-header-meta":"","header-above-stick-meta":"","header-main-stick-meta":"","header-below-stick-meta":"","astra-migrate-meta-layouts":"set","ast-page-background-enabled":"default","ast-page-background-meta":{"desktop":{"background-color":"var(--ast-global-color-4)","background-image":"","background-repeat":"repeat","background-position":"center center","background-size":"auto","background-attachment":"scroll","background-type":"","background-media":"","overlay-type":"","overlay-color":"","overlay-opacity":"","overlay-gradient":""},"tablet":{"background-color":"","background-image":"","background-repeat":"repeat","background-position":"center center","background-size":"auto","background-attachment":"scroll","background-type":"","background-media":"","overlay-type":"","overlay-color":"","overlay-opacity":"","overlay-gradient":""},"mobile":{"background-color":"","background-image":"","background-repeat":"repeat","background-position":"center center","background-size":"auto","background-attachment":"scroll","background-type":"","background-media":"","overlay-type":"","overlay-color":"","overlay-opacity":"","overlay-gradient":""}},"ast-content-background-meta":{"desktop":{"background-color":"var(--ast-global-color-5)","background-image":"","background-repeat":"repeat","background-position":"center center","background-size":"auto","background-attachment":"scroll","background-type":"","background-media":"","overlay-type":"","overlay-color":"","overlay-opacity":"","overlay-gradient":""},"tablet":{"background-color":"var(--ast-global-color-5)","background-image":"","background-repeat":"repeat","background-position":"center center","background-size":"auto","background-attachment":"scroll","background-type":"","background-media":"","overlay-type":"","overlay-color":"","overlay-opacity":"","overlay-gradient":""},"mobile":{"background-color":"var(--ast-global-color-5)","background-image":"","background-repeat":"repeat","background-position":"center center","background-size":"auto","background-attachment":"scroll","background-type":"","background-media":"","overlay-type":"","overlay-color":"","overlay-opacity":"","overlay-gradient":""}}},"product_brand":[],"product_cat":[993],"product_tag":[],"class_list":{"0":"post-43470","1":"product","2":"type-product","3":"status-publish","4":"has-post-thumbnail","6":"product_cat-footwear-accessories","7":"pa_22283_qmxqolqi-rod","8":"pa_22283_qmxqolqi-svart","9":"desktop-align-left","10":"tablet-align-left","11":"mobile-align-left","13":"first","14":"instock","15":"shipping-taxable","16":"purchasable","17":"product-type-variable"},"_links":{"self":[{"href":"https:\/\/keluvo.com\/se\/wp-json\/wp\/v2\/product\/43470","targetHints":{"allow":["GET"]}}],"collection":[{"href":"https:\/\/keluvo.com\/se\/wp-json\/wp\/v2\/product"}],"about":[{"href":"https:\/\/keluvo.com\/se\/wp-json\/wp\/v2\/types\/product"}],"replies":[{"embeddable":true,"href":"https:\/\/keluvo.com\/se\/wp-json\/wp\/v2\/comments?post=43470"}],"wp:featuredmedia":[{"embeddable":true,"href":"https:\/\/keluvo.com\/se\/wp-json\/wp\/v2\/media\/43466"}],"wp:attachment":[{"href":"https:\/\/keluvo.com\/se\/wp-json\/wp\/v2\/media?parent=43470"}],"wp:term":[{"taxonomy":"product_brand","embeddable":true,"href":"https:\/\/keluvo.com\/se\/wp-json\/wp\/v2\/product_brand?post=43470"},{"taxonomy":"product_cat","embeddable":true,"href":"https:\/\/keluvo.com\/se\/wp-json\/wp\/v2\/product_cat?post=43470"},{"taxonomy":"product_tag","embeddable":true,"href":"https:\/\/keluvo.com\/se\/wp-json\/wp\/v2\/product_tag?post=43470"}],"curies":[{"name":"wp","href":"https:\/\/api.w.org\/{rel}","templated":true}]}}