{"id":4342,"date":"2024-12-03T13:49:42","date_gmt":"2024-12-03T11:49:42","guid":{"rendered":"https:\/\/keluvo.com\/se\/product\/rengoring-med-golvmopp\/"},"modified":"2025-09-05T10:46:07","modified_gmt":"2025-09-05T07:46:07","slug":"rengoring-med-golvmopp","status":"publish","type":"product","link":"https:\/\/keluvo.com\/se\/product\/rengoring-med-golvmopp\/","title":{"rendered":"Reng\u00f6ring med golvmopp"},"content":{"rendered":"<h2 style=\"text-align: center\"><strong>360\u00b0 flexibel reng\u00f6ring<\/strong><\/h2>\n<p style=\"text-align: center\">Golvmoppens reng\u00f6ringsdel \u00e4r utformad med ett 360\u00b0 roterande huvud, vilket g\u00f6r det enkelt att n\u00e5 under m\u00f6bler och i tr\u00e5nga utrymmen. Denna flexibla design s\u00e4kerst\u00e4ller en fullst\u00e4ndig reng\u00f6ring genom att n\u00e5 omr\u00e5den d\u00e4r damm tenderar att samlas, vilket ger ditt hem en fl\u00e4ckfri finish utan att missa n\u00e5gra h\u00f6rn.<\/p>\n<p><img fetchpriority=\"high\" decoding=\"async\" width=\"800\" height=\"800\" class=\"alignnone size-medium wp-image-1998 aligncenter\" src=\"https:\/\/keluvo.com\/template\/wp-content\/uploads\/sites\/5\/2024\/10\/2378570c-b83f-4333-aa1c-ab0e4a8a8463.webp\" alt=\"\" srcset=\"https:\/\/keluvo.com\/se\/wp-content\/uploads\/sites\/12\/2024\/10\/2378570c-b83f-4333-aa1c-ab0e4a8a8463.webp 800w, https:\/\/keluvo.com\/se\/wp-content\/uploads\/sites\/12\/2024\/10\/2378570c-b83f-4333-aa1c-ab0e4a8a8463-300x300.webp 300w, https:\/\/keluvo.com\/se\/wp-content\/uploads\/sites\/12\/2024\/10\/2378570c-b83f-4333-aa1c-ab0e4a8a8463-150x150.webp 150w, https:\/\/keluvo.com\/se\/wp-content\/uploads\/sites\/12\/2024\/10\/2378570c-b83f-4333-aa1c-ab0e4a8a8463-768x768.webp 768w, https:\/\/keluvo.com\/se\/wp-content\/uploads\/sites\/12\/2024\/10\/2378570c-b83f-4333-aa1c-ab0e4a8a8463-600x600.webp 600w, https:\/\/keluvo.com\/se\/wp-content\/uploads\/sites\/12\/2024\/10\/2378570c-b83f-4333-aa1c-ab0e4a8a8463-100x100.webp 100w, https:\/\/keluvo.com\/se\/wp-content\/uploads\/sites\/12\/2024\/10\/2378570c-b83f-4333-aa1c-ab0e4a8a8463-50x50.webp 50w\" sizes=\"(max-width: 800px) 100vw, 800px\" \/><\/p>\n<h2 style=\"text-align: center\"><strong>L\u00e4tthanterligt l\u00e5ngt skaft<\/strong><\/h2>\n<p style=\"text-align: center\">Utrustad med ett l\u00e5ngt, robust skaft minskar denna mopp behovet av att b\u00f6ja sig och sitta p\u00e5 huk, vilket g\u00f6r reng\u00f6ringen mer bekv\u00e4m. Handtaget \u00e4r starkt och h\u00e5llbart, vilket g\u00f6r att du kan lita p\u00e5 att det inte g\u00e5r s\u00f6nder under anv\u00e4ndning och m\u00f6jligg\u00f6r l\u00e5ngvarig reng\u00f6ring utan anstr\u00e4ngning.<\/p>\n<p><img decoding=\"async\" width=\"800\" height=\"800\" class=\"alignnone size-medium wp-image-1997 aligncenter\" src=\"https:\/\/keluvo.com\/template\/wp-content\/uploads\/sites\/5\/2024\/10\/50705257-3598-4a38-8347-6e42f00f26ec.webp\" alt=\"\" srcset=\"https:\/\/keluvo.com\/se\/wp-content\/uploads\/sites\/12\/2024\/10\/50705257-3598-4a38-8347-6e42f00f26ec.webp 800w, https:\/\/keluvo.com\/se\/wp-content\/uploads\/sites\/12\/2024\/10\/50705257-3598-4a38-8347-6e42f00f26ec-300x300.webp 300w, https:\/\/keluvo.com\/se\/wp-content\/uploads\/sites\/12\/2024\/10\/50705257-3598-4a38-8347-6e42f00f26ec-150x150.webp 150w, https:\/\/keluvo.com\/se\/wp-content\/uploads\/sites\/12\/2024\/10\/50705257-3598-4a38-8347-6e42f00f26ec-768x768.webp 768w, https:\/\/keluvo.com\/se\/wp-content\/uploads\/sites\/12\/2024\/10\/50705257-3598-4a38-8347-6e42f00f26ec-600x600.webp 600w, https:\/\/keluvo.com\/se\/wp-content\/uploads\/sites\/12\/2024\/10\/50705257-3598-4a38-8347-6e42f00f26ec-100x100.webp 100w, https:\/\/keluvo.com\/se\/wp-content\/uploads\/sites\/12\/2024\/10\/50705257-3598-4a38-8347-6e42f00f26ec-50x50.webp 50w\" sizes=\"(max-width: 800px) 100vw, 800px\" \/><\/p>\n","protected":false},"excerpt":{"rendered":"<p>360\u00b0 flexibel reng\u00f6ring Golvmoppens reng\u00f6ringsdel \u00e4r utformad med ett 360\u00b0 roterande huvud, vilket g\u00f6r det enkelt att n\u00e5 under m\u00f6bler [&hellip;]<\/p>\n","protected":false},"featured_media":4338,"comment_status":"open","ping_status":"closed","template":"","meta":{"site-sidebar-layout":"default","site-content-layout":"","ast-site-content-layout":"default","site-content-style":"default","site-sidebar-style":"default","ast-global-header-display":"","ast-banner-title-visibility":"","ast-main-header-display":"","ast-hfb-above-header-display":"","ast-hfb-below-header-display":"","ast-hfb-mobile-header-display":"","site-post-title":"","ast-breadcrumbs-content":"","ast-featured-img":"","footer-sml-layout":"","theme-transparent-header-meta":"default","adv-header-id-meta":"","stick-header-meta":"","header-above-stick-meta":"","header-main-stick-meta":"","header-below-stick-meta":"","astra-migrate-meta-layouts":"set","ast-page-background-enabled":"default","ast-page-background-meta":{"desktop":{"background-color":"var(--ast-global-color-4)","background-image":"","background-repeat":"repeat","background-position":"center center","background-size":"auto","background-attachment":"scroll","background-type":"","background-media":"","overlay-type":"","overlay-color":"","overlay-opacity":"","overlay-gradient":""},"tablet":{"background-color":"","background-image":"","background-repeat":"repeat","background-position":"center center","background-size":"auto","background-attachment":"scroll","background-type":"","background-media":"","overlay-type":"","overlay-color":"","overlay-opacity":"","overlay-gradient":""},"mobile":{"background-color":"","background-image":"","background-repeat":"repeat","background-position":"center center","background-size":"auto","background-attachment":"scroll","background-type":"","background-media":"","overlay-type":"","overlay-color":"","overlay-opacity":"","overlay-gradient":""}},"ast-content-background-meta":{"desktop":{"background-color":"var(--ast-global-color-5)","background-image":"","background-repeat":"repeat","background-position":"center center","background-size":"auto","background-attachment":"scroll","background-type":"","background-media":"","overlay-type":"","overlay-color":"","overlay-opacity":"","overlay-gradient":""},"tablet":{"background-color":"var(--ast-global-color-5)","background-image":"","background-repeat":"repeat","background-position":"center center","background-size":"auto","background-attachment":"scroll","background-type":"","background-media":"","overlay-type":"","overlay-color":"","overlay-opacity":"","overlay-gradient":""},"mobile":{"background-color":"var(--ast-global-color-5)","background-image":"","background-repeat":"repeat","background-position":"center center","background-size":"auto","background-attachment":"scroll","background-type":"","background-media":"","overlay-type":"","overlay-color":"","overlay-opacity":"","overlay-gradient":""}}},"product_brand":[],"product_cat":[1001],"product_tag":[],"class_list":{"0":"post-4342","1":"product","2":"type-product","3":"status-publish","4":"has-post-thumbnail","6":"product_cat-household-goods","7":"pa_6sizard3-6-rag","8":"pa_a8xsiyxk-bla","9":"pa_a8xsiyxk-vit","10":"desktop-align-left","11":"tablet-align-left","12":"mobile-align-left","14":"first","15":"instock","16":"shipping-taxable","17":"purchasable","18":"product-type-variable"},"_links":{"self":[{"href":"https:\/\/keluvo.com\/se\/wp-json\/wp\/v2\/product\/4342","targetHints":{"allow":["GET"]}}],"collection":[{"href":"https:\/\/keluvo.com\/se\/wp-json\/wp\/v2\/product"}],"about":[{"href":"https:\/\/keluvo.com\/se\/wp-json\/wp\/v2\/types\/product"}],"replies":[{"embeddable":true,"href":"https:\/\/keluvo.com\/se\/wp-json\/wp\/v2\/comments?post=4342"}],"wp:featuredmedia":[{"embeddable":true,"href":"https:\/\/keluvo.com\/se\/wp-json\/wp\/v2\/media\/4338"}],"wp:attachment":[{"href":"https:\/\/keluvo.com\/se\/wp-json\/wp\/v2\/media?parent=4342"}],"wp:term":[{"taxonomy":"product_brand","embeddable":true,"href":"https:\/\/keluvo.com\/se\/wp-json\/wp\/v2\/product_brand?post=4342"},{"taxonomy":"product_cat","embeddable":true,"href":"https:\/\/keluvo.com\/se\/wp-json\/wp\/v2\/product_cat?post=4342"},{"taxonomy":"product_tag","embeddable":true,"href":"https:\/\/keluvo.com\/se\/wp-json\/wp\/v2\/product_tag?post=4342"}],"curies":[{"name":"wp","href":"https:\/\/api.w.org\/{rel}","templated":true}]}}