{"id":43415,"date":"2025-10-22T15:53:32","date_gmt":"2025-10-22T12:53:32","guid":{"rendered":"https:\/\/keluvo.com\/se\/product\/mysig-pumpa-kudde\/"},"modified":"2025-10-23T19:59:56","modified_gmt":"2025-10-23T16:59:56","slug":"mysig-pumpa-kudde","status":"publish","type":"product","link":"https:\/\/keluvo.com\/se\/product\/mysig-pumpa-kudde\/","title":{"rendered":"Mysig pumpa-kudde"},"content":{"rendered":"<p style=\"text-align: center;\" data-start=\"0\" data-end=\"73\"><strong data-start=\"0\" data-end=\"71\">Ge ditt hem en varm h\u00f6stk\u00e4nsla med den h\u00e4r mysiga pumpakudden.<\/strong><span style=\"font-size: 16px; font-style: normal; font-weight: 400;\">\ud83c\udf42<\/span><\/p>\n<p style=\"text-align: center;\" data-start=\"75\" data-end=\"367\">Den h\u00e4r mjuka och snygga kudden tar med sig h\u00f6stens charm rakt in i ditt vardagsrum. Designad med vackra pumpadetaljer och tillverkad av h\u00f6gkvalitativa material, \u00e4r den perfekt f\u00f6r att skapa en mysig, s\u00e4songsbetonad atmosf\u00e4r under kyliga h\u00f6stkv\u00e4llar. Perfekt f\u00f6r soffor, s\u00e4ngar eller l\u00e4sh\u00f6rnor.<\/p>\n<p data-start=\"75\" data-end=\"367\"><img decoding=\"async\" class=\"size-full wp-image-37379 aligncenter\" src=\"https:\/\/keluvo.com\/template\/wp-content\/uploads\/sites\/5\/2025\/10\/10025-ezgif.com-video-to-webp-converter-2.webp\" alt=\"\" \/><\/p>\n<h2 style=\"text-align: center;\" data-start=\"374\" data-end=\"396\">Huvudf\u00f6rdelar \ud83c\udf41<\/h2>\n<p data-start=\"399\" data-end=\"485\">\ud83c\udf83 Charmig design &#8211; Festlig pumpaform ger omedelbara h\u00f6stvibbar till ditt utrymme<\/p>\n<p data-start=\"488\" data-end=\"569\">\ud83e\uddf6 Mjuk &amp; mysig &#8211; Tillverkad av plyschtyg f\u00f6r ultimat komfort och avkoppling<\/p>\n<p data-start=\"572\" data-end=\"659\">\ud83c\udf3e H\u00e5llbar kvalitet &#8211; S\u00f6mnad och material av h\u00f6g kvalitet garanterar l\u00e5ng livsl\u00e4ngd use<\/p>\n<p data-start=\"662\" data-end=\"744\">\ud83d\udecb\ufe0f Perfekt inredningsdetalj &#8211; Kompletterar alla h\u00f6st- eller bondg\u00e5rdsstilar<\/p>\n<p data-start=\"747\" data-end=\"823\">\ud83c\udf41 M\u00e5ngsidig anv\u00e4ndning &#8211; Perfekt f\u00f6r soffor, s\u00e4ngar, stolar eller s\u00e4songsutst\u00e4llningar<\/p>\n<p data-start=\"747\" data-end=\"823\"><img decoding=\"async\" class=\"size-full wp-image-37376 aligncenter\" src=\"https:\/\/keluvo.com\/template\/wp-content\/uploads\/sites\/5\/2025\/10\/Sf8932eec31094fa2a8e161ec22f595cfj.webp\" alt=\"\" \/><\/p>\n<h2 style=\"text-align: center;\" data-start=\"830\" data-end=\"849\">S\u00e5 h\u00e4r anv\u00e4nder du \ud83d\udccc<\/h2>\n<ol data-start=\"850\" data-end=\"1102\">\n<li data-start=\"850\" data-end=\"910\">\n<p data-start=\"853\" data-end=\"910\">Placera kudden p\u00e5 din soffa, s\u00e4ng eller favoritstol.<\/p>\n<\/li>\n<li data-start=\"911\" data-end=\"987\">\n<p data-start=\"914\" data-end=\"987\">Kombinera med annan h\u00f6stdekor som filtar eller ljus f\u00f6r en mysig k\u00e4nsla.<\/p>\n<\/li>\n<li data-start=\"988\" data-end=\"1045\">\n<p data-start=\"991\" data-end=\"1045\">Fluffa f\u00f6rsiktigt upp den f\u00f6r att beh\u00e5lla dess mjuka och fylliga form.<\/p>\n<\/li>\n<li data-start=\"1046\" data-end=\"1102\">\n<p data-start=\"1049\" data-end=\"1102\">Njut av det varma, inbjudande utseendet som den ger ditt hem.<\/p>\n<\/li>\n<\/ol>\n<h2 style=\"text-align: center;\" data-start=\"1109\" data-end=\"1133\">Produktdetaljer \u2139<\/h2>\n<ul data-start=\"1134\" data-end=\"1343\">\n<li data-start=\"1134\" data-end=\"1182\">\n<p data-start=\"1136\" data-end=\"1182\">Design: Pumpaformad dekorativ kudde<\/p>\n<\/li>\n<li data-start=\"1183\" data-end=\"1218\">\n<p data-start=\"1185\" data-end=\"1218\">Material: Mjukt plyschtyg<\/p>\n<\/li>\n<li data-start=\"1219\" data-end=\"1288\">\n<p data-start=\"1221\" data-end=\"1288\">Anv\u00e4ndning: Heminredning, vardagsrum, sovrum eller s\u00e4songsdekoration<\/p>\n<\/li>\n<li data-start=\"1289\" data-end=\"1343\">\n<p data-start=\"1291\" data-end=\"1343\">S\u00e4song: Perfekt f\u00f6r h\u00f6st- och h\u00f6stfirande<\/p>\n<\/li>\n<li data-start=\"1289\" data-end=\"1343\">Storlek: 20cm<\/li>\n<\/ul>\n<h2 style=\"text-align: center;\" data-start=\"1350\" data-end=\"1375\">Paketet\u00a0inneh\u00e5ller\u00a0\ud83d\udce6<\/h2>\n<ul data-start=\"1376\" data-end=\"1403\" data-is-last-node=\"\" data-is-only-node=\"\">\n<li data-start=\"1376\" data-end=\"1403\" data-is-last-node=\"\">\n<p data-start=\"1378\" data-end=\"1403\" data-is-last-node=\"\">1x mysig pumpakudde.<\/p>\n<\/li>\n<\/ul>\n","protected":false},"excerpt":{"rendered":"<p>Ge ditt hem en varm h\u00f6stk\u00e4nsla med den h\u00e4r mysiga pumpakudden.\ud83c\udf42 Den h\u00e4r mjuka och snygga kudden tar med sig [&hellip;]<\/p>\n","protected":false},"featured_media":43411,"comment_status":"open","ping_status":"closed","template":"","meta":{"site-sidebar-layout":"default","site-content-layout":"","ast-site-content-layout":"default","site-content-style":"default","site-sidebar-style":"default","ast-global-header-display":"","ast-banner-title-visibility":"","ast-main-header-display":"","ast-hfb-above-header-display":"","ast-hfb-below-header-display":"","ast-hfb-mobile-header-display":"","site-post-title":"","ast-breadcrumbs-content":"","ast-featured-img":"","footer-sml-layout":"","theme-transparent-header-meta":"default","adv-header-id-meta":"","stick-header-meta":"","header-above-stick-meta":"","header-main-stick-meta":"","header-below-stick-meta":"","astra-migrate-meta-layouts":"set","ast-page-background-enabled":"default","ast-page-background-meta":{"desktop":{"background-color":"var(--ast-global-color-4)","background-image":"","background-repeat":"repeat","background-position":"center center","background-size":"auto","background-attachment":"scroll","background-type":"","background-media":"","overlay-type":"","overlay-color":"","overlay-opacity":"","overlay-gradient":""},"tablet":{"background-color":"","background-image":"","background-repeat":"repeat","background-position":"center center","background-size":"auto","background-attachment":"scroll","background-type":"","background-media":"","overlay-type":"","overlay-color":"","overlay-opacity":"","overlay-gradient":""},"mobile":{"background-color":"","background-image":"","background-repeat":"repeat","background-position":"center center","background-size":"auto","background-attachment":"scroll","background-type":"","background-media":"","overlay-type":"","overlay-color":"","overlay-opacity":"","overlay-gradient":""}},"ast-content-background-meta":{"desktop":{"background-color":"var(--ast-global-color-5)","background-image":"","background-repeat":"repeat","background-position":"center center","background-size":"auto","background-attachment":"scroll","background-type":"","background-media":"","overlay-type":"","overlay-color":"","overlay-opacity":"","overlay-gradient":""},"tablet":{"background-color":"var(--ast-global-color-5)","background-image":"","background-repeat":"repeat","background-position":"center center","background-size":"auto","background-attachment":"scroll","background-type":"","background-media":"","overlay-type":"","overlay-color":"","overlay-opacity":"","overlay-gradient":""},"mobile":{"background-color":"var(--ast-global-color-5)","background-image":"","background-repeat":"repeat","background-position":"center center","background-size":"auto","background-attachment":"scroll","background-type":"","background-media":"","overlay-type":"","overlay-color":"","overlay-opacity":"","overlay-gradient":""}}},"product_brand":[],"product_cat":[1001],"product_tag":[],"class_list":{"0":"post-43415","1":"product","2":"type-product","3":"status-publish","4":"has-post-thumbnail","6":"product_cat-household-goods","7":"pa_31381_u1ro39i6-bla","8":"pa_31381_u1ro39i6-brun","9":"pa_31381_u1ro39i6-gron","10":"pa_31381_u1ro39i6-gul","11":"pa_31381_u1ro39i6-orange","12":"pa_31381_u1ro39i6-rod","13":"pa_31381_u1ro39i6-vit","14":"desktop-align-left","15":"tablet-align-left","16":"mobile-align-left","18":"first","19":"instock","20":"shipping-taxable","21":"purchasable","22":"product-type-variable"},"_links":{"self":[{"href":"https:\/\/keluvo.com\/se\/wp-json\/wp\/v2\/product\/43415","targetHints":{"allow":["GET"]}}],"collection":[{"href":"https:\/\/keluvo.com\/se\/wp-json\/wp\/v2\/product"}],"about":[{"href":"https:\/\/keluvo.com\/se\/wp-json\/wp\/v2\/types\/product"}],"replies":[{"embeddable":true,"href":"https:\/\/keluvo.com\/se\/wp-json\/wp\/v2\/comments?post=43415"}],"wp:featuredmedia":[{"embeddable":true,"href":"https:\/\/keluvo.com\/se\/wp-json\/wp\/v2\/media\/43411"}],"wp:attachment":[{"href":"https:\/\/keluvo.com\/se\/wp-json\/wp\/v2\/media?parent=43415"}],"wp:term":[{"taxonomy":"product_brand","embeddable":true,"href":"https:\/\/keluvo.com\/se\/wp-json\/wp\/v2\/product_brand?post=43415"},{"taxonomy":"product_cat","embeddable":true,"href":"https:\/\/keluvo.com\/se\/wp-json\/wp\/v2\/product_cat?post=43415"},{"taxonomy":"product_tag","embeddable":true,"href":"https:\/\/keluvo.com\/se\/wp-json\/wp\/v2\/product_tag?post=43415"}],"curies":[{"name":"wp","href":"https:\/\/api.w.org\/{rel}","templated":true}]}}