{"id":43344,"date":"2025-10-22T15:49:25","date_gmt":"2025-10-22T12:49:25","guid":{"rendered":"https:\/\/keluvo.com\/se\/product\/skrivbordslampa\/"},"modified":"2025-10-23T19:54:24","modified_gmt":"2025-10-23T16:54:24","slug":"skrivbordslampa","status":"publish","type":"product","link":"https:\/\/keluvo.com\/se\/product\/skrivbordslampa\/","title":{"rendered":"Skrivbordslampa"},"content":{"rendered":"<p style=\"text-align: center;\" data-start=\"0\" data-end=\"68\"><strong>Lys upp din arbetsyta med den perfekta justerbara skrivbordslampan. \ud83d\udecb<\/strong><\/p>\n<p style=\"text-align: center;\" data-start=\"70\" data-end=\"396\">Den h\u00e4r smarta skrivbordslampan har tre ljusstyrkeniv\u00e5er, s\u00e5 att du kan v\u00e4lja den perfekta belysningen f\u00f6r att l\u00e4sa, studera eller arbeta p\u00e5 natten. Dess uppladdningsbara design inneb\u00e4r att du kan anv\u00e4nda den var som helst &#8211; med eller utan USB-kabel. Den \u00e4r kompakt, l\u00e4tt och modern och \u00e4r den perfekta belysningen f\u00f6r skrivbordet, sovrummet eller kontoret.<\/p>\n<p data-start=\"70\" data-end=\"396\"><img decoding=\"async\" class=\"size-full wp-image-37320 aligncenter\" src=\"https:\/\/keluvo.com\/template\/wp-content\/uploads\/sites\/5\/2025\/10\/10022-ezgif.com-video-to-webp-converter-2.webp\" alt=\"\" \/><\/p>\n<h2 style=\"text-align: center;\" data-start=\"403\" data-end=\"425\">\ud83d\udca1 Huvudf\u00f6rdelar<\/h2>\n<p data-start=\"428\" data-end=\"507\">\ud83c\udf1f Justerbar ljusstyrka &#8211; Tre ljusniv\u00e5er som passar ditt hum\u00f6r och dina behov<\/p>\n<p data-start=\"510\" data-end=\"590\">\ud83d\udd0b Uppladdningsbar design &#8211; Anv\u00e4nd med en USB-kabel eller tr\u00e5dl\u00f6st efter laddning<\/p>\n<p data-start=\"593\" data-end=\"666\">\ud83e\udde0 Smart touchkontroll &#8211; V\u00e4xla ljusstyrka enkelt med ett enda tryck<\/p>\n<p data-start=\"669\" data-end=\"744\">\ud83e\udeb6 L\u00e4tt och hopf\u00e4llbar &#8211; L\u00e4tt att flytta, f\u00f6rvara och b\u00e4ra med dig \u00f6verallt<\/p>\n<p data-start=\"747\" data-end=\"819\">\ud83e\uddf4 H\u00e5llbar konstruktion &#8211; Tillverkad av stark ABS-plast f\u00f6r l\u00e5ngvarig anv\u00e4ndning<\/p>\n<p data-start=\"747\" data-end=\"819\"><img decoding=\"async\" class=\"size-full wp-image-37319 aligncenter\" src=\"https:\/\/keluvo.com\/template\/wp-content\/uploads\/sites\/5\/2025\/10\/61qCfhazC0L._AC_SL1170.webp\" alt=\"\" \/><\/p>\n<h2 style=\"text-align: center;\" data-start=\"826\" data-end=\"845\">S\u00e5 h\u00e4r anv\u00e4nder du \ud83d\udccc<\/h2>\n<ol data-start=\"846\" data-end=\"1123\">\n<li data-start=\"846\" data-end=\"948\">\n<p data-start=\"849\" data-end=\"948\">Anslut lampan till en str\u00f6mk\u00e4lla med den medf\u00f6ljande USB-kabeln (eller anv\u00e4nd den tr\u00e5dl\u00f6st om den \u00e4r laddad).<\/p>\n<\/li>\n<li data-start=\"949\" data-end=\"991\">\n<p data-start=\"952\" data-end=\"991\">Tryck p\u00e5 touchknappen f\u00f6r att sl\u00e5 p\u00e5 den.<\/p>\n<\/li>\n<li data-start=\"992\" data-end=\"1053\">\n<p data-start=\"995\" data-end=\"1053\">Tryck igen f\u00f6r att justera mellan de tre ljusstyrkorna.<\/p>\n<\/li>\n<li data-start=\"1054\" data-end=\"1123\">\n<p data-start=\"1057\" data-end=\"1123\">Vik eller f\u00e4ll ut lampan efter behov f\u00f6r att rikta ljuset perfekt.<\/p>\n<\/li>\n<\/ol>\n<h2 style=\"text-align: center;\" data-start=\"1130\" data-end=\"1154\">\ud83d\udccf Produktdetaljer<\/h2>\n<ul data-start=\"1155\" data-end=\"1408\">\n<li data-start=\"1155\" data-end=\"1184\">\n<p data-start=\"1157\" data-end=\"1184\">Material: ABS-plast<\/p>\n<\/li>\n<li data-start=\"1185\" data-end=\"1216\">\n<p data-start=\"1187\" data-end=\"1216\">Storlek: 28 x 13,5 x 25 cm<\/p>\n<\/li>\n<li data-start=\"1217\" data-end=\"1238\">\n<p data-start=\"1219\" data-end=\"1238\">Vikt: 250 g<\/p>\n<\/li>\n<li data-start=\"1239\" data-end=\"1304\">\n<p data-start=\"1241\" data-end=\"1304\">Batterikapacitet: 4000mAh<\/p>\n<\/li>\n<li data-start=\"1352\" data-end=\"1408\">\n<p data-start=\"1354\" data-end=\"1408\">Anv\u00e4ndning: Perfekt f\u00f6r nattarbete, studier eller l\u00e4sning<\/p>\n<\/li>\n<\/ul>\n<h2 style=\"text-align: center;\" data-start=\"1415\" data-end=\"1440\">\ud83c\udf81 Paketet inneh\u00e5ller<\/h2>\n<ul data-start=\"1441\" data-end=\"1487\" data-is-last-node=\"\" data-is-only-node=\"\">\n<li data-start=\"1441\" data-end=\"1466\">\n<p data-start=\"1443\" data-end=\"1466\">1x skrivbordslampa<\/p>\n<\/li>\n<li data-start=\"1467\" data-end=\"1487\" data-is-last-node=\"\">\n<p data-start=\"1469\" data-end=\"1487\" data-is-last-node=\"\">1x USB-datakabel.<\/p>\n<\/li>\n<\/ul>\n","protected":false},"excerpt":{"rendered":"<p>Lys upp din arbetsyta med den perfekta justerbara skrivbordslampan. \ud83d\udecb Den h\u00e4r smarta skrivbordslampan har tre ljusstyrkeniv\u00e5er, s\u00e5 att du [&hellip;]<\/p>\n","protected":false},"featured_media":43340,"comment_status":"open","ping_status":"closed","template":"","meta":{"site-sidebar-layout":"default","site-content-layout":"","ast-site-content-layout":"default","site-content-style":"default","site-sidebar-style":"default","ast-global-header-display":"","ast-banner-title-visibility":"","ast-main-header-display":"","ast-hfb-above-header-display":"","ast-hfb-below-header-display":"","ast-hfb-mobile-header-display":"","site-post-title":"","ast-breadcrumbs-content":"","ast-featured-img":"","footer-sml-layout":"","theme-transparent-header-meta":"default","adv-header-id-meta":"","stick-header-meta":"","header-above-stick-meta":"","header-main-stick-meta":"","header-below-stick-meta":"","astra-migrate-meta-layouts":"set","ast-page-background-enabled":"default","ast-page-background-meta":{"desktop":{"background-color":"var(--ast-global-color-4)","background-image":"","background-repeat":"repeat","background-position":"center center","background-size":"auto","background-attachment":"scroll","background-type":"","background-media":"","overlay-type":"","overlay-color":"","overlay-opacity":"","overlay-gradient":""},"tablet":{"background-color":"","background-image":"","background-repeat":"repeat","background-position":"center center","background-size":"auto","background-attachment":"scroll","background-type":"","background-media":"","overlay-type":"","overlay-color":"","overlay-opacity":"","overlay-gradient":""},"mobile":{"background-color":"","background-image":"","background-repeat":"repeat","background-position":"center center","background-size":"auto","background-attachment":"scroll","background-type":"","background-media":"","overlay-type":"","overlay-color":"","overlay-opacity":"","overlay-gradient":""}},"ast-content-background-meta":{"desktop":{"background-color":"var(--ast-global-color-5)","background-image":"","background-repeat":"repeat","background-position":"center center","background-size":"auto","background-attachment":"scroll","background-type":"","background-media":"","overlay-type":"","overlay-color":"","overlay-opacity":"","overlay-gradient":""},"tablet":{"background-color":"var(--ast-global-color-5)","background-image":"","background-repeat":"repeat","background-position":"center center","background-size":"auto","background-attachment":"scroll","background-type":"","background-media":"","overlay-type":"","overlay-color":"","overlay-opacity":"","overlay-gradient":""},"mobile":{"background-color":"var(--ast-global-color-5)","background-image":"","background-repeat":"repeat","background-position":"center center","background-size":"auto","background-attachment":"scroll","background-type":"","background-media":"","overlay-type":"","overlay-color":"","overlay-opacity":"","overlay-gradient":""}}},"product_brand":[],"product_cat":[1001],"product_tag":[],"class_list":{"0":"post-43344","1":"product","2":"type-product","3":"status-publish","4":"has-post-thumbnail","6":"product_cat-household-goods","7":"desktop-align-left","8":"tablet-align-left","9":"mobile-align-left","11":"first","12":"instock","13":"shipping-taxable","14":"purchasable","15":"product-type-simple"},"_links":{"self":[{"href":"https:\/\/keluvo.com\/se\/wp-json\/wp\/v2\/product\/43344","targetHints":{"allow":["GET"]}}],"collection":[{"href":"https:\/\/keluvo.com\/se\/wp-json\/wp\/v2\/product"}],"about":[{"href":"https:\/\/keluvo.com\/se\/wp-json\/wp\/v2\/types\/product"}],"replies":[{"embeddable":true,"href":"https:\/\/keluvo.com\/se\/wp-json\/wp\/v2\/comments?post=43344"}],"wp:featuredmedia":[{"embeddable":true,"href":"https:\/\/keluvo.com\/se\/wp-json\/wp\/v2\/media\/43340"}],"wp:attachment":[{"href":"https:\/\/keluvo.com\/se\/wp-json\/wp\/v2\/media?parent=43344"}],"wp:term":[{"taxonomy":"product_brand","embeddable":true,"href":"https:\/\/keluvo.com\/se\/wp-json\/wp\/v2\/product_brand?post=43344"},{"taxonomy":"product_cat","embeddable":true,"href":"https:\/\/keluvo.com\/se\/wp-json\/wp\/v2\/product_cat?post=43344"},{"taxonomy":"product_tag","embeddable":true,"href":"https:\/\/keluvo.com\/se\/wp-json\/wp\/v2\/product_tag?post=43344"}],"curies":[{"name":"wp","href":"https:\/\/api.w.org\/{rel}","templated":true}]}}