{"id":43251,"date":"2025-10-22T15:43:33","date_gmt":"2025-10-22T12:43:33","guid":{"rendered":"https:\/\/keluvo.com\/se\/product\/klockamulett\/"},"modified":"2025-11-11T11:54:15","modified_gmt":"2025-11-11T09:54:15","slug":"klockamulett","status":"publish","type":"product","link":"https:\/\/keluvo.com\/se\/product\/klockamulett\/","title":{"rendered":"Klockamulett"},"content":{"rendered":"<p style=\"text-align: center;\" data-start=\"0\" data-end=\"43\"><strong>Ge fred och sk\u00f6nhet till ditt hem \ud83d\udd14<\/strong><\/p>\n<p style=\"text-align: center;\" data-start=\"44\" data-end=\"336\">Den h\u00e4r klockamuletten ger en lugnande charm till alla utrymmen med sin eleganta design och mjuka ljud. Detta vackra vindspel i m\u00e4ssing \u00e4r perfekt f\u00f6r juldekoration eller \u00e5ret runt och f\u00f6rb\u00e4ttrar b\u00e5de inomhus- och utomhusmilj\u00f6er med en avkopplande melodi som symboliserar lugn och lycka.<\/p>\n<p data-start=\"44\" data-end=\"336\"><img decoding=\"async\" class=\"size-full wp-image-37236 aligncenter\" src=\"https:\/\/keluvo.com\/template\/wp-content\/uploads\/sites\/5\/2025\/10\/4_4e6a1428-2216-48cb-9633-e48ac32e018d.webp\" alt=\"\" \/><\/p>\n<h2 style=\"text-align: center;\" data-start=\"343\" data-end=\"364\">Huvudf\u00f6rdelar \u2705<\/h2>\n<p data-start=\"367\" data-end=\"447\">\ud83c\udf84 Elegant design \u2013 ger en festlig och elegant touch till hemmet eller tr\u00e4dg\u00e5rden<\/p>\n<p data-start=\"450\" data-end=\"533\">\ud83d\udd14 Lugnande ljud \u2013 skapar en rogivande, melodisk atmosf\u00e4r inomhus eller utomhus<\/p>\n<p data-start=\"536\" data-end=\"631\">\ud83c\udf26\ufe0f V\u00e4derbest\u00e4ndigt \u2013 tillverkat av h\u00e5llbart j\u00e4rn och hamparep, l\u00e4mplig f\u00f6r alla f\u00f6rh\u00e5llanden<\/p>\n<p data-start=\"634\" data-end=\"719\">\ud83c\udfe1 M\u00e5ngsidig inredning \u2013 perfekt f\u00f6r verandor, balkonger, tr\u00e4dg\u00e5rdar eller innerv\u00e4ggar<\/p>\n<p data-start=\"722\" data-end=\"806\">\ud83d\udc96 Symbolisk betydelse \u2013 tros ge fred, skydd och positiv energi<\/p>\n<p data-start=\"722\" data-end=\"806\"><img decoding=\"async\" class=\"size-full wp-image-37238 aligncenter\" src=\"https:\/\/keluvo.com\/template\/wp-content\/uploads\/sites\/5\/2025\/10\/1_cf10f57e-2265-41c4-9f47-597f10a13d4f.jpg\" alt=\"\" \/><\/p>\n<h2 style=\"text-align: center;\" data-start=\"813\" data-end=\"833\">S\u00e5 h\u00e4r anv\u00e4nder du \ud83d\udee0\ufe0f<\/h2>\n<ol data-start=\"834\" data-end=\"1071\">\n<li data-start=\"834\" data-end=\"928\">\n<p data-start=\"837\" data-end=\"928\">Choose en plats d\u00e4r klockan kan sv\u00e4nga fritt &#8211; n\u00e4ra ett f\u00f6nster, en d\u00f6rr\u00f6ppning eller i din tr\u00e4dg\u00e5rd.<\/p>\n<\/li>\n<li data-start=\"929\" data-end=\"978\">\n<p data-start=\"932\" data-end=\"978\">L\u00e5t brisen r\u00f6ra klockorna naturligt och skapa ett lugnande och harmoniskt ljud.<\/p>\n<\/li>\n<\/ol>\n<h2 style=\"text-align: center;\" data-start=\"1078\" data-end=\"1102\">Produktdetaljer \u2139\ufe0f<\/h2>\n<ul data-start=\"1103\" data-end=\"1309\">\n<li data-start=\"1103\" data-end=\"1137\">\n<p data-start=\"1105\" data-end=\"1137\">Material: Hamparep + j\u00e4rn<\/p>\n<\/li>\n<li data-start=\"1183\" data-end=\"1245\">\n<p data-start=\"1185\" data-end=\"1245\">Anv\u00e4ndning: Heminredning, tr\u00e4dg\u00e5rdsdekoration, festlig prydnad<\/p>\n<\/li>\n<li data-start=\"1246\" data-end=\"1309\">\n<p data-start=\"1248\" data-end=\"1309\">H\u00e5llbarhet: Rostbest\u00e4ndig och l\u00e4mplig f\u00f6r utomhusbruk<\/p>\n<\/li>\n<\/ul>\n<h2 style=\"text-align: center;\" data-start=\"1316\" data-end=\"1341\">Paketet inneh\u00e5ller \ud83d\udce6<\/h2>\n<ul data-start=\"1342\" data-end=\"1377\">\n<li data-start=\"1342\" data-end=\"1377\">\n<p data-start=\"1344\" data-end=\"1377\">1x klockamulett.<\/p>\n<\/li>\n<\/ul>\n","protected":false},"excerpt":{"rendered":"<p>Ge fred och sk\u00f6nhet till ditt hem \ud83d\udd14 Den h\u00e4r klockamuletten ger en lugnande charm till alla utrymmen med sin [&hellip;]<\/p>\n","protected":false},"featured_media":43247,"comment_status":"open","ping_status":"closed","template":"","meta":{"site-sidebar-layout":"default","site-content-layout":"","ast-site-content-layout":"default","site-content-style":"default","site-sidebar-style":"default","ast-global-header-display":"","ast-banner-title-visibility":"","ast-main-header-display":"","ast-hfb-above-header-display":"","ast-hfb-below-header-display":"","ast-hfb-mobile-header-display":"","site-post-title":"","ast-breadcrumbs-content":"","ast-featured-img":"","footer-sml-layout":"","theme-transparent-header-meta":"default","adv-header-id-meta":"","stick-header-meta":"","header-above-stick-meta":"","header-main-stick-meta":"","header-below-stick-meta":"","astra-migrate-meta-layouts":"set","ast-page-background-enabled":"default","ast-page-background-meta":{"desktop":{"background-color":"var(--ast-global-color-4)","background-image":"","background-repeat":"repeat","background-position":"center center","background-size":"auto","background-attachment":"scroll","background-type":"","background-media":"","overlay-type":"","overlay-color":"","overlay-opacity":"","overlay-gradient":""},"tablet":{"background-color":"","background-image":"","background-repeat":"repeat","background-position":"center center","background-size":"auto","background-attachment":"scroll","background-type":"","background-media":"","overlay-type":"","overlay-color":"","overlay-opacity":"","overlay-gradient":""},"mobile":{"background-color":"","background-image":"","background-repeat":"repeat","background-position":"center center","background-size":"auto","background-attachment":"scroll","background-type":"","background-media":"","overlay-type":"","overlay-color":"","overlay-opacity":"","overlay-gradient":""}},"ast-content-background-meta":{"desktop":{"background-color":"var(--ast-global-color-5)","background-image":"","background-repeat":"repeat","background-position":"center center","background-size":"auto","background-attachment":"scroll","background-type":"","background-media":"","overlay-type":"","overlay-color":"","overlay-opacity":"","overlay-gradient":""},"tablet":{"background-color":"var(--ast-global-color-5)","background-image":"","background-repeat":"repeat","background-position":"center center","background-size":"auto","background-attachment":"scroll","background-type":"","background-media":"","overlay-type":"","overlay-color":"","overlay-opacity":"","overlay-gradient":""},"mobile":{"background-color":"var(--ast-global-color-5)","background-image":"","background-repeat":"repeat","background-position":"center center","background-size":"auto","background-attachment":"scroll","background-type":"","background-media":"","overlay-type":"","overlay-color":"","overlay-opacity":"","overlay-gradient":""}}},"product_brand":[],"product_cat":[1001],"product_tag":[],"class_list":{"0":"post-43251","1":"product","2":"type-product","3":"status-publish","4":"has-post-thumbnail","6":"product_cat-household-goods","7":"pa_21706_ljfxn75h-a","8":"pa_21706_ljfxn75h-b","9":"pa_21706_ljfxn75h-c","10":"pa_21706_ljfxn75h-d","11":"desktop-align-left","12":"tablet-align-left","13":"mobile-align-left","15":"first","16":"instock","17":"shipping-taxable","18":"purchasable","19":"product-type-variable"},"_links":{"self":[{"href":"https:\/\/keluvo.com\/se\/wp-json\/wp\/v2\/product\/43251","targetHints":{"allow":["GET"]}}],"collection":[{"href":"https:\/\/keluvo.com\/se\/wp-json\/wp\/v2\/product"}],"about":[{"href":"https:\/\/keluvo.com\/se\/wp-json\/wp\/v2\/types\/product"}],"replies":[{"embeddable":true,"href":"https:\/\/keluvo.com\/se\/wp-json\/wp\/v2\/comments?post=43251"}],"wp:featuredmedia":[{"embeddable":true,"href":"https:\/\/keluvo.com\/se\/wp-json\/wp\/v2\/media\/43247"}],"wp:attachment":[{"href":"https:\/\/keluvo.com\/se\/wp-json\/wp\/v2\/media?parent=43251"}],"wp:term":[{"taxonomy":"product_brand","embeddable":true,"href":"https:\/\/keluvo.com\/se\/wp-json\/wp\/v2\/product_brand?post=43251"},{"taxonomy":"product_cat","embeddable":true,"href":"https:\/\/keluvo.com\/se\/wp-json\/wp\/v2\/product_cat?post=43251"},{"taxonomy":"product_tag","embeddable":true,"href":"https:\/\/keluvo.com\/se\/wp-json\/wp\/v2\/product_tag?post=43251"}],"curies":[{"name":"wp","href":"https:\/\/api.w.org\/{rel}","templated":true}]}}