{"id":4325,"date":"2024-12-03T13:42:59","date_gmt":"2024-12-03T11:42:59","guid":{"rendered":"https:\/\/keluvo.com\/se\/product\/lyxig-herrklocka\/"},"modified":"2024-12-03T13:43:20","modified_gmt":"2024-12-03T11:43:20","slug":"lyxig-herrklocka","status":"publish","type":"product","link":"https:\/\/keluvo.com\/se\/product\/lyxig-herrklocka\/","title":{"rendered":"Lyxig herrklocka"},"content":{"rendered":"<h2 style=\"text-align: center\"><strong>Multifunktionell vattent\u00e4t herrklocka<\/strong><\/h2>\n<p style=\"text-align: center\">Detta \u00e4r en vattent\u00e4t klocka som enkelt kan anv\u00e4ndas n\u00e4r du tv\u00e4ttar h\u00e4nderna eller lagar mat, \u00e4ven i regnet! Det \u00e4r en unik sj\u00e4lvlysande handklocka, or\u00e4dd f\u00f6r m\u00f6rker. Du kan se tiden i fr\u00e5nvaro av ljus.<\/p>\n<h2><img decoding=\"async\" class=\"aligncenter\" src=\"https:\/\/s.alicdn.com\/@sc04\/kf\/Hef8118d29c374058a07b24bd8dc51a13J.jpg?avif=close\" \/><\/h2>\n<h2><\/h2>\n<h2 style=\"text-align: center\"><strong>klassisk lyxdesign<\/strong><\/h2>\n<p style=\"text-align: center\">Moderna minimalistiska klockor f\u00f6r m\u00e4n med en minimalistisk bl\u00e5 urtavla \u00e4r rena och eleganta. Tillsammans med ett avancerat armband i rostfritt st\u00e5l \u00e4r den lika bekv\u00e4m som den \u00e4r snygg. Att b\u00e4ra den h\u00e4r klockan f\u00f6rh\u00f6jer den konstn\u00e4rliga stilen i vardagskl\u00e4der och ger en touch av elegans till aff\u00e4rskl\u00e4der.<\/p>\n<h2><img fetchpriority=\"high\" decoding=\"async\" width=\"706\" height=\"1000\" class=\"size-medium wp-image-4053 aligncenter\" src=\"https:\/\/keluvo.com\/template\/wp-content\/uploads\/sites\/5\/2024\/10\/download.jpeg\" alt=\"\" srcset=\"https:\/\/keluvo.com\/se\/wp-content\/uploads\/sites\/12\/2024\/10\/download.jpeg 706w, https:\/\/keluvo.com\/se\/wp-content\/uploads\/sites\/12\/2024\/10\/download-212x300.jpeg 212w, https:\/\/keluvo.com\/se\/wp-content\/uploads\/sites\/12\/2024\/10\/download-600x850.jpeg 600w\" sizes=\"(max-width: 706px) 100vw, 706px\" \/><\/h2>\n<h2><\/h2>\n<h2 style=\"text-align: center\"><strong>omsorgsfull urtavledesign<\/strong><\/h2>\n<div style=\"text-align: center\">Den \u00e4r inte bara klassiskt vacker utan ocks\u00e5 funktionsrik. Den stora bl\u00e5 urtavlan \u00e4r genomskinlig och vacker vid f\u00f6rsta anblicken.den enkla diamantskalan g\u00f6r att du kan se tidsinformation mycket enkelt. Vecko- och datumf\u00f6nstret \u00e4r bekv\u00e4mt f\u00f6r resor och tidsplanering.<\/div>\n<div><img decoding=\"async\" class=\"aligncenter\" src=\"https:\/\/s.alicdn.com\/@sc04\/kf\/H27542c1cdf1d4f0a98a13056cf4bf7cbn.jpg?avif=close\" \/><\/div>\n<div style=\"text-align: center\"><\/div>\n<h2 style=\"text-align: center\"><strong>perfekt till\u00e4gg till alla mans stil<\/strong><\/h2>\n<p style=\"text-align: center\">Klockan \u00e4r ett bra till\u00e4gg till din stil, med sin fantastiska design, material och utseende. Skaffa din nu!<\/p>\n<p><img decoding=\"async\" width=\"716\" height=\"1000\" class=\"size-medium wp-image-4054 aligncenter\" src=\"https:\/\/keluvo.com\/template\/wp-content\/uploads\/sites\/5\/2024\/10\/download2.jpeg\" alt=\"\" srcset=\"https:\/\/keluvo.com\/se\/wp-content\/uploads\/sites\/12\/2024\/10\/download2.jpeg 716w, https:\/\/keluvo.com\/se\/wp-content\/uploads\/sites\/12\/2024\/10\/download2-215x300.jpeg 215w, https:\/\/keluvo.com\/se\/wp-content\/uploads\/sites\/12\/2024\/10\/download2-600x838.jpeg 600w\" sizes=\"(max-width: 716px) 100vw, 716px\" \/><\/p>\n","protected":false},"excerpt":{"rendered":"<p>Multifunktionell vattent\u00e4t herrklocka Detta \u00e4r en vattent\u00e4t klocka som enkelt kan anv\u00e4ndas n\u00e4r du tv\u00e4ttar h\u00e4nderna eller lagar mat, \u00e4ven [&hellip;]<\/p>\n","protected":false},"featured_media":4321,"comment_status":"open","ping_status":"closed","template":"","meta":{"site-sidebar-layout":"default","site-content-layout":"","ast-site-content-layout":"default","site-content-style":"default","site-sidebar-style":"default","ast-global-header-display":"","ast-banner-title-visibility":"","ast-main-header-display":"","ast-hfb-above-header-display":"","ast-hfb-below-header-display":"","ast-hfb-mobile-header-display":"","site-post-title":"","ast-breadcrumbs-content":"","ast-featured-img":"","footer-sml-layout":"","theme-transparent-header-meta":"default","adv-header-id-meta":"","stick-header-meta":"","header-above-stick-meta":"","header-main-stick-meta":"","header-below-stick-meta":"","astra-migrate-meta-layouts":"set","ast-page-background-enabled":"default","ast-page-background-meta":{"desktop":{"background-color":"var(--ast-global-color-4)","background-image":"","background-repeat":"repeat","background-position":"center center","background-size":"auto","background-attachment":"scroll","background-type":"","background-media":"","overlay-type":"","overlay-color":"","overlay-opacity":"","overlay-gradient":""},"tablet":{"background-color":"","background-image":"","background-repeat":"repeat","background-position":"center center","background-size":"auto","background-attachment":"scroll","background-type":"","background-media":"","overlay-type":"","overlay-color":"","overlay-opacity":"","overlay-gradient":""},"mobile":{"background-color":"","background-image":"","background-repeat":"repeat","background-position":"center center","background-size":"auto","background-attachment":"scroll","background-type":"","background-media":"","overlay-type":"","overlay-color":"","overlay-opacity":"","overlay-gradient":""}},"ast-content-background-meta":{"desktop":{"background-color":"var(--ast-global-color-5)","background-image":"","background-repeat":"repeat","background-position":"center center","background-size":"auto","background-attachment":"scroll","background-type":"","background-media":"","overlay-type":"","overlay-color":"","overlay-opacity":"","overlay-gradient":""},"tablet":{"background-color":"var(--ast-global-color-5)","background-image":"","background-repeat":"repeat","background-position":"center center","background-size":"auto","background-attachment":"scroll","background-type":"","background-media":"","overlay-type":"","overlay-color":"","overlay-opacity":"","overlay-gradient":""},"mobile":{"background-color":"var(--ast-global-color-5)","background-image":"","background-repeat":"repeat","background-position":"center center","background-size":"auto","background-attachment":"scroll","background-type":"","background-media":"","overlay-type":"","overlay-color":"","overlay-opacity":"","overlay-gradient":""}}},"product_brand":[],"product_cat":[993],"product_tag":[],"class_list":{"0":"post-4325","1":"product","2":"type-product","3":"status-publish","4":"has-post-thumbnail","6":"product_cat-footwear-accessories","7":"pa_uroklw84-bla","8":"pa_uroklw84-gron","9":"pa_uroklw84-svart","10":"pa_uroklw84-vit","11":"desktop-align-left","12":"tablet-align-left","13":"mobile-align-left","15":"first","16":"instock","17":"shipping-taxable","18":"purchasable","19":"product-type-variable"},"_links":{"self":[{"href":"https:\/\/keluvo.com\/se\/wp-json\/wp\/v2\/product\/4325","targetHints":{"allow":["GET"]}}],"collection":[{"href":"https:\/\/keluvo.com\/se\/wp-json\/wp\/v2\/product"}],"about":[{"href":"https:\/\/keluvo.com\/se\/wp-json\/wp\/v2\/types\/product"}],"replies":[{"embeddable":true,"href":"https:\/\/keluvo.com\/se\/wp-json\/wp\/v2\/comments?post=4325"}],"wp:featuredmedia":[{"embeddable":true,"href":"https:\/\/keluvo.com\/se\/wp-json\/wp\/v2\/media\/4321"}],"wp:attachment":[{"href":"https:\/\/keluvo.com\/se\/wp-json\/wp\/v2\/media?parent=4325"}],"wp:term":[{"taxonomy":"product_brand","embeddable":true,"href":"https:\/\/keluvo.com\/se\/wp-json\/wp\/v2\/product_brand?post=4325"},{"taxonomy":"product_cat","embeddable":true,"href":"https:\/\/keluvo.com\/se\/wp-json\/wp\/v2\/product_cat?post=4325"},{"taxonomy":"product_tag","embeddable":true,"href":"https:\/\/keluvo.com\/se\/wp-json\/wp\/v2\/product_tag?post=4325"}],"curies":[{"name":"wp","href":"https:\/\/api.w.org\/{rel}","templated":true}]}}