{"id":42519,"date":"2025-10-15T12:57:29","date_gmt":"2025-10-15T09:57:29","guid":{"rendered":"https:\/\/keluvo.com\/se\/product\/ballongpump\/"},"modified":"2025-10-20T19:10:14","modified_gmt":"2025-10-20T16:10:14","slug":"ballongpump","status":"publish","type":"product","link":"https:\/\/keluvo.com\/se\/product\/ballongpump\/","title":{"rendered":"Ballongpump"},"content":{"rendered":"<p style=\"text-align: center;\" data-start=\"0\" data-end=\"50\">Bl\u00e5s upp ballonger och ha kul p\u00e5 festen p\u00e5 n\u00e5gra sekunder! \ud83c\udf88<\/p>\n<p style=\"text-align: center;\" data-start=\"51\" data-end=\"354\">Den h\u00e4r elektriska ballongpumpen g\u00f6r det enkelt, snabbt och smidigt att dekorera. Den \u00e4r utformad f\u00f6r fester, br\u00f6llop eller andra tillf\u00e4llen och bl\u00e5ser snabbt upp hundratals ballonger p\u00e5 n\u00e5gra minuter utan helium eller v\u00e4te &#8211; bara ren luft. Den \u00e4r kompakt, tyst och l\u00e4tt att anv\u00e4nda och \u00e4r ett m\u00e5ste f\u00f6r alla evenemang.<\/p>\n<p data-start=\"51\" data-end=\"354\"><img decoding=\"async\" class=\"size-full wp-image-37192 aligncenter\" src=\"https:\/\/keluvo.com\/template\/wp-content\/uploads\/sites\/5\/2025\/10\/100210-ezgif.com-video-to-webp-converter-1.webp\" alt=\"\" \/><\/p>\n<h2 style=\"text-align: center;\" data-start=\"361\" data-end=\"382\">Huvudf\u00f6rdelar \u2705<\/h2>\n<p data-start=\"385\" data-end=\"464\">\u26a1 Snabb uppbl\u00e5sning &#8211; bl\u00e5ser upp en ballong p\u00e5 n\u00e5gra sekunder med kraftfullt luftfl\u00f6de<\/p>\n<p data-start=\"467\" data-end=\"557\">\ud83c\udf89 Perfekt f\u00f6r alla evenemang &#8211; perfekt f\u00f6r fester, br\u00f6llop, f\u00f6delsedagar och firanden<\/p>\n<p data-start=\"560\" data-end=\"645\">\ud83e\uddf3 L\u00e4tt &amp; b\u00e4rbar &#8211; enkel att b\u00e4ra och f\u00f6rvara, perfekt f\u00f6r att ta med sig p\u00e5 spr\u00e5ng<\/p>\n<p data-start=\"648\" data-end=\"718\">\ud83d\udd07 L\u00e5g ljudniv\u00e5 &#8211; mindre \u00e4n 65 dB f\u00f6r en tystare anv\u00e4ndning<\/p>\n<p data-start=\"721\" data-end=\"805\">\ud83d\udee1\ufe0f S\u00e4ker att anv\u00e4nda &#8211; anv\u00e4nder endast luft, inget helium eller v\u00e4te f\u00f6r riskfri uppbl\u00e5sning<\/p>\n<p data-start=\"808\" data-end=\"877\">\ud83d\udd01 Dubbla l\u00e4gen &#8211; automatiska och manuella alternativ f\u00f6r b\u00e4ttre kontroll<\/p>\n<p data-start=\"808\" data-end=\"877\"><img decoding=\"async\" class=\"size-full wp-image-37186 aligncenter\" src=\"https:\/\/keluvo.com\/template\/wp-content\/uploads\/sites\/5\/2025\/10\/77d73d88-cad7-4da3-ac74-05154116a416.jpg\" alt=\"\" \/><\/p>\n<h2 style=\"text-align: center;\" data-start=\"884\" data-end=\"904\">S\u00e5 h\u00e4r g\u00f6r du \ud83d\udee0\ufe0f<\/h2>\n<ol data-start=\"905\" data-end=\"1202\">\n<li data-start=\"905\" data-end=\"956\">\n<p data-start=\"908\" data-end=\"956\">Anslut pumpen till ett kompatibelt eluttag.<\/p>\n<\/li>\n<li data-start=\"957\" data-end=\"1009\">\n<p data-start=\"960\" data-end=\"1009\">S\u00e4tt fast ballonghalsen ordentligt p\u00e5 munstycket.<\/p>\n<\/li>\n<li data-start=\"1010\" data-end=\"1106\">\n<p data-start=\"1013\" data-end=\"1106\">V\u00e4lj manuellt l\u00e4ge f\u00f6r kontrollerade utbrott eller automatiskt l\u00e4ge f\u00f6r kontinuerligt luftfl\u00f6de.<\/p>\n<\/li>\n<li data-start=\"1107\" data-end=\"1157\">\n<p data-start=\"1110\" data-end=\"1157\">N\u00e4r ballongen \u00e4r uppbl\u00e5st tar du bort den och knyter fast den.<\/p>\n<\/li>\n<li data-start=\"1158\" data-end=\"1202\">\n<p data-start=\"1161\" data-end=\"1202\">St\u00e4ng av och dra ut kontakten efter anv\u00e4ndning.<\/p>\n<\/li>\n<\/ol>\n<h2 style=\"text-align: center;\" data-start=\"1209\" data-end=\"1233\">Produktdetaljer \u2139\ufe0f<\/h2>\n<ul data-start=\"1234\" data-end=\"1535\">\n<li data-start=\"1234\" data-end=\"1288\">\n<p data-start=\"1236\" data-end=\"1288\">Sp\u00e4nning: 220-240 V (tillval)<\/p>\n<\/li>\n<li data-start=\"1289\" data-end=\"1315\">\n<p data-start=\"1291\" data-end=\"1315\">Frekvens: 60 Hz<\/p>\n<\/li>\n<li data-start=\"1316\" data-end=\"1342\">\n<p data-start=\"1318\" data-end=\"1342\">Bullerniv\u00e5: 65 dB<\/p>\n<\/li>\n<li data-start=\"1343\" data-end=\"1412\">\n<p data-start=\"1345\" data-end=\"1412\">Effekttyp: Elektrisk luftpump (endast luft, ej helium\/v\u00e4te)<\/p>\n<\/li>\n<li data-start=\"1343\" data-end=\"1412\">\n<p data-start=\"1345\" data-end=\"1412\">EU-kontakt<\/p>\n<\/li>\n<li data-start=\"1343\" data-end=\"1412\">\n<p data-start=\"1345\" data-end=\"1412\">Motor: Manuell &amp; Automatisk<\/p>\n<\/li>\n<li data-start=\"1447\" data-end=\"1535\">\n<p data-start=\"1449\" data-end=\"1535\">Anv\u00e4ndningsomr\u00e5den: Ballonger, uppbl\u00e5sbara s\u00e4ngar, simringar, kuddar, soffor, leksaker m.m.<\/p>\n<\/li>\n<li data-start=\"1447\" data-end=\"1535\">Storlek: 19,5 x 14 x 15 cm<\/li>\n<\/ul>\n<h2 style=\"text-align: center;\" data-start=\"1542\" data-end=\"1567\">Paketet inneh\u00e5ller \ud83d\udce6<\/h2>\n<ul data-start=\"1568\" data-end=\"1597\">\n<li data-start=\"1568\" data-end=\"1597\">\n<p data-start=\"1570\" data-end=\"1597\">1x elektrisk ballongpump.<\/p>\n<\/li>\n<\/ul>\n","protected":false},"excerpt":{"rendered":"<p>Bl\u00e5s upp ballonger och ha kul p\u00e5 festen p\u00e5 n\u00e5gra sekunder! \ud83c\udf88 Den h\u00e4r elektriska ballongpumpen g\u00f6r det enkelt, snabbt [&hellip;]<\/p>\n","protected":false},"featured_media":42515,"comment_status":"open","ping_status":"closed","template":"","meta":{"site-sidebar-layout":"default","site-content-layout":"","ast-site-content-layout":"default","site-content-style":"default","site-sidebar-style":"default","ast-global-header-display":"","ast-banner-title-visibility":"","ast-main-header-display":"","ast-hfb-above-header-display":"","ast-hfb-below-header-display":"","ast-hfb-mobile-header-display":"","site-post-title":"","ast-breadcrumbs-content":"","ast-featured-img":"","footer-sml-layout":"","theme-transparent-header-meta":"default","adv-header-id-meta":"","stick-header-meta":"","header-above-stick-meta":"","header-main-stick-meta":"","header-below-stick-meta":"","astra-migrate-meta-layouts":"set","ast-page-background-enabled":"default","ast-page-background-meta":{"desktop":{"background-color":"var(--ast-global-color-4)","background-image":"","background-repeat":"repeat","background-position":"center center","background-size":"auto","background-attachment":"scroll","background-type":"","background-media":"","overlay-type":"","overlay-color":"","overlay-opacity":"","overlay-gradient":""},"tablet":{"background-color":"","background-image":"","background-repeat":"repeat","background-position":"center center","background-size":"auto","background-attachment":"scroll","background-type":"","background-media":"","overlay-type":"","overlay-color":"","overlay-opacity":"","overlay-gradient":""},"mobile":{"background-color":"","background-image":"","background-repeat":"repeat","background-position":"center center","background-size":"auto","background-attachment":"scroll","background-type":"","background-media":"","overlay-type":"","overlay-color":"","overlay-opacity":"","overlay-gradient":""}},"ast-content-background-meta":{"desktop":{"background-color":"var(--ast-global-color-5)","background-image":"","background-repeat":"repeat","background-position":"center center","background-size":"auto","background-attachment":"scroll","background-type":"","background-media":"","overlay-type":"","overlay-color":"","overlay-opacity":"","overlay-gradient":""},"tablet":{"background-color":"var(--ast-global-color-5)","background-image":"","background-repeat":"repeat","background-position":"center center","background-size":"auto","background-attachment":"scroll","background-type":"","background-media":"","overlay-type":"","overlay-color":"","overlay-opacity":"","overlay-gradient":""},"mobile":{"background-color":"var(--ast-global-color-5)","background-image":"","background-repeat":"repeat","background-position":"center center","background-size":"auto","background-attachment":"scroll","background-type":"","background-media":"","overlay-type":"","overlay-color":"","overlay-opacity":"","overlay-gradient":""}}},"product_brand":[],"product_cat":[15],"product_tag":[],"class_list":{"0":"post-42519","1":"product","2":"type-product","3":"status-publish","4":"has-post-thumbnail","6":"product_cat-uncategorized","7":"desktop-align-left","8":"tablet-align-left","9":"mobile-align-left","11":"first","12":"instock","13":"shipping-taxable","14":"purchasable","15":"product-type-simple"},"_links":{"self":[{"href":"https:\/\/keluvo.com\/se\/wp-json\/wp\/v2\/product\/42519","targetHints":{"allow":["GET"]}}],"collection":[{"href":"https:\/\/keluvo.com\/se\/wp-json\/wp\/v2\/product"}],"about":[{"href":"https:\/\/keluvo.com\/se\/wp-json\/wp\/v2\/types\/product"}],"replies":[{"embeddable":true,"href":"https:\/\/keluvo.com\/se\/wp-json\/wp\/v2\/comments?post=42519"}],"wp:featuredmedia":[{"embeddable":true,"href":"https:\/\/keluvo.com\/se\/wp-json\/wp\/v2\/media\/42515"}],"wp:attachment":[{"href":"https:\/\/keluvo.com\/se\/wp-json\/wp\/v2\/media?parent=42519"}],"wp:term":[{"taxonomy":"product_brand","embeddable":true,"href":"https:\/\/keluvo.com\/se\/wp-json\/wp\/v2\/product_brand?post=42519"},{"taxonomy":"product_cat","embeddable":true,"href":"https:\/\/keluvo.com\/se\/wp-json\/wp\/v2\/product_cat?post=42519"},{"taxonomy":"product_tag","embeddable":true,"href":"https:\/\/keluvo.com\/se\/wp-json\/wp\/v2\/product_tag?post=42519"}],"curies":[{"name":"wp","href":"https:\/\/api.w.org\/{rel}","templated":true}]}}