{"id":42419,"date":"2025-10-14T23:17:24","date_gmt":"2025-10-14T20:17:24","guid":{"rendered":"https:\/\/keluvo.com\/se\/product\/hornanslutning-2\/"},"modified":"2025-11-11T11:55:17","modified_gmt":"2025-11-11T09:55:17","slug":"hornanslutning-2","status":"publish","type":"product","link":"https:\/\/keluvo.com\/se\/product\/hornanslutning-2\/","title":{"rendered":"H\u00f6rnanslutning"},"content":{"rendered":"<p style=\"text-align: center;\" data-start=\"138\" data-end=\"442\">F\u00f6rst\u00e4rk dina m\u00f6bler som ett proffs\u2014starka, stabila och enkla att Installera. \ud83e\uddf1<\/p>\n<p style=\"text-align: center;\" data-start=\"138\" data-end=\"442\">De h\u00e4r kraftiga h\u00f6rnf\u00f6rbanden i metall \u00e4r den perfekta l\u00f6sningen f\u00f6r att stabilisera m\u00f6bler, hyllor, sk\u00e5p och tr\u00e4ramar. Deras solida triangul\u00e4ra design s\u00e4kerst\u00e4ller maximal b\u00e4rf\u00f6rm\u00e5ga och l\u00e5ngvarig h\u00e5llbarhet. S\u00e4g adj\u00f6 till vingliga bord och h\u00e4ngande hyllor &#8211; installera en g\u00e5ng och njut av livsl\u00e5ng styrka.<\/p>\n<p data-start=\"138\" data-end=\"442\"><img decoding=\"async\" class=\"size-full wp-image-29559 aligncenter\" src=\"https:\/\/keluvo.com\/template\/wp-content\/uploads\/sites\/5\/2025\/07\/072112-ezgif.com-video-to-webp-converter-1.webp\" alt=\"\" \/><\/p>\n<h2 style=\"text-align: center;\" data-section-id=\"1unkobh\" data-start=\"541\" data-end=\"561\">Huvudf\u00f6rdelar \ud83d\udd29<\/h2>\n<p data-start=\"563\" data-end=\"1055\">\ud83d\udcd0 Triangul\u00e4r st\u00f6dstruktur &#8211; maximerar styrka och stabilitet i varje h\u00f6rn.<\/p>\n<p data-start=\"563\" data-end=\"1055\">\ud83d\udee0\ufe0f Kraftig konstruktion &#8211; tillverkad av tjockt rostfritt st\u00e5l f\u00f6r l\u00e5ngvarig prestanda.<\/p>\n<p data-start=\"563\" data-end=\"1055\">\ud83d\udd27 Enkel att installera &#8211; f\u00f6rborrade h\u00e5l f\u00f6r snabb montering med skruvar (ing\u00e5r).<\/p>\n<p data-start=\"563\" data-end=\"1055\">\ud83e\ude9a Perfekt f\u00f6r tr\u00e4arbete \u2013 utm\u00e4rkt till bord, s\u00e4ngar, bokhyllor, l\u00e5dor och mycket mer.<\/p>\n<p data-start=\"563\" data-end=\"1055\">\ud83e\uddf2 Rostbest\u00e4ndig finish &#8211; perfekt f\u00f6r inomhus- eller utomhusbruk.<\/p>\n<p data-start=\"563\" data-end=\"1055\">\ud83c\udfaf Osynlig efter montering &#8211; rena kanter och l\u00e5gprofilsdesign.<\/p>\n<p data-start=\"563\" data-end=\"1055\"><img decoding=\"async\" class=\"size-full wp-image-29557 aligncenter\" src=\"https:\/\/keluvo.com\/template\/wp-content\/uploads\/sites\/5\/2025\/07\/9df89a94-8483-4e09-9d05-ca075e4272d4.webp\" alt=\"\" \/><\/p>\n<h2 style=\"text-align: center;\" data-section-id=\"6p6jxn\" data-start=\"1062\" data-end=\"1079\">Anv\u00e4ndning \ud83e\ude9b<\/h2>\n<ol data-start=\"1081\" data-end=\"1342\">\n<li data-start=\"1081\" data-end=\"1145\">\n<p data-start=\"1084\" data-end=\"1145\">Rikta in j\u00e4rnet mot m\u00f6belns innerh\u00f6rn.<\/p>\n<\/li>\n<li data-start=\"1146\" data-end=\"1203\">\n<p data-start=\"1149\" data-end=\"1203\">Markera skruvpositionerna med h\u00e5len som v\u00e4gledning.<\/p>\n<\/li>\n<li data-start=\"1204\" data-end=\"1237\">\n<p data-start=\"1207\" data-end=\"1237\">F\u00f6rborra om det beh\u00f6vs.<\/p>\n<\/li>\n<li data-start=\"1238\" data-end=\"1291\">\n<p data-start=\"1241\" data-end=\"1291\">F\u00e4st med skruvar med en skruvmejsel eller borr.<\/p>\n<\/li>\n<li data-start=\"1292\" data-end=\"1342\">\n<p data-start=\"1295\" data-end=\"1342\">Upprepa p\u00e5 andra h\u00f6rn f\u00f6r full f\u00f6rst\u00e4rkning.<\/p>\n<\/li>\n<\/ol>\n<h2 style=\"text-align: center;\" data-section-id=\"1uoa4jh\" data-start=\"1349\" data-end=\"1371\">Produktdetaljer \ud83d\udccf<\/h2>\n<ul data-start=\"1373\" data-end=\"1608\">\n<li data-start=\"1373\" data-end=\"1415\">\n<p data-start=\"1375\" data-end=\"1415\">Material: H\u00f6gkvalitativt rostfritt st\u00e5l<\/p>\n<\/li>\n<li data-start=\"1416\" data-end=\"1450\">\n<p data-start=\"1418\" data-end=\"1450\">Finish: Rostbest\u00e4ndig bel\u00e4ggning<\/p>\n<\/li>\n<li data-start=\"1451\" data-end=\"1491\">\n<p data-start=\"1453\" data-end=\"1491\">Dimensioner: ~ 3,2 cm bred x 6,5 cm l\u00e5ng<\/p>\n<\/li>\n<li data-start=\"1492\" data-end=\"1513\">\n<p data-start=\"1494\" data-end=\"1513\">Tjocklek: ~ 2,5 mm<\/p>\n<\/li>\n<li data-start=\"1545\" data-end=\"1608\">\n<p data-start=\"1547\" data-end=\"1608\">Viktkapacitet: St\u00f6der tunga laster n\u00e4r de \u00e4r korrekt installerade<\/p>\n<\/li>\n<\/ul>\n<h2 style=\"text-align: center;\" data-section-id=\"168ap4\" data-start=\"1615\" data-end=\"1638\">Paketet inneh\u00e5ller \ud83d\udce6<\/h2>\n<ul data-start=\"1640\" data-end=\"1690\">\n<li data-start=\"1640\" data-end=\"1668\">\n<p data-start=\"1642\" data-end=\"1668\">4, 8, 12x vinkelj\u00e4rn i metall<\/p>\n<\/li>\n<li data-start=\"1669\" data-end=\"1690\">\n<p data-start=\"1671\" data-end=\"1690\">16, 32, 48 x monteringsskruvar.<\/p>\n<\/li>\n<\/ul>\n","protected":false},"excerpt":{"rendered":"<p>F\u00f6rst\u00e4rk dina m\u00f6bler som ett proffs\u2014starka, stabila och enkla att Installera. \ud83e\uddf1 De h\u00e4r kraftiga h\u00f6rnf\u00f6rbanden i metall \u00e4r den [&hellip;]<\/p>\n","protected":false},"featured_media":42415,"comment_status":"open","ping_status":"closed","template":"","meta":{"site-sidebar-layout":"default","site-content-layout":"","ast-site-content-layout":"default","site-content-style":"default","site-sidebar-style":"default","ast-global-header-display":"","ast-banner-title-visibility":"","ast-main-header-display":"","ast-hfb-above-header-display":"","ast-hfb-below-header-display":"","ast-hfb-mobile-header-display":"","site-post-title":"","ast-breadcrumbs-content":"","ast-featured-img":"","footer-sml-layout":"","theme-transparent-header-meta":"default","adv-header-id-meta":"","stick-header-meta":"","header-above-stick-meta":"","header-main-stick-meta":"","header-below-stick-meta":"","astra-migrate-meta-layouts":"set","ast-page-background-enabled":"default","ast-page-background-meta":{"desktop":{"background-color":"var(--ast-global-color-4)","background-image":"","background-repeat":"repeat","background-position":"center center","background-size":"auto","background-attachment":"scroll","background-type":"","background-media":"","overlay-type":"","overlay-color":"","overlay-opacity":"","overlay-gradient":""},"tablet":{"background-color":"","background-image":"","background-repeat":"repeat","background-position":"center center","background-size":"auto","background-attachment":"scroll","background-type":"","background-media":"","overlay-type":"","overlay-color":"","overlay-opacity":"","overlay-gradient":""},"mobile":{"background-color":"","background-image":"","background-repeat":"repeat","background-position":"center center","background-size":"auto","background-attachment":"scroll","background-type":"","background-media":"","overlay-type":"","overlay-color":"","overlay-opacity":"","overlay-gradient":""}},"ast-content-background-meta":{"desktop":{"background-color":"var(--ast-global-color-5)","background-image":"","background-repeat":"repeat","background-position":"center center","background-size":"auto","background-attachment":"scroll","background-type":"","background-media":"","overlay-type":"","overlay-color":"","overlay-opacity":"","overlay-gradient":""},"tablet":{"background-color":"var(--ast-global-color-5)","background-image":"","background-repeat":"repeat","background-position":"center center","background-size":"auto","background-attachment":"scroll","background-type":"","background-media":"","overlay-type":"","overlay-color":"","overlay-opacity":"","overlay-gradient":""},"mobile":{"background-color":"var(--ast-global-color-5)","background-image":"","background-repeat":"repeat","background-position":"center center","background-size":"auto","background-attachment":"scroll","background-type":"","background-media":"","overlay-type":"","overlay-color":"","overlay-opacity":"","overlay-gradient":""}}},"product_brand":[],"product_cat":[1001,996],"product_tag":[],"class_list":{"0":"post-42419","1":"product","2":"type-product","3":"status-publish","4":"has-post-thumbnail","6":"product_cat-household-goods","7":"product_cat-tools","8":"pa_32271_hwie0mrt-4-st","9":"pa_32271_hwie0mrt-8-st","10":"pa_32271_hwie0mrt-12-st","11":"desktop-align-left","12":"tablet-align-left","13":"mobile-align-left","15":"first","16":"instock","17":"shipping-taxable","18":"purchasable","19":"product-type-variable"},"_links":{"self":[{"href":"https:\/\/keluvo.com\/se\/wp-json\/wp\/v2\/product\/42419","targetHints":{"allow":["GET"]}}],"collection":[{"href":"https:\/\/keluvo.com\/se\/wp-json\/wp\/v2\/product"}],"about":[{"href":"https:\/\/keluvo.com\/se\/wp-json\/wp\/v2\/types\/product"}],"replies":[{"embeddable":true,"href":"https:\/\/keluvo.com\/se\/wp-json\/wp\/v2\/comments?post=42419"}],"wp:featuredmedia":[{"embeddable":true,"href":"https:\/\/keluvo.com\/se\/wp-json\/wp\/v2\/media\/42415"}],"wp:attachment":[{"href":"https:\/\/keluvo.com\/se\/wp-json\/wp\/v2\/media?parent=42419"}],"wp:term":[{"taxonomy":"product_brand","embeddable":true,"href":"https:\/\/keluvo.com\/se\/wp-json\/wp\/v2\/product_brand?post=42419"},{"taxonomy":"product_cat","embeddable":true,"href":"https:\/\/keluvo.com\/se\/wp-json\/wp\/v2\/product_cat?post=42419"},{"taxonomy":"product_tag","embeddable":true,"href":"https:\/\/keluvo.com\/se\/wp-json\/wp\/v2\/product_tag?post=42419"}],"curies":[{"name":"wp","href":"https:\/\/api.w.org\/{rel}","templated":true}]}}