{"id":42376,"date":"2025-10-14T23:14:45","date_gmt":"2025-10-14T20:14:45","guid":{"rendered":"https:\/\/keluvo.com\/se\/product\/arrangor-for-smycken-2\/"},"modified":"2025-11-11T11:26:55","modified_gmt":"2025-11-11T09:26:55","slug":"arrangor-for-smycken-2","status":"publish","type":"product","link":"https:\/\/keluvo.com\/se\/product\/arrangor-for-smycken-2\/","title":{"rendered":"Arrang\u00f6r f\u00f6r smycken"},"content":{"rendered":"<p style=\"text-align: center;\" data-start=\"0\" data-end=\"50\">Transparent smyckesf\u00f6rvaring \ud83d\udc8e\u2728<\/p>\n<p style=\"text-align: center;\" data-start=\"52\" data-end=\"302\">Med denna praktiska transparenta smyckesf\u00f6rvaring \u00e4r dina smycken, rena, s\u00e4kra och l\u00e4tta att hitta. Den \u00e4r utformad med flera genomskinliga fickor och \u00e4r perfekt f\u00f6r f\u00f6rvaring av \u00f6rh\u00e4ngen, ringar, berlocker och andra sm\u00e5 accessoarer samtidigt som de \u00e4r synliga.<\/p>\n<p data-start=\"52\" data-end=\"302\"><img decoding=\"async\" class=\"size-full wp-image-32377 aligncenter\" src=\"https:\/\/keluvo.com\/template\/wp-content\/uploads\/sites\/5\/2025\/08\/072111-ezgif.com-video-to-webp-converter-1.webp\" alt=\"\" \/><\/p>\n<h2 style=\"text-align: center;\" data-start=\"309\" data-end=\"331\"><strong>Huvudf\u00f6rdelar<\/strong><\/h2>\n<p data-start=\"334\" data-end=\"393\">\ud83d\udcd6 Bokliknande design \u2013 kompakt och l\u00e4tt att f\u00f6rvara eller b\u00e4ra<\/p>\n<p data-start=\"396\" data-end=\"461\">\ud83d\udc8e 84 genomskinliga rutor \u2013 h\u00e5ller smyckena organiserade och dammfria<\/p>\n<p data-start=\"464\" data-end=\"537\">\ud83d\udc40 Genomskinliga fickor \u2013 hittar snabbt ditt favoritpar \u00f6rh\u00e4ngen eller ringar<\/p>\n<p data-start=\"540\" data-end=\"602\">\ud83d\udc5c L\u00e4tt och b\u00e4rbar \u2013 perfekt f\u00f6r resor eller vardagsbruk<\/p>\n<p data-start=\"605\" data-end=\"660\">\u2728 Skyddar smycken fr\u00e5n repor, trassel och f\u00f6rlust<\/p>\n<p data-start=\"605\" data-end=\"660\"><img decoding=\"async\" class=\"size-full wp-image-32374 aligncenter\" src=\"https:\/\/keluvo.com\/template\/wp-content\/uploads\/sites\/5\/2025\/08\/Sefa6997881034381bf895a60499c85dcm.webp\" alt=\"\" \/><\/p>\n<h2 style=\"text-align: center;\" data-start=\"667\" data-end=\"686\">S\u00e5 h\u00e4r g\u00f6r du<\/h2>\n<ol data-start=\"687\" data-end=\"851\">\n<li data-start=\"687\" data-end=\"714\">\n<p data-start=\"690\" data-end=\"714\">\u00d6ppna smyckesorganisat\u00f6ren.<\/p>\n<\/li>\n<li data-start=\"715\" data-end=\"770\">\n<p data-start=\"718\" data-end=\"770\">St\u00e4ng den och f\u00f6rvara den s\u00e4kert hemma eller packa ner den i v\u00e4skan n\u00e4r du reser.<\/p>\n<\/li>\n<\/ol>\n<h2 style=\"text-align: center;\" data-start=\"858\" data-end=\"882\"><strong>Produktdetaljer<\/strong><\/h2>\n<ul data-start=\"883\" data-end=\"1052\">\n<li data-start=\"883\" data-end=\"927\">\n<p data-start=\"885\" data-end=\"927\">Material: slitstark PVC med genomskinliga fickor<\/p>\n<\/li>\n<li data-start=\"928\" data-end=\"958\">\n<p data-start=\"930\" data-end=\"958\">Kapacitet: 84 rutn\u00e4t (fack)<\/p>\n<\/li>\n<li data-start=\"959\" data-end=\"1005\">\n<p data-start=\"961\" data-end=\"1005\">Storlek: 24,5 cm x 20,5 cm<\/p>\n<\/li>\n<li data-start=\"1006\" data-end=\"1052\">\n<p data-start=\"1008\" data-end=\"1052\">Stil: genomskinlig design f\u00f6r enkel visning<\/p>\n<\/li>\n<\/ul>\n<h2 style=\"text-align: center;\" data-start=\"1059\" data-end=\"1084\">Paketet inneh\u00e5ller<\/h2>\n<ul data-start=\"1085\" data-end=\"1133\">\n<li data-start=\"1085\" data-end=\"1133\">\n<p data-start=\"1087\" data-end=\"1133\">1x genomskinlig smyckesorganisat\u00f6r.<\/p>\n<\/li>\n<\/ul>\n","protected":false},"excerpt":{"rendered":"<p>Transparent smyckesf\u00f6rvaring \ud83d\udc8e\u2728 Med denna praktiska transparenta smyckesf\u00f6rvaring \u00e4r dina smycken, rena, s\u00e4kra och l\u00e4tta att hitta. Den \u00e4r utformad [&hellip;]<\/p>\n","protected":false},"featured_media":42372,"comment_status":"open","ping_status":"closed","template":"","meta":{"site-sidebar-layout":"default","site-content-layout":"","ast-site-content-layout":"default","site-content-style":"default","site-sidebar-style":"default","ast-global-header-display":"","ast-banner-title-visibility":"","ast-main-header-display":"","ast-hfb-above-header-display":"","ast-hfb-below-header-display":"","ast-hfb-mobile-header-display":"","site-post-title":"","ast-breadcrumbs-content":"","ast-featured-img":"","footer-sml-layout":"","theme-transparent-header-meta":"default","adv-header-id-meta":"","stick-header-meta":"","header-above-stick-meta":"","header-main-stick-meta":"","header-below-stick-meta":"","astra-migrate-meta-layouts":"set","ast-page-background-enabled":"default","ast-page-background-meta":{"desktop":{"background-color":"var(--ast-global-color-4)","background-image":"","background-repeat":"repeat","background-position":"center center","background-size":"auto","background-attachment":"scroll","background-type":"","background-media":"","overlay-type":"","overlay-color":"","overlay-opacity":"","overlay-gradient":""},"tablet":{"background-color":"","background-image":"","background-repeat":"repeat","background-position":"center center","background-size":"auto","background-attachment":"scroll","background-type":"","background-media":"","overlay-type":"","overlay-color":"","overlay-opacity":"","overlay-gradient":""},"mobile":{"background-color":"","background-image":"","background-repeat":"repeat","background-position":"center center","background-size":"auto","background-attachment":"scroll","background-type":"","background-media":"","overlay-type":"","overlay-color":"","overlay-opacity":"","overlay-gradient":""}},"ast-content-background-meta":{"desktop":{"background-color":"var(--ast-global-color-5)","background-image":"","background-repeat":"repeat","background-position":"center center","background-size":"auto","background-attachment":"scroll","background-type":"","background-media":"","overlay-type":"","overlay-color":"","overlay-opacity":"","overlay-gradient":""},"tablet":{"background-color":"var(--ast-global-color-5)","background-image":"","background-repeat":"repeat","background-position":"center center","background-size":"auto","background-attachment":"scroll","background-type":"","background-media":"","overlay-type":"","overlay-color":"","overlay-opacity":"","overlay-gradient":""},"mobile":{"background-color":"var(--ast-global-color-5)","background-image":"","background-repeat":"repeat","background-position":"center center","background-size":"auto","background-attachment":"scroll","background-type":"","background-media":"","overlay-type":"","overlay-color":"","overlay-opacity":"","overlay-gradient":""}}},"product_brand":[],"product_cat":[993],"product_tag":[],"class_list":{"0":"post-42376","1":"product","2":"type-product","3":"status-publish","4":"has-post-thumbnail","6":"product_cat-footwear-accessories","7":"pa_30656_vp5yn65c-225-cm-x-105-cm","8":"pa_30656_vp5yn65c-245-cm-x-205-cm","9":"desktop-align-left","10":"tablet-align-left","11":"mobile-align-left","13":"first","14":"instock","15":"shipping-taxable","16":"purchasable","17":"product-type-simple"},"_links":{"self":[{"href":"https:\/\/keluvo.com\/se\/wp-json\/wp\/v2\/product\/42376","targetHints":{"allow":["GET"]}}],"collection":[{"href":"https:\/\/keluvo.com\/se\/wp-json\/wp\/v2\/product"}],"about":[{"href":"https:\/\/keluvo.com\/se\/wp-json\/wp\/v2\/types\/product"}],"replies":[{"embeddable":true,"href":"https:\/\/keluvo.com\/se\/wp-json\/wp\/v2\/comments?post=42376"}],"wp:featuredmedia":[{"embeddable":true,"href":"https:\/\/keluvo.com\/se\/wp-json\/wp\/v2\/media\/42372"}],"wp:attachment":[{"href":"https:\/\/keluvo.com\/se\/wp-json\/wp\/v2\/media?parent=42376"}],"wp:term":[{"taxonomy":"product_brand","embeddable":true,"href":"https:\/\/keluvo.com\/se\/wp-json\/wp\/v2\/product_brand?post=42376"},{"taxonomy":"product_cat","embeddable":true,"href":"https:\/\/keluvo.com\/se\/wp-json\/wp\/v2\/product_cat?post=42376"},{"taxonomy":"product_tag","embeddable":true,"href":"https:\/\/keluvo.com\/se\/wp-json\/wp\/v2\/product_tag?post=42376"}],"curies":[{"name":"wp","href":"https:\/\/api.w.org\/{rel}","templated":true}]}}