{"id":42245,"date":"2025-10-14T23:06:15","date_gmt":"2025-10-14T20:06:15","guid":{"rendered":"https:\/\/keluvo.com\/se\/product\/kudde-for-bilbarnstol\/"},"modified":"2025-10-20T18:57:06","modified_gmt":"2025-10-20T15:57:06","slug":"kudde-for-bilbarnstol","status":"publish","type":"product","link":"https:\/\/keluvo.com\/se\/product\/kudde-for-bilbarnstol\/","title":{"rendered":"Kudde f\u00f6r bilbarnstol"},"content":{"rendered":"<p style=\"text-align: center;\" data-start=\"0\" data-end=\"40\">K\u00f6r bekv\u00e4mt vart du \u00e4n ska \ud83d\ude97<\/p>\n<p style=\"text-align: center;\" data-start=\"41\" data-end=\"312\">Den h\u00e4r bils\u00e4teskudden ger \u00f6verl\u00e4gset st\u00f6d f\u00f6r nacke och huvud med mjukt, h\u00f6gkvalitativt minnesskum som formar sig perfekt efter din kropp. Den \u00e4r utformad f\u00f6r l\u00e5nga bilresor, resor eller vardaglig pendling och lindrar nacksp\u00e4nningar och hj\u00e4lper dig att h\u00e5lla koncentrationen p\u00e5 v\u00e4gen.<\/p>\n<p data-start=\"41\" data-end=\"312\"><img decoding=\"async\" class=\"size-full wp-image-37174 aligncenter\" src=\"https:\/\/keluvo.com\/template\/wp-content\/uploads\/sites\/5\/2025\/10\/10026-ezgif.com-video-to-webp-converter-1.webp\" alt=\"\" \/><\/p>\n<h2 style=\"text-align: center;\" data-start=\"319\" data-end=\"340\">Huvudf\u00f6rdelar \u2705<\/h2>\n<p data-start=\"343\" data-end=\"437\">\ud83d\udca4 Ultimat komfort &#8211; minnesskum ger mjukt st\u00f6d \u00e5t nacke och huvud f\u00f6r en avkopplande resa<\/p>\n<p data-start=\"440\" data-end=\"523\">\ud83e\udde0 Ergonomisk design &#8211; anpassar din br\u00f6strygg f\u00f6r att minska p\u00e5frestningar och tr\u00f6tthet<\/p>\n<p data-start=\"526\" data-end=\"617\">\ud83c\udf2c\ufe0f Andningsbart &amp; mjukt tyg &#8211; k\u00e4nns skonsamt mot huden och h\u00e5ller sig svalt under alla \u00e5rstider<\/p>\n<p data-start=\"620\" data-end=\"695\">\ud83d\ude98 Perfekt f\u00f6r resor &#8211; perfekt f\u00f6r bilar, roadtrips och l\u00e5nga pendlingsresor<\/p>\n<p data-start=\"698\" data-end=\"786\">\ud83c\udf81 Bra presentid\u00e9 &#8211; perfekt f\u00f6r alla som k\u00f6r ofta eller lider av nacksm\u00e4rta<\/p>\n<p data-start=\"698\" data-end=\"786\"><img decoding=\"async\" class=\"size-full wp-image-37172 aligncenter\" src=\"https:\/\/keluvo.com\/template\/wp-content\/uploads\/sites\/5\/2025\/10\/CARCOMFO13331__4cbf547b-1.jpg\" alt=\"\" \/><\/p>\n<h2 style=\"text-align: center;\" data-start=\"793\" data-end=\"813\">Anv\u00e4nd s\u00e5 h\u00e4r \ud83d\udee0\ufe0f<\/h2>\n<ol data-start=\"814\" data-end=\"996\">\n<li data-start=\"814\" data-end=\"862\">\n<p data-start=\"817\" data-end=\"862\">Placera kudden p\u00e5 bils\u00e4tets nackst\u00f6d.<\/p>\n<\/li>\n<li data-start=\"863\" data-end=\"930\">\n<p data-start=\"866\" data-end=\"930\">Justera h\u00f6jd och vinkel f\u00f6r optimalt st\u00f6d f\u00f6r nacke och huvud.<\/p>\n<\/li>\n<li data-start=\"931\" data-end=\"996\">\n<p data-start=\"934\" data-end=\"996\">Luta dig tillbaka, koppla av och njut av en bekv\u00e4m, stressfri bilresa.<\/p>\n<\/li>\n<\/ol>\n<h2 style=\"text-align: center;\">Produktinformation \u2139\ufe0f<\/h2>\n<ul data-start=\"1028\" data-end=\"1362\">\n<li data-start=\"1028\" data-end=\"1082\">\n<p data-start=\"1030\" data-end=\"1082\">Material: Andningsbart n\u00e4ttyg + minnesskum<\/p>\n<\/li>\n<li data-start=\"1083\" data-end=\"1122\">\n<p data-start=\"1085\" data-end=\"1122\">Stil: Enkel, ergonomisk design<\/p>\n<\/li>\n<li data-start=\"1123\" data-end=\"1161\">\n<p data-start=\"1125\" data-end=\"1161\">Applicerbar s\u00e4song: Alla \u00e5rstider<\/p>\n<\/li>\n<li data-start=\"1162\" data-end=\"1232\">\n<p data-start=\"1164\" data-end=\"1232\">Funktioner: lindrar nacksm\u00e4rta, st\u00f6djer ryggraden, f\u00f6rb\u00e4ttrar h\u00e5llningen<\/p>\n<\/li>\n<li data-start=\"1233\" data-end=\"1362\">\n<p data-start=\"1235\" data-end=\"1247\">Storlek: 30cm x 26cm<\/p>\n<\/li>\n<li data-start=\"1233\" data-end=\"1362\">F\u00e4rg: Svart<\/li>\n<\/ul>\n<h2 style=\"text-align: center;\" data-start=\"1369\" data-end=\"1394\">Paketet inneh\u00e5ller \ud83d\udce6<\/h2>\n<ul data-start=\"1395\" data-end=\"1430\">\n<li data-start=\"1395\" data-end=\"1430\">\n<p data-start=\"1397\" data-end=\"1430\">1x kudde f\u00f6r bilbarnstol.<\/p>\n<\/li>\n<\/ul>\n","protected":false},"excerpt":{"rendered":"<p>K\u00f6r bekv\u00e4mt vart du \u00e4n ska \ud83d\ude97 Den h\u00e4r bils\u00e4teskudden ger \u00f6verl\u00e4gset st\u00f6d f\u00f6r nacke och huvud med mjukt, h\u00f6gkvalitativt [&hellip;]<\/p>\n","protected":false},"featured_media":42241,"comment_status":"open","ping_status":"closed","template":"","meta":{"site-sidebar-layout":"default","site-content-layout":"","ast-site-content-layout":"default","site-content-style":"default","site-sidebar-style":"default","ast-global-header-display":"","ast-banner-title-visibility":"","ast-main-header-display":"","ast-hfb-above-header-display":"","ast-hfb-below-header-display":"","ast-hfb-mobile-header-display":"","site-post-title":"","ast-breadcrumbs-content":"","ast-featured-img":"","footer-sml-layout":"","theme-transparent-header-meta":"default","adv-header-id-meta":"","stick-header-meta":"","header-above-stick-meta":"","header-main-stick-meta":"","header-below-stick-meta":"","astra-migrate-meta-layouts":"set","ast-page-background-enabled":"default","ast-page-background-meta":{"desktop":{"background-color":"var(--ast-global-color-4)","background-image":"","background-repeat":"repeat","background-position":"center center","background-size":"auto","background-attachment":"scroll","background-type":"","background-media":"","overlay-type":"","overlay-color":"","overlay-opacity":"","overlay-gradient":""},"tablet":{"background-color":"","background-image":"","background-repeat":"repeat","background-position":"center center","background-size":"auto","background-attachment":"scroll","background-type":"","background-media":"","overlay-type":"","overlay-color":"","overlay-opacity":"","overlay-gradient":""},"mobile":{"background-color":"","background-image":"","background-repeat":"repeat","background-position":"center center","background-size":"auto","background-attachment":"scroll","background-type":"","background-media":"","overlay-type":"","overlay-color":"","overlay-opacity":"","overlay-gradient":""}},"ast-content-background-meta":{"desktop":{"background-color":"var(--ast-global-color-5)","background-image":"","background-repeat":"repeat","background-position":"center center","background-size":"auto","background-attachment":"scroll","background-type":"","background-media":"","overlay-type":"","overlay-color":"","overlay-opacity":"","overlay-gradient":""},"tablet":{"background-color":"var(--ast-global-color-5)","background-image":"","background-repeat":"repeat","background-position":"center center","background-size":"auto","background-attachment":"scroll","background-type":"","background-media":"","overlay-type":"","overlay-color":"","overlay-opacity":"","overlay-gradient":""},"mobile":{"background-color":"var(--ast-global-color-5)","background-image":"","background-repeat":"repeat","background-position":"center center","background-size":"auto","background-attachment":"scroll","background-type":"","background-media":"","overlay-type":"","overlay-color":"","overlay-opacity":"","overlay-gradient":""}}},"product_brand":[],"product_cat":[998],"product_tag":[],"class_list":{"0":"post-42245","1":"product","2":"type-product","3":"status-publish","4":"has-post-thumbnail","6":"product_cat-automotive-products","7":"desktop-align-left","8":"tablet-align-left","9":"mobile-align-left","11":"first","12":"instock","13":"shipping-taxable","14":"purchasable","15":"product-type-simple"},"_links":{"self":[{"href":"https:\/\/keluvo.com\/se\/wp-json\/wp\/v2\/product\/42245","targetHints":{"allow":["GET"]}}],"collection":[{"href":"https:\/\/keluvo.com\/se\/wp-json\/wp\/v2\/product"}],"about":[{"href":"https:\/\/keluvo.com\/se\/wp-json\/wp\/v2\/types\/product"}],"replies":[{"embeddable":true,"href":"https:\/\/keluvo.com\/se\/wp-json\/wp\/v2\/comments?post=42245"}],"wp:featuredmedia":[{"embeddable":true,"href":"https:\/\/keluvo.com\/se\/wp-json\/wp\/v2\/media\/42241"}],"wp:attachment":[{"href":"https:\/\/keluvo.com\/se\/wp-json\/wp\/v2\/media?parent=42245"}],"wp:term":[{"taxonomy":"product_brand","embeddable":true,"href":"https:\/\/keluvo.com\/se\/wp-json\/wp\/v2\/product_brand?post=42245"},{"taxonomy":"product_cat","embeddable":true,"href":"https:\/\/keluvo.com\/se\/wp-json\/wp\/v2\/product_cat?post=42245"},{"taxonomy":"product_tag","embeddable":true,"href":"https:\/\/keluvo.com\/se\/wp-json\/wp\/v2\/product_tag?post=42245"}],"curies":[{"name":"wp","href":"https:\/\/api.w.org\/{rel}","templated":true}]}}