{"id":42209,"date":"2025-10-14T23:04:21","date_gmt":"2025-10-14T20:04:21","guid":{"rendered":"https:\/\/keluvo.com\/se\/product\/rengoringsmedel-for-smycken\/"},"modified":"2025-10-20T18:31:22","modified_gmt":"2025-10-20T15:31:22","slug":"rengoringsmedel-for-smycken","status":"publish","type":"product","link":"https:\/\/keluvo.com\/se\/product\/rengoringsmedel-for-smycken\/","title":{"rendered":"Reng\u00f6ringsmedel f\u00f6r smycken"},"content":{"rendered":"<p style=\"text-align: center;\" data-start=\"0\" data-end=\"44\">F\u00e5 tillbaka glansen p\u00e5 dina smycken \ud83d\udc8e<\/p>\n<p style=\"text-align: center;\" data-start=\"45\" data-end=\"290\">Den h\u00e4r smyckesreng\u00f6ringen \u00e5terst\u00e4ller dina favoritsmycken till sin ursprungliga glans p\u00e5 bara n\u00e5gra minuter. S\u00e4ker, snabb och effektiv &#8211; den tar bort smuts, fl\u00e4ckar och missf\u00e4rgningar utan att skada k\u00e4nsliga material, s\u00e5 att dina smycken ser ut somnya i flera m\u00e5nader.<\/p>\n<p data-start=\"45\" data-end=\"290\"><img decoding=\"async\" class=\"size-full wp-image-37147 aligncenter\" src=\"https:\/\/keluvo.com\/template\/wp-content\/uploads\/sites\/5\/2025\/10\/10024-ezgif.com-video-to-webp-converter-1.webp\" alt=\"\" \/><\/p>\n<h2 style=\"text-align: center;\" data-start=\"297\" data-end=\"318\"><strong>Huvudf\u00f6rdelar \u2705<\/strong><\/h2>\n<p data-start=\"321\" data-end=\"387\">\u2728 Omedelbar glans &#8211; f\u00e5r smycken att glittra igen inom n\u00e5gra minuter<\/p>\n<p data-start=\"390\" data-end=\"469\">\ud83d\udca7 Skonsam &amp; s\u00e4ker &#8211; kemikaliefri, ammoniakfri och biologiskt nedbrytbar formula<\/p>\n<p data-start=\"472\" data-end=\"559\">\ud83d\udc8d M\u00e5ngsidig anv\u00e4ndning &#8211; perfekt f\u00f6r guld, silver, diamanter, titan, emalj med mera<\/p>\n<p data-start=\"562\" data-end=\"643\">\ud83e\uddfc L\u00e5ngvarigt skydd &#8211; h\u00e5ller smyckena missf\u00e4rgningsfria i upp till 12 m\u00e5nader<\/p>\n<p data-start=\"646\" data-end=\"721\">\ud83c\udf3f Milj\u00f6v\u00e4nlig formula &#8211; s\u00e4ker f\u00f6r hud, smycken och milj\u00f6<\/p>\n<p data-start=\"646\" data-end=\"721\"><img decoding=\"async\" class=\"size-full wp-image-37146 aligncenter\" src=\"https:\/\/keluvo.com\/template\/wp-content\/uploads\/sites\/5\/2025\/10\/Sc565643d4d964ce3b6f66a71e69f1363F.jpg_960x960q75.jpg_.avif\" alt=\"\" \/><\/p>\n<h2 style=\"text-align: center;\" data-start=\"728\" data-end=\"748\">Anv\u00e4nd s\u00e5 h\u00e4r \ud83d\udee0\ufe0f<\/h2>\n<ol data-start=\"749\" data-end=\"941\">\n<li data-start=\"749\" data-end=\"809\">\n<p data-start=\"752\" data-end=\"809\">Applicera en liten m\u00e4ngd reng\u00f6ringsmedel p\u00e5 smycket.<\/p>\n<\/li>\n<li data-start=\"810\" data-end=\"874\">\n<p data-start=\"813\" data-end=\"874\">Borsta f\u00f6rsiktigt smyckesytan fram och tillbaka tills den \u00e4r ren och torr.<\/p>\n<\/li>\n<li data-start=\"875\" data-end=\"941\">\n<p data-start=\"878\" data-end=\"941\">Avsluta med att torka torrt med en mjuk handduk f\u00f6r en str\u00e5lande glans.<\/p>\n<\/li>\n<\/ol>\n<h2 style=\"text-align: center;\" data-start=\"948\" data-end=\"972\">Produktinformation \u2139\ufe0f<\/h2>\n<ul data-start=\"973\" data-end=\"1243\">\n<li data-start=\"973\" data-end=\"1017\">\n<p data-start=\"975\" data-end=\"1017\">Volym: 30 ml<\/p>\n<\/li>\n<li data-start=\"1018\" data-end=\"1077\">\n<p data-start=\"1020\" data-end=\"1077\">Formula: ammoniakfri, kemikaliefri, biologiskt nedbrytbar<\/p>\n<\/li>\n<li data-start=\"1078\" data-end=\"1180\">\n<p data-start=\"1080\" data-end=\"1180\">L\u00e4mplig f\u00f6r: guld, silver, rostfritt st\u00e5l, titan, diamanter, emalj, mjuka stenar med mera<\/p>\n<\/li>\n<li data-start=\"1181\" data-end=\"1243\">\n<p data-start=\"1183\" data-end=\"1243\">Effektens varaktighet: upp till 12 m\u00e5naders skydd mot missf\u00e4rgning<\/p>\n<\/li>\n<li data-start=\"1181\" data-end=\"1243\">Satsen inneh\u00e5ller: 1x smyckesreng\u00f6rare, 1x borste och 2x eng\u00e5ngshandskar<\/li>\n<\/ul>\n<h2 style=\"text-align: center;\" data-start=\"1250\" data-end=\"1275\">Paketet inneh\u00e5ller \ud83d\udce6<\/h2>\n<ul data-start=\"1276\" data-end=\"1299\">\n<li data-start=\"1276\" data-end=\"1299\">\n<p data-start=\"1278\" data-end=\"1299\">1, 2, 3x smyckesreng\u00f6ringsset\/s.<\/p>\n<\/li>\n<\/ul>\n","protected":false},"excerpt":{"rendered":"<p>F\u00e5 tillbaka glansen p\u00e5 dina smycken \ud83d\udc8e Den h\u00e4r smyckesreng\u00f6ringen \u00e5terst\u00e4ller dina favoritsmycken till sin ursprungliga glans p\u00e5 bara n\u00e5gra [&hellip;]<\/p>\n","protected":false},"featured_media":42205,"comment_status":"open","ping_status":"closed","template":"","meta":{"site-sidebar-layout":"default","site-content-layout":"","ast-site-content-layout":"default","site-content-style":"default","site-sidebar-style":"default","ast-global-header-display":"","ast-banner-title-visibility":"","ast-main-header-display":"","ast-hfb-above-header-display":"","ast-hfb-below-header-display":"","ast-hfb-mobile-header-display":"","site-post-title":"","ast-breadcrumbs-content":"","ast-featured-img":"","footer-sml-layout":"","theme-transparent-header-meta":"default","adv-header-id-meta":"","stick-header-meta":"","header-above-stick-meta":"","header-main-stick-meta":"","header-below-stick-meta":"","astra-migrate-meta-layouts":"set","ast-page-background-enabled":"default","ast-page-background-meta":{"desktop":{"background-color":"var(--ast-global-color-4)","background-image":"","background-repeat":"repeat","background-position":"center center","background-size":"auto","background-attachment":"scroll","background-type":"","background-media":"","overlay-type":"","overlay-color":"","overlay-opacity":"","overlay-gradient":""},"tablet":{"background-color":"","background-image":"","background-repeat":"repeat","background-position":"center center","background-size":"auto","background-attachment":"scroll","background-type":"","background-media":"","overlay-type":"","overlay-color":"","overlay-opacity":"","overlay-gradient":""},"mobile":{"background-color":"","background-image":"","background-repeat":"repeat","background-position":"center center","background-size":"auto","background-attachment":"scroll","background-type":"","background-media":"","overlay-type":"","overlay-color":"","overlay-opacity":"","overlay-gradient":""}},"ast-content-background-meta":{"desktop":{"background-color":"var(--ast-global-color-5)","background-image":"","background-repeat":"repeat","background-position":"center center","background-size":"auto","background-attachment":"scroll","background-type":"","background-media":"","overlay-type":"","overlay-color":"","overlay-opacity":"","overlay-gradient":""},"tablet":{"background-color":"var(--ast-global-color-5)","background-image":"","background-repeat":"repeat","background-position":"center center","background-size":"auto","background-attachment":"scroll","background-type":"","background-media":"","overlay-type":"","overlay-color":"","overlay-opacity":"","overlay-gradient":""},"mobile":{"background-color":"var(--ast-global-color-5)","background-image":"","background-repeat":"repeat","background-position":"center center","background-size":"auto","background-attachment":"scroll","background-type":"","background-media":"","overlay-type":"","overlay-color":"","overlay-opacity":"","overlay-gradient":""}}},"product_brand":[],"product_cat":[993],"product_tag":[],"class_list":{"0":"post-42209","1":"product","2":"type-product","3":"status-publish","4":"has-post-thumbnail","6":"product_cat-footwear-accessories","7":"pa_44576_ps71eh8z-1-st","8":"pa_44576_ps71eh8z-2-st","9":"pa_44576_ps71eh8z-3-st","10":"desktop-align-left","11":"tablet-align-left","12":"mobile-align-left","14":"first","15":"instock","16":"shipping-taxable","17":"purchasable","18":"product-type-variable"},"_links":{"self":[{"href":"https:\/\/keluvo.com\/se\/wp-json\/wp\/v2\/product\/42209","targetHints":{"allow":["GET"]}}],"collection":[{"href":"https:\/\/keluvo.com\/se\/wp-json\/wp\/v2\/product"}],"about":[{"href":"https:\/\/keluvo.com\/se\/wp-json\/wp\/v2\/types\/product"}],"replies":[{"embeddable":true,"href":"https:\/\/keluvo.com\/se\/wp-json\/wp\/v2\/comments?post=42209"}],"wp:featuredmedia":[{"embeddable":true,"href":"https:\/\/keluvo.com\/se\/wp-json\/wp\/v2\/media\/42205"}],"wp:attachment":[{"href":"https:\/\/keluvo.com\/se\/wp-json\/wp\/v2\/media?parent=42209"}],"wp:term":[{"taxonomy":"product_brand","embeddable":true,"href":"https:\/\/keluvo.com\/se\/wp-json\/wp\/v2\/product_brand?post=42209"},{"taxonomy":"product_cat","embeddable":true,"href":"https:\/\/keluvo.com\/se\/wp-json\/wp\/v2\/product_cat?post=42209"},{"taxonomy":"product_tag","embeddable":true,"href":"https:\/\/keluvo.com\/se\/wp-json\/wp\/v2\/product_tag?post=42209"}],"curies":[{"name":"wp","href":"https:\/\/api.w.org\/{rel}","templated":true}]}}