{"id":42191,"date":"2025-10-14T23:03:18","date_gmt":"2025-10-14T20:03:18","guid":{"rendered":"https:\/\/keluvo.com\/se\/product\/raderbara-pennor\/"},"modified":"2025-10-20T18:19:32","modified_gmt":"2025-10-20T15:19:32","slug":"raderbara-pennor","status":"publish","type":"product","link":"https:\/\/keluvo.com\/se\/product\/raderbara-pennor\/","title":{"rendered":"Raderbara pennor"},"content":{"rendered":"<p style=\"text-align: center;\" data-start=\"0\" data-end=\"33\">Skriv och sudda med l\u00e4tthet \u270d\ufe0f<\/p>\n<p style=\"text-align: center;\" data-start=\"34\" data-end=\"260\">Setet med suddbara pennor g\u00f6r att du kan skriva smidigt och r\u00e4tta till misstag direkt utan fl\u00e4ckar eller pappersskador. Perfekt f\u00f6r dagb\u00f6cker, teckningar eller anteckningar &#8211; de h\u00e4r pennorna g\u00f6r varje linje snygg och varje korrigering enkel.<\/p>\n<p data-start=\"34\" data-end=\"260\"><img decoding=\"async\" class=\"size-full wp-image-37129 aligncenter\" src=\"https:\/\/keluvo.com\/template\/wp-content\/uploads\/sites\/5\/2025\/10\/10023-ezgif.com-video-to-webp-converter-1.webp\" alt=\"\" \/><\/p>\n<h2 style=\"text-align: center;\" data-start=\"267\" data-end=\"288\">Huvudf\u00f6rdelar \u2705<\/h2>\n<p data-start=\"291\" data-end=\"362\">\ud83d\udd8a\ufe0f Smidig skrift &#8211; glider \u00f6ver papperet med rena, exakta linjer<\/p>\n<p data-start=\"365\" data-end=\"437\">\ud83d\udd04 Raderbart bl\u00e4ck &#8211; korrigera misstag enkelt utan att riva s\u00f6nder pappret<\/p>\n<p data-start=\"440\" data-end=\"513\">\ud83c\udfa8 Levande f\u00e4rger &#8211; ljust bl\u00e4ck perfekt f\u00f6r anteckningar, konst och dagboksskrivande<\/p>\n<p data-start=\"516\" data-end=\"588\">\ud83d\udcaa H\u00e5llbar design &#8211; tillverkad av robust plast med bekv\u00e4mt grepp<\/p>\n<p data-start=\"591\" data-end=\"676\">\ud83e\udde0 Perfekt f\u00f6r studenter och kreativa &#8211; perfekt f\u00f6r skolan, kontoret eller privat bruk<\/p>\n<p data-start=\"591\" data-end=\"676\"><img decoding=\"async\" class=\"size-full wp-image-37134 aligncenter\" src=\"https:\/\/keluvo.com\/template\/wp-content\/uploads\/sites\/5\/2025\/10\/10022-ezgif.com-video-to-webp-converter-1.webp\" alt=\"\" \/><\/p>\n<h2 style=\"text-align: center;\" data-start=\"683\" data-end=\"703\">Anv\u00e4ndning \ud83d\udee0\ufe0f<\/h2>\n<ol data-start=\"704\" data-end=\"893\">\n<li data-start=\"704\" data-end=\"750\">\n<p data-start=\"707\" data-end=\"750\">Skriv som du skulle g\u00f6ra med en vanlig gelpenna.<\/p>\n<\/li>\n<li data-start=\"751\" data-end=\"815\">\n<p data-start=\"754\" data-end=\"815\">F\u00f6r att sudda gnuggar du f\u00f6rsiktigt det inbyggda suddgummit eller det medf\u00f6ljande suddgummit \u00f6ver bl\u00e4ckomr\u00e5det.<\/p>\n<\/li>\n<li data-start=\"816\" data-end=\"893\">\n<p data-start=\"819\" data-end=\"893\">Skriv om direkt &#8211; det suddbara bl\u00e4cket l\u00e4mnar ditt papper rent och sl\u00e4tt.<\/p>\n<\/li>\n<\/ol>\n<h2 style=\"text-align: center;\" data-start=\"900\" data-end=\"924\">Produktdetaljer \u2139\ufe0f<\/h2>\n<ul data-start=\"925\" data-end=\"1170\">\n<li data-start=\"961\" data-end=\"999\">\n<p data-start=\"963\" data-end=\"999\">Material: plast med gelbl\u00e4ck<\/p>\n<\/li>\n<li data-start=\"1000\" data-end=\"1025\">\n<p data-start=\"1002\" data-end=\"1025\">Pennans l\u00e4ngd: 14,7 cm<\/p>\n<\/li>\n<li data-start=\"1026\" data-end=\"1059\">\n<p data-start=\"1028\" data-end=\"1059\">Spetsstorlek: 0,5 mm fin spets<\/p>\n<\/li>\n<li data-start=\"1060\" data-end=\"1120\">\n<p data-start=\"1062\" data-end=\"1120\">Funktioner: smidigt skrivande, ljus f\u00e4rg, raderbart bl\u00e4ck<\/p>\n<\/li>\n<li data-start=\"1121\" data-end=\"1170\">\n<p data-start=\"1123\" data-end=\"1170\">Anv\u00e4nds f\u00f6r: dagboksanteckningar, teckning, anteckningar<\/p>\n<\/li>\n<li data-start=\"1121\" data-end=\"1170\">F\u00e4rg: svart, r\u00f6d, bl\u00e5<\/li>\n<\/ul>\n<h2 style=\"text-align: center;\" data-start=\"1177\" data-end=\"1202\">F\u00f6rpackningen inneh\u00e5ller \ud83d\udce6<\/h2>\n<ul data-start=\"1203\" data-end=\"1258\">\n<li data-start=\"1203\" data-end=\"1258\">\n<p data-start=\"1205\" data-end=\"1258\">4x pennor med raderbart bl\u00e4ck<\/p>\n<\/li>\n<li data-start=\"1203\" data-end=\"1258\">\n<p data-start=\"1205\" data-end=\"1258\">50x refiller<\/p>\n<\/li>\n<li data-start=\"1203\" data-end=\"1258\">6x suddgummi (slumpm\u00e4ssig f\u00e4rg).<\/li>\n<\/ul>\n","protected":false},"excerpt":{"rendered":"<p>Skriv och sudda med l\u00e4tthet \u270d\ufe0f Setet med suddbara pennor g\u00f6r att du kan skriva smidigt och r\u00e4tta till misstag [&hellip;]<\/p>\n","protected":false},"featured_media":42187,"comment_status":"open","ping_status":"closed","template":"","meta":{"site-sidebar-layout":"default","site-content-layout":"","ast-site-content-layout":"default","site-content-style":"default","site-sidebar-style":"default","ast-global-header-display":"","ast-banner-title-visibility":"","ast-main-header-display":"","ast-hfb-above-header-display":"","ast-hfb-below-header-display":"","ast-hfb-mobile-header-display":"","site-post-title":"","ast-breadcrumbs-content":"","ast-featured-img":"","footer-sml-layout":"","theme-transparent-header-meta":"default","adv-header-id-meta":"","stick-header-meta":"","header-above-stick-meta":"","header-main-stick-meta":"","header-below-stick-meta":"","astra-migrate-meta-layouts":"set","ast-page-background-enabled":"default","ast-page-background-meta":{"desktop":{"background-color":"var(--ast-global-color-4)","background-image":"","background-repeat":"repeat","background-position":"center center","background-size":"auto","background-attachment":"scroll","background-type":"","background-media":"","overlay-type":"","overlay-color":"","overlay-opacity":"","overlay-gradient":""},"tablet":{"background-color":"","background-image":"","background-repeat":"repeat","background-position":"center center","background-size":"auto","background-attachment":"scroll","background-type":"","background-media":"","overlay-type":"","overlay-color":"","overlay-opacity":"","overlay-gradient":""},"mobile":{"background-color":"","background-image":"","background-repeat":"repeat","background-position":"center center","background-size":"auto","background-attachment":"scroll","background-type":"","background-media":"","overlay-type":"","overlay-color":"","overlay-opacity":"","overlay-gradient":""}},"ast-content-background-meta":{"desktop":{"background-color":"var(--ast-global-color-5)","background-image":"","background-repeat":"repeat","background-position":"center center","background-size":"auto","background-attachment":"scroll","background-type":"","background-media":"","overlay-type":"","overlay-color":"","overlay-opacity":"","overlay-gradient":""},"tablet":{"background-color":"var(--ast-global-color-5)","background-image":"","background-repeat":"repeat","background-position":"center center","background-size":"auto","background-attachment":"scroll","background-type":"","background-media":"","overlay-type":"","overlay-color":"","overlay-opacity":"","overlay-gradient":""},"mobile":{"background-color":"var(--ast-global-color-5)","background-image":"","background-repeat":"repeat","background-position":"center center","background-size":"auto","background-attachment":"scroll","background-type":"","background-media":"","overlay-type":"","overlay-color":"","overlay-opacity":"","overlay-gradient":""}}},"product_brand":[],"product_cat":[1001,990,993],"product_tag":[],"class_list":{"0":"post-42191","1":"product","2":"type-product","3":"status-publish","4":"has-post-thumbnail","6":"product_cat-household-goods","7":"product_cat-toys-childrens-and-baby-products","8":"product_cat-footwear-accessories","9":"pa_43850_wdn9kyfe-bla","10":"pa_43850_wdn9kyfe-rod","11":"pa_43850_wdn9kyfe-svart","12":"desktop-align-left","13":"tablet-align-left","14":"mobile-align-left","16":"first","17":"instock","18":"shipping-taxable","19":"purchasable","20":"product-type-variable"},"_links":{"self":[{"href":"https:\/\/keluvo.com\/se\/wp-json\/wp\/v2\/product\/42191","targetHints":{"allow":["GET"]}}],"collection":[{"href":"https:\/\/keluvo.com\/se\/wp-json\/wp\/v2\/product"}],"about":[{"href":"https:\/\/keluvo.com\/se\/wp-json\/wp\/v2\/types\/product"}],"replies":[{"embeddable":true,"href":"https:\/\/keluvo.com\/se\/wp-json\/wp\/v2\/comments?post=42191"}],"wp:featuredmedia":[{"embeddable":true,"href":"https:\/\/keluvo.com\/se\/wp-json\/wp\/v2\/media\/42187"}],"wp:attachment":[{"href":"https:\/\/keluvo.com\/se\/wp-json\/wp\/v2\/media?parent=42191"}],"wp:term":[{"taxonomy":"product_brand","embeddable":true,"href":"https:\/\/keluvo.com\/se\/wp-json\/wp\/v2\/product_brand?post=42191"},{"taxonomy":"product_cat","embeddable":true,"href":"https:\/\/keluvo.com\/se\/wp-json\/wp\/v2\/product_cat?post=42191"},{"taxonomy":"product_tag","embeddable":true,"href":"https:\/\/keluvo.com\/se\/wp-json\/wp\/v2\/product_tag?post=42191"}],"curies":[{"name":"wp","href":"https:\/\/api.w.org\/{rel}","templated":true}]}}