{"id":4217,"date":"2024-12-03T12:53:52","date_gmt":"2024-12-03T10:53:52","guid":{"rendered":"https:\/\/keluvo.com\/se\/product\/rengoringsmopp\/"},"modified":"2024-12-03T12:54:05","modified_gmt":"2024-12-03T10:54:05","slug":"rengoringsmopp","status":"publish","type":"product","link":"https:\/\/keluvo.com\/se\/product\/rengoringsmopp\/","title":{"rendered":"Reng\u00f6ringsmopp"},"content":{"rendered":"<h2><img decoding=\"async\" class=\"aligncenter\" src=\"https:\/\/m.media-amazon.com\/images\/I\/71ESAvwvRCL._AC_SL1500_.jpg\" \/><\/h2>\n<h2 style=\"text-align: center\"><strong><span class=\"a-list-item\">Deep Cleaning<\/span><\/strong><\/h2>\n<p style=\"text-align: center\"><span class=\"a-list-item\">Free connecting, anslutande st\u00e5lr\u00f6r upp till 130 cm\/51.18in (ca), inte r\u00e4dd f\u00f6r att inte torkas p\u00e5 h\u00f6ga platser, dubbel reng\u00f6ring, skrapning och reng\u00f6ring i ett, vilket sparar oro och anstr\u00e4ngning.<\/span><\/p>\n<p style=\"text-align: center\"><img decoding=\"async\" class=\"aligncenter\" src=\"https:\/\/m.media-amazon.com\/images\/I\/611pBhYCHOL._AC_SL1500_.jpg\" \/><\/p>\n<h2 style=\"text-align: center\"><strong><span class=\"a-list-item\">Premium Material<\/span><\/strong><\/h2>\n<p style=\"text-align: center\"><span class=\"a-list-item\">Moppen \u00e4r utrustad med f\u00f6rtjockad och krypterad mikrofibermoppduk, som snabbt kan absorbera vatten inom 5 sekunder och har utm\u00e4rkt adsorptionsf\u00f6rm\u00e5ga och l\u00e5ser fast dammet. Djupreng\u00f6ringsverktyg, torkning med h\u00f6g position, triangul\u00e4r design, fiberduk, 360\u00b0 inga \u00e5terv\u00e4ndsgr\u00e4nder\u3002<\/span><\/p>\n<p style=\"text-align: center\"><img decoding=\"async\" class=\"aligncenter\" src=\"https:\/\/m.media-amazon.com\/images\/I\/71iGfN+Jn2L._AC_SL1500_.jpg\" \/><\/p>\n<h2 style=\"text-align: center\"><strong><span class=\"a-list-item\">Rotating Design<\/span><\/strong><\/h2>\n<p style=\"text-align: center\"><span class=\"a-list-item\">360\u00b0 rotation f\u00f6r reng\u00f6ring utan \u00e5terv\u00e4ndsgr\u00e4nder suger bort fl\u00e4ckar, absorberar och fixar torra och v\u00e5ta fl\u00e4ckar p\u00e5 en g\u00e5ng.<\/span><\/p>\n<p style=\"text-align: center\"><img decoding=\"async\" class=\"aligncenter\" src=\"https:\/\/m.media-amazon.com\/images\/I\/71A9Xh7moHL._AC_SL1500_.jpg\" \/><\/p>\n<h2 style=\"text-align: center\"><strong><span class=\"a-list-item\">Cleaning Floor Mop<\/span><\/strong><\/h2>\n<p style=\"text-align: center\">V\u00e5r mopp reng\u00f6r ditt k\u00f6k, l\u00f6vtr\u00e4, marmor, kakel, laminat eller keramiska golv snabbt, enkelt och s\u00e4kert.<\/p>\n","protected":false},"excerpt":{"rendered":"<p>Deep Cleaning Free connecting, anslutande st\u00e5lr\u00f6r upp till 130 cm\/51.18in (ca), inte r\u00e4dd f\u00f6r att inte torkas p\u00e5 h\u00f6ga platser, [&hellip;]<\/p>\n","protected":false},"featured_media":4212,"comment_status":"open","ping_status":"closed","template":"","meta":{"site-sidebar-layout":"default","site-content-layout":"","ast-site-content-layout":"default","site-content-style":"default","site-sidebar-style":"default","ast-global-header-display":"","ast-banner-title-visibility":"","ast-main-header-display":"","ast-hfb-above-header-display":"","ast-hfb-below-header-display":"","ast-hfb-mobile-header-display":"","site-post-title":"","ast-breadcrumbs-content":"","ast-featured-img":"","footer-sml-layout":"","theme-transparent-header-meta":"default","adv-header-id-meta":"","stick-header-meta":"","header-above-stick-meta":"","header-main-stick-meta":"","header-below-stick-meta":"","astra-migrate-meta-layouts":"set","ast-page-background-enabled":"default","ast-page-background-meta":{"desktop":{"background-color":"var(--ast-global-color-4)","background-image":"","background-repeat":"repeat","background-position":"center center","background-size":"auto","background-attachment":"scroll","background-type":"","background-media":"","overlay-type":"","overlay-color":"","overlay-opacity":"","overlay-gradient":""},"tablet":{"background-color":"","background-image":"","background-repeat":"repeat","background-position":"center center","background-size":"auto","background-attachment":"scroll","background-type":"","background-media":"","overlay-type":"","overlay-color":"","overlay-opacity":"","overlay-gradient":""},"mobile":{"background-color":"","background-image":"","background-repeat":"repeat","background-position":"center center","background-size":"auto","background-attachment":"scroll","background-type":"","background-media":"","overlay-type":"","overlay-color":"","overlay-opacity":"","overlay-gradient":""}},"ast-content-background-meta":{"desktop":{"background-color":"var(--ast-global-color-5)","background-image":"","background-repeat":"repeat","background-position":"center center","background-size":"auto","background-attachment":"scroll","background-type":"","background-media":"","overlay-type":"","overlay-color":"","overlay-opacity":"","overlay-gradient":""},"tablet":{"background-color":"var(--ast-global-color-5)","background-image":"","background-repeat":"repeat","background-position":"center center","background-size":"auto","background-attachment":"scroll","background-type":"","background-media":"","overlay-type":"","overlay-color":"","overlay-opacity":"","overlay-gradient":""},"mobile":{"background-color":"var(--ast-global-color-5)","background-image":"","background-repeat":"repeat","background-position":"center center","background-size":"auto","background-attachment":"scroll","background-type":"","background-media":"","overlay-type":"","overlay-color":"","overlay-opacity":"","overlay-gradient":""}}},"product_brand":[],"product_cat":[1001,996],"product_tag":[],"class_list":{"0":"post-4217","1":"product","2":"type-product","3":"status-publish","4":"has-post-thumbnail","6":"product_cat-household-goods","7":"product_cat-tools","8":"pa_ig5e54si-bla","9":"pa_ig5e54si-vit","10":"desktop-align-left","11":"tablet-align-left","12":"mobile-align-left","14":"first","15":"instock","16":"shipping-taxable","17":"purchasable","18":"product-type-variable"},"_links":{"self":[{"href":"https:\/\/keluvo.com\/se\/wp-json\/wp\/v2\/product\/4217","targetHints":{"allow":["GET"]}}],"collection":[{"href":"https:\/\/keluvo.com\/se\/wp-json\/wp\/v2\/product"}],"about":[{"href":"https:\/\/keluvo.com\/se\/wp-json\/wp\/v2\/types\/product"}],"replies":[{"embeddable":true,"href":"https:\/\/keluvo.com\/se\/wp-json\/wp\/v2\/comments?post=4217"}],"wp:featuredmedia":[{"embeddable":true,"href":"https:\/\/keluvo.com\/se\/wp-json\/wp\/v2\/media\/4212"}],"wp:attachment":[{"href":"https:\/\/keluvo.com\/se\/wp-json\/wp\/v2\/media?parent=4217"}],"wp:term":[{"taxonomy":"product_brand","embeddable":true,"href":"https:\/\/keluvo.com\/se\/wp-json\/wp\/v2\/product_brand?post=4217"},{"taxonomy":"product_cat","embeddable":true,"href":"https:\/\/keluvo.com\/se\/wp-json\/wp\/v2\/product_cat?post=4217"},{"taxonomy":"product_tag","embeddable":true,"href":"https:\/\/keluvo.com\/se\/wp-json\/wp\/v2\/product_tag?post=4217"}],"curies":[{"name":"wp","href":"https:\/\/api.w.org\/{rel}","templated":true}]}}