{"id":42147,"date":"2025-10-14T18:24:26","date_gmt":"2025-10-14T15:24:26","guid":{"rendered":"https:\/\/keluvo.com\/se\/product\/leksaksbil\/"},"modified":"2025-10-20T18:14:11","modified_gmt":"2025-10-20T15:14:11","slug":"leksaksbil","status":"publish","type":"product","link":"https:\/\/keluvo.com\/se\/product\/leksaksbil\/","title":{"rendered":"Leksaksbil"},"content":{"rendered":"<p style=\"text-align: center;\" data-start=\"0\" data-end=\"60\">F\u00f6rvandla lekstunden till ett sp\u00e4nnande racing\u00e4ventyr \ud83d\ude9b<\/p>\n<p style=\"text-align: center;\" data-start=\"61\" data-end=\"310\">Leksakslastbilen \u00e4r mer \u00e4n bara en lastbil &#8211; det \u00e4r en f\u00f6rvandlingsbar racerbana som ger o\u00e4ndligt med skoj och kreativitet. Med en enkel r\u00f6relse f\u00f6rvandlas den till en racerbana med tv\u00e5 filer d\u00e4r barnen kan t\u00e4vla med sina minibilar och njuta av timmar av sp\u00e4nnande lek.<\/p>\n<p data-start=\"61\" data-end=\"310\"><img decoding=\"async\" class=\"size-full wp-image-37120 aligncenter\" src=\"https:\/\/keluvo.com\/template\/wp-content\/uploads\/sites\/5\/2025\/10\/f9831fc57b23e723397a5f78e58ef773395eb022.webp\" alt=\"\" \/><\/p>\n<h2 style=\"text-align: center;\" data-start=\"317\" data-end=\"338\">Huvudf\u00f6rdelar \u2705<\/h2>\n<p data-start=\"341\" data-end=\"419\">\ud83d\ude97 2-i-1-skoj &#8211; f\u00f6rvandlas fr\u00e5n en lastbil till en l\u00e5ng racerbana med dubbla k\u00f6rf\u00e4lt<\/p>\n<p data-start=\"422\" data-end=\"509\">\ud83e\udde0 Uppmuntrar l\u00e4rande och kreativitet &#8211; hj\u00e4lper barn att f\u00f6rb\u00e4ttra sin fantasi och sitt lagarbete<\/p>\n<p data-start=\"512\" data-end=\"602\">\ud83d\udc66 Perfekt f\u00f6r grupplek &#8211; tv\u00e5 barn kan t\u00e4vla tillsammans f\u00f6r dubbel sp\u00e4nning<\/p>\n<p data-start=\"605\" data-end=\"697\">\ud83d\udcaa H\u00e5llbar och s\u00e4ker &#8211; tillverkad av h\u00f6gkvalitativa milj\u00f6v\u00e4nliga material; s\u00e4ker &#8211; tillverkad av h\u00f6gkvalitativ, milj\u00f6v\u00e4nlig ABS-plast med sl\u00e4ta kanter<\/p>\n<p data-start=\"700\" data-end=\"792\">\ud83c\udf81 Bra presentid\u00e9 &#8211; den perfekta presenten till barn i \u00e5ldern 3-8 \u00e5r som \u00e4lskar bilar och \u00e4ventyr<\/p>\n<p data-start=\"700\" data-end=\"792\"><img decoding=\"async\" class=\"size-full wp-image-37121 aligncenter\" src=\"https:\/\/keluvo.com\/template\/wp-content\/uploads\/sites\/5\/2025\/10\/10021-ezgif.com-video-to-webp-converter.webp\" alt=\"\" \/><\/p>\n<h2 style=\"text-align: center;\" data-start=\"799\" data-end=\"819\">Anv\u00e4nd s\u00e5 h\u00e4r \ud83d\udee0\ufe0f<\/h2>\n<ol data-start=\"820\" data-end=\"1067\">\n<li data-start=\"820\" data-end=\"878\">\n<p data-start=\"823\" data-end=\"878\">\u00d6ppna lastbilen f\u00f6r att f\u00f6rvandla den till en racingbana.<\/p>\n<\/li>\n<li data-start=\"879\" data-end=\"937\">\n<p data-start=\"882\" data-end=\"937\">Placera tv\u00e5 bilar vid startlinjen ovanp\u00e5 lastbilen.<\/p>\n<\/li>\n<li data-start=\"938\" data-end=\"999\">\n<p data-start=\"941\" data-end=\"999\">Tryck p\u00e5 knappen p\u00e5 lastbilens tak f\u00f6r att starta loppet!<\/p>\n<\/li>\n<li data-start=\"1000\" data-end=\"1067\">\n<p data-start=\"1003\" data-end=\"1067\">Efter lek kan du f\u00e4lla tillbaka den till lastbilsl\u00e4ge f\u00f6r enkel f\u00f6rvaring.<\/p>\n<\/li>\n<\/ol>\n<h2 style=\"text-align: center;\" data-start=\"1074\" data-end=\"1098\">Produktinformation \u2139\ufe0f<\/h2>\n<ul data-start=\"1099\" data-end=\"1379\">\n<li data-start=\"1099\" data-end=\"1151\">\n<p data-start=\"1101\" data-end=\"1151\">Material: Milj\u00f6v\u00e4nlig ABS-plast och legering<\/p>\n<\/li>\n<li data-start=\"1152\" data-end=\"1189\">\n<p data-start=\"1154\" data-end=\"1189\">Lastbilens storlek: 45 x 23 x 9 cm<\/p>\n<\/li>\n<li data-start=\"1190\" data-end=\"1229\">\n<p data-start=\"1192\" data-end=\"1229\">Banans l\u00e4ngd (utf\u00e4lld): 207 cm<\/p>\n<\/li>\n<li data-start=\"1230\" data-end=\"1341\">\n<p data-start=\"1232\" data-end=\"1341\">Funktioner: Vikbar omvandling, racingl\u00e4ge med dubbla banor, inbyggd avfyrningsramp och 8, 16, 24 parkeringsplatser f\u00f6r bilar<\/p>\n<\/li>\n<li data-start=\"1342\" data-end=\"1379\">\n<p data-start=\"1344\" data-end=\"1379\">\u00c5ldersrekommendation: 3-8 \u00e5r<\/p>\n<\/li>\n<\/ul>\n<h2 style=\"text-align: center;\" data-start=\"1386\" data-end=\"1411\">Paketet inneh\u00e5ller \ud83d\udce6<\/h2>\n<ul data-start=\"1412\" data-end=\"1516\">\n<li data-start=\"1412\" data-end=\"1462\">\n<p data-start=\"1414\" data-end=\"1462\">1x transformerbar lastbil med inbyggd racerbana<\/p>\n<\/li>\n<li data-start=\"1463\" data-end=\"1516\">\n<p data-start=\"1465\" data-end=\"1516\">8, 16, 24x minibilar (blandat sortiment).<\/p>\n<\/li>\n<\/ul>\n","protected":false},"excerpt":{"rendered":"<p>F\u00f6rvandla lekstunden till ett sp\u00e4nnande racing\u00e4ventyr \ud83d\ude9b Leksakslastbilen \u00e4r mer \u00e4n bara en lastbil &#8211; det \u00e4r en f\u00f6rvandlingsbar racerbana [&hellip;]<\/p>\n","protected":false},"featured_media":42143,"comment_status":"open","ping_status":"closed","template":"","meta":{"site-sidebar-layout":"default","site-content-layout":"","ast-site-content-layout":"default","site-content-style":"default","site-sidebar-style":"default","ast-global-header-display":"","ast-banner-title-visibility":"","ast-main-header-display":"","ast-hfb-above-header-display":"","ast-hfb-below-header-display":"","ast-hfb-mobile-header-display":"","site-post-title":"","ast-breadcrumbs-content":"","ast-featured-img":"","footer-sml-layout":"","theme-transparent-header-meta":"default","adv-header-id-meta":"","stick-header-meta":"","header-above-stick-meta":"","header-main-stick-meta":"","header-below-stick-meta":"","astra-migrate-meta-layouts":"set","ast-page-background-enabled":"default","ast-page-background-meta":{"desktop":{"background-color":"var(--ast-global-color-4)","background-image":"","background-repeat":"repeat","background-position":"center center","background-size":"auto","background-attachment":"scroll","background-type":"","background-media":"","overlay-type":"","overlay-color":"","overlay-opacity":"","overlay-gradient":""},"tablet":{"background-color":"","background-image":"","background-repeat":"repeat","background-position":"center center","background-size":"auto","background-attachment":"scroll","background-type":"","background-media":"","overlay-type":"","overlay-color":"","overlay-opacity":"","overlay-gradient":""},"mobile":{"background-color":"","background-image":"","background-repeat":"repeat","background-position":"center center","background-size":"auto","background-attachment":"scroll","background-type":"","background-media":"","overlay-type":"","overlay-color":"","overlay-opacity":"","overlay-gradient":""}},"ast-content-background-meta":{"desktop":{"background-color":"var(--ast-global-color-5)","background-image":"","background-repeat":"repeat","background-position":"center center","background-size":"auto","background-attachment":"scroll","background-type":"","background-media":"","overlay-type":"","overlay-color":"","overlay-opacity":"","overlay-gradient":""},"tablet":{"background-color":"var(--ast-global-color-5)","background-image":"","background-repeat":"repeat","background-position":"center center","background-size":"auto","background-attachment":"scroll","background-type":"","background-media":"","overlay-type":"","overlay-color":"","overlay-opacity":"","overlay-gradient":""},"mobile":{"background-color":"var(--ast-global-color-5)","background-image":"","background-repeat":"repeat","background-position":"center center","background-size":"auto","background-attachment":"scroll","background-type":"","background-media":"","overlay-type":"","overlay-color":"","overlay-opacity":"","overlay-gradient":""}}},"product_brand":[],"product_cat":[990],"product_tag":[],"class_list":{"0":"post-42147","1":"product","2":"type-product","3":"status-publish","4":"has-post-thumbnail","6":"product_cat-toys-childrens-and-baby-products","7":"pa_41848_feovk24n-8-st","8":"pa_41848_feovk24n-16-st","9":"pa_41848_feovk24n-24-st","10":"desktop-align-left","11":"tablet-align-left","12":"mobile-align-left","14":"first","15":"instock","16":"shipping-taxable","17":"purchasable","18":"product-type-variable"},"_links":{"self":[{"href":"https:\/\/keluvo.com\/se\/wp-json\/wp\/v2\/product\/42147","targetHints":{"allow":["GET"]}}],"collection":[{"href":"https:\/\/keluvo.com\/se\/wp-json\/wp\/v2\/product"}],"about":[{"href":"https:\/\/keluvo.com\/se\/wp-json\/wp\/v2\/types\/product"}],"replies":[{"embeddable":true,"href":"https:\/\/keluvo.com\/se\/wp-json\/wp\/v2\/comments?post=42147"}],"wp:featuredmedia":[{"embeddable":true,"href":"https:\/\/keluvo.com\/se\/wp-json\/wp\/v2\/media\/42143"}],"wp:attachment":[{"href":"https:\/\/keluvo.com\/se\/wp-json\/wp\/v2\/media?parent=42147"}],"wp:term":[{"taxonomy":"product_brand","embeddable":true,"href":"https:\/\/keluvo.com\/se\/wp-json\/wp\/v2\/product_brand?post=42147"},{"taxonomy":"product_cat","embeddable":true,"href":"https:\/\/keluvo.com\/se\/wp-json\/wp\/v2\/product_cat?post=42147"},{"taxonomy":"product_tag","embeddable":true,"href":"https:\/\/keluvo.com\/se\/wp-json\/wp\/v2\/product_tag?post=42147"}],"curies":[{"name":"wp","href":"https:\/\/api.w.org\/{rel}","templated":true}]}}