{"id":4206,"date":"2024-12-03T12:51:05","date_gmt":"2024-12-03T10:51:05","guid":{"rendered":"https:\/\/keluvo.com\/se\/product\/rengoringsmedel-for-diskbank\/"},"modified":"2024-12-03T12:51:05","modified_gmt":"2024-12-03T10:51:05","slug":"rengoringsmedel-for-diskbank","status":"publish","type":"product","link":"https:\/\/keluvo.com\/se\/product\/rengoringsmedel-for-diskbank\/","title":{"rendered":"Reng\u00f6ringsmedel f\u00f6r diskb\u00e4nk"},"content":{"rendered":"<h2 style=\"text-align: center\"><strong>Smart verktyg f\u00f6r badrum och k\u00f6k<\/strong><\/h2>\n<p style=\"text-align: center\">Den h\u00e4r reng\u00f6ringskloen \u00e4r l\u00e4mplig f\u00f6r reng\u00f6ring av badrum, k\u00f6k, handfat, badkar, muddring av r\u00f6r, avlopp, avlopp och andra igensatta omr\u00e5den. Den f\u00e5ngar effektivt h\u00e5r, mat och andra blockeringar.<\/p>\n<h4><img decoding=\"async\" class=\"aligncenter\" src=\"https:\/\/m.media-amazon.com\/images\/I\/71xAbiq3CgL._AC_SL1500_.jpg\" \/><\/h4>\n<h2 style=\"text-align: center\"><strong><span class=\"a-list-item\">bekv\u00e4m att anv\u00e4nda<\/span><\/strong><\/h2>\n<p style=\"text-align: center\"><span class=\"a-list-item\">Det \u00e4r mycket bekv\u00e4mt f\u00f6r anv\u00e4ndare att greppa blockering enkelt bara genom att trycka p\u00e5 toppen av igens\u00e4ttningsborttagarens handtag. V\u00e5gn\u00e4tet \u00e4r mjukt och elastiskt; du kan h\u00e4lla ut resterna med ett f\u00f6rsiktigt drag.<\/span><\/p>\n<p style=\"text-align: center\"><img decoding=\"async\" class=\"aligncenter\" src=\"https:\/\/m.media-amazon.com\/images\/I\/51YAaap2D0L._AC_SL1084_.jpg\" \/><\/p>\n<h2 style=\"text-align: center\"><strong><span class=\"a-list-item\">flexibel diskb\u00e4nksreng\u00f6rare <\/span><\/strong><\/h2>\n<p style=\"text-align: center\"><span class=\"a-list-item\">Denna reng\u00f6ringsklo kan l\u00e4tt b\u00f6jas i m\u00e5nga silar och r\u00f6r. Flexibla diskb\u00e4nksreng\u00f6ringsverktyg\/avloppsreng\u00f6ringstr\u00e5d i sm\u00e5 silar eller r\u00f6r som ofta kan vara igensatta.<\/span><\/p>\n<p style=\"text-align: center\"><img decoding=\"async\" class=\"aligncenter\" src=\"https:\/\/m.media-amazon.com\/images\/I\/61RtmgDTqsL._AC_SL1000_.jpg\" \/><\/p>\n<p>&nbsp;<\/p>\n<h4><\/h4>\n","protected":false},"excerpt":{"rendered":"<p>Smart verktyg f\u00f6r badrum och k\u00f6k Den h\u00e4r reng\u00f6ringskloen \u00e4r l\u00e4mplig f\u00f6r reng\u00f6ring av badrum, k\u00f6k, handfat, badkar, muddring av [&hellip;]<\/p>\n","protected":false},"featured_media":4201,"comment_status":"open","ping_status":"closed","template":"","meta":{"site-sidebar-layout":"default","site-content-layout":"","ast-site-content-layout":"default","site-content-style":"default","site-sidebar-style":"default","ast-global-header-display":"","ast-banner-title-visibility":"","ast-main-header-display":"","ast-hfb-above-header-display":"","ast-hfb-below-header-display":"","ast-hfb-mobile-header-display":"","site-post-title":"","ast-breadcrumbs-content":"","ast-featured-img":"","footer-sml-layout":"","theme-transparent-header-meta":"default","adv-header-id-meta":"","stick-header-meta":"","header-above-stick-meta":"","header-main-stick-meta":"","header-below-stick-meta":"","astra-migrate-meta-layouts":"set","ast-page-background-enabled":"default","ast-page-background-meta":{"desktop":{"background-color":"var(--ast-global-color-4)","background-image":"","background-repeat":"repeat","background-position":"center center","background-size":"auto","background-attachment":"scroll","background-type":"","background-media":"","overlay-type":"","overlay-color":"","overlay-opacity":"","overlay-gradient":""},"tablet":{"background-color":"","background-image":"","background-repeat":"repeat","background-position":"center center","background-size":"auto","background-attachment":"scroll","background-type":"","background-media":"","overlay-type":"","overlay-color":"","overlay-opacity":"","overlay-gradient":""},"mobile":{"background-color":"","background-image":"","background-repeat":"repeat","background-position":"center center","background-size":"auto","background-attachment":"scroll","background-type":"","background-media":"","overlay-type":"","overlay-color":"","overlay-opacity":"","overlay-gradient":""}},"ast-content-background-meta":{"desktop":{"background-color":"var(--ast-global-color-5)","background-image":"","background-repeat":"repeat","background-position":"center center","background-size":"auto","background-attachment":"scroll","background-type":"","background-media":"","overlay-type":"","overlay-color":"","overlay-opacity":"","overlay-gradient":""},"tablet":{"background-color":"var(--ast-global-color-5)","background-image":"","background-repeat":"repeat","background-position":"center center","background-size":"auto","background-attachment":"scroll","background-type":"","background-media":"","overlay-type":"","overlay-color":"","overlay-opacity":"","overlay-gradient":""},"mobile":{"background-color":"var(--ast-global-color-5)","background-image":"","background-repeat":"repeat","background-position":"center center","background-size":"auto","background-attachment":"scroll","background-type":"","background-media":"","overlay-type":"","overlay-color":"","overlay-opacity":"","overlay-gradient":""}}},"product_brand":[],"product_cat":[1001,996],"product_tag":[],"class_list":{"0":"post-4206","1":"product","2":"type-product","3":"status-publish","4":"has-post-thumbnail","6":"product_cat-household-goods","7":"product_cat-tools","8":"desktop-align-left","9":"tablet-align-left","10":"mobile-align-left","12":"first","13":"instock","14":"shipping-taxable","15":"purchasable","16":"product-type-simple"},"_links":{"self":[{"href":"https:\/\/keluvo.com\/se\/wp-json\/wp\/v2\/product\/4206","targetHints":{"allow":["GET"]}}],"collection":[{"href":"https:\/\/keluvo.com\/se\/wp-json\/wp\/v2\/product"}],"about":[{"href":"https:\/\/keluvo.com\/se\/wp-json\/wp\/v2\/types\/product"}],"replies":[{"embeddable":true,"href":"https:\/\/keluvo.com\/se\/wp-json\/wp\/v2\/comments?post=4206"}],"wp:featuredmedia":[{"embeddable":true,"href":"https:\/\/keluvo.com\/se\/wp-json\/wp\/v2\/media\/4201"}],"wp:attachment":[{"href":"https:\/\/keluvo.com\/se\/wp-json\/wp\/v2\/media?parent=4206"}],"wp:term":[{"taxonomy":"product_brand","embeddable":true,"href":"https:\/\/keluvo.com\/se\/wp-json\/wp\/v2\/product_brand?post=4206"},{"taxonomy":"product_cat","embeddable":true,"href":"https:\/\/keluvo.com\/se\/wp-json\/wp\/v2\/product_cat?post=4206"},{"taxonomy":"product_tag","embeddable":true,"href":"https:\/\/keluvo.com\/se\/wp-json\/wp\/v2\/product_tag?post=4206"}],"curies":[{"name":"wp","href":"https:\/\/api.w.org\/{rel}","templated":true}]}}