{"id":41940,"date":"2025-10-13T16:40:00","date_gmt":"2025-10-13T13:40:00","guid":{"rendered":"https:\/\/keluvo.com\/se\/product\/larobok\/"},"modified":"2025-10-16T20:22:42","modified_gmt":"2025-10-16T17:22:42","slug":"larobok","status":"publish","type":"product","link":"https:\/\/keluvo.com\/se\/product\/larobok\/","title":{"rendered":"L\u00e4robok"},"content":{"rendered":"<p style=\"text-align: center;\" data-start=\"0\" data-end=\"53\">Inspirera till l\u00e4rande genom lek och uppt\u00e4ckter \ud83c\udfa8\ud83d\udcd8<\/p>\n<p style=\"text-align: center;\" data-start=\"54\" data-end=\"333\">Ge ditt barn gl\u00e4djen av praktiskt l\u00e4rande med den h\u00e4r boken. Den h\u00e4r interaktiva aktivitetsboken har utformats av utbildningsexperter och hj\u00e4lper barn att utveckla finmotorik, fokus och sj\u00e4lvst\u00e4ndighet &#8211; samtidigt som de har roligt och h\u00e5ller sig borta fr\u00e5n sk\u00e4rmar.<\/p>\n<p data-start=\"54\" data-end=\"333\"><img decoding=\"async\" class=\"size-full wp-image-36897 aligncenter\" src=\"https:\/\/keluvo.com\/template\/wp-content\/uploads\/sites\/5\/2025\/10\/e1697fe8ae839012b015950afd03.gif\" alt=\"\" \/><\/p>\n<h2 style=\"text-align: center;\" data-start=\"340\" data-end=\"361\"><strong>Huvudf\u00f6rdelar \u2705<\/strong><\/h2>\n<p data-start=\"364\" data-end=\"455\">\ud83e\udde0 \u00d6kar intelligensen &#8211; uppmuntrar probleml\u00f6sning, kreativitet och logiskt t\u00e4nkande<\/p>\n<p data-start=\"458\" data-end=\"548\">\u270b F\u00f6rb\u00e4ttrar motoriken &#8211; st\u00e4rker koordinationen mellan hand och \u00f6ga genom interaktiv lek<\/p>\n<p data-start=\"551\" data-end=\"624\">\ud83c\udfa8 L\u00e4r dig f\u00e4rger och former &#8211; l\u00e4r ut igenk\u00e4nning p\u00e5 ett roligt, visuellt s\u00e4tt<\/p>\n<p data-start=\"627\" data-end=\"700\">\ud83d\udd22 Introducerar bokst\u00e4ver och siffror &#8211; bygger upp en tidig akademisk grund<\/p>\n<p data-start=\"703\" data-end=\"786\">\ud83d\ude97 Perfekt att resa med &#8211; l\u00e4tt och kompakt, perfekt f\u00f6r bilturer eller resor<\/p>\n<p data-start=\"789\" data-end=\"884\">\ud83d\udc9a S\u00e4ker och h\u00e5llbar &#8211; tillverkad av mjuk filt, BPA-fri och uppfyller EU:s s\u00e4kerhetsstandarder<\/p>\n<p data-start=\"789\" data-end=\"884\"><img decoding=\"async\" class=\"size-full wp-image-36896 aligncenter\" src=\"https:\/\/keluvo.com\/template\/wp-content\/uploads\/sites\/5\/2025\/10\/a6cdbc77a5aa8e89615bf6b82661.gif\" alt=\"\" \/><\/p>\n<h2 style=\"text-align: center;\" data-start=\"891\" data-end=\"911\">Anv\u00e4ndning \ud83d\udee0\ufe0f<\/h2>\n<ol data-start=\"912\" data-end=\"1286\">\n<li data-start=\"912\" data-end=\"990\">\n<p data-start=\"915\" data-end=\"990\">\u00d6ppna aktivitetsboken och v\u00e4gled ditt barn genom varje sida.<\/p>\n<\/li>\n<li data-start=\"991\" data-end=\"1064\">\n<p data-start=\"994\" data-end=\"1064\">L\u00e5t barnet utforska knappar, blixtl\u00e5s, f\u00e4rger och former p\u00e5 egen hand.<\/p>\n<\/li>\n<li data-start=\"1065\" data-end=\"1141\">\n<p data-start=\"1068\" data-end=\"1141\">Uppmuntra barnet att matcha, r\u00e4kna och identifiera f\u00f6rem\u00e5l medan du observerar.<\/p>\n<\/li>\n<li data-start=\"1142\" data-end=\"1221\">\n<p data-start=\"1145\" data-end=\"1221\">Anv\u00e4nd den dagligen i 10-20 minuter f\u00f6r att utveckla koordination, koncentration och minne.<\/p>\n<\/li>\n<li data-start=\"1222\" data-end=\"1286\">\n<p data-start=\"1225\" data-end=\"1286\">Ta med den \u00f6verallt &#8211; hemma, i bilen eller p\u00e5 resan.<\/p>\n<\/li>\n<\/ol>\n<h2 style=\"text-align: center;\" data-start=\"1293\" data-end=\"1317\">Produktinformation \u2139\ufe0f<\/h2>\n<ul data-start=\"1318\" data-end=\"1628\">\n<li data-start=\"1318\" data-end=\"1380\">\n<p data-start=\"1320\" data-end=\"1380\">Material: mjuk filt (s\u00e4ker, h\u00e5llbar och l\u00e4tt att reng\u00f6ra)<\/p>\n<\/li>\n<li data-start=\"1381\" data-end=\"1415\">\n<p data-start=\"1383\" data-end=\"1415\">Rekommenderad \u00e5lder: 2- 6 \u00e5r<\/p>\n<\/li>\n<li data-start=\"1416\" data-end=\"1452\">\n<p data-start=\"1418\" data-end=\"1452\">M\u00e5tt: 45 x 28,5 x 2 cm<\/p>\n<\/li>\n<li data-start=\"1453\" data-end=\"1501\">\n<p data-start=\"1455\" data-end=\"1501\">Vikt: 125 g (l\u00e4tt och smidig att hantera)<\/p>\n<\/li>\n<li data-start=\"1502\" data-end=\"1568\">\n<p data-start=\"1504\" data-end=\"1568\">S\u00e4kerhet: BPA-fri och uppfyller europeiska barns\u00e4kerhetsstandarder<\/p>\n<\/li>\n<\/ul>\n<h2 style=\"text-align: center;\" data-start=\"1635\" data-end=\"1660\">Paketet inneh\u00e5ller \ud83d\udce6<\/h2>\n<ul data-start=\"1661\" data-end=\"1757\">\n<li data-start=\"1661\" data-end=\"1701\">\n<p data-start=\"1663\" data-end=\"1701\">1x inl\u00e4rningsbok.<\/p>\n<\/li>\n<\/ul>\n","protected":false},"excerpt":{"rendered":"<p>Inspirera till l\u00e4rande genom lek och uppt\u00e4ckter \ud83c\udfa8\ud83d\udcd8 Ge ditt barn gl\u00e4djen av praktiskt l\u00e4rande med den h\u00e4r boken. Den [&hellip;]<\/p>\n","protected":false},"featured_media":41936,"comment_status":"open","ping_status":"closed","template":"","meta":{"site-sidebar-layout":"default","site-content-layout":"","ast-site-content-layout":"default","site-content-style":"default","site-sidebar-style":"default","ast-global-header-display":"","ast-banner-title-visibility":"","ast-main-header-display":"","ast-hfb-above-header-display":"","ast-hfb-below-header-display":"","ast-hfb-mobile-header-display":"","site-post-title":"","ast-breadcrumbs-content":"","ast-featured-img":"","footer-sml-layout":"","theme-transparent-header-meta":"default","adv-header-id-meta":"","stick-header-meta":"","header-above-stick-meta":"","header-main-stick-meta":"","header-below-stick-meta":"","astra-migrate-meta-layouts":"set","ast-page-background-enabled":"default","ast-page-background-meta":{"desktop":{"background-color":"var(--ast-global-color-4)","background-image":"","background-repeat":"repeat","background-position":"center center","background-size":"auto","background-attachment":"scroll","background-type":"","background-media":"","overlay-type":"","overlay-color":"","overlay-opacity":"","overlay-gradient":""},"tablet":{"background-color":"","background-image":"","background-repeat":"repeat","background-position":"center center","background-size":"auto","background-attachment":"scroll","background-type":"","background-media":"","overlay-type":"","overlay-color":"","overlay-opacity":"","overlay-gradient":""},"mobile":{"background-color":"","background-image":"","background-repeat":"repeat","background-position":"center center","background-size":"auto","background-attachment":"scroll","background-type":"","background-media":"","overlay-type":"","overlay-color":"","overlay-opacity":"","overlay-gradient":""}},"ast-content-background-meta":{"desktop":{"background-color":"var(--ast-global-color-5)","background-image":"","background-repeat":"repeat","background-position":"center center","background-size":"auto","background-attachment":"scroll","background-type":"","background-media":"","overlay-type":"","overlay-color":"","overlay-opacity":"","overlay-gradient":""},"tablet":{"background-color":"var(--ast-global-color-5)","background-image":"","background-repeat":"repeat","background-position":"center center","background-size":"auto","background-attachment":"scroll","background-type":"","background-media":"","overlay-type":"","overlay-color":"","overlay-opacity":"","overlay-gradient":""},"mobile":{"background-color":"var(--ast-global-color-5)","background-image":"","background-repeat":"repeat","background-position":"center center","background-size":"auto","background-attachment":"scroll","background-type":"","background-media":"","overlay-type":"","overlay-color":"","overlay-opacity":"","overlay-gradient":""}}},"product_brand":[],"product_cat":[990],"product_tag":[],"class_list":{"0":"post-41940","1":"product","2":"type-product","3":"status-publish","4":"has-post-thumbnail","6":"product_cat-toys-childrens-and-baby-products","7":"pa_40668_ud588w0n-a","8":"pa_40668_ud588w0n-b","9":"pa_40668_ud588w0n-c","10":"pa_40668_ud588w0n-d","11":"pa_40668_ud588w0n-e","12":"desktop-align-left","13":"tablet-align-left","14":"mobile-align-left","16":"first","17":"instock","18":"shipping-taxable","19":"purchasable","20":"product-type-variable"},"_links":{"self":[{"href":"https:\/\/keluvo.com\/se\/wp-json\/wp\/v2\/product\/41940","targetHints":{"allow":["GET"]}}],"collection":[{"href":"https:\/\/keluvo.com\/se\/wp-json\/wp\/v2\/product"}],"about":[{"href":"https:\/\/keluvo.com\/se\/wp-json\/wp\/v2\/types\/product"}],"replies":[{"embeddable":true,"href":"https:\/\/keluvo.com\/se\/wp-json\/wp\/v2\/comments?post=41940"}],"wp:featuredmedia":[{"embeddable":true,"href":"https:\/\/keluvo.com\/se\/wp-json\/wp\/v2\/media\/41936"}],"wp:attachment":[{"href":"https:\/\/keluvo.com\/se\/wp-json\/wp\/v2\/media?parent=41940"}],"wp:term":[{"taxonomy":"product_brand","embeddable":true,"href":"https:\/\/keluvo.com\/se\/wp-json\/wp\/v2\/product_brand?post=41940"},{"taxonomy":"product_cat","embeddable":true,"href":"https:\/\/keluvo.com\/se\/wp-json\/wp\/v2\/product_cat?post=41940"},{"taxonomy":"product_tag","embeddable":true,"href":"https:\/\/keluvo.com\/se\/wp-json\/wp\/v2\/product_tag?post=41940"}],"curies":[{"name":"wp","href":"https:\/\/api.w.org\/{rel}","templated":true}]}}