{"id":41785,"date":"2025-10-13T16:29:42","date_gmt":"2025-10-13T13:29:42","guid":{"rendered":"https:\/\/keluvo.com\/se\/product\/resekudde-2\/"},"modified":"2025-10-16T19:42:41","modified_gmt":"2025-10-16T16:42:41","slug":"resekudde-2","status":"publish","type":"product","link":"https:\/\/keluvo.com\/se\/product\/resekudde-2\/","title":{"rendered":"Resekudde"},"content":{"rendered":"<p style=\"text-align: center;\" data-start=\"157\" data-end=\"201\">Res bekv\u00e4mt vart du \u00e4n ska \u2708\ufe0f\ud83d\udca4<\/p>\n<p style=\"text-align: center;\" data-start=\"202\" data-end=\"420\">Njut av lugna tupplurar p\u00e5 l\u00e5nga resor med denna justerbara resekudde med minnesskum. Den \u00e4r utformad f\u00f6r komfort, stabilitet och bekv\u00e4mlighet och ger perfekt st\u00f6d \u00e5t nacke och huvud &#8211; oavsett om du sitter i en bil, p\u00e5 ett flygplan eller ett t\u00e5g.<\/p>\n<p data-start=\"202\" data-end=\"420\"><img decoding=\"async\" class=\"size-full wp-image-36775 aligncenter\" src=\"https:\/\/keluvo.com\/template\/wp-content\/uploads\/sites\/5\/2025\/10\/100214-ezgif.com-video-to-webp-converter.webp\" alt=\"\" \/><\/p>\n<h2 style=\"text-align: center;\" data-start=\"422\" data-end=\"443\">Huvudf\u00f6rdelar \u2705<\/h2>\n<p data-start=\"446\" data-end=\"533\">\ud83d\udca4 Ultimat komfort &#8211; mjuk kudde av minnesskum minskar trycket p\u00e5 nacke och huvud<\/p>\n<p data-start=\"536\" data-end=\"617\">\ud83e\uddcd Justerbar bredd &#8211; passar passagerare i alla storlekar f\u00f6r personlig komfort<\/p>\n<p data-start=\"620\" data-end=\"698\">\ud83d\udd04 180\u00b0 rotation &#8211; roterar enkelt f\u00f6r att passa alla sittpositioner och h\u00f6jder<\/p>\n<p data-start=\"701\" data-end=\"760\">\ud83e\uddf3 Platsbesparande design &#8211; viks ihop snyggt n\u00e4r den inte anv\u00e4nds<\/p>\n<p data-start=\"763\" data-end=\"848\">\ud83e\uddfc L\u00e4tt att reng\u00f6ra &#8211; avtagbart tyg- eller konstl\u00e4der\u00f6verdrag f\u00f6r snabb tv\u00e4tt eller avtorkning<\/p>\n<p data-start=\"851\" data-end=\"949\">\ud83d\udcaa Stark och s\u00e4ker &#8211; h\u00e5llbar ABS teleskopisk st\u00f6dst\u00e5ng s\u00e4kerst\u00e4ller stabilitet och l\u00e5ngvarig anv\u00e4ndning<\/p>\n<p data-start=\"851\" data-end=\"949\"><img decoding=\"async\" class=\"size-full wp-image-36777 aligncenter\" src=\"https:\/\/keluvo.com\/template\/wp-content\/uploads\/sites\/5\/2025\/10\/S5a4b4059edf5446382f1ea272e2adb9a5.jpg_960x960q75.jpg_.avif\" alt=\"\" \/><\/p>\n<h2 style=\"text-align: center;\" data-start=\"951\" data-end=\"971\">Anv\u00e4nd s\u00e5 h\u00e4r \ud83d\udee0\ufe0f<\/h2>\n<ol data-start=\"972\" data-end=\"1263\">\n<li data-start=\"972\" data-end=\"1047\">\n<p data-start=\"975\" data-end=\"1047\">F\u00e4st resekudden s\u00e4kert till bilstolen eller resehuvudst\u00f6det.<\/p>\n<\/li>\n<li data-start=\"1048\" data-end=\"1122\">\n<p data-start=\"1051\" data-end=\"1122\">Justera teleskopst\u00e5ngen och rotationsvinkeln f\u00f6r din perfekta position.<\/p>\n<\/li>\n<li data-start=\"1123\" data-end=\"1190\">\n<p data-start=\"1126\" data-end=\"1190\">Vila huvudet p\u00e5 dynan med minnesskum f\u00f6r bekv\u00e4mt st\u00f6d.<\/p>\n<\/li>\n<li data-start=\"1191\" data-end=\"1263\">\n<p data-start=\"1194\" data-end=\"1263\">Efter anv\u00e4ndning kan du ta loss kudden f\u00f6r enkel reng\u00f6ring och kompakt f\u00f6rvaring.<\/p>\n<\/li>\n<\/ol>\n<h2 style=\"text-align: center;\" data-start=\"1265\" data-end=\"1289\">Produktdetaljer \u2139\ufe0f<\/h2>\n<ul data-start=\"1290\" data-end=\"1666\">\n<li data-start=\"1290\" data-end=\"1407\">\n<p data-start=\"1292\" data-end=\"1315\">Materialalternativ: tyg + minnesbomull<\/p>\n<\/li>\n<li data-start=\"1408\" data-end=\"1462\">\n<p data-start=\"1410\" data-end=\"1462\">St\u00f6dst\u00e5ngens material: ABS (stabilt och h\u00e5llbart)<\/p>\n<\/li>\n<li data-start=\"1463\" data-end=\"1496\">\n<p data-start=\"1465\" data-end=\"1496\">Rotation: 180\u00b0 justerbar<\/p>\n<\/li>\n<li data-start=\"1497\" data-end=\"1564\">\n<p data-start=\"1499\" data-end=\"1564\">Storlek: 36 x 24 x 11 cm<\/p>\n<\/li>\n<li data-start=\"1565\" data-end=\"1598\">\n<p data-start=\"1567\" data-end=\"1598\">F\u00e4rg: svart, beige, gr\u00e5, brun<\/p>\n<\/li>\n<li data-start=\"1599\" data-end=\"1666\">\n<p data-start=\"1601\" data-end=\"1666\">Funktioner: justerbar bredd, avtagbar design, enkel f\u00f6rvaring<\/p>\n<\/li>\n<\/ul>\n<h2 style=\"text-align: center;\" data-start=\"1668\" data-end=\"1693\">Paketet inneh\u00e5ller \ud83d\udce6<\/h2>\n<ul data-start=\"1694\" data-end=\"1719\">\n<li data-start=\"1694\" data-end=\"1719\">\n<p data-start=\"1696\" data-end=\"1719\">1x resekudde.<\/p>\n<\/li>\n<\/ul>\n","protected":false},"excerpt":{"rendered":"<p>Res bekv\u00e4mt vart du \u00e4n ska \u2708\ufe0f\ud83d\udca4 Njut av lugna tupplurar p\u00e5 l\u00e5nga resor med denna justerbara resekudde med minnesskum. [&hellip;]<\/p>\n","protected":false},"featured_media":41781,"comment_status":"open","ping_status":"closed","template":"","meta":{"site-sidebar-layout":"default","site-content-layout":"","ast-site-content-layout":"default","site-content-style":"default","site-sidebar-style":"default","ast-global-header-display":"","ast-banner-title-visibility":"","ast-main-header-display":"","ast-hfb-above-header-display":"","ast-hfb-below-header-display":"","ast-hfb-mobile-header-display":"","site-post-title":"","ast-breadcrumbs-content":"","ast-featured-img":"","footer-sml-layout":"","theme-transparent-header-meta":"default","adv-header-id-meta":"","stick-header-meta":"","header-above-stick-meta":"","header-main-stick-meta":"","header-below-stick-meta":"","astra-migrate-meta-layouts":"set","ast-page-background-enabled":"default","ast-page-background-meta":{"desktop":{"background-color":"var(--ast-global-color-4)","background-image":"","background-repeat":"repeat","background-position":"center center","background-size":"auto","background-attachment":"scroll","background-type":"","background-media":"","overlay-type":"","overlay-color":"","overlay-opacity":"","overlay-gradient":""},"tablet":{"background-color":"","background-image":"","background-repeat":"repeat","background-position":"center center","background-size":"auto","background-attachment":"scroll","background-type":"","background-media":"","overlay-type":"","overlay-color":"","overlay-opacity":"","overlay-gradient":""},"mobile":{"background-color":"","background-image":"","background-repeat":"repeat","background-position":"center center","background-size":"auto","background-attachment":"scroll","background-type":"","background-media":"","overlay-type":"","overlay-color":"","overlay-opacity":"","overlay-gradient":""}},"ast-content-background-meta":{"desktop":{"background-color":"var(--ast-global-color-5)","background-image":"","background-repeat":"repeat","background-position":"center center","background-size":"auto","background-attachment":"scroll","background-type":"","background-media":"","overlay-type":"","overlay-color":"","overlay-opacity":"","overlay-gradient":""},"tablet":{"background-color":"var(--ast-global-color-5)","background-image":"","background-repeat":"repeat","background-position":"center center","background-size":"auto","background-attachment":"scroll","background-type":"","background-media":"","overlay-type":"","overlay-color":"","overlay-opacity":"","overlay-gradient":""},"mobile":{"background-color":"var(--ast-global-color-5)","background-image":"","background-repeat":"repeat","background-position":"center center","background-size":"auto","background-attachment":"scroll","background-type":"","background-media":"","overlay-type":"","overlay-color":"","overlay-opacity":"","overlay-gradient":""}}},"product_brand":[],"product_cat":[998],"product_tag":[],"class_list":{"0":"post-41785","1":"product","2":"type-product","3":"status-publish","4":"has-post-thumbnail","6":"product_cat-automotive-products","7":"pa_37798_dxeto72o-beige","8":"pa_37798_dxeto72o-brun","9":"pa_37798_dxeto72o-gra","10":"pa_37798_dxeto72o-svart","11":"desktop-align-left","12":"tablet-align-left","13":"mobile-align-left","15":"first","16":"instock","17":"shipping-taxable","18":"purchasable","19":"product-type-variable"},"_links":{"self":[{"href":"https:\/\/keluvo.com\/se\/wp-json\/wp\/v2\/product\/41785","targetHints":{"allow":["GET"]}}],"collection":[{"href":"https:\/\/keluvo.com\/se\/wp-json\/wp\/v2\/product"}],"about":[{"href":"https:\/\/keluvo.com\/se\/wp-json\/wp\/v2\/types\/product"}],"replies":[{"embeddable":true,"href":"https:\/\/keluvo.com\/se\/wp-json\/wp\/v2\/comments?post=41785"}],"wp:featuredmedia":[{"embeddable":true,"href":"https:\/\/keluvo.com\/se\/wp-json\/wp\/v2\/media\/41781"}],"wp:attachment":[{"href":"https:\/\/keluvo.com\/se\/wp-json\/wp\/v2\/media?parent=41785"}],"wp:term":[{"taxonomy":"product_brand","embeddable":true,"href":"https:\/\/keluvo.com\/se\/wp-json\/wp\/v2\/product_brand?post=41785"},{"taxonomy":"product_cat","embeddable":true,"href":"https:\/\/keluvo.com\/se\/wp-json\/wp\/v2\/product_cat?post=41785"},{"taxonomy":"product_tag","embeddable":true,"href":"https:\/\/keluvo.com\/se\/wp-json\/wp\/v2\/product_tag?post=41785"}],"curies":[{"name":"wp","href":"https:\/\/api.w.org\/{rel}","templated":true}]}}