{"id":41772,"date":"2025-10-13T16:28:42","date_gmt":"2025-10-13T13:28:42","guid":{"rendered":"https:\/\/keluvo.com\/se\/product\/fotstod-for-dusch\/"},"modified":"2025-10-16T19:22:30","modified_gmt":"2025-10-16T16:22:30","slug":"fotstod-for-dusch","status":"publish","type":"product","link":"https:\/\/keluvo.com\/se\/product\/fotstod-for-dusch\/","title":{"rendered":"Fotst\u00f6d f\u00f6r dusch"},"content":{"rendered":"<p style=\"text-align: center;\" data-start=\"150\" data-end=\"215\">Njut av s\u00e4krare och enklare rakning eller tv\u00e4tt i duschen \ud83d\udebf\ud83e\uddb5<\/p>\n<p style=\"text-align: center;\" data-start=\"216\" data-end=\"459\">Det h\u00e4r robusta fotst\u00f6det f\u00f6r dusch ger det perfekta st\u00f6det f\u00f6r att raka, skrubba eller tv\u00e4tta benen utan att glida. Dess starka sugkoppsdesign s\u00e4kerst\u00e4ller stabilitet p\u00e5 sl\u00e4ta ytor, vilket g\u00f6r din duschrutin bekv\u00e4mare och s\u00e4krare.<\/p>\n<p data-start=\"216\" data-end=\"459\"><img decoding=\"async\" class=\"size-full wp-image-36768 aligncenter\" src=\"https:\/\/keluvo.com\/template\/wp-content\/uploads\/sites\/5\/2025\/10\/d5db07ac-5a85-4bfa-b11f-35a3b1e4d0d8.gif\" alt=\"\" \/><\/p>\n<h2 style=\"text-align: center;\" data-start=\"461\" data-end=\"482\">Huvudf\u00f6rdelar \u2705<\/h2>\n<p data-start=\"485\" data-end=\"579\">\ud83e\uddb6 Stabilt st\u00f6d &#8211; ger dig en s\u00e4ker plats att vila foten p\u00e5 n\u00e4r du rakar eller reng\u00f6r<\/p>\n<p data-start=\"582\" data-end=\"671\">\ud83d\udcaa Stark sugkraft &#8211; f\u00e4ster ordentligt p\u00e5 glas, kakel eller andra sl\u00e4ta ytor<\/p>\n<p data-start=\"674\" data-end=\"761\">\ud83d\udd04 Justerbar &amp; flyttbar &#8211; flytta den enkelt till \u00f6nskad h\u00f6jd eller vinkel<\/p>\n<p data-start=\"764\" data-end=\"831\">\ud83e\uddfc Inga verktyg beh\u00f6vs &#8211; snabb, verktygsfri installation p\u00e5 n\u00e5gra sekunder<\/p>\n<p data-start=\"834\" data-end=\"927\">\ud83d\udca7 H\u00e5llbart material &#8211; tillverkad av h\u00f6gkvalitativ plast som \u00e4r vattent\u00e4t och h\u00e5llbar<\/p>\n<p data-start=\"834\" data-end=\"927\"><img decoding=\"async\" class=\"size-full wp-image-36767 aligncenter\" src=\"https:\/\/keluvo.com\/template\/wp-content\/uploads\/sites\/5\/2025\/10\/273acab8-3dcd-49ea-b253-57b2eec0d9a6.gif\" alt=\"\" \/><\/p>\n<h2 style=\"text-align: center;\" data-start=\"929\" data-end=\"949\">Anv\u00e4nd s\u00e5 h\u00e4r \ud83d\udee0\ufe0f<\/h2>\n<ol data-start=\"950\" data-end=\"1225\">\n<li data-start=\"950\" data-end=\"1001\">\n<p data-start=\"953\" data-end=\"1001\">Reng\u00f6r och torka ytan f\u00f6re fasts\u00e4ttning.<\/p>\n<\/li>\n<li data-start=\"1002\" data-end=\"1083\">\n<p data-start=\"1005\" data-end=\"1083\">Tryck fast sugkoppen ordentligt p\u00e5 en sl\u00e4t, plan yta (som kakel eller glas).<\/p>\n<\/li>\n<li data-start=\"1084\" data-end=\"1148\">\n<p data-start=\"1087\" data-end=\"1148\">Kontrollera att den sitter fast ordentligt innan du s\u00e4tter foten p\u00e5 den.<\/p>\n<\/li>\n<li data-start=\"1149\" data-end=\"1225\">\n<p data-start=\"1152\" data-end=\"1225\">F\u00f6r att ta bort den, lyft f\u00f6rsiktigt p\u00e5 kanten av sugkoppen f\u00f6r att lossa greppet.<\/p>\n<\/li>\n<\/ol>\n<h2 style=\"text-align: center;\" data-start=\"1283\" data-end=\"1307\">Produktdetaljer \u2139\ufe0f<\/h2>\n<ul data-start=\"1308\" data-end=\"1534\">\n<li data-start=\"1308\" data-end=\"1341\">\n<p data-start=\"1310\" data-end=\"1341\">Material: h\u00e5llbar plast<\/p>\n<\/li>\n<li data-start=\"1342\" data-end=\"1362\">\n<p data-start=\"1344\" data-end=\"1362\">F\u00e4rg: vit<\/p>\n<\/li>\n<li data-start=\"1363\" data-end=\"1416\">\n<p data-start=\"1365\" data-end=\"1416\">Montering: sugkopp (inga verktyg kr\u00e4vs)<\/p>\n<\/li>\n<li data-start=\"1417\" data-end=\"1501\">\n<p data-start=\"1419\" data-end=\"1501\">Ytkompatibilitet: sl\u00e4ta, plana ytor som glas, kakel eller plast<\/p>\n<\/li>\n<li data-start=\"1502\" data-end=\"1534\">\n<p data-start=\"1504\" data-end=\"1534\">Storlek: 14 x 11,5 cm<\/p>\n<\/li>\n<\/ul>\n<h2 style=\"text-align: center;\" data-start=\"1536\" data-end=\"1561\">Paketet inneh\u00e5ller \ud83d\udce6<\/h2>\n<ul data-start=\"1562\" data-end=\"1585\">\n<li data-start=\"1562\" data-end=\"1585\">\n<p data-start=\"1564\" data-end=\"1585\">1x fotst\u00f6d till dusch.<\/p>\n<\/li>\n<\/ul>\n","protected":false},"excerpt":{"rendered":"<p>Njut av s\u00e4krare och enklare rakning eller tv\u00e4tt i duschen \ud83d\udebf\ud83e\uddb5 Det h\u00e4r robusta fotst\u00f6det f\u00f6r dusch ger det perfekta [&hellip;]<\/p>\n","protected":false},"featured_media":41768,"comment_status":"open","ping_status":"closed","template":"","meta":{"site-sidebar-layout":"default","site-content-layout":"","ast-site-content-layout":"default","site-content-style":"default","site-sidebar-style":"default","ast-global-header-display":"","ast-banner-title-visibility":"","ast-main-header-display":"","ast-hfb-above-header-display":"","ast-hfb-below-header-display":"","ast-hfb-mobile-header-display":"","site-post-title":"","ast-breadcrumbs-content":"","ast-featured-img":"","footer-sml-layout":"","theme-transparent-header-meta":"default","adv-header-id-meta":"","stick-header-meta":"","header-above-stick-meta":"","header-main-stick-meta":"","header-below-stick-meta":"","astra-migrate-meta-layouts":"set","ast-page-background-enabled":"default","ast-page-background-meta":{"desktop":{"background-color":"var(--ast-global-color-4)","background-image":"","background-repeat":"repeat","background-position":"center center","background-size":"auto","background-attachment":"scroll","background-type":"","background-media":"","overlay-type":"","overlay-color":"","overlay-opacity":"","overlay-gradient":""},"tablet":{"background-color":"","background-image":"","background-repeat":"repeat","background-position":"center center","background-size":"auto","background-attachment":"scroll","background-type":"","background-media":"","overlay-type":"","overlay-color":"","overlay-opacity":"","overlay-gradient":""},"mobile":{"background-color":"","background-image":"","background-repeat":"repeat","background-position":"center center","background-size":"auto","background-attachment":"scroll","background-type":"","background-media":"","overlay-type":"","overlay-color":"","overlay-opacity":"","overlay-gradient":""}},"ast-content-background-meta":{"desktop":{"background-color":"var(--ast-global-color-5)","background-image":"","background-repeat":"repeat","background-position":"center center","background-size":"auto","background-attachment":"scroll","background-type":"","background-media":"","overlay-type":"","overlay-color":"","overlay-opacity":"","overlay-gradient":""},"tablet":{"background-color":"var(--ast-global-color-5)","background-image":"","background-repeat":"repeat","background-position":"center center","background-size":"auto","background-attachment":"scroll","background-type":"","background-media":"","overlay-type":"","overlay-color":"","overlay-opacity":"","overlay-gradient":""},"mobile":{"background-color":"var(--ast-global-color-5)","background-image":"","background-repeat":"repeat","background-position":"center center","background-size":"auto","background-attachment":"scroll","background-type":"","background-media":"","overlay-type":"","overlay-color":"","overlay-opacity":"","overlay-gradient":""}}},"product_brand":[],"product_cat":[1001,993],"product_tag":[],"class_list":{"0":"post-41772","1":"product","2":"type-product","3":"status-publish","4":"has-post-thumbnail","6":"product_cat-household-goods","7":"product_cat-footwear-accessories","8":"desktop-align-left","9":"tablet-align-left","10":"mobile-align-left","12":"first","13":"instock","14":"shipping-taxable","15":"purchasable","16":"product-type-simple"},"_links":{"self":[{"href":"https:\/\/keluvo.com\/se\/wp-json\/wp\/v2\/product\/41772","targetHints":{"allow":["GET"]}}],"collection":[{"href":"https:\/\/keluvo.com\/se\/wp-json\/wp\/v2\/product"}],"about":[{"href":"https:\/\/keluvo.com\/se\/wp-json\/wp\/v2\/types\/product"}],"replies":[{"embeddable":true,"href":"https:\/\/keluvo.com\/se\/wp-json\/wp\/v2\/comments?post=41772"}],"wp:featuredmedia":[{"embeddable":true,"href":"https:\/\/keluvo.com\/se\/wp-json\/wp\/v2\/media\/41768"}],"wp:attachment":[{"href":"https:\/\/keluvo.com\/se\/wp-json\/wp\/v2\/media?parent=41772"}],"wp:term":[{"taxonomy":"product_brand","embeddable":true,"href":"https:\/\/keluvo.com\/se\/wp-json\/wp\/v2\/product_brand?post=41772"},{"taxonomy":"product_cat","embeddable":true,"href":"https:\/\/keluvo.com\/se\/wp-json\/wp\/v2\/product_cat?post=41772"},{"taxonomy":"product_tag","embeddable":true,"href":"https:\/\/keluvo.com\/se\/wp-json\/wp\/v2\/product_tag?post=41772"}],"curies":[{"name":"wp","href":"https:\/\/api.w.org\/{rel}","templated":true}]}}