{"id":41744,"date":"2025-10-13T16:27:23","date_gmt":"2025-10-13T13:27:23","guid":{"rendered":"https:\/\/keluvo.com\/se\/product\/spanneslost-balte-6-st\/"},"modified":"2025-10-16T19:12:15","modified_gmt":"2025-10-16T16:12:15","slug":"spanneslost-balte-6-st","status":"publish","type":"product","link":"https:\/\/keluvo.com\/se\/product\/spanneslost-balte-6-st\/","title":{"rendered":"Sp\u00e4nnesl\u00f6st b\u00e4lte (6 st)"},"content":{"rendered":"<p style=\"text-align: center;\" data-start=\"159\" data-end=\"210\">Njut av komfort och stil utan sp\u00e4nne \ud83d\udc56\u2728<\/p>\n<p style=\"text-align: center;\" data-start=\"211\" data-end=\"406\">Detta innovativa sp\u00e4nnesl\u00f6sa b\u00e4lte ger dig en bra, bekv\u00e4m och enkel passform hela dagen. Det \u00e4r tillverkat av stretchig nylon och r\u00f6r sig med din kropp &#8211; perfekt f\u00f6r arbete, resor och vardagsbruk.<\/p>\n<p data-start=\"211\" data-end=\"406\"><img decoding=\"async\" class=\"size-full wp-image-36747 aligncenter\" src=\"https:\/\/keluvo.com\/template\/wp-content\/uploads\/sites\/5\/2025\/10\/100213-ezgif.com-video-to-webp-converter.webp\" alt=\"\" \/><\/p>\n<h2 style=\"text-align: center;\" data-start=\"408\" data-end=\"429\">Huvudf\u00f6rdelar \u2705<\/h2>\n<p data-start=\"432\" data-end=\"526\">\ud83e\uddd8 Maximal komfort &#8211; mjuk, stretchig nylon passar perfekt utan att gr\u00e4va sig in i midjan<\/p>\n<p data-start=\"529\" data-end=\"610\">\ud83d\udc54 Osynlig design &#8211; ligger platt under kl\u00e4derna f\u00f6r en snygg och diskret look<\/p>\n<p data-start=\"613\" data-end=\"696\">\ud83d\udca8 L\u00e4tt och andas &#8211; perfekt f\u00f6r att b\u00e4ra hela dagen, ingen vridning eller obehag<\/p>\n<p data-start=\"699\" data-end=\"783\">\ud83d\udd7a R\u00f6relsefrihet &#8211; elastisk flexibilitet ger enkel r\u00f6relse f\u00f6r alla aktiviteter<\/p>\n<p data-start=\"786\" data-end=\"883\">\ud83e\udde2 M\u00e5ngsidig stil &#8211; passar enkelt till jeans, chinos eller kostymbyxor f\u00f6r alla tillf\u00e4llen<\/p>\n<p data-start=\"886\" data-end=\"972\">\ud83d\udeab Inga problem med sp\u00e4nnet &#8211; enkelt att b\u00e4ra, enkelt att justera och sticker aldrig eller skaver<\/p>\n<p data-start=\"886\" data-end=\"972\"><img decoding=\"async\" class=\"size-full wp-image-36743 aligncenter\" src=\"https:\/\/keluvo.com\/template\/wp-content\/uploads\/sites\/5\/2025\/10\/Sb3cfa35f8a8d488a9d5a70f2e1adb70ex.jpg_960x960q75.jpg_.avif\" alt=\"\" \/><\/p>\n<h2 style=\"text-align: center;\" data-start=\"974\" data-end=\"994\">Anv\u00e4nd s\u00e5 h\u00e4r \ud83d\udee0\ufe0f<\/h2>\n<ol data-start=\"995\" data-end=\"1246\">\n<li data-start=\"995\" data-end=\"1048\">\n<p data-start=\"998\" data-end=\"1048\">Tr\u00e4d b\u00e4ltet genom byxh\u00e4llorna som vanligt.<\/p>\n<\/li>\n<li data-start=\"1049\" data-end=\"1109\">\n<p data-start=\"1052\" data-end=\"1109\">Justera passformen runt midjan till din komfortniv\u00e5.<\/p>\n<\/li>\n<li data-start=\"1110\" data-end=\"1179\">\n<p data-start=\"1113\" data-end=\"1179\">F\u00e4st det med det automatiska f\u00e4stsystemet &#8211; inget sp\u00e4nne beh\u00f6vs!<\/p>\n<\/li>\n<li data-start=\"1180\" data-end=\"1246\">\n<p data-start=\"1183\" data-end=\"1246\">Njut av en avslappnad, bekv\u00e4m passform som sitter p\u00e5 plats hela dagen.<\/p>\n<\/li>\n<\/ol>\n<h2 style=\"text-align: center;\" data-start=\"1248\" data-end=\"1272\">Produktinformation \u2139\ufe0f<\/h2>\n<ul data-start=\"1273\" data-end=\"1619\">\n<li data-start=\"1273\" data-end=\"1312\">\n<p data-start=\"1275\" data-end=\"1312\">Material: premium stretchnylon<\/p>\n<\/li>\n<li data-start=\"1313\" data-end=\"1359\">\n<p data-start=\"1315\" data-end=\"1359\">Design: sp\u00e4nnel\u00f6s, elastisk, osynlig<\/p>\n<\/li>\n<li data-start=\"1360\" data-end=\"1403\">\n<p data-start=\"1362\" data-end=\"1403\">F\u00e4stmetod: kardborreband<\/p>\n<\/li>\n<li data-start=\"1404\" data-end=\"1435\">\n<p data-start=\"1406\" data-end=\"1435\">Bredd: 4 cm<\/p>\n<\/li>\n<li data-start=\"1436\" data-end=\"1558\">\n<p data-start=\"1438\" data-end=\"1462\">Tillg\u00e4ngliga storlekar: S (25 cm), M (33 cm), L (40 cm)<\/p>\n<\/li>\n<li data-start=\"1559\" data-end=\"1619\">\n<p data-start=\"1561\" data-end=\"1619\">Egenskaper: andningsbart, flexibelt, snyggt och h\u00e5llbart<\/p>\n<\/li>\n<\/ul>\n<h2 style=\"text-align: center;\" data-start=\"1621\" data-end=\"1646\">Paketet inneh\u00e5ller \ud83d\udce6<\/h2>\n<ul data-start=\"1647\" data-end=\"1678\">\n<li data-start=\"1647\" data-end=\"1678\">\n<p data-start=\"1649\" data-end=\"1678\">1x sp\u00e4nnesl\u00f6st b\u00e4ltesset (6 st).<\/p>\n<\/li>\n<\/ul>\n","protected":false},"excerpt":{"rendered":"<p>Njut av komfort och stil utan sp\u00e4nne \ud83d\udc56\u2728 Detta innovativa sp\u00e4nnesl\u00f6sa b\u00e4lte ger dig en bra, bekv\u00e4m och enkel passform [&hellip;]<\/p>\n","protected":false},"featured_media":41740,"comment_status":"open","ping_status":"closed","template":"","meta":{"site-sidebar-layout":"default","site-content-layout":"","ast-site-content-layout":"default","site-content-style":"default","site-sidebar-style":"default","ast-global-header-display":"","ast-banner-title-visibility":"","ast-main-header-display":"","ast-hfb-above-header-display":"","ast-hfb-below-header-display":"","ast-hfb-mobile-header-display":"","site-post-title":"","ast-breadcrumbs-content":"","ast-featured-img":"","footer-sml-layout":"","theme-transparent-header-meta":"default","adv-header-id-meta":"","stick-header-meta":"","header-above-stick-meta":"","header-main-stick-meta":"","header-below-stick-meta":"","astra-migrate-meta-layouts":"set","ast-page-background-enabled":"default","ast-page-background-meta":{"desktop":{"background-color":"var(--ast-global-color-4)","background-image":"","background-repeat":"repeat","background-position":"center center","background-size":"auto","background-attachment":"scroll","background-type":"","background-media":"","overlay-type":"","overlay-color":"","overlay-opacity":"","overlay-gradient":""},"tablet":{"background-color":"","background-image":"","background-repeat":"repeat","background-position":"center center","background-size":"auto","background-attachment":"scroll","background-type":"","background-media":"","overlay-type":"","overlay-color":"","overlay-opacity":"","overlay-gradient":""},"mobile":{"background-color":"","background-image":"","background-repeat":"repeat","background-position":"center center","background-size":"auto","background-attachment":"scroll","background-type":"","background-media":"","overlay-type":"","overlay-color":"","overlay-opacity":"","overlay-gradient":""}},"ast-content-background-meta":{"desktop":{"background-color":"var(--ast-global-color-5)","background-image":"","background-repeat":"repeat","background-position":"center center","background-size":"auto","background-attachment":"scroll","background-type":"","background-media":"","overlay-type":"","overlay-color":"","overlay-opacity":"","overlay-gradient":""},"tablet":{"background-color":"var(--ast-global-color-5)","background-image":"","background-repeat":"repeat","background-position":"center center","background-size":"auto","background-attachment":"scroll","background-type":"","background-media":"","overlay-type":"","overlay-color":"","overlay-opacity":"","overlay-gradient":""},"mobile":{"background-color":"var(--ast-global-color-5)","background-image":"","background-repeat":"repeat","background-position":"center center","background-size":"auto","background-attachment":"scroll","background-type":"","background-media":"","overlay-type":"","overlay-color":"","overlay-opacity":"","overlay-gradient":""}}},"product_brand":[],"product_cat":[993],"product_tag":[],"class_list":{"0":"post-41744","1":"product","2":"type-product","3":"status-publish","4":"has-post-thumbnail","6":"product_cat-footwear-accessories","7":"pa_37499_8mvtmej4-s","8":"pa_37499_8mvtmej4-m","9":"pa_37499_8mvtmej4-l","10":"pa_37499_rf6ggmhv-bla","11":"pa_37499_rf6ggmhv-gra","12":"pa_37499_rf6ggmhv-svart","13":"desktop-align-left","14":"tablet-align-left","15":"mobile-align-left","17":"first","18":"instock","19":"shipping-taxable","20":"purchasable","21":"product-type-variable","22":"has-default-attributes"},"_links":{"self":[{"href":"https:\/\/keluvo.com\/se\/wp-json\/wp\/v2\/product\/41744","targetHints":{"allow":["GET"]}}],"collection":[{"href":"https:\/\/keluvo.com\/se\/wp-json\/wp\/v2\/product"}],"about":[{"href":"https:\/\/keluvo.com\/se\/wp-json\/wp\/v2\/types\/product"}],"replies":[{"embeddable":true,"href":"https:\/\/keluvo.com\/se\/wp-json\/wp\/v2\/comments?post=41744"}],"wp:featuredmedia":[{"embeddable":true,"href":"https:\/\/keluvo.com\/se\/wp-json\/wp\/v2\/media\/41740"}],"wp:attachment":[{"href":"https:\/\/keluvo.com\/se\/wp-json\/wp\/v2\/media?parent=41744"}],"wp:term":[{"taxonomy":"product_brand","embeddable":true,"href":"https:\/\/keluvo.com\/se\/wp-json\/wp\/v2\/product_brand?post=41744"},{"taxonomy":"product_cat","embeddable":true,"href":"https:\/\/keluvo.com\/se\/wp-json\/wp\/v2\/product_cat?post=41744"},{"taxonomy":"product_tag","embeddable":true,"href":"https:\/\/keluvo.com\/se\/wp-json\/wp\/v2\/product_tag?post=41744"}],"curies":[{"name":"wp","href":"https:\/\/api.w.org\/{rel}","templated":true}]}}