{"id":41722,"date":"2025-10-13T16:25:58","date_gmt":"2025-10-13T13:25:58","guid":{"rendered":"https:\/\/keluvo.com\/se\/product\/avloppsror\/"},"modified":"2025-10-16T19:02:50","modified_gmt":"2025-10-16T16:02:50","slug":"avloppsror","status":"publish","type":"product","link":"https:\/\/keluvo.com\/se\/product\/avloppsror\/","title":{"rendered":"Avloppsr\u00f6r"},"content":{"rendered":"<p style=\"text-align: center;\" data-start=\"148\" data-end=\"205\">H\u00e5ll ditt badrum fr\u00e4scht och luktfritt varje dag \ud83d\udebf\u2728<\/p>\n<p style=\"text-align: center;\" data-start=\"206\" data-end=\"410\">S\u00e4g adj\u00f6 till obehagliga lukter och igens\u00e4ttningar med detta p\u00e5litliga avloppsr\u00f6r f\u00f6r tv\u00e4ttst\u00e4ll. Det \u00e4r utformat f\u00f6r enkel installation och l\u00e5ngvarig anv\u00e4ndning och s\u00e4kerst\u00e4ller ett j\u00e4mnt vattenfl\u00f6de och en ren, luktfri diskb\u00e4nksmilj\u00f6.<\/p>\n<p data-start=\"206\" data-end=\"410\"><img decoding=\"async\" class=\"size-full wp-image-36723 aligncenter\" src=\"https:\/\/keluvo.com\/template\/wp-content\/uploads\/sites\/5\/2025\/10\/e37863606aba76c6234318952e043390.webp\" alt=\"\" \/><\/p>\n<h2 style=\"text-align: center;\" data-start=\"412\" data-end=\"433\">Huvudf\u00f6rdelar \u2705<\/h2>\n<p data-start=\"436\" data-end=\"510\">\ud83d\udca7 F\u00f6rhindrar d\u00e5lig lukt \u2013 h\u00e5ller ditt badrum doftande rent och fr\u00e4scht<\/p>\n<p data-start=\"513\" data-end=\"587\">\ud83e\uddf0 L\u00e4tt att installera \u2013 enkel installation, inga verktyg eller extra beslag beh\u00f6vs<\/p>\n<p data-start=\"590\" data-end=\"672\">\ud83e\uddfc J\u00e4mn dr\u00e4nering \u2013 s\u00e4kerst\u00e4ller ett snabbt och effektivt vattenfl\u00f6de utan blockeringar<\/p>\n<p data-start=\"675\" data-end=\"766\">\ud83e\udde9 Universell passform \u2013 kompatibel med de flesta handfat, inklusive v\u00e4gg- och golvavloppssystem<\/p>\n<p data-start=\"769\" data-end=\"860\">\ud83d\udd29 H\u00e5llbara material \u2013 tillverkade av rostfritt st\u00e5l och ABS f\u00f6r l\u00e5ngvarig prestanda<\/p>\n<p data-start=\"863\" data-end=\"938\">\ud83c\udfe0 Platsbesparande design \u2013 kompakt och praktisk f\u00f6r alla badrumsinredningar<\/p>\n<p data-start=\"863\" data-end=\"938\"><img decoding=\"async\" class=\"size-full wp-image-36722 aligncenter\" src=\"https:\/\/keluvo.com\/template\/wp-content\/uploads\/sites\/5\/2025\/10\/Sca3edd27806f44d2a83ac0355d4b2b75Q.jpg\" alt=\"\" \/><\/p>\n<h2 style=\"text-align: center;\" data-start=\"940\" data-end=\"960\">G\u00f6r s\u00e5 h\u00e4r \ud83d\udee0\ufe0f<\/h2>\n<ol data-start=\"961\" data-end=\"1205\">\n<li data-start=\"961\" data-end=\"1010\">\n<p data-start=\"964\" data-end=\"1010\">Skruva loss din gamla avloppsarmatur fr\u00e5n diskb\u00e4nken.<\/p>\n<\/li>\n<li data-start=\"1011\" data-end=\"1072\">\n<p data-start=\"1014\" data-end=\"1072\">F\u00f6r in det nya avloppsr\u00f6ret i diskb\u00e4nken.<\/p>\n<\/li>\n<li data-start=\"1073\" data-end=\"1124\">\n<p data-start=\"1076\" data-end=\"1124\">Anslut r\u00f6ret ordentligt till avloppsutloppet.<\/p>\n<\/li>\n<li data-start=\"1125\" data-end=\"1205\">\n<p data-start=\"1128\" data-end=\"1205\">Kontrollera att det sitter ordentligt och testa med rinnande vatten f\u00f6r att s\u00e4kerst\u00e4lla ett j\u00e4mnt avrinningsfl\u00f6de.<\/p>\n<\/li>\n<\/ol>\n<h2 style=\"text-align: center;\" data-start=\"1207\" data-end=\"1231\">Produktinformation \u2139\ufe0f<\/h2>\n<ul data-start=\"1232\" data-end=\"1482\">\n<li data-start=\"1232\" data-end=\"1271\">\n<p data-start=\"1234\" data-end=\"1271\">Material: rostfritt st\u00e5l + ABS<\/p>\n<\/li>\n<li data-start=\"1272\" data-end=\"1308\">\n<p data-start=\"1274\" data-end=\"1308\">Muffstorlek: 32 mm<\/p>\n<\/li>\n<li data-start=\"1309\" data-end=\"1351\">\n<p data-start=\"1311\" data-end=\"1351\">Till\u00e4mplig r\u00f6rdiameter: 40\u201350 mm<\/p>\n<\/li>\n<li data-start=\"1309\" data-end=\"1351\">\n<p data-start=\"1311\" data-end=\"1351\">Storlek: 135 x 950 mm<\/p>\n<\/li>\n<li data-start=\"1309\" data-end=\"1351\">\n<p data-start=\"1311\" data-end=\"1351\">F\u00e4rg: svart, vit, gr\u00e5<\/p>\n<\/li>\n<li data-start=\"1386\" data-end=\"1482\">\n<p data-start=\"1388\" data-end=\"1482\">Kompatibilitet: l\u00e4mplig f\u00f6r diskb\u00e4nkar med skiljev\u00e4ggar, l\u00e5dor, v\u00e4ggavlopp eller golvavlopp<\/p>\n<\/li>\n<\/ul>\n<h2 style=\"text-align: center;\" data-start=\"1484\" data-end=\"1509\">Paketet inneh\u00e5ller \ud83d\udce6<\/h2>\n<ul data-start=\"1510\" data-end=\"1537\">\n<li data-start=\"1510\" data-end=\"1537\">\n<p data-start=\"1512\" data-end=\"1537\">1, 2x avloppsr\u00f6r.<\/p>\n<\/li>\n<\/ul>\n","protected":false},"excerpt":{"rendered":"<p>H\u00e5ll ditt badrum fr\u00e4scht och luktfritt varje dag \ud83d\udebf\u2728 S\u00e4g adj\u00f6 till obehagliga lukter och igens\u00e4ttningar med detta p\u00e5litliga avloppsr\u00f6r [&hellip;]<\/p>\n","protected":false},"featured_media":41718,"comment_status":"open","ping_status":"closed","template":"","meta":{"site-sidebar-layout":"default","site-content-layout":"","ast-site-content-layout":"default","site-content-style":"default","site-sidebar-style":"default","ast-global-header-display":"","ast-banner-title-visibility":"","ast-main-header-display":"","ast-hfb-above-header-display":"","ast-hfb-below-header-display":"","ast-hfb-mobile-header-display":"","site-post-title":"","ast-breadcrumbs-content":"","ast-featured-img":"","footer-sml-layout":"","theme-transparent-header-meta":"default","adv-header-id-meta":"","stick-header-meta":"","header-above-stick-meta":"","header-main-stick-meta":"","header-below-stick-meta":"","astra-migrate-meta-layouts":"set","ast-page-background-enabled":"default","ast-page-background-meta":{"desktop":{"background-color":"var(--ast-global-color-4)","background-image":"","background-repeat":"repeat","background-position":"center center","background-size":"auto","background-attachment":"scroll","background-type":"","background-media":"","overlay-type":"","overlay-color":"","overlay-opacity":"","overlay-gradient":""},"tablet":{"background-color":"","background-image":"","background-repeat":"repeat","background-position":"center center","background-size":"auto","background-attachment":"scroll","background-type":"","background-media":"","overlay-type":"","overlay-color":"","overlay-opacity":"","overlay-gradient":""},"mobile":{"background-color":"","background-image":"","background-repeat":"repeat","background-position":"center center","background-size":"auto","background-attachment":"scroll","background-type":"","background-media":"","overlay-type":"","overlay-color":"","overlay-opacity":"","overlay-gradient":""}},"ast-content-background-meta":{"desktop":{"background-color":"var(--ast-global-color-5)","background-image":"","background-repeat":"repeat","background-position":"center center","background-size":"auto","background-attachment":"scroll","background-type":"","background-media":"","overlay-type":"","overlay-color":"","overlay-opacity":"","overlay-gradient":""},"tablet":{"background-color":"var(--ast-global-color-5)","background-image":"","background-repeat":"repeat","background-position":"center center","background-size":"auto","background-attachment":"scroll","background-type":"","background-media":"","overlay-type":"","overlay-color":"","overlay-opacity":"","overlay-gradient":""},"mobile":{"background-color":"var(--ast-global-color-5)","background-image":"","background-repeat":"repeat","background-position":"center center","background-size":"auto","background-attachment":"scroll","background-type":"","background-media":"","overlay-type":"","overlay-color":"","overlay-opacity":"","overlay-gradient":""}}},"product_brand":[],"product_cat":[1001],"product_tag":[],"class_list":{"0":"post-41722","1":"product","2":"type-product","3":"status-publish","4":"has-post-thumbnail","6":"product_cat-household-goods","7":"pa_37275_3xsm2ti2-1-st","8":"pa_37275_3xsm2ti2-2-st","9":"pa_37275_c4xoccxt-gra","10":"pa_37275_c4xoccxt-svart","11":"pa_37275_c4xoccxt-vit","12":"desktop-align-left","13":"tablet-align-left","14":"mobile-align-left","16":"first","17":"instock","18":"shipping-taxable","19":"purchasable","20":"product-type-variable","21":"has-default-attributes"},"_links":{"self":[{"href":"https:\/\/keluvo.com\/se\/wp-json\/wp\/v2\/product\/41722","targetHints":{"allow":["GET"]}}],"collection":[{"href":"https:\/\/keluvo.com\/se\/wp-json\/wp\/v2\/product"}],"about":[{"href":"https:\/\/keluvo.com\/se\/wp-json\/wp\/v2\/types\/product"}],"replies":[{"embeddable":true,"href":"https:\/\/keluvo.com\/se\/wp-json\/wp\/v2\/comments?post=41722"}],"wp:featuredmedia":[{"embeddable":true,"href":"https:\/\/keluvo.com\/se\/wp-json\/wp\/v2\/media\/41718"}],"wp:attachment":[{"href":"https:\/\/keluvo.com\/se\/wp-json\/wp\/v2\/media?parent=41722"}],"wp:term":[{"taxonomy":"product_brand","embeddable":true,"href":"https:\/\/keluvo.com\/se\/wp-json\/wp\/v2\/product_brand?post=41722"},{"taxonomy":"product_cat","embeddable":true,"href":"https:\/\/keluvo.com\/se\/wp-json\/wp\/v2\/product_cat?post=41722"},{"taxonomy":"product_tag","embeddable":true,"href":"https:\/\/keluvo.com\/se\/wp-json\/wp\/v2\/product_tag?post=41722"}],"curies":[{"name":"wp","href":"https:\/\/api.w.org\/{rel}","templated":true}]}}