{"id":41643,"date":"2025-10-13T16:21:18","date_gmt":"2025-10-13T13:21:18","guid":{"rendered":"https:\/\/keluvo.com\/se\/product\/malningssats-for-diamant\/"},"modified":"2025-10-16T18:46:47","modified_gmt":"2025-10-16T15:46:47","slug":"malningssats-for-diamant","status":"publish","type":"product","link":"https:\/\/keluvo.com\/se\/product\/malningssats-for-diamant\/","title":{"rendered":"M\u00e5lningssats f\u00f6r diamant"},"content":{"rendered":"<p style=\"text-align: center;\" data-start=\"90\" data-end=\"121\">S\u00f6ta 3D-diamantm\u00e5lningsklisterm\u00e4rken, l\u00e4gg till f\u00e4rg och n\u00f6je i ditt barns v\u00e4rld \ud83c\udfa8\u2728<\/p>\n<p style=\"text-align: center;\" data-start=\"90\" data-end=\"121\">Dessa bed\u00e5rande 3D-diamantm\u00e5lningsklisterm\u00e4rken l\u00e5ter barn dekorera, skapa och leka samtidigt som de f\u00f6rb\u00e4ttrar sin kreativitet och fokus &#8211; perfekt f\u00f6r hemmet, skolan eller resan!<\/p>\n<p data-start=\"90\" data-end=\"121\"><img decoding=\"async\" class=\"size-full wp-image-36696 aligncenter\" src=\"https:\/\/keluvo.com\/template\/wp-content\/uploads\/sites\/5\/2025\/10\/0b32e5e71106be179562433fae4f8450df41c4ed822a69ab7b7e43d29c1dd22f.webp\" alt=\"\" \/><\/p>\n<h2 style=\"text-align: center;\" data-start=\"324\" data-end=\"346\">Huvudf\u00f6rdelar \ud83c\udf08<\/h2>\n<p data-start=\"349\" data-end=\"420\">\ud83e\udd84 Rolig och kreativ lek &#8211; barn kan blanda och matcha o\u00e4ndliga m\u00f6nster<\/p>\n<p data-start=\"423\" data-end=\"490\">\ud83d\udc76 S\u00e4ker och \u00e5teranv\u00e4ndbar &#8211; tillverkad av mjukt, giftfritt gelmaterial<\/p>\n<p data-start=\"493\" data-end=\"561\">\ud83c\udfe0 F\u00e4ster \u00f6verallt &#8211; f\u00f6nster, kylsk\u00e5p, v\u00e4ggar, bord, och dylikt<\/p>\n<p data-start=\"564\" data-end=\"635\">\ud83d\ude97 Perfekt f\u00f6r resor &#8211; h\u00e5ller sm\u00e5 h\u00e4nder sysselsatta och sinnen engagerade<\/p>\n<p data-start=\"638\" data-end=\"715\">\ud83c\udf81 Perfekt presentid\u00e9 &#8211; bra \u00f6verraskning f\u00f6r f\u00f6delsedagar, fester eller semestrar<\/p>\n<p data-start=\"638\" data-end=\"715\"><img fetchpriority=\"high\" decoding=\"async\" class=\"size-full wp-image-36695 aligncenter\" src=\"https:\/\/keluvo.com\/template\/wp-content\/uploads\/sites\/5\/2025\/10\/ad886ce54bb726a0e704c493a05b113d2b877326f3e0d85b6f81d2a0749969c1.webp\" alt=\"\" width=\"480\" height=\"480\" \/><\/p>\n<h2 style=\"text-align: center;\" data-start=\"722\" data-end=\"742\">G\u00f6r s\u00e5 h\u00e4r \ud83d\udee0\ufe0f<\/h2>\n<ol data-start=\"743\" data-end=\"908\">\n<li data-start=\"743\" data-end=\"793\">\n<p data-start=\"746\" data-end=\"793\">V\u00e4lj dina favoritklisterm\u00e4rken fr\u00e5n arket.<\/p>\n<\/li>\n<li data-start=\"794\" data-end=\"848\">\n<p data-start=\"797\" data-end=\"848\">Dra av f\u00f6rsiktigt och placera dem p\u00e5 en sl\u00e4t yta.<\/p>\n<\/li>\n<li data-start=\"849\" data-end=\"908\">\n<p data-start=\"852\" data-end=\"908\">Flytta, ta bort och \u00e5teranv\u00e4nd n\u00e4r som helst \u2013 inget st\u00f6k, inga rester!<\/p>\n<\/li>\n<\/ol>\n<h2 style=\"text-align: center;\" data-start=\"915\" data-end=\"939\">Produktdetaljer \ud83d\udccf<\/h2>\n<ul>\n<li>Antal: 18-25 klisterm\u00e4rken per f\u00f6rpackning (varierar beroende p\u00e5 stil)<\/li>\n<li>Material: milj\u00f6v\u00e4nlig harts<\/li>\n<li>Stil: Enh\u00f6rning (23 stickers), hav (21 stickers), alpacka (20 stickers), dinosaurier (18 stickers), himmel (20 stickers), tr\u00e4dg\u00e5rd (25 stickers)<\/li>\n<li>\u00c5lder: barn fr\u00e5n 5 \u00e5r<\/li>\n<\/ul>\n<h2 style=\"text-align: center;\" data-start=\"1154\" data-end=\"1179\">Paketet inneh\u00e5ller \ud83d\udce6<\/h2>\n<ul data-start=\"1180\" data-end=\"1236\">\n<li data-start=\"1180\" data-end=\"1236\">\n<p data-start=\"1182\" data-end=\"1236\">1x diamantm\u00e5lningssats (ditt valda tema).<\/p>\n<\/li>\n<\/ul>\n","protected":false},"excerpt":{"rendered":"<p>S\u00f6ta 3D-diamantm\u00e5lningsklisterm\u00e4rken, l\u00e4gg till f\u00e4rg och n\u00f6je i ditt barns v\u00e4rld \ud83c\udfa8\u2728 Dessa bed\u00e5rande 3D-diamantm\u00e5lningsklisterm\u00e4rken l\u00e5ter barn dekorera, skapa och [&hellip;]<\/p>\n","protected":false},"featured_media":41639,"comment_status":"open","ping_status":"closed","template":"","meta":{"site-sidebar-layout":"default","site-content-layout":"","ast-site-content-layout":"default","site-content-style":"default","site-sidebar-style":"default","ast-global-header-display":"","ast-banner-title-visibility":"","ast-main-header-display":"","ast-hfb-above-header-display":"","ast-hfb-below-header-display":"","ast-hfb-mobile-header-display":"","site-post-title":"","ast-breadcrumbs-content":"","ast-featured-img":"","footer-sml-layout":"","theme-transparent-header-meta":"default","adv-header-id-meta":"","stick-header-meta":"","header-above-stick-meta":"","header-main-stick-meta":"","header-below-stick-meta":"","astra-migrate-meta-layouts":"set","ast-page-background-enabled":"default","ast-page-background-meta":{"desktop":{"background-color":"var(--ast-global-color-4)","background-image":"","background-repeat":"repeat","background-position":"center center","background-size":"auto","background-attachment":"scroll","background-type":"","background-media":"","overlay-type":"","overlay-color":"","overlay-opacity":"","overlay-gradient":""},"tablet":{"background-color":"","background-image":"","background-repeat":"repeat","background-position":"center center","background-size":"auto","background-attachment":"scroll","background-type":"","background-media":"","overlay-type":"","overlay-color":"","overlay-opacity":"","overlay-gradient":""},"mobile":{"background-color":"","background-image":"","background-repeat":"repeat","background-position":"center center","background-size":"auto","background-attachment":"scroll","background-type":"","background-media":"","overlay-type":"","overlay-color":"","overlay-opacity":"","overlay-gradient":""}},"ast-content-background-meta":{"desktop":{"background-color":"var(--ast-global-color-5)","background-image":"","background-repeat":"repeat","background-position":"center center","background-size":"auto","background-attachment":"scroll","background-type":"","background-media":"","overlay-type":"","overlay-color":"","overlay-opacity":"","overlay-gradient":""},"tablet":{"background-color":"var(--ast-global-color-5)","background-image":"","background-repeat":"repeat","background-position":"center center","background-size":"auto","background-attachment":"scroll","background-type":"","background-media":"","overlay-type":"","overlay-color":"","overlay-opacity":"","overlay-gradient":""},"mobile":{"background-color":"var(--ast-global-color-5)","background-image":"","background-repeat":"repeat","background-position":"center center","background-size":"auto","background-attachment":"scroll","background-type":"","background-media":"","overlay-type":"","overlay-color":"","overlay-opacity":"","overlay-gradient":""}}},"product_brand":[],"product_cat":[990],"product_tag":[],"class_list":{"0":"post-41643","1":"product","2":"type-product","3":"status-publish","4":"has-post-thumbnail","6":"product_cat-toys-childrens-and-baby-products","7":"pa_36517_qwuozaem-alpaca","8":"pa_36517_qwuozaem-dinosaurier","9":"pa_36517_qwuozaem-enhorning","10":"pa_36517_qwuozaem-firmament","11":"pa_36517_qwuozaem-ocean","12":"pa_36517_qwuozaem-tradgard","13":"desktop-align-left","14":"tablet-align-left","15":"mobile-align-left","17":"first","18":"instock","19":"shipping-taxable","20":"purchasable","21":"product-type-variable"},"_links":{"self":[{"href":"https:\/\/keluvo.com\/se\/wp-json\/wp\/v2\/product\/41643","targetHints":{"allow":["GET"]}}],"collection":[{"href":"https:\/\/keluvo.com\/se\/wp-json\/wp\/v2\/product"}],"about":[{"href":"https:\/\/keluvo.com\/se\/wp-json\/wp\/v2\/types\/product"}],"replies":[{"embeddable":true,"href":"https:\/\/keluvo.com\/se\/wp-json\/wp\/v2\/comments?post=41643"}],"wp:featuredmedia":[{"embeddable":true,"href":"https:\/\/keluvo.com\/se\/wp-json\/wp\/v2\/media\/41639"}],"wp:attachment":[{"href":"https:\/\/keluvo.com\/se\/wp-json\/wp\/v2\/media?parent=41643"}],"wp:term":[{"taxonomy":"product_brand","embeddable":true,"href":"https:\/\/keluvo.com\/se\/wp-json\/wp\/v2\/product_brand?post=41643"},{"taxonomy":"product_cat","embeddable":true,"href":"https:\/\/keluvo.com\/se\/wp-json\/wp\/v2\/product_cat?post=41643"},{"taxonomy":"product_tag","embeddable":true,"href":"https:\/\/keluvo.com\/se\/wp-json\/wp\/v2\/product_tag?post=41643"}],"curies":[{"name":"wp","href":"https:\/\/api.w.org\/{rel}","templated":true}]}}