{"id":41580,"date":"2025-10-13T16:17:04","date_gmt":"2025-10-13T13:17:04","guid":{"rendered":"https:\/\/keluvo.com\/se\/product\/dispenser-for-hundbajspasar-2-st\/"},"modified":"2025-10-16T18:27:12","modified_gmt":"2025-10-16T15:27:12","slug":"dispenser-for-hundbajspasar-2-st","status":"publish","type":"product","link":"https:\/\/keluvo.com\/se\/product\/dispenser-for-hundbajspasar-2-st\/","title":{"rendered":"Dispenser f\u00f6r hundbajsp\u00e5sar (2 st)"},"content":{"rendered":"<p style=\"text-align: center;\" data-start=\"148\" data-end=\"220\">G\u00f6r promenaderna mer hygieniska och enklare med den h\u00e4r praktiska hundbajsp\u00e5sedispensern \ud83d\udc36\ud83d\udca9<\/p>\n<p style=\"text-align: center;\" data-start=\"221\" data-end=\"472\">H\u00e5ll ditt grannskap rent och dina h\u00e4nder fria fr\u00e5n kladd med den h\u00e4r praktiska hundbajsp\u00e5sedispensern. Den \u00e4r kompakt, snygg och l\u00e4tt att b\u00e4ra och \u00e4r den perfekta l\u00f6sningen f\u00f6r djur\u00e4gare som vill ha ett snabbt och hygieniskt s\u00e4tt att st\u00e4da upp efter sina p\u00e4lskl\u00e4dda v\u00e4nner.<\/p>\n<p data-start=\"221\" data-end=\"472\"><img decoding=\"async\" class=\"size-full wp-image-36647 aligncenter\" src=\"https:\/\/keluvo.com\/template\/wp-content\/uploads\/sites\/5\/2025\/10\/Sfb14eef962864cb1923fe43d77cde768A.jpg_960x960q75.jpg_.avif\" alt=\"\" \/><\/p>\n<h2 style=\"text-align: center;\" data-start=\"474\" data-end=\"495\">Huvudf\u00f6rdelar \u2705<\/h2>\n<p data-start=\"498\" data-end=\"586\">\ud83d\udc3e L\u00e4tt att b\u00e4ra &#8211; liten och l\u00e4tt design som f\u00e4sts direkt p\u00e5 kopplet eller v\u00e4skan<\/p>\n<p data-start=\"589\" data-end=\"687\">\ud83d\udcbc Snygg och praktisk &#8211; tillverkad av h\u00f6gkvalitativt ABS-material med en sl\u00e4t, bekv\u00e4m yta<\/p>\n<p data-start=\"690\" data-end=\"769\">\ud83d\udd04 Snabb \u00e5tkomst &#8211; dra enkelt ut en p\u00e5se i taget n\u00e4r du beh\u00f6ver den som mest<\/p>\n<p data-start=\"772\" data-end=\"860\">\ud83d\udc15 Bekv\u00e4m reng\u00f6ring &#8211; du kan alltid l\u00e4gga i nya p\u00e5sar<\/p>\n<p data-start=\"863\" data-end=\"949\">\ud83c\udf81 Perfekt present till husdjurs\u00e4gare &#8211; perfekt f\u00f6r v\u00e4nner eller familj som \u00e4lskar sina husdjur<\/p>\n<p data-start=\"863\" data-end=\"949\"><img decoding=\"async\" class=\"size-full wp-image-36643 aligncenter\" src=\"https:\/\/keluvo.com\/template\/wp-content\/uploads\/sites\/5\/2025\/10\/Se0501c7cefaf44169b25b2429d8b0728A.jpg_960x960q75.jpg_.jpg\" alt=\"\" \/><\/p>\n<h2 style=\"text-align: center;\" data-start=\"951\" data-end=\"971\">S\u00e5 h\u00e4r anv\u00e4nder du den \ud83d\udee0\ufe0f<\/h2>\n<ol data-start=\"972\" data-end=\"1258\">\n<li data-start=\"972\" data-end=\"1032\">\n<p data-start=\"975\" data-end=\"1032\">\u00d6ppna beh\u00e5llaren och s\u00e4tt i rullen med bajsp\u00e5sar.<\/p>\n<\/li>\n<li data-start=\"1033\" data-end=\"1093\">\n<p data-start=\"1036\" data-end=\"1093\">Dra den f\u00f6rsta p\u00e5sen genom \u00f6ppningen f\u00f6r enkel \u00e5tkomst.<\/p>\n<\/li>\n<li data-start=\"1094\" data-end=\"1169\">\n<p data-start=\"1097\" data-end=\"1169\">Anv\u00e4nd kroken f\u00f6r att f\u00e4sta dispensern i kopplet, v\u00e4skan eller b\u00e4ltes\u00f6glan.<\/p>\n<\/li>\n<li data-start=\"1170\" data-end=\"1258\">\n<p data-start=\"1173\" data-end=\"1258\">N\u00e4r det behovet uppst\u00e5r, dra ut en p\u00e5se, plocka upp hundbajset, knyt ihop p\u00e5sen och sl\u00e4ng den p\u00e5 r\u00e4tt st\u00e4lle.<\/p>\n<\/li>\n<\/ol>\n<h2 style=\"text-align: center;\" data-start=\"1260\" data-end=\"1284\"><strong>Produktdetaljer \u2139\ufe0f<\/strong><\/h2>\n<ul data-start=\"1285\" data-end=\"1532\">\n<li data-start=\"1285\" data-end=\"1314\">\n<p data-start=\"1287\" data-end=\"1314\">Material: ABS-plast<\/p>\n<\/li>\n<li data-start=\"1315\" data-end=\"1376\">\n<p data-start=\"1317\" data-end=\"1376\">F\u00e4rg: Som visas p\u00e5 bilderna (slumpm\u00e4ssig p\u00e5sf\u00e4rg ing\u00e5r)<\/p>\n<\/li>\n<li data-start=\"1377\" data-end=\"1435\">\n<p data-start=\"1379\" data-end=\"1435\">Storlek: 4,3 x 4,3 x 8,4 cm<\/p>\n<\/li>\n<li data-start=\"1436\" data-end=\"1481\">\n<p data-start=\"1438\" data-end=\"1481\">Design: Kompakt, snygg och h\u00e5llbar<\/p>\n<\/li>\n<li data-start=\"1482\" data-end=\"1532\">\n<p data-start=\"1484\" data-end=\"1532\">Krok typ: L\u00e4tt att h\u00e4nga p\u00e5 koppel eller p\u00e5sar<\/p>\n<\/li>\n<\/ul>\n<h2 style=\"text-align: center;\" data-start=\"1534\" data-end=\"1559\">Paketet inneh\u00e5ller \ud83d\udce6<\/h2>\n<ul data-start=\"1560\" data-end=\"1628\">\n<li data-start=\"1560\" data-end=\"1590\">\n<p data-start=\"1562\" data-end=\"1590\">2x hundbajsp\u00e5sedispenser<\/p>\n<\/li>\n<li data-start=\"1591\" data-end=\"1628\">\n<p data-start=\"1593\" data-end=\"1628\">30x hundbajsp\u00e5sar (slumpm\u00e4ssig f\u00e4rg).<\/p>\n<\/li>\n<\/ul>\n","protected":false},"excerpt":{"rendered":"<p>G\u00f6r promenaderna mer hygieniska och enklare med den h\u00e4r praktiska hundbajsp\u00e5sedispensern \ud83d\udc36\ud83d\udca9 H\u00e5ll ditt grannskap rent och dina h\u00e4nder fria [&hellip;]<\/p>\n","protected":false},"featured_media":41576,"comment_status":"open","ping_status":"closed","template":"","meta":{"site-sidebar-layout":"default","site-content-layout":"","ast-site-content-layout":"default","site-content-style":"default","site-sidebar-style":"default","ast-global-header-display":"","ast-banner-title-visibility":"","ast-main-header-display":"","ast-hfb-above-header-display":"","ast-hfb-below-header-display":"","ast-hfb-mobile-header-display":"","site-post-title":"","ast-breadcrumbs-content":"","ast-featured-img":"","footer-sml-layout":"","theme-transparent-header-meta":"default","adv-header-id-meta":"","stick-header-meta":"","header-above-stick-meta":"","header-main-stick-meta":"","header-below-stick-meta":"","astra-migrate-meta-layouts":"set","ast-page-background-enabled":"default","ast-page-background-meta":{"desktop":{"background-color":"var(--ast-global-color-4)","background-image":"","background-repeat":"repeat","background-position":"center center","background-size":"auto","background-attachment":"scroll","background-type":"","background-media":"","overlay-type":"","overlay-color":"","overlay-opacity":"","overlay-gradient":""},"tablet":{"background-color":"","background-image":"","background-repeat":"repeat","background-position":"center center","background-size":"auto","background-attachment":"scroll","background-type":"","background-media":"","overlay-type":"","overlay-color":"","overlay-opacity":"","overlay-gradient":""},"mobile":{"background-color":"","background-image":"","background-repeat":"repeat","background-position":"center center","background-size":"auto","background-attachment":"scroll","background-type":"","background-media":"","overlay-type":"","overlay-color":"","overlay-opacity":"","overlay-gradient":""}},"ast-content-background-meta":{"desktop":{"background-color":"var(--ast-global-color-5)","background-image":"","background-repeat":"repeat","background-position":"center center","background-size":"auto","background-attachment":"scroll","background-type":"","background-media":"","overlay-type":"","overlay-color":"","overlay-opacity":"","overlay-gradient":""},"tablet":{"background-color":"var(--ast-global-color-5)","background-image":"","background-repeat":"repeat","background-position":"center center","background-size":"auto","background-attachment":"scroll","background-type":"","background-media":"","overlay-type":"","overlay-color":"","overlay-opacity":"","overlay-gradient":""},"mobile":{"background-color":"var(--ast-global-color-5)","background-image":"","background-repeat":"repeat","background-position":"center center","background-size":"auto","background-attachment":"scroll","background-type":"","background-media":"","overlay-type":"","overlay-color":"","overlay-opacity":"","overlay-gradient":""}}},"product_brand":[],"product_cat":[997],"product_tag":[],"class_list":{"0":"post-41580","1":"product","2":"type-product","3":"status-publish","4":"has-post-thumbnail","6":"product_cat-pets-products","7":"pa_34677_5uok71dm-bla-vit","8":"pa_34677_5uok71dm-grabrun","9":"pa_34677_5uok71dm-gron-vit","10":"pa_34677_5uok71dm-rosa-bla","11":"pa_34677_5uok71dm-rosa-vit","12":"desktop-align-left","13":"tablet-align-left","14":"mobile-align-left","16":"first","17":"instock","18":"shipping-taxable","19":"purchasable","20":"product-type-variable"},"_links":{"self":[{"href":"https:\/\/keluvo.com\/se\/wp-json\/wp\/v2\/product\/41580","targetHints":{"allow":["GET"]}}],"collection":[{"href":"https:\/\/keluvo.com\/se\/wp-json\/wp\/v2\/product"}],"about":[{"href":"https:\/\/keluvo.com\/se\/wp-json\/wp\/v2\/types\/product"}],"replies":[{"embeddable":true,"href":"https:\/\/keluvo.com\/se\/wp-json\/wp\/v2\/comments?post=41580"}],"wp:featuredmedia":[{"embeddable":true,"href":"https:\/\/keluvo.com\/se\/wp-json\/wp\/v2\/media\/41576"}],"wp:attachment":[{"href":"https:\/\/keluvo.com\/se\/wp-json\/wp\/v2\/media?parent=41580"}],"wp:term":[{"taxonomy":"product_brand","embeddable":true,"href":"https:\/\/keluvo.com\/se\/wp-json\/wp\/v2\/product_brand?post=41580"},{"taxonomy":"product_cat","embeddable":true,"href":"https:\/\/keluvo.com\/se\/wp-json\/wp\/v2\/product_cat?post=41580"},{"taxonomy":"product_tag","embeddable":true,"href":"https:\/\/keluvo.com\/se\/wp-json\/wp\/v2\/product_tag?post=41580"}],"curies":[{"name":"wp","href":"https:\/\/api.w.org\/{rel}","templated":true}]}}