{"id":41517,"date":"2025-10-13T16:13:07","date_gmt":"2025-10-13T13:13:07","guid":{"rendered":"https:\/\/keluvo.com\/se\/product\/flash-kort-112-kort\/"},"modified":"2025-10-16T18:10:07","modified_gmt":"2025-10-16T15:10:07","slug":"flash-kort-112-kort","status":"publish","type":"product","link":"https:\/\/keluvo.com\/se\/product\/flash-kort-112-kort\/","title":{"rendered":"Flash-kort (112 kort)"},"content":{"rendered":"<p style=\"text-align: center;\" data-start=\"123\" data-end=\"180\">G\u00f6r inl\u00e4rningen rolig och interaktiv f\u00f6r ditt barn \ud83c\udf93\u2728<\/p>\n<p style=\"text-align: center;\" data-start=\"181\" data-end=\"414\">Dessa talande flashkort hj\u00e4lper barn att l\u00e4ra sig ord, ljud och f\u00f6rem\u00e5l p\u00e5 ett roligt och engagerande s\u00e4tt. Med 112 dubbelsidiga kort och 224 \u00e4mnen \u00e4r det ett perfekt verktyg f\u00f6r att st\u00f6dja tidig utbildning och \u00f6ka ordf\u00f6rr\u00e5det f\u00f6r barn under 6 \u00e5r.<\/p>\n<p data-start=\"181\" data-end=\"414\"><img decoding=\"async\" class=\"size-full wp-image-36597 aligncenter\" src=\"https:\/\/keluvo.com\/template\/wp-content\/uploads\/sites\/5\/2025\/10\/10029-ezgif.com-video-to-webp-converter.webp\" alt=\"\" \/><\/p>\n<h2 style=\"text-align: center;\" data-start=\"416\" data-end=\"437\"><strong>Huvudf\u00f6rdelar \u2705<\/strong><\/h2>\n<p data-start=\"440\" data-end=\"534\">\ud83e\udde0 Enkel tidig utbildning &#8211; hj\u00e4lper sm\u00e5barn att k\u00e4nna igen djur, mat, f\u00e4rger och mycket mer<\/p>\n<p data-start=\"537\" data-end=\"614\">\ud83d\udd0a Interaktivt l\u00e4rande &#8211; s\u00e4tt bara i ett kort f\u00f6r att h\u00f6ra ord och ljud<\/p>\n<p data-start=\"617\" data-end=\"716\">\ud83d\udc3e Brett utbud av \u00e4mnen &#8211; 224 kategorier inklusive djur, frukt, kl\u00e4der, former och mycket mer<\/p>\n<p data-start=\"719\" data-end=\"795\">\ud83d\udd0b Uppladdningsbart &amp; b\u00e4rbar &#8211; inbyggt 380 mAh-batteri med USB-laddning<\/p>\n<p data-start=\"798\" data-end=\"872\">\ud83c\udfae Ingen installation beh\u00f6vs &#8211; fungerar direkt, utan Wi-Fi eller Bluetooth<\/p>\n<p data-start=\"875\" data-end=\"965\">\ud83d\udc76 S\u00e4ker och h\u00e5llbar &#8211; utformad f\u00f6r sm\u00e5 h\u00e4nder med sl\u00e4ta kanter och starka material<\/p>\n<p data-start=\"875\" data-end=\"965\"><img decoding=\"async\" class=\"size-full wp-image-36594 aligncenter\" src=\"https:\/\/keluvo.com\/template\/wp-content\/uploads\/sites\/5\/2025\/10\/S7e71f4d80cf840daa42ba0a64d5ab5f4x.jpg_960x960q75.jpg_.avif\" alt=\"\" \/><\/p>\n<h2 style=\"text-align: center;\" data-start=\"967\" data-end=\"987\">Anv\u00e4nd s\u00e5 h\u00e4r \ud83d\udee0\ufe0f<\/h2>\n<ol data-start=\"988\" data-end=\"1241\">\n<li data-start=\"988\" data-end=\"1040\">\n<p data-start=\"991\" data-end=\"1040\">Ladda enheten med den medf\u00f6ljande USB-kabeln.<\/p>\n<\/li>\n<li data-start=\"1041\" data-end=\"1082\">\n<p data-start=\"1044\" data-end=\"1082\">S\u00e4tt i ett flash-kort i korth\u00e5llaren.<\/p>\n<\/li>\n<li data-start=\"1083\" data-end=\"1155\">\n<p data-start=\"1086\" data-end=\"1155\">Enheten l\u00e4ser automatiskt och uttalar ordet eller ljudet.<\/p>\n<\/li>\n<li data-start=\"1156\" data-end=\"1241\">\n<p data-start=\"1159\" data-end=\"1241\">Forts\u00e4tt att byta kort f\u00f6r att utforska olika kategorier och l\u00e4ra dig interaktivt.<\/p>\n<\/li>\n<\/ol>\n<h2 style=\"text-align: center;\" data-start=\"1243\" data-end=\"1267\">Produktinformation \u2139\ufe0f<\/h2>\n<ul data-start=\"1268\" data-end=\"1738\">\n<li data-start=\"1268\" data-end=\"1326\">\n<p data-start=\"1270\" data-end=\"1326\">\u00c5lder: L\u00e4mplig f\u00f6r barn under 6 \u00e5r<\/p>\n<\/li>\n<li data-start=\"1327\" data-end=\"1389\">\n<p data-start=\"1329\" data-end=\"1389\">Antal kort: 112 kort (totalt 224 inl\u00e4rnings\u00e4mnen)<\/p>\n<\/li>\n<li data-start=\"1390\" data-end=\"1565\">\n<p data-start=\"1392\" data-end=\"1417\">Kategorierna omfattar: 56 djur, 25 fordon, 31 f\u00f6rem\u00e5l, 21 livsmedel, 18 frukter, 17 gr\u00f6nsaker, 16 kl\u00e4der, 10 natur, 9 f\u00e4rger, 8 karakt\u00e4rer, 8 jobb, 5 former.<\/p>\n<\/li>\n<li data-start=\"1566\" data-end=\"1619\">\n<p data-start=\"1568\" data-end=\"1619\">Batteri: Inbyggt 380 mAh uppladdningsbart batteri.<\/p>\n<\/li>\n<li data-start=\"1620\" data-end=\"1650\">\n<p data-start=\"1622\" data-end=\"1650\">Laddning: USB-laddning<\/p>\n<\/li>\n<li data-start=\"1651\" data-end=\"1704\">\n<p data-start=\"1653\" data-end=\"1704\">Anslutning: Inget internet eller Bluetooth kr\u00e4vs.<\/p>\n<\/li>\n<li data-start=\"1705\" data-end=\"1738\">\n<p data-start=\"1707\" data-end=\"1738\">Storlek: 10 x 8,6 cm<\/p>\n<\/li>\n<\/ul>\n<h2 style=\"text-align: center;\" data-start=\"1740\" data-end=\"1765\">Paketet inneh\u00e5ller \ud83d\udce6<\/h2>\n<ul data-start=\"1766\" data-end=\"1862\">\n<li data-start=\"1766\" data-end=\"1800\">\n<p data-start=\"1768\" data-end=\"1800\">1x flash-kort inl\u00e4rningsenhet<\/p>\n<\/li>\n<li data-start=\"1801\" data-end=\"1835\">\n<p data-start=\"1803\" data-end=\"1835\">112x dubbelsidiga flash-kort<\/p>\n<\/li>\n<li data-start=\"1836\" data-end=\"1862\">\n<p data-start=\"1838\" data-end=\"1862\">1x USB-laddningskabel.<\/p>\n<\/li>\n<\/ul>\n","protected":false},"excerpt":{"rendered":"<p>G\u00f6r inl\u00e4rningen rolig och interaktiv f\u00f6r ditt barn \ud83c\udf93\u2728 Dessa talande flashkort hj\u00e4lper barn att l\u00e4ra sig ord, ljud och [&hellip;]<\/p>\n","protected":false},"featured_media":41513,"comment_status":"open","ping_status":"closed","template":"","meta":{"site-sidebar-layout":"default","site-content-layout":"","ast-site-content-layout":"default","site-content-style":"default","site-sidebar-style":"default","ast-global-header-display":"","ast-banner-title-visibility":"","ast-main-header-display":"","ast-hfb-above-header-display":"","ast-hfb-below-header-display":"","ast-hfb-mobile-header-display":"","site-post-title":"","ast-breadcrumbs-content":"","ast-featured-img":"","footer-sml-layout":"","theme-transparent-header-meta":"default","adv-header-id-meta":"","stick-header-meta":"","header-above-stick-meta":"","header-main-stick-meta":"","header-below-stick-meta":"","astra-migrate-meta-layouts":"set","ast-page-background-enabled":"default","ast-page-background-meta":{"desktop":{"background-color":"var(--ast-global-color-4)","background-image":"","background-repeat":"repeat","background-position":"center center","background-size":"auto","background-attachment":"scroll","background-type":"","background-media":"","overlay-type":"","overlay-color":"","overlay-opacity":"","overlay-gradient":""},"tablet":{"background-color":"","background-image":"","background-repeat":"repeat","background-position":"center center","background-size":"auto","background-attachment":"scroll","background-type":"","background-media":"","overlay-type":"","overlay-color":"","overlay-opacity":"","overlay-gradient":""},"mobile":{"background-color":"","background-image":"","background-repeat":"repeat","background-position":"center center","background-size":"auto","background-attachment":"scroll","background-type":"","background-media":"","overlay-type":"","overlay-color":"","overlay-opacity":"","overlay-gradient":""}},"ast-content-background-meta":{"desktop":{"background-color":"var(--ast-global-color-5)","background-image":"","background-repeat":"repeat","background-position":"center center","background-size":"auto","background-attachment":"scroll","background-type":"","background-media":"","overlay-type":"","overlay-color":"","overlay-opacity":"","overlay-gradient":""},"tablet":{"background-color":"var(--ast-global-color-5)","background-image":"","background-repeat":"repeat","background-position":"center center","background-size":"auto","background-attachment":"scroll","background-type":"","background-media":"","overlay-type":"","overlay-color":"","overlay-opacity":"","overlay-gradient":""},"mobile":{"background-color":"var(--ast-global-color-5)","background-image":"","background-repeat":"repeat","background-position":"center center","background-size":"auto","background-attachment":"scroll","background-type":"","background-media":"","overlay-type":"","overlay-color":"","overlay-opacity":"","overlay-gradient":""}}},"product_brand":[],"product_cat":[990],"product_tag":[],"class_list":{"0":"post-41517","1":"product","2":"type-product","3":"status-publish","4":"has-post-thumbnail","6":"product_cat-toys-childrens-and-baby-products","7":"pa_33505_i0jzdiet-bla","8":"pa_33505_i0jzdiet-rosa","9":"desktop-align-left","10":"tablet-align-left","11":"mobile-align-left","13":"first","14":"instock","15":"shipping-taxable","16":"purchasable","17":"product-type-variable"},"_links":{"self":[{"href":"https:\/\/keluvo.com\/se\/wp-json\/wp\/v2\/product\/41517","targetHints":{"allow":["GET"]}}],"collection":[{"href":"https:\/\/keluvo.com\/se\/wp-json\/wp\/v2\/product"}],"about":[{"href":"https:\/\/keluvo.com\/se\/wp-json\/wp\/v2\/types\/product"}],"replies":[{"embeddable":true,"href":"https:\/\/keluvo.com\/se\/wp-json\/wp\/v2\/comments?post=41517"}],"wp:featuredmedia":[{"embeddable":true,"href":"https:\/\/keluvo.com\/se\/wp-json\/wp\/v2\/media\/41513"}],"wp:attachment":[{"href":"https:\/\/keluvo.com\/se\/wp-json\/wp\/v2\/media?parent=41517"}],"wp:term":[{"taxonomy":"product_brand","embeddable":true,"href":"https:\/\/keluvo.com\/se\/wp-json\/wp\/v2\/product_brand?post=41517"},{"taxonomy":"product_cat","embeddable":true,"href":"https:\/\/keluvo.com\/se\/wp-json\/wp\/v2\/product_cat?post=41517"},{"taxonomy":"product_tag","embeddable":true,"href":"https:\/\/keluvo.com\/se\/wp-json\/wp\/v2\/product_tag?post=41517"}],"curies":[{"name":"wp","href":"https:\/\/api.w.org\/{rel}","templated":true}]}}