{"id":41495,"date":"2025-10-13T16:11:34","date_gmt":"2025-10-13T13:11:34","guid":{"rendered":"https:\/\/keluvo.com\/se\/product\/sakerhetsrem-for-barnstol\/"},"modified":"2025-10-20T16:26:46","modified_gmt":"2025-10-20T13:26:46","slug":"sakerhetsrem-for-barnstol","status":"publish","type":"product","link":"https:\/\/keluvo.com\/se\/product\/sakerhetsrem-for-barnstol\/","title":{"rendered":"S\u00e4kerhetsele f\u00f6r barnstol"},"content":{"rendered":"<p style=\"text-align: center;\" data-start=\"139\" data-end=\"196\">Mata ditt barn s\u00e4kert och bekv\u00e4mt var som helst \ud83d\udc76\ud83c\udf7d\ufe0f<\/p>\n<p style=\"text-align: center;\" data-start=\"197\" data-end=\"396\">Denna b\u00e4rbar matstolsrem f\u00f6rvandlar en vanlig stol till en s\u00e4ker barnstol p\u00e5 n\u00e5gra sekunder. Den \u00e4r l\u00e4tt, enkel att reng\u00f6ra och s\u00e4ker att anv\u00e4nda och g\u00f6r m\u00e5ltiderna stressfria oavsett om du \u00e4r hemma eller ute.<\/p>\n<p data-start=\"197\" data-end=\"396\"><img decoding=\"async\" class=\"size-full wp-image-36579 aligncenter\" src=\"https:\/\/keluvo.com\/template\/wp-content\/uploads\/sites\/5\/2025\/10\/10028-ezgif.com-video-to-webp-converter.webp\" alt=\"\" \/><\/p>\n<h2 style=\"text-align: center;\" data-start=\"398\" data-end=\"419\"><strong>Huvudf\u00f6rdelar \u2705<\/strong><\/h2>\n<p data-start=\"422\" data-end=\"500\">\ud83e\ude91 Passar alla stolar &#8211; f\u00f6rvandlar vanliga stolar till s\u00e4kra barnstolar direkt<\/p>\n<p data-start=\"503\" data-end=\"582\">\ud83d\udc76 Tryggt och s\u00e4kert &#8211; h\u00e5ller barnet p\u00e5 plats n\u00e4r du \u00e4ter eller ammar<\/p>\n<p data-start=\"585\" data-end=\"662\">\ud83c\udf92 B\u00e4rbar och kompakt &#8211; f\u00e4lls enkelt ihop f\u00f6r resor, f\u00f6rvaring eller middagar ute<\/p>\n<p data-start=\"665\" data-end=\"733\">\ud83e\uddfc L\u00e4tt att reng\u00f6ra &#8211; tillverkad av slitstark, tv\u00e4ttbar polyesterfiber<\/p>\n<p data-start=\"736\" data-end=\"814\">\ud83c\udf3f Uppmuntrar sj\u00e4lvst\u00e4ndighet &#8211; hj\u00e4lper ditt barn att utveckla goda matvanor<\/p>\n<p data-start=\"736\" data-end=\"814\"><img decoding=\"async\" class=\"size-full wp-image-36576 aligncenter\" src=\"https:\/\/keluvo.com\/template\/wp-content\/uploads\/sites\/5\/2025\/10\/S3fe14dfa2bef4646a65e318d20f4bddcl.jpg_960x960q75.jpg_.avif\" alt=\"\" \/><\/p>\n<h2 style=\"text-align: center;\" data-start=\"906\" data-end=\"926\">Hur du anv\u00e4nder den \ud83d\udee0\ufe0f<\/h2>\n<ol data-start=\"927\" data-end=\"1134\">\n<li data-start=\"927\" data-end=\"981\">\n<p data-start=\"930\" data-end=\"981\">Placera selen p\u00e5 en stol med ryggst\u00f6d.<\/p>\n<\/li>\n<li data-start=\"982\" data-end=\"1025\">\n<p data-start=\"985\" data-end=\"1025\">S\u00e4tt fast remmarna ordentligt p\u00e5 stolen.<\/p>\n<\/li>\n<li data-start=\"1026\" data-end=\"1075\">\n<p data-start=\"1029\" data-end=\"1075\">S\u00e4tt ditt barn i stolen och f\u00e4st s\u00e4kerhetsb\u00e4ltet.<\/p>\n<\/li>\n<li data-start=\"1076\" data-end=\"1134\">\n<p data-start=\"1079\" data-end=\"1134\">Justera f\u00f6r komfort och njut av bekymmersfria matstunder.<\/p>\n<\/li>\n<\/ol>\n<h2 style=\"text-align: center;\" data-start=\"1136\" data-end=\"1160\">Produktinformation \u2139\ufe0f<\/h2>\n<ul data-start=\"1161\" data-end=\"1445\">\n<li data-start=\"1161\" data-end=\"1194\">\n<p data-start=\"1163\" data-end=\"1194\">Material: polyesterfiber<\/p>\n<\/li>\n<li data-start=\"1195\" data-end=\"1219\">\n<p data-start=\"1197\" data-end=\"1219\">Storlek: 48 x 50 cm<\/p>\n<\/li>\n<li data-start=\"1220\" data-end=\"1249\">\n<p data-start=\"1222\" data-end=\"1249\">Maximivikt: 20 kg<\/p>\n<\/li>\n<li data-start=\"1250\" data-end=\"1281\">\n<p data-start=\"1252\" data-end=\"1281\">L\u00e4mplig \u00e5lder: 0\u20132 \u00e5r<\/p>\n<\/li>\n<li data-start=\"1282\" data-end=\"1315\">\n<p data-start=\"1284\" data-end=\"1315\">F\u00e4rg: gr\u00f6n, r\u00f6d, svart, bl\u00e5, gul<\/p>\n<\/li>\n<li data-start=\"1316\" data-end=\"1376\">\n<p data-start=\"1318\" data-end=\"1376\">Design: enkel, hopf\u00e4llbar, h\u00e5llbar och l\u00e4tt att reng\u00f6ra<\/p>\n<\/li>\n<li data-start=\"1377\" data-end=\"1445\">\n<p data-start=\"1379\" data-end=\"1445\">Anv\u00e4ndningsomr\u00e5den: hemmamiddag, restauranger, resor, utomhusmatning<\/p>\n<\/li>\n<\/ul>\n<h2 style=\"text-align: center;\" data-start=\"1447\" data-end=\"1472\">Paketet inneh\u00e5ller \ud83d\udce6<\/h2>\n<ul data-start=\"1473\" data-end=\"1506\">\n<li data-start=\"1473\" data-end=\"1506\">\n<p data-start=\"1475\" data-end=\"1506\">1x s\u00e4kerhetssele till matstol.<\/p>\n<\/li>\n<\/ul>\n","protected":false},"excerpt":{"rendered":"<p>Mata ditt barn s\u00e4kert och bekv\u00e4mt var som helst \ud83d\udc76\ud83c\udf7d\ufe0f Denna b\u00e4rbar matstolsrem f\u00f6rvandlar en vanlig stol till en s\u00e4ker [&hellip;]<\/p>\n","protected":false},"featured_media":41491,"comment_status":"open","ping_status":"closed","template":"","meta":{"site-sidebar-layout":"default","site-content-layout":"","ast-site-content-layout":"default","site-content-style":"default","site-sidebar-style":"default","ast-global-header-display":"","ast-banner-title-visibility":"","ast-main-header-display":"","ast-hfb-above-header-display":"","ast-hfb-below-header-display":"","ast-hfb-mobile-header-display":"","site-post-title":"","ast-breadcrumbs-content":"","ast-featured-img":"","footer-sml-layout":"","theme-transparent-header-meta":"default","adv-header-id-meta":"","stick-header-meta":"","header-above-stick-meta":"","header-main-stick-meta":"","header-below-stick-meta":"","astra-migrate-meta-layouts":"set","ast-page-background-enabled":"default","ast-page-background-meta":{"desktop":{"background-color":"var(--ast-global-color-4)","background-image":"","background-repeat":"repeat","background-position":"center center","background-size":"auto","background-attachment":"scroll","background-type":"","background-media":"","overlay-type":"","overlay-color":"","overlay-opacity":"","overlay-gradient":""},"tablet":{"background-color":"","background-image":"","background-repeat":"repeat","background-position":"center center","background-size":"auto","background-attachment":"scroll","background-type":"","background-media":"","overlay-type":"","overlay-color":"","overlay-opacity":"","overlay-gradient":""},"mobile":{"background-color":"","background-image":"","background-repeat":"repeat","background-position":"center center","background-size":"auto","background-attachment":"scroll","background-type":"","background-media":"","overlay-type":"","overlay-color":"","overlay-opacity":"","overlay-gradient":""}},"ast-content-background-meta":{"desktop":{"background-color":"var(--ast-global-color-5)","background-image":"","background-repeat":"repeat","background-position":"center center","background-size":"auto","background-attachment":"scroll","background-type":"","background-media":"","overlay-type":"","overlay-color":"","overlay-opacity":"","overlay-gradient":""},"tablet":{"background-color":"var(--ast-global-color-5)","background-image":"","background-repeat":"repeat","background-position":"center center","background-size":"auto","background-attachment":"scroll","background-type":"","background-media":"","overlay-type":"","overlay-color":"","overlay-opacity":"","overlay-gradient":""},"mobile":{"background-color":"var(--ast-global-color-5)","background-image":"","background-repeat":"repeat","background-position":"center center","background-size":"auto","background-attachment":"scroll","background-type":"","background-media":"","overlay-type":"","overlay-color":"","overlay-opacity":"","overlay-gradient":""}}},"product_brand":[],"product_cat":[990],"product_tag":[],"class_list":{"0":"post-41495","1":"product","2":"type-product","3":"status-publish","4":"has-post-thumbnail","6":"product_cat-toys-childrens-and-baby-products","7":"pa_33430_4mewr053-bla","8":"pa_33430_4mewr053-gron","9":"pa_33430_4mewr053-gul","10":"pa_33430_4mewr053-rod","11":"pa_33430_4mewr053-svart","12":"desktop-align-left","13":"tablet-align-left","14":"mobile-align-left","16":"first","17":"instock","18":"shipping-taxable","19":"purchasable","20":"product-type-variable"},"_links":{"self":[{"href":"https:\/\/keluvo.com\/se\/wp-json\/wp\/v2\/product\/41495","targetHints":{"allow":["GET"]}}],"collection":[{"href":"https:\/\/keluvo.com\/se\/wp-json\/wp\/v2\/product"}],"about":[{"href":"https:\/\/keluvo.com\/se\/wp-json\/wp\/v2\/types\/product"}],"replies":[{"embeddable":true,"href":"https:\/\/keluvo.com\/se\/wp-json\/wp\/v2\/comments?post=41495"}],"wp:featuredmedia":[{"embeddable":true,"href":"https:\/\/keluvo.com\/se\/wp-json\/wp\/v2\/media\/41491"}],"wp:attachment":[{"href":"https:\/\/keluvo.com\/se\/wp-json\/wp\/v2\/media?parent=41495"}],"wp:term":[{"taxonomy":"product_brand","embeddable":true,"href":"https:\/\/keluvo.com\/se\/wp-json\/wp\/v2\/product_brand?post=41495"},{"taxonomy":"product_cat","embeddable":true,"href":"https:\/\/keluvo.com\/se\/wp-json\/wp\/v2\/product_cat?post=41495"},{"taxonomy":"product_tag","embeddable":true,"href":"https:\/\/keluvo.com\/se\/wp-json\/wp\/v2\/product_tag?post=41495"}],"curies":[{"name":"wp","href":"https:\/\/api.w.org\/{rel}","templated":true}]}}