{"id":41462,"date":"2025-10-13T16:10:01","date_gmt":"2025-10-13T13:10:01","guid":{"rendered":"https:\/\/keluvo.com\/se\/product\/powerbank-3\/"},"modified":"2025-10-16T16:33:54","modified_gmt":"2025-10-16T13:33:54","slug":"powerbank-3","status":"publish","type":"product","link":"https:\/\/keluvo.com\/se\/product\/powerbank-3\/","title":{"rendered":"Powerbank"},"content":{"rendered":"<p style=\"text-align: center;\" data-start=\"134\" data-end=\"190\">H\u00e5ll dina enheter laddade \u00f6verallt med denna mini-powerbank \u26a1\ud83d\udd0b<\/p>\n<p style=\"text-align: center;\" data-start=\"191\" data-end=\"401\">Den h\u00e4r uppgraderade 3300 mAh kapsel-powerbanken h\u00e5ller din telefon laddad var du \u00e4n \u00e4r. Den \u00e4r kompakt, l\u00e4tt och enkel att b\u00e4ra med sig och \u00e4r perfekt f\u00f6r resor, arbete eller n\u00f6dsituationer &#8211; bara att koppla in och ladda direkt.<\/p>\n<p data-start=\"191\" data-end=\"401\"><img decoding=\"async\" class=\"size-full wp-image-36548 aligncenter\" src=\"https:\/\/keluvo.com\/template\/wp-content\/uploads\/sites\/5\/2025\/10\/79eb7b6f605760994b2b4eff784c7bd063143210062901006312127DE25c739cb8f92e898cd1bfd6661bef5138.gif\" alt=\"\" \/><\/p>\n<h2 style=\"text-align: center;\" data-start=\"403\" data-end=\"424\">Huvudf\u00f6rdelar \u2705<\/h2>\n<p data-start=\"427\" data-end=\"524\">\ud83d\udd0c Universell kompatibilitet &#8211; Typ-C- och iPhone-portar<\/p>\n<p data-start=\"527\" data-end=\"600\">\u26a1 Plugg och laddning &#8211; inga kablar beh\u00f6vs, ansluts direkt till din telefon<\/p>\n<p data-start=\"603\" data-end=\"685\">\ud83d\udd0b L\u00e5ngvarig kraft &#8211; 3300 mAh kapacitet h\u00e5ller din enhet laddad n\u00e4r du \u00e4r p\u00e5 spr\u00e5ng<\/p>\n<p data-start=\"688\" data-end=\"774\">\ud83e\udde0 Smart skydd &#8211; skyddar din telefon fr\u00e5n \u00f6verladdning och kortslutning<\/p>\n<p data-start=\"777\" data-end=\"861\">\ud83c\udf92 Kompakt och b\u00e4rbar &#8211; endast 56 g och tillr\u00e4ckligt liten f\u00f6r att passa i fickan eller v\u00e4skan<\/p>\n<p data-start=\"864\" data-end=\"946\">\ud83d\udd04 Snabbladdning &#8211; st\u00f6der 5 V, 1.2 A in- och utg\u00e5ng f\u00f6r effektiv laddning<\/p>\n<p data-start=\"864\" data-end=\"946\"><img decoding=\"async\" class=\"size-full wp-image-36549 aligncenter\" src=\"https:\/\/keluvo.com\/template\/wp-content\/uploads\/sites\/5\/2025\/10\/a3511fba081f40aedd667416a960c38363143210062901006312127DE2246b48bd184cc25c1b49b8a53a4df632.gif\" alt=\"\" \/><\/p>\n<h2 style=\"text-align: center;\" data-start=\"948\" data-end=\"968\">Anv\u00e4ndning \ud83d\udee0\ufe0f<\/h2>\n<ol data-start=\"969\" data-end=\"1207\">\n<li data-start=\"969\" data-end=\"1048\">\n<p data-start=\"972\" data-end=\"1048\">V\u00e4lj r\u00e4tt port f\u00f6r din enhet.<\/p>\n<\/li>\n<li data-start=\"1049\" data-end=\"1099\">\n<p data-start=\"1052\" data-end=\"1099\">Anslut powerbanken direkt till din telefon.<\/p>\n<\/li>\n<li data-start=\"1100\" data-end=\"1143\">\n<p data-start=\"1103\" data-end=\"1143\">Laddningen startar automatiskt.<\/p>\n<\/li>\n<li data-start=\"1144\" data-end=\"1207\">\n<p data-start=\"1147\" data-end=\"1207\">N\u00e4r den \u00e4r klar tar du bort och laddar powerbanken via USB.<\/p>\n<\/li>\n<\/ol>\n<h2 style=\"text-align: center;\" data-start=\"1209\" data-end=\"1233\">Produktinformation \u2139\ufe0f<\/h2>\n<ul data-start=\"1234\" data-end=\"1530\">\n<li data-start=\"1234\" data-end=\"1267\">\n<p data-start=\"1236\" data-end=\"1267\">Batterikapacitet: 3300 mAh<\/p>\n<\/li>\n<li data-start=\"1268\" data-end=\"1297\">\n<p data-start=\"1270\" data-end=\"1297\">Input\/output: 5V, 1.2A<\/p>\n<\/li>\n<li data-start=\"1298\" data-end=\"1346\">\n<p data-start=\"1300\" data-end=\"1346\">Interface: Typ-C, iPhone<\/p>\n<\/li>\n<li data-start=\"1347\" data-end=\"1366\">\n<p data-start=\"1349\" data-end=\"1366\">Vikt: 56 g<\/p>\n<\/li>\n<li data-start=\"1367\" data-end=\"1396\">\n<p data-start=\"1369\" data-end=\"1396\">Storlek: 74 x 27 x 22 mm<\/p>\n<\/li>\n<li data-start=\"1397\" data-end=\"1458\">\n<p data-start=\"1399\" data-end=\"1458\">Design: Minikapselform, tr\u00e5dl\u00f6s plug-in-laddning.<\/p>\n<\/li>\n<li data-start=\"1459\" data-end=\"1530\">\n<p data-start=\"1461\" data-end=\"1530\">Funktioner: Laddningsskydd, snabb laddning, b\u00e4rbar design.<\/p>\n<\/li>\n<\/ul>\n<h2 style=\"text-align: center;\" data-start=\"1532\" data-end=\"1557\">Paketet inneh\u00e5ller \ud83d\udce6<\/h2>\n<ul data-start=\"1558\" data-end=\"1589\">\n<li data-start=\"1558\" data-end=\"1589\">\n<p data-start=\"1560\" data-end=\"1589\">1x powerbank.<\/p>\n<\/li>\n<\/ul>\n","protected":false},"excerpt":{"rendered":"<p>H\u00e5ll dina enheter laddade \u00f6verallt med denna mini-powerbank \u26a1\ud83d\udd0b Den h\u00e4r uppgraderade 3300 mAh kapsel-powerbanken h\u00e5ller din telefon laddad var [&hellip;]<\/p>\n","protected":false},"featured_media":41458,"comment_status":"open","ping_status":"closed","template":"","meta":{"site-sidebar-layout":"default","site-content-layout":"","ast-site-content-layout":"default","site-content-style":"default","site-sidebar-style":"default","ast-global-header-display":"","ast-banner-title-visibility":"","ast-main-header-display":"","ast-hfb-above-header-display":"","ast-hfb-below-header-display":"","ast-hfb-mobile-header-display":"","site-post-title":"","ast-breadcrumbs-content":"","ast-featured-img":"","footer-sml-layout":"","theme-transparent-header-meta":"default","adv-header-id-meta":"","stick-header-meta":"","header-above-stick-meta":"","header-main-stick-meta":"","header-below-stick-meta":"","astra-migrate-meta-layouts":"set","ast-page-background-enabled":"default","ast-page-background-meta":{"desktop":{"background-color":"var(--ast-global-color-4)","background-image":"","background-repeat":"repeat","background-position":"center center","background-size":"auto","background-attachment":"scroll","background-type":"","background-media":"","overlay-type":"","overlay-color":"","overlay-opacity":"","overlay-gradient":""},"tablet":{"background-color":"","background-image":"","background-repeat":"repeat","background-position":"center center","background-size":"auto","background-attachment":"scroll","background-type":"","background-media":"","overlay-type":"","overlay-color":"","overlay-opacity":"","overlay-gradient":""},"mobile":{"background-color":"","background-image":"","background-repeat":"repeat","background-position":"center center","background-size":"auto","background-attachment":"scroll","background-type":"","background-media":"","overlay-type":"","overlay-color":"","overlay-opacity":"","overlay-gradient":""}},"ast-content-background-meta":{"desktop":{"background-color":"var(--ast-global-color-5)","background-image":"","background-repeat":"repeat","background-position":"center center","background-size":"auto","background-attachment":"scroll","background-type":"","background-media":"","overlay-type":"","overlay-color":"","overlay-opacity":"","overlay-gradient":""},"tablet":{"background-color":"var(--ast-global-color-5)","background-image":"","background-repeat":"repeat","background-position":"center center","background-size":"auto","background-attachment":"scroll","background-type":"","background-media":"","overlay-type":"","overlay-color":"","overlay-opacity":"","overlay-gradient":""},"mobile":{"background-color":"var(--ast-global-color-5)","background-image":"","background-repeat":"repeat","background-position":"center center","background-size":"auto","background-attachment":"scroll","background-type":"","background-media":"","overlay-type":"","overlay-color":"","overlay-opacity":"","overlay-gradient":""}}},"product_brand":[],"product_cat":[15],"product_tag":[],"class_list":{"0":"post-41462","1":"product","2":"type-product","3":"status-publish","4":"has-post-thumbnail","6":"product_cat-uncategorized","7":"pa_33366_672hbu1c-iphone","8":"pa_33366_672hbu1c-typ-c","9":"pa_33366_lxyrennt-bla","10":"pa_33366_lxyrennt-gron","11":"pa_33366_lxyrennt-guld","12":"pa_33366_lxyrennt-rod","13":"pa_33366_lxyrennt-rosa","14":"desktop-align-left","15":"tablet-align-left","16":"mobile-align-left","18":"first","19":"instock","20":"shipping-taxable","21":"purchasable","22":"product-type-variable","23":"has-default-attributes"},"_links":{"self":[{"href":"https:\/\/keluvo.com\/se\/wp-json\/wp\/v2\/product\/41462","targetHints":{"allow":["GET"]}}],"collection":[{"href":"https:\/\/keluvo.com\/se\/wp-json\/wp\/v2\/product"}],"about":[{"href":"https:\/\/keluvo.com\/se\/wp-json\/wp\/v2\/types\/product"}],"replies":[{"embeddable":true,"href":"https:\/\/keluvo.com\/se\/wp-json\/wp\/v2\/comments?post=41462"}],"wp:featuredmedia":[{"embeddable":true,"href":"https:\/\/keluvo.com\/se\/wp-json\/wp\/v2\/media\/41458"}],"wp:attachment":[{"href":"https:\/\/keluvo.com\/se\/wp-json\/wp\/v2\/media?parent=41462"}],"wp:term":[{"taxonomy":"product_brand","embeddable":true,"href":"https:\/\/keluvo.com\/se\/wp-json\/wp\/v2\/product_brand?post=41462"},{"taxonomy":"product_cat","embeddable":true,"href":"https:\/\/keluvo.com\/se\/wp-json\/wp\/v2\/product_cat?post=41462"},{"taxonomy":"product_tag","embeddable":true,"href":"https:\/\/keluvo.com\/se\/wp-json\/wp\/v2\/product_tag?post=41462"}],"curies":[{"name":"wp","href":"https:\/\/api.w.org\/{rel}","templated":true}]}}