{"id":41418,"date":"2025-10-13T16:06:24","date_gmt":"2025-10-13T13:06:24","guid":{"rendered":"https:\/\/keluvo.com\/se\/product\/elektrisk-skruvmejsel\/"},"modified":"2025-10-16T16:13:22","modified_gmt":"2025-10-16T13:13:22","slug":"elektrisk-skruvmejsel","status":"publish","type":"product","link":"https:\/\/keluvo.com\/se\/product\/elektrisk-skruvmejsel\/","title":{"rendered":"Elektrisk skruvmejsel"},"content":{"rendered":"<p style=\"text-align: center;\" data-start=\"135\" data-end=\"183\">Ta dig igenom alla DIY-projekt med l\u00e4tthet \ud83d\udd29\u26a1<\/p>\n<p style=\"text-align: center;\" data-start=\"184\" data-end=\"414\">Den h\u00e4r laddningsbara slattl\u00f6sa elektriska skruvmejseln g\u00f6r reparationer i hemmet snabba och enkla. Den \u00e4r kompakt men kraftfull och ger precision och hastighet f\u00f6r alla skruv- och borrningsuppgifter &#8211; perfekt f\u00f6r alla g\u00f6r-det-sj\u00e4lvare och hemmaprojekt.<\/p>\n<p data-start=\"184\" data-end=\"414\"><img decoding=\"async\" class=\"size-full wp-image-36519 aligncenter\" src=\"https:\/\/keluvo.com\/template\/wp-content\/uploads\/sites\/5\/2025\/10\/ceb22415-ea14-4ce1-af81-4b327d1190c2.gif\" alt=\"\" \/><\/p>\n<h2 style=\"text-align: center;\" data-start=\"416\" data-end=\"437\">Huvudf\u00f6rdelar \u2705<\/h2>\n<p data-start=\"440\" data-end=\"524\">\ud83d\udd0b Uppladdningsbart batteri &#8211; l\u00e5ngvarigt 800 mAh-batteri f\u00f6r sladdl\u00f6s bekv\u00e4mlighet<\/p>\n<p data-start=\"527\" data-end=\"605\">\ud83d\udd0c Tr\u00e5dl\u00f6s design &#8211; inga kablar, inga trassel, fullst\u00e4ndig r\u00f6relsefrihet<\/p>\n<p data-start=\"608\" data-end=\"678\">\ud83d\udcaa Kraftfullt vridmoment &#8211; klarar tuffa skruvuppgifter med l\u00e4tthet<\/p>\n<p data-start=\"681\" data-end=\"756\">\u2699\ufe0f H\u00f6ghastighetsprestanda &#8211; upp till 250 varv\/min f\u00f6r snabbt och effektivt arbete<\/p>\n<p data-start=\"759\" data-end=\"837\">\ud83d\udd27 Kompakt och b\u00e4rbar &#8211; l\u00e4ttviktsdesign f\u00f6r enkel hantering och f\u00f6rvaring<\/p>\n<p data-start=\"840\" data-end=\"926\">\ud83c\udfe0 Perfekt f\u00f6r hemmafixare &#8211; perfekt f\u00f6r m\u00f6belmontering, elektronik och reparationer<\/p>\n<p data-start=\"840\" data-end=\"926\"><img decoding=\"async\" class=\"size-full wp-image-36521 aligncenter\" src=\"https:\/\/keluvo.com\/template\/wp-content\/uploads\/sites\/5\/2025\/10\/Scf4fbbc7497144d18103325e0daae972H.webp\" alt=\"\" \/><\/p>\n<h2 style=\"text-align: center;\" data-start=\"928\" data-end=\"948\">S\u00e5 h\u00e4r anv\u00e4nder du den \ud83d\udee0\ufe0f<\/h2>\n<ol data-start=\"949\" data-end=\"1246\">\n<li data-start=\"949\" data-end=\"1012\">\n<p data-start=\"952\" data-end=\"1012\">Ladda skruvmejseln med den medf\u00f6ljande USB-kabeln.<\/p>\n<\/li>\n<li data-start=\"1013\" data-end=\"1067\">\n<p data-start=\"1016\" data-end=\"1067\">S\u00e4tt i l\u00e4mplig bit i 6,35 mm chucken.<\/p>\n<\/li>\n<li data-start=\"1068\" data-end=\"1116\">\n<p data-start=\"1071\" data-end=\"1116\">Placera skruvmejseln p\u00e5 skruvhuvudet.<\/p>\n<\/li>\n<li data-start=\"1117\" data-end=\"1186\">\n<p data-start=\"1120\" data-end=\"1186\">Tryck p\u00e5 avtryckaren f\u00f6r att starta; justera hastighet och tryck efter behov.<\/p>\n<\/li>\n<li data-start=\"1187\" data-end=\"1246\">\n<p data-start=\"1190\" data-end=\"1246\">Ladda n\u00e4r batteriet tar slut f\u00f6r kontinuerlig anv\u00e4ndning.<\/p>\n<\/li>\n<\/ol>\n<h2 style=\"text-align: center;\" data-start=\"1248\" data-end=\"1272\"><strong>Produktdetaljer \u2139\ufe0f<\/strong><\/h2>\n<ul data-start=\"1273\" data-end=\"1705\">\n<li data-start=\"1273\" data-end=\"1308\">\n<p data-start=\"1275\" data-end=\"1308\">Material: H\u00f6lje av ABS-plast<\/p>\n<\/li>\n<li data-start=\"1309\" data-end=\"1336\">\n<p data-start=\"1311\" data-end=\"1336\">Sp\u00e4nning: 3,6 V<\/p>\n<\/li>\n<li data-start=\"1337\" data-end=\"1392\">\n<p data-start=\"1339\" data-end=\"1392\">Batterikapacitet: 800 mAh (uppladdningsbart via USB)<\/p>\n<\/li>\n<li data-start=\"1393\" data-end=\"1424\">\n<p data-start=\"1395\" data-end=\"1424\">Maximalt vridmoment: 2,6 N-m<\/p>\n<\/li>\n<li data-start=\"1425\" data-end=\"1454\">\n<p data-start=\"1427\" data-end=\"1454\">Varvtal utan belastning: 250 rpm<\/p>\n<\/li>\n<li data-start=\"1455\" data-end=\"1481\">\n<p data-start=\"1457\" data-end=\"1481\">Chuckstorlek: 6,35 mm<\/p>\n<\/li>\n<li data-start=\"1482\" data-end=\"1505\">\n<p data-start=\"1484\" data-end=\"1505\">Frekvens: 50 Hz<\/p>\n<\/li>\n<li data-start=\"1506\" data-end=\"1566\">\n<p data-start=\"1508\" data-end=\"1566\">Dimensioner: 165 x 125 x 44 mm<\/p>\n<\/li>\n<li data-start=\"1567\" data-end=\"1622\">\n<p data-start=\"1569\" data-end=\"1622\">Vikt: L\u00e4ttvikt f\u00f6r enkel anv\u00e4ndning med en hand<\/p>\n<\/li>\n<li data-start=\"1623\" data-end=\"1674\">\n<p data-start=\"1625\" data-end=\"1674\">Str\u00f6mf\u00f6rs\u00f6rjning: USB-laddning (kabel ing\u00e5r)<\/p>\n<\/li>\n<\/ul>\n<h2 style=\"text-align: center;\" data-start=\"1707\" data-end=\"1732\">Paketet inneh\u00e5ller \ud83d\udce6<\/h2>\n<ul data-start=\"1733\" data-end=\"1788\">\n<li data-start=\"1733\" data-end=\"1761\">\n<p data-start=\"1735\" data-end=\"1761\">1x elektrisk skruvmejselsats (47 st)<\/p>\n<\/li>\n<li data-start=\"1762\" data-end=\"1788\">\n<p data-start=\"1764\" data-end=\"1788\">1x USB-laddningskabel.<\/p>\n<\/li>\n<\/ul>\n","protected":false},"excerpt":{"rendered":"<p>Ta dig igenom alla DIY-projekt med l\u00e4tthet \ud83d\udd29\u26a1 Den h\u00e4r laddningsbara slattl\u00f6sa elektriska skruvmejseln g\u00f6r reparationer i hemmet snabba och [&hellip;]<\/p>\n","protected":false},"featured_media":41414,"comment_status":"open","ping_status":"closed","template":"","meta":{"site-sidebar-layout":"default","site-content-layout":"","ast-site-content-layout":"default","site-content-style":"default","site-sidebar-style":"default","ast-global-header-display":"","ast-banner-title-visibility":"","ast-main-header-display":"","ast-hfb-above-header-display":"","ast-hfb-below-header-display":"","ast-hfb-mobile-header-display":"","site-post-title":"","ast-breadcrumbs-content":"","ast-featured-img":"","footer-sml-layout":"","theme-transparent-header-meta":"default","adv-header-id-meta":"","stick-header-meta":"","header-above-stick-meta":"","header-main-stick-meta":"","header-below-stick-meta":"","astra-migrate-meta-layouts":"set","ast-page-background-enabled":"default","ast-page-background-meta":{"desktop":{"background-color":"var(--ast-global-color-4)","background-image":"","background-repeat":"repeat","background-position":"center center","background-size":"auto","background-attachment":"scroll","background-type":"","background-media":"","overlay-type":"","overlay-color":"","overlay-opacity":"","overlay-gradient":""},"tablet":{"background-color":"","background-image":"","background-repeat":"repeat","background-position":"center center","background-size":"auto","background-attachment":"scroll","background-type":"","background-media":"","overlay-type":"","overlay-color":"","overlay-opacity":"","overlay-gradient":""},"mobile":{"background-color":"","background-image":"","background-repeat":"repeat","background-position":"center center","background-size":"auto","background-attachment":"scroll","background-type":"","background-media":"","overlay-type":"","overlay-color":"","overlay-opacity":"","overlay-gradient":""}},"ast-content-background-meta":{"desktop":{"background-color":"var(--ast-global-color-5)","background-image":"","background-repeat":"repeat","background-position":"center center","background-size":"auto","background-attachment":"scroll","background-type":"","background-media":"","overlay-type":"","overlay-color":"","overlay-opacity":"","overlay-gradient":""},"tablet":{"background-color":"var(--ast-global-color-5)","background-image":"","background-repeat":"repeat","background-position":"center center","background-size":"auto","background-attachment":"scroll","background-type":"","background-media":"","overlay-type":"","overlay-color":"","overlay-opacity":"","overlay-gradient":""},"mobile":{"background-color":"var(--ast-global-color-5)","background-image":"","background-repeat":"repeat","background-position":"center center","background-size":"auto","background-attachment":"scroll","background-type":"","background-media":"","overlay-type":"","overlay-color":"","overlay-opacity":"","overlay-gradient":""}}},"product_brand":[],"product_cat":[996],"product_tag":[],"class_list":{"0":"post-41418","1":"product","2":"type-product","3":"status-publish","4":"has-post-thumbnail","6":"product_cat-tools","7":"desktop-align-left","8":"tablet-align-left","9":"mobile-align-left","11":"first","12":"instock","13":"shipping-taxable","14":"purchasable","15":"product-type-simple"},"_links":{"self":[{"href":"https:\/\/keluvo.com\/se\/wp-json\/wp\/v2\/product\/41418","targetHints":{"allow":["GET"]}}],"collection":[{"href":"https:\/\/keluvo.com\/se\/wp-json\/wp\/v2\/product"}],"about":[{"href":"https:\/\/keluvo.com\/se\/wp-json\/wp\/v2\/types\/product"}],"replies":[{"embeddable":true,"href":"https:\/\/keluvo.com\/se\/wp-json\/wp\/v2\/comments?post=41418"}],"wp:featuredmedia":[{"embeddable":true,"href":"https:\/\/keluvo.com\/se\/wp-json\/wp\/v2\/media\/41414"}],"wp:attachment":[{"href":"https:\/\/keluvo.com\/se\/wp-json\/wp\/v2\/media?parent=41418"}],"wp:term":[{"taxonomy":"product_brand","embeddable":true,"href":"https:\/\/keluvo.com\/se\/wp-json\/wp\/v2\/product_brand?post=41418"},{"taxonomy":"product_cat","embeddable":true,"href":"https:\/\/keluvo.com\/se\/wp-json\/wp\/v2\/product_cat?post=41418"},{"taxonomy":"product_tag","embeddable":true,"href":"https:\/\/keluvo.com\/se\/wp-json\/wp\/v2\/product_tag?post=41418"}],"curies":[{"name":"wp","href":"https:\/\/api.w.org\/{rel}","templated":true}]}}