{"id":4141,"date":"2024-12-02T18:06:38","date_gmt":"2024-12-02T16:06:38","guid":{"rendered":"https:\/\/keluvo.com\/se\/product\/fargroller\/"},"modified":"2025-09-13T13:32:16","modified_gmt":"2025-09-13T10:32:16","slug":"fargroller","status":"publish","type":"product","link":"https:\/\/keluvo.com\/se\/product\/fargroller\/","title":{"rendered":"F\u00e4rgroller"},"content":{"rendered":"<h2 style=\"text-align: center\"><strong>H\u00e5llbarhet och h\u00f6gkvalitativ design<\/strong><\/h2>\n<p style=\"text-align: center\">V\u00e5r f\u00e4rgroller \u00e4r byggd med robusta material som garanterar l\u00e5ngvarig prestanda. \u00c4ven vid omfattande anv\u00e4ndning bibeh\u00e5ller den sin effektivitet, s\u00e5 att du kan ta dig an alla m\u00e5lningsprojekt med tillf\u00f6rsikt.<\/p>\n<p><img decoding=\"async\" class=\"size-medium wp-image-1261 aligncenter\" src=\"https:\/\/keluvo.com\/template\/wp-content\/uploads\/sites\/5\/2024\/10\/paintrollerdesc1.webp\" alt=\"\" \/><\/p>\n<h2 style=\"text-align: center\"><\/h2>\n<h2 style=\"text-align: center\"><strong>anv\u00e4ndarv\u00e4nlig och effektiv<\/strong><\/h2>\n<p style=\"text-align: center\">Den h\u00e4r rollern \u00e4r utformad f\u00f6r att vara enkel att anv\u00e4nda, s\u00e5 att b\u00e5de proffs och g\u00f6r-det-sj\u00e4lventusiaster snabbt kan f\u00e5 perfekta kanter. Handtaget \u00e4r bekv\u00e4mt att h\u00e5lla i och rullmekanismen \u00e4r smidig, vilket g\u00f6r m\u00e5lningsprocessen mindre arbetsintensiv.<\/p>\n<p><img decoding=\"async\" class=\"size-medium wp-image-1261 aligncenter\" src=\"https:\/\/keluvo.com\/template\/wp-content\/uploads\/sites\/5\/2024\/10\/paintrollerdesc2.webp\" alt=\"\" \/><\/p>\n<h2><\/h2>\n<h2 style=\"text-align: center\"><strong>exakta kanter utan luckor<\/strong><\/h2>\n<p style=\"text-align: center\">F\u00e4rgrullen \u00e4r konstruerad f\u00f6r att ge t\u00e4ta, s\u00f6ml\u00f6sa kanter \u00f6ver v\u00e4ggar och h\u00f6rn, vilket eliminerar det vanliga problemet med luckor eller oj\u00e4mna linjer. Det \u00e4r det perfekta verktyget f\u00f6r dig som vill uppn\u00e5 en skarp, professionell finish i dina m\u00e5lningsjobb.<\/p>\n<p><img decoding=\"async\" class=\"size-medium wp-image-1261 aligncenter\" src=\"https:\/\/keluvo.com\/template\/wp-content\/uploads\/sites\/5\/2024\/10\/paintrollerdesc3.webp\" alt=\"\" \/><\/p>\n","protected":false},"excerpt":{"rendered":"<p>H\u00e5llbarhet och h\u00f6gkvalitativ design V\u00e5r f\u00e4rgroller \u00e4r byggd med robusta material som garanterar l\u00e5ngvarig prestanda. \u00c4ven vid omfattande anv\u00e4ndning bibeh\u00e5ller [&hellip;]<\/p>\n","protected":false},"featured_media":4137,"comment_status":"open","ping_status":"closed","template":"","meta":{"site-sidebar-layout":"default","site-content-layout":"","ast-site-content-layout":"default","site-content-style":"default","site-sidebar-style":"default","ast-global-header-display":"","ast-banner-title-visibility":"","ast-main-header-display":"","ast-hfb-above-header-display":"","ast-hfb-below-header-display":"","ast-hfb-mobile-header-display":"","site-post-title":"","ast-breadcrumbs-content":"","ast-featured-img":"","footer-sml-layout":"","theme-transparent-header-meta":"default","adv-header-id-meta":"","stick-header-meta":"","header-above-stick-meta":"","header-main-stick-meta":"","header-below-stick-meta":"","astra-migrate-meta-layouts":"set","ast-page-background-enabled":"default","ast-page-background-meta":{"desktop":{"background-color":"var(--ast-global-color-4)","background-image":"","background-repeat":"repeat","background-position":"center center","background-size":"auto","background-attachment":"scroll","background-type":"","background-media":"","overlay-type":"","overlay-color":"","overlay-opacity":"","overlay-gradient":""},"tablet":{"background-color":"","background-image":"","background-repeat":"repeat","background-position":"center center","background-size":"auto","background-attachment":"scroll","background-type":"","background-media":"","overlay-type":"","overlay-color":"","overlay-opacity":"","overlay-gradient":""},"mobile":{"background-color":"","background-image":"","background-repeat":"repeat","background-position":"center center","background-size":"auto","background-attachment":"scroll","background-type":"","background-media":"","overlay-type":"","overlay-color":"","overlay-opacity":"","overlay-gradient":""}},"ast-content-background-meta":{"desktop":{"background-color":"var(--ast-global-color-5)","background-image":"","background-repeat":"repeat","background-position":"center center","background-size":"auto","background-attachment":"scroll","background-type":"","background-media":"","overlay-type":"","overlay-color":"","overlay-opacity":"","overlay-gradient":""},"tablet":{"background-color":"var(--ast-global-color-5)","background-image":"","background-repeat":"repeat","background-position":"center center","background-size":"auto","background-attachment":"scroll","background-type":"","background-media":"","overlay-type":"","overlay-color":"","overlay-opacity":"","overlay-gradient":""},"mobile":{"background-color":"var(--ast-global-color-5)","background-image":"","background-repeat":"repeat","background-position":"center center","background-size":"auto","background-attachment":"scroll","background-type":"","background-media":"","overlay-type":"","overlay-color":"","overlay-opacity":"","overlay-gradient":""}}},"product_brand":[],"product_cat":[1001],"product_tag":[],"class_list":{"0":"post-4141","1":"product","2":"type-product","3":"status-publish","4":"has-post-thumbnail","6":"product_cat-household-goods","7":"desktop-align-left","8":"tablet-align-left","9":"mobile-align-left","11":"first","12":"instock","13":"shipping-taxable","14":"purchasable","15":"product-type-simple"},"_links":{"self":[{"href":"https:\/\/keluvo.com\/se\/wp-json\/wp\/v2\/product\/4141","targetHints":{"allow":["GET"]}}],"collection":[{"href":"https:\/\/keluvo.com\/se\/wp-json\/wp\/v2\/product"}],"about":[{"href":"https:\/\/keluvo.com\/se\/wp-json\/wp\/v2\/types\/product"}],"replies":[{"embeddable":true,"href":"https:\/\/keluvo.com\/se\/wp-json\/wp\/v2\/comments?post=4141"}],"wp:featuredmedia":[{"embeddable":true,"href":"https:\/\/keluvo.com\/se\/wp-json\/wp\/v2\/media\/4137"}],"wp:attachment":[{"href":"https:\/\/keluvo.com\/se\/wp-json\/wp\/v2\/media?parent=4141"}],"wp:term":[{"taxonomy":"product_brand","embeddable":true,"href":"https:\/\/keluvo.com\/se\/wp-json\/wp\/v2\/product_brand?post=4141"},{"taxonomy":"product_cat","embeddable":true,"href":"https:\/\/keluvo.com\/se\/wp-json\/wp\/v2\/product_cat?post=4141"},{"taxonomy":"product_tag","embeddable":true,"href":"https:\/\/keluvo.com\/se\/wp-json\/wp\/v2\/product_tag?post=4141"}],"curies":[{"name":"wp","href":"https:\/\/api.w.org\/{rel}","templated":true}]}}