{"id":41402,"date":"2025-10-13T16:04:48","date_gmt":"2025-10-13T13:04:48","guid":{"rendered":"https:\/\/keluvo.com\/se\/product\/skarmaskin-for-omslagspapper-2-st\/"},"modified":"2025-10-20T16:10:34","modified_gmt":"2025-10-20T13:10:34","slug":"skarmaskin-for-omslagspapper-2-st","status":"publish","type":"product","link":"https:\/\/keluvo.com\/se\/product\/skarmaskin-for-omslagspapper-2-st\/","title":{"rendered":"Sk\u00e4rmaskin f\u00f6r omslagspapper (2 st)"},"content":{"rendered":"<p style=\"text-align: center;\" data-start=\"0\" data-end=\"49\">Klipp omslagspapper perfekt varje g\u00e5ng \ud83c\udf81\u2702\ufe0f<\/p>\n<p style=\"text-align: center;\" data-start=\"50\" data-end=\"266\">Denna minipapperssk\u00e4rare f\u00f6r omslagspapper g\u00f6r presentf\u00f6rpackningen snabbare, renare och s\u00e4krare. Den \u00e4r kompakt och enkel att anv\u00e4nda och \u00e4r det perfekta verktyget f\u00f6r semestrar, f\u00f6delsedagar och pyssel &#8211; inga fler oj\u00e4mna kanter eller problem med saxar.<\/p>\n<p data-start=\"50\" data-end=\"266\"><img decoding=\"async\" class=\"size-full wp-image-36505 aligncenter\" src=\"https:\/\/keluvo.com\/template\/wp-content\/uploads\/sites\/5\/2025\/10\/10026-ezgif.com-video-to-webp-converter.webp\" alt=\"\" \/><\/p>\n<h2 style=\"text-align: center;\" data-start=\"268\" data-end=\"289\">Huvudf\u00f6rdelar \u2705<\/h2>\n<p data-start=\"292\" data-end=\"375\">\ud83c\udfaf J\u00e4mna, exakta klipp &#8211; det vassa precisionsbladet ger raka, rena linjer<\/p>\n<p data-start=\"378\" data-end=\"449\">\ud83d\udd12 S\u00e4ker design &#8211; bladet \u00e4r dolt inuti cylindern f\u00f6r s\u00e4ker anv\u00e4ndning<\/p>\n<p data-start=\"452\" data-end=\"521\">\ud83e\uddf5 M\u00e5ngsidig anv\u00e4ndning &#8211; klipper papper, kartong och till och med tunna tyger<\/p>\n<p data-start=\"524\" data-end=\"609\">\ud83c\udfa8 Perfekt f\u00f6r pyssel &#8211; perfekt f\u00f6r presentinslagning, skolprojekt eller DIY-uppgifter<\/p>\n<p data-start=\"612\" data-end=\"679\">\ud83e\udeb6 Kompakt och b\u00e4rbar &#8211; liten, l\u00e4tt och enkel att b\u00e4ra med sig<\/p>\n<p data-start=\"682\" data-end=\"745\">\ud83c\udf08 Flera f\u00e4rger &#8211; finns i gr\u00f6nt, svart och vitt<\/p>\n<p data-start=\"682\" data-end=\"745\"><img decoding=\"async\" class=\"size-full wp-image-36502 aligncenter\" src=\"https:\/\/keluvo.com\/template\/wp-content\/uploads\/sites\/5\/2025\/10\/ac91e1a4-0c80-4186-9460-61dbf8199d48_2d536a56-7a74-4194-a58a-b26d64930742.webp\" alt=\"\" \/><\/p>\n<h2 style=\"text-align: center;\" data-start=\"747\" data-end=\"767\">S\u00e5 h\u00e4r anv\u00e4nder du den \ud83d\udee0\ufe0f<\/h2>\n<ol data-start=\"768\" data-end=\"1037\">\n<li data-start=\"768\" data-end=\"825\">\n<p data-start=\"771\" data-end=\"825\">Placera rullen med omslagspapperet i cylindern.<\/p>\n<\/li>\n<li data-start=\"826\" data-end=\"889\">\n<p data-start=\"829\" data-end=\"889\">Skjut sk\u00e4raren l\u00e4ngs papperskanten f\u00f6r att g\u00f6ra ett rent snitt.<\/p>\n<\/li>\n<li data-start=\"890\" data-end=\"964\">\n<p data-start=\"893\" data-end=\"964\">Justera f\u00f6r \u00f6nskad l\u00e4ngd och forts\u00e4tt rulla och sk\u00e4ra efter behov.<\/p>\n<\/li>\n<li data-start=\"965\" data-end=\"1037\">\n<p data-start=\"968\" data-end=\"1037\">F\u00f6rvara s\u00e4kert efter anv\u00e4ndning &#8211; det dolda bladet f\u00f6rhindrar oavsiktliga snitt.<\/p>\n<\/li>\n<\/ol>\n<h2 style=\"text-align: center;\" data-start=\"1039\" data-end=\"1063\">Produktinformation \u2139\ufe0f<\/h2>\n<ul data-start=\"1064\" data-end=\"1292\">\n<li data-start=\"1105\" data-end=\"1138\">\n<p data-start=\"1107\" data-end=\"1138\">Material: h\u00e5llbar plast<\/p>\n<\/li>\n<li data-start=\"1139\" data-end=\"1166\">\n<p data-start=\"1141\" data-end=\"1166\">Storlek: 10 x 6 x 6 cm<\/p>\n<\/li>\n<li data-start=\"1167\" data-end=\"1189\">\n<p data-start=\"1169\" data-end=\"1189\">Vikt: 32,1 g<\/p>\n<\/li>\n<li data-start=\"1190\" data-end=\"1225\">\n<p data-start=\"1192\" data-end=\"1225\">F\u00e4rger: gr\u00f6n, svart, vit<\/p>\n<\/li>\n<li data-start=\"1226\" data-end=\"1292\">\n<p data-start=\"1228\" data-end=\"1292\">Funktioner: dold bladdesign, b\u00e4rbar, s\u00e4ker f\u00f6r alla \u00e5ldrar<\/p>\n<\/li>\n<\/ul>\n<h2 style=\"text-align: center;\" data-start=\"1294\" data-end=\"1319\">Paketet inneh\u00e5ller \ud83d\udce6<\/h2>\n<ul data-start=\"1320\" data-end=\"1361\">\n<li data-start=\"1320\" data-end=\"1361\">\n<p data-start=\"1322\" data-end=\"1361\">2x sk\u00e4rare f\u00f6r omslagspapper.<\/p>\n<\/li>\n<\/ul>\n","protected":false},"excerpt":{"rendered":"<p>Klipp omslagspapper perfekt varje g\u00e5ng \ud83c\udf81\u2702\ufe0f Denna minipapperssk\u00e4rare f\u00f6r omslagspapper g\u00f6r presentf\u00f6rpackningen snabbare, renare och s\u00e4krare. Den \u00e4r kompakt och [&hellip;]<\/p>\n","protected":false},"featured_media":41398,"comment_status":"open","ping_status":"closed","template":"","meta":{"site-sidebar-layout":"default","site-content-layout":"","ast-site-content-layout":"default","site-content-style":"default","site-sidebar-style":"default","ast-global-header-display":"","ast-banner-title-visibility":"","ast-main-header-display":"","ast-hfb-above-header-display":"","ast-hfb-below-header-display":"","ast-hfb-mobile-header-display":"","site-post-title":"","ast-breadcrumbs-content":"","ast-featured-img":"","footer-sml-layout":"","theme-transparent-header-meta":"default","adv-header-id-meta":"","stick-header-meta":"","header-above-stick-meta":"","header-main-stick-meta":"","header-below-stick-meta":"","astra-migrate-meta-layouts":"set","ast-page-background-enabled":"default","ast-page-background-meta":{"desktop":{"background-color":"var(--ast-global-color-4)","background-image":"","background-repeat":"repeat","background-position":"center center","background-size":"auto","background-attachment":"scroll","background-type":"","background-media":"","overlay-type":"","overlay-color":"","overlay-opacity":"","overlay-gradient":""},"tablet":{"background-color":"","background-image":"","background-repeat":"repeat","background-position":"center center","background-size":"auto","background-attachment":"scroll","background-type":"","background-media":"","overlay-type":"","overlay-color":"","overlay-opacity":"","overlay-gradient":""},"mobile":{"background-color":"","background-image":"","background-repeat":"repeat","background-position":"center center","background-size":"auto","background-attachment":"scroll","background-type":"","background-media":"","overlay-type":"","overlay-color":"","overlay-opacity":"","overlay-gradient":""}},"ast-content-background-meta":{"desktop":{"background-color":"var(--ast-global-color-5)","background-image":"","background-repeat":"repeat","background-position":"center center","background-size":"auto","background-attachment":"scroll","background-type":"","background-media":"","overlay-type":"","overlay-color":"","overlay-opacity":"","overlay-gradient":""},"tablet":{"background-color":"var(--ast-global-color-5)","background-image":"","background-repeat":"repeat","background-position":"center center","background-size":"auto","background-attachment":"scroll","background-type":"","background-media":"","overlay-type":"","overlay-color":"","overlay-opacity":"","overlay-gradient":""},"mobile":{"background-color":"var(--ast-global-color-5)","background-image":"","background-repeat":"repeat","background-position":"center center","background-size":"auto","background-attachment":"scroll","background-type":"","background-media":"","overlay-type":"","overlay-color":"","overlay-opacity":"","overlay-gradient":""}}},"product_brand":[],"product_cat":[1001,996],"product_tag":[],"class_list":{"0":"post-41402","1":"product","2":"type-product","3":"status-publish","4":"has-post-thumbnail","6":"product_cat-household-goods","7":"product_cat-tools","8":"pa_30304_fc3js8jm-gron","9":"pa_30304_fc3js8jm-svart","10":"pa_30304_fc3js8jm-vit","11":"desktop-align-left","12":"tablet-align-left","13":"mobile-align-left","15":"first","16":"instock","17":"shipping-taxable","18":"purchasable","19":"product-type-variable"},"_links":{"self":[{"href":"https:\/\/keluvo.com\/se\/wp-json\/wp\/v2\/product\/41402","targetHints":{"allow":["GET"]}}],"collection":[{"href":"https:\/\/keluvo.com\/se\/wp-json\/wp\/v2\/product"}],"about":[{"href":"https:\/\/keluvo.com\/se\/wp-json\/wp\/v2\/types\/product"}],"replies":[{"embeddable":true,"href":"https:\/\/keluvo.com\/se\/wp-json\/wp\/v2\/comments?post=41402"}],"wp:featuredmedia":[{"embeddable":true,"href":"https:\/\/keluvo.com\/se\/wp-json\/wp\/v2\/media\/41398"}],"wp:attachment":[{"href":"https:\/\/keluvo.com\/se\/wp-json\/wp\/v2\/media?parent=41402"}],"wp:term":[{"taxonomy":"product_brand","embeddable":true,"href":"https:\/\/keluvo.com\/se\/wp-json\/wp\/v2\/product_brand?post=41402"},{"taxonomy":"product_cat","embeddable":true,"href":"https:\/\/keluvo.com\/se\/wp-json\/wp\/v2\/product_cat?post=41402"},{"taxonomy":"product_tag","embeddable":true,"href":"https:\/\/keluvo.com\/se\/wp-json\/wp\/v2\/product_tag?post=41402"}],"curies":[{"name":"wp","href":"https:\/\/api.w.org\/{rel}","templated":true}]}}