{"id":41366,"date":"2025-10-13T16:01:33","date_gmt":"2025-10-13T13:01:33","guid":{"rendered":"https:\/\/keluvo.com\/se\/product\/separatorverktyg\/"},"modified":"2025-10-20T16:11:46","modified_gmt":"2025-10-20T13:11:46","slug":"separatorverktyg","status":"publish","type":"product","link":"https:\/\/keluvo.com\/se\/product\/separatorverktyg\/","title":{"rendered":"Separatorverktyg"},"content":{"rendered":"<p style=\"text-align: center;\" data-start=\"0\" data-end=\"49\">Ta bort upph\u00e4ngningsdelar s\u00e4kert och enkelt \u2699\ufe0f<\/p>\n<p style=\"text-align: center;\" data-start=\"50\" data-end=\"340\">Separatorverktyg \u00e4r ett professionellt bilverktyg som \u00e4r utformat f\u00f6r att s\u00e4kert och effektivt separera bilens sv\u00e4ngarmar och navlager. Verktyget \u00e4r tillverkat av h\u00e5llbart CR-V-st\u00e5l och ger ett stabilt tryck och exakt kontroll &#8211; vilket g\u00f6r det till ett m\u00e5ste f\u00f6r mekaniker och bilentusiaster.<\/p>\n<p data-start=\"50\" data-end=\"340\"><img decoding=\"async\" class=\"size-full wp-image-36996 aligncenter\" src=\"https:\/\/keluvo.com\/template\/wp-content\/uploads\/sites\/5\/2025\/10\/3f03d1a0-6a22-48e5-a5f6-2b6d5ed49e2b.gif\" alt=\"\" \/><\/p>\n<h2 style=\"text-align: center;\" data-start=\"347\" data-end=\"368\">Huvudsakliga f\u00f6rdelar \u2705<\/h2>\n<p data-start=\"371\" data-end=\"468\">\ud83d\udd27 Universell kompatibilitet &#8211; l\u00e4mplig f\u00f6r de flesta fordon inklusive Audi, BMW, Mini och Ford<\/p>\n<p data-start=\"471\" data-end=\"564\">\ud83d\udcaa S\u00e4ker och effektiv &#8211; parallell tryckdesign f\u00f6rhindrar glidning eller oavsiktlig utskjutning<\/p>\n<p data-start=\"567\" data-end=\"658\">\ud83d\udd29 Kraftig konstruktion &#8211; v\u00e4rmebehandlat CR-V-st\u00e5l t\u00e5l starka krafter utan att b\u00f6jas<\/p>\n<p data-start=\"567\" data-end=\"658\">\u2699\ufe0f Smidig anv\u00e4ndning &#8211; polerad yta utan grader f\u00f6r enkel hantering och kontroll<\/p>\n<p data-start=\"752\" data-end=\"833\">\ud83e\uddf0 Kompakt och praktisk &#8211; l\u00e4tt, flexibel och enkel att f\u00f6rvara eller b\u00e4ra<\/p>\n<p data-start=\"752\" data-end=\"833\"><img decoding=\"async\" class=\"size-full wp-image-36997 aligncenter\" src=\"https:\/\/keluvo.com\/template\/wp-content\/uploads\/sites\/5\/2025\/10\/dc95e3cf-5653-47c4-aac7-4be063cb4cf0.gif\" alt=\"\" \/><\/p>\n<h2 style=\"text-align: center;\" data-start=\"840\" data-end=\"860\">Anv\u00e4nd s\u00e5 h\u00e4r \ud83d\udee0\ufe0f<\/h2>\n<ol data-start=\"861\" data-end=\"1189\">\n<li data-start=\"861\" data-end=\"942\">\n<p data-start=\"864\" data-end=\"942\">Placera separatorverktyget mellan fj\u00e4derbenet och navlagrets s\u00e4te.<\/p>\n<\/li>\n<li data-start=\"943\" data-end=\"1007\">\n<p data-start=\"946\" data-end=\"1007\">Anv\u00e4nd en 17 mm sexkantsskruvmejsel f\u00f6r att gradvis applicera tryck.<\/p>\n<\/li>\n<li data-start=\"1008\" data-end=\"1064\">\n<p data-start=\"1011\" data-end=\"1064\">K\u00e4ftarna kommer att expandera navgapet p\u00e5 ett s\u00e4kert och j\u00e4mnt s\u00e4tt.<\/p>\n<\/li>\n<li data-start=\"1065\" data-end=\"1115\">\n<p data-start=\"1068\" data-end=\"1115\">Ta bort eller installera fj\u00e4dringsdelar efter behov.<\/p>\n<\/li>\n<li data-start=\"1116\" data-end=\"1189\">\n<p data-start=\"1119\" data-end=\"1189\">Sl\u00e4pp trycket l\u00e5ngsamt efter anv\u00e4ndning och reng\u00f6r verktyget innan f\u00f6rvaring.<\/p>\n<\/li>\n<\/ol>\n<h2 style=\"text-align: center;\" data-start=\"1196\" data-end=\"1220\">Produktinformation \u2139\ufe0f<\/h2>\n<ul data-start=\"1221\" data-end=\"1549\">\n<li data-start=\"1221\" data-end=\"1249\">\n<p data-start=\"1223\" data-end=\"1249\">Material: CR-V St\u00e5l<\/p>\n<\/li>\n<li data-start=\"1250\" data-end=\"1305\">\n<p data-start=\"1252\" data-end=\"1305\">Applikation: separator f\u00f6r fj\u00e4dring av sv\u00e4ngarmar i bilar<\/p>\n<\/li>\n<li data-start=\"1306\" data-end=\"1373\">\n<p data-start=\"1308\" data-end=\"1373\">Applicerbara modeller: universal (passar de flesta bilm\u00e4rken)<\/p>\n<\/li>\n<li data-start=\"1374\" data-end=\"1404\">\n<p data-start=\"1376\" data-end=\"1404\">Spridningsomr\u00e5de: 5-11,5 mm<\/p>\n<\/li>\n<li data-start=\"1405\" data-end=\"1443\">\n<p data-start=\"1407\" data-end=\"1443\">Typ av drivdon: extern sexkant 17 mm<\/p>\n<\/li>\n<li data-start=\"1444\" data-end=\"1549\">\n<p data-start=\"1446\" data-end=\"1468\">Tillg\u00e4ngliga storlekar: kort: 50 x 22 mm, l\u00e5ng: 60 x 22 mm<\/p>\n<\/li>\n<\/ul>\n<h2 style=\"text-align: center;\" data-start=\"1556\" data-end=\"1581\"><strong>Paketet inneh\u00e5ller \ud83d\udce6<\/strong><\/h2>\n<ul data-start=\"1582\" data-end=\"1645\">\n<li data-start=\"1582\" data-end=\"1645\">\n<p data-start=\"1584\" data-end=\"1645\">1x separatorverktygssats (3 st).<\/p>\n<\/li>\n<\/ul>\n","protected":false},"excerpt":{"rendered":"<p>Ta bort upph\u00e4ngningsdelar s\u00e4kert och enkelt \u2699\ufe0f Separatorverktyg \u00e4r ett professionellt bilverktyg som \u00e4r utformat f\u00f6r att s\u00e4kert och effektivt [&hellip;]<\/p>\n","protected":false},"featured_media":41362,"comment_status":"open","ping_status":"closed","template":"","meta":{"site-sidebar-layout":"default","site-content-layout":"","ast-site-content-layout":"default","site-content-style":"default","site-sidebar-style":"default","ast-global-header-display":"","ast-banner-title-visibility":"","ast-main-header-display":"","ast-hfb-above-header-display":"","ast-hfb-below-header-display":"","ast-hfb-mobile-header-display":"","site-post-title":"","ast-breadcrumbs-content":"","ast-featured-img":"","footer-sml-layout":"","theme-transparent-header-meta":"default","adv-header-id-meta":"","stick-header-meta":"","header-above-stick-meta":"","header-main-stick-meta":"","header-below-stick-meta":"","astra-migrate-meta-layouts":"set","ast-page-background-enabled":"default","ast-page-background-meta":{"desktop":{"background-color":"var(--ast-global-color-4)","background-image":"","background-repeat":"repeat","background-position":"center center","background-size":"auto","background-attachment":"scroll","background-type":"","background-media":"","overlay-type":"","overlay-color":"","overlay-opacity":"","overlay-gradient":""},"tablet":{"background-color":"","background-image":"","background-repeat":"repeat","background-position":"center center","background-size":"auto","background-attachment":"scroll","background-type":"","background-media":"","overlay-type":"","overlay-color":"","overlay-opacity":"","overlay-gradient":""},"mobile":{"background-color":"","background-image":"","background-repeat":"repeat","background-position":"center center","background-size":"auto","background-attachment":"scroll","background-type":"","background-media":"","overlay-type":"","overlay-color":"","overlay-opacity":"","overlay-gradient":""}},"ast-content-background-meta":{"desktop":{"background-color":"var(--ast-global-color-5)","background-image":"","background-repeat":"repeat","background-position":"center center","background-size":"auto","background-attachment":"scroll","background-type":"","background-media":"","overlay-type":"","overlay-color":"","overlay-opacity":"","overlay-gradient":""},"tablet":{"background-color":"var(--ast-global-color-5)","background-image":"","background-repeat":"repeat","background-position":"center center","background-size":"auto","background-attachment":"scroll","background-type":"","background-media":"","overlay-type":"","overlay-color":"","overlay-opacity":"","overlay-gradient":""},"mobile":{"background-color":"var(--ast-global-color-5)","background-image":"","background-repeat":"repeat","background-position":"center center","background-size":"auto","background-attachment":"scroll","background-type":"","background-media":"","overlay-type":"","overlay-color":"","overlay-opacity":"","overlay-gradient":""}}},"product_brand":[],"product_cat":[998,996],"product_tag":[],"class_list":{"0":"post-41366","1":"product","2":"type-product","3":"status-publish","4":"has-post-thumbnail","6":"product_cat-automotive-products","7":"product_cat-tools","8":"desktop-align-left","9":"tablet-align-left","10":"mobile-align-left","12":"first","13":"instock","14":"shipping-taxable","15":"purchasable","16":"product-type-simple"},"_links":{"self":[{"href":"https:\/\/keluvo.com\/se\/wp-json\/wp\/v2\/product\/41366","targetHints":{"allow":["GET"]}}],"collection":[{"href":"https:\/\/keluvo.com\/se\/wp-json\/wp\/v2\/product"}],"about":[{"href":"https:\/\/keluvo.com\/se\/wp-json\/wp\/v2\/types\/product"}],"replies":[{"embeddable":true,"href":"https:\/\/keluvo.com\/se\/wp-json\/wp\/v2\/comments?post=41366"}],"wp:featuredmedia":[{"embeddable":true,"href":"https:\/\/keluvo.com\/se\/wp-json\/wp\/v2\/media\/41362"}],"wp:attachment":[{"href":"https:\/\/keluvo.com\/se\/wp-json\/wp\/v2\/media?parent=41366"}],"wp:term":[{"taxonomy":"product_brand","embeddable":true,"href":"https:\/\/keluvo.com\/se\/wp-json\/wp\/v2\/product_brand?post=41366"},{"taxonomy":"product_cat","embeddable":true,"href":"https:\/\/keluvo.com\/se\/wp-json\/wp\/v2\/product_cat?post=41366"},{"taxonomy":"product_tag","embeddable":true,"href":"https:\/\/keluvo.com\/se\/wp-json\/wp\/v2\/product_tag?post=41366"}],"curies":[{"name":"wp","href":"https:\/\/api.w.org\/{rel}","templated":true}]}}