{"id":41350,"date":"2025-10-13T16:00:23","date_gmt":"2025-10-13T13:00:23","guid":{"rendered":"https:\/\/keluvo.com\/se\/product\/franskiljare-for-batteri\/"},"modified":"2025-10-16T15:44:54","modified_gmt":"2025-10-16T12:44:54","slug":"franskiljare-for-batteri","status":"publish","type":"product","link":"https:\/\/keluvo.com\/se\/product\/franskiljare-for-batteri\/","title":{"rendered":"Fr\u00e5nskiljare f\u00f6r batteri"},"content":{"rendered":"<p style=\"text-align: center;\" data-start=\"138\" data-end=\"187\">Skydda ditt batteri och f\u00f6rl\u00e4ng livsl\u00e4ngden \u26a1\ud83d\udd0b<\/p>\n<p style=\"text-align: center;\" data-start=\"188\" data-end=\"439\">Den h\u00e4r batterifr\u00e5nskiljaren f\u00f6rhindrar o\u00f6nskad batteriladdning, f\u00f6rb\u00e4ttrar den elektriska stabiliteten och h\u00e5ller ditt fordons- eller b\u00e5tbatteri i toppskick. Det \u00e4r ett m\u00e5ste f\u00f6r alla som vill f\u00f6rb\u00e4ttra s\u00e4kerheten och prestandan i sitt elsystem.<\/p>\n<p data-start=\"188\" data-end=\"439\"><img decoding=\"async\" class=\"size-full wp-image-36471 aligncenter\" src=\"https:\/\/keluvo.com\/template\/wp-content\/uploads\/sites\/5\/2025\/10\/1002-ezgif.com-video-to-webp-converter-1.webp\" alt=\"\" \/><\/p>\n<h2 style=\"text-align: center;\" data-start=\"441\" data-end=\"462\">Huvudf\u00f6rdelar \u2705<\/h2>\n<p data-start=\"465\" data-end=\"539\">\ud83d\udd0b F\u00f6rhindrar batteriladdning &#8211; stoppar parasiturladdning under f\u00f6rvaring<\/p>\n<p data-start=\"542\" data-end=\"626\">\u2699\ufe0f F\u00f6rb\u00e4ttrar anslutningsstabiliteten &#8211; koppardelar s\u00e4kerst\u00e4ller stadig str\u00f6m\u00f6verf\u00f6ring<\/p>\n<p data-start=\"629\" data-end=\"727\">\ud83d\ude97 Universell kompatibilitet &#8211; fungerar med 12 V- och 24 V-system f\u00f6r bilar, lastbilar, b\u00e5tar, och husvagnar<\/p>\n<p data-start=\"730\" data-end=\"804\">\ud83e\uddf0 Enkel att anv\u00e4nda &#8211; snabbkopplingsmekanism f\u00f6r enkel och s\u00e4ker anv\u00e4ndning<\/p>\n<p data-start=\"807\" data-end=\"891\">\ud83c\udf0a H\u00e5llbar design med koppar- och metallkonstruktion f\u00f6r l\u00e5ng livsl\u00e4ngd<br \/>\noch p\u00e5litilighet<\/p>\n<p data-start=\"894\" data-end=\"980\">\ud83d\udee0\ufe0f M\u00e5ngsidig anv\u00e4ndning &#8211; perfekt f\u00f6r fordon, marin utrustning och s\u00e4songsbetonade maskiner<\/p>\n<p data-start=\"894\" data-end=\"980\"><img decoding=\"async\" class=\"size-full wp-image-36469 aligncenter\" src=\"https:\/\/keluvo.com\/template\/wp-content\/uploads\/sites\/5\/2025\/10\/2f76b84e9fdefff1396dd04ad93c481a.jpg\" alt=\"\" \/><\/p>\n<h2 style=\"text-align: center;\" data-start=\"982\" data-end=\"1002\">Anv\u00e4nd str\u00f6mbrytaren s\u00e5 h\u00e4r \ud83d\udee0\ufe0f<\/h2>\n<ol data-start=\"1003\" data-end=\"1361\">\n<li data-start=\"1003\" data-end=\"1063\">\n<p data-start=\"1006\" data-end=\"1063\">St\u00e4ng av fordonet eller utrustningen f\u00f6re installation.<\/p>\n<\/li>\n<li data-start=\"1064\" data-end=\"1144\">\n<p data-start=\"1067\" data-end=\"1144\">Anslut str\u00f6mbrytaren till batteripolen.<\/p>\n<\/li>\n<li data-start=\"1145\" data-end=\"1200\">\n<p data-start=\"1148\" data-end=\"1200\">F\u00e4st kontakterna ordentligt f\u00f6r stabil prestanda.<\/p>\n<\/li>\n<li data-start=\"1201\" data-end=\"1278\">\n<p data-start=\"1204\" data-end=\"1278\">Vrid p\u00e5 reglaget eller spaken f\u00f6r att koppla bort eller \u00e5teransluta batteriet efter behov.<\/p>\n<\/li>\n<li data-start=\"1279\" data-end=\"1361\">\n<p data-start=\"1282\" data-end=\"1361\">Anv\u00e4nd str\u00f6mbrytaren n\u00e4r du f\u00f6rvarar eller underh\u00e5ller ditt fordon f\u00f6r att f\u00f6rhindra att batteriet drar ur.<\/p>\n<\/li>\n<\/ol>\n<h2 style=\"text-align: center;\" data-start=\"1363\" data-end=\"1387\">Produktinformation \u2139\ufe0f<\/h2>\n<ul data-start=\"1388\" data-end=\"1761\">\n<li data-start=\"1388\" data-end=\"1420\">\n<p data-start=\"1390\" data-end=\"1420\">Material: koppar \/ metall<\/p>\n<\/li>\n<li data-start=\"1421\" data-end=\"1554\">\n<p data-start=\"1423\" data-end=\"1442\">Storleksalternativ: vertikalt: 9,8 x 6,8 x 4,8 cm, horisontellt: 9,3 x 8,6 x 4 cm<\/p>\n<\/li>\n<li data-start=\"1555\" data-end=\"1603\">\n<p data-start=\"1557\" data-end=\"1603\">Sp\u00e4nningskompatibilitet: 12 V och 24 V-system<\/p>\n<\/li>\n<li data-start=\"1604\" data-end=\"1681\">\n<p data-start=\"1606\" data-end=\"1681\">Str\u00f6mstabilitet: kopparkontakter f\u00f6r j\u00e4mn elektrisk \u00f6verf\u00f6ring<\/p>\n<\/li>\n<li data-start=\"1682\" data-end=\"1761\">\n<p data-start=\"1684\" data-end=\"1761\">Anv\u00e4ndningsomr\u00e5den: fordon, b\u00e5tar, husvagnar, s\u00e4songsfordon och maskiner<\/p>\n<\/li>\n<\/ul>\n<h2 style=\"text-align: center;\" data-start=\"1763\" data-end=\"1788\">Paketet inneh\u00e5ller \ud83d\udce6<\/h2>\n<ul data-start=\"1789\" data-end=\"1826\">\n<li data-start=\"1789\" data-end=\"1826\">\n<p data-start=\"1791\" data-end=\"1826\">1x batterifr\u00e5nskiljare.<\/p>\n<\/li>\n<\/ul>\n","protected":false},"excerpt":{"rendered":"<p>Skydda ditt batteri och f\u00f6rl\u00e4ng livsl\u00e4ngden \u26a1\ud83d\udd0b Den h\u00e4r batterifr\u00e5nskiljaren f\u00f6rhindrar o\u00f6nskad batteriladdning, f\u00f6rb\u00e4ttrar den elektriska stabiliteten och h\u00e5ller ditt [&hellip;]<\/p>\n","protected":false},"featured_media":41346,"comment_status":"open","ping_status":"closed","template":"","meta":{"site-sidebar-layout":"default","site-content-layout":"","ast-site-content-layout":"default","site-content-style":"default","site-sidebar-style":"default","ast-global-header-display":"","ast-banner-title-visibility":"","ast-main-header-display":"","ast-hfb-above-header-display":"","ast-hfb-below-header-display":"","ast-hfb-mobile-header-display":"","site-post-title":"","ast-breadcrumbs-content":"","ast-featured-img":"","footer-sml-layout":"","theme-transparent-header-meta":"default","adv-header-id-meta":"","stick-header-meta":"","header-above-stick-meta":"","header-main-stick-meta":"","header-below-stick-meta":"","astra-migrate-meta-layouts":"set","ast-page-background-enabled":"default","ast-page-background-meta":{"desktop":{"background-color":"var(--ast-global-color-4)","background-image":"","background-repeat":"repeat","background-position":"center center","background-size":"auto","background-attachment":"scroll","background-type":"","background-media":"","overlay-type":"","overlay-color":"","overlay-opacity":"","overlay-gradient":""},"tablet":{"background-color":"","background-image":"","background-repeat":"repeat","background-position":"center center","background-size":"auto","background-attachment":"scroll","background-type":"","background-media":"","overlay-type":"","overlay-color":"","overlay-opacity":"","overlay-gradient":""},"mobile":{"background-color":"","background-image":"","background-repeat":"repeat","background-position":"center center","background-size":"auto","background-attachment":"scroll","background-type":"","background-media":"","overlay-type":"","overlay-color":"","overlay-opacity":"","overlay-gradient":""}},"ast-content-background-meta":{"desktop":{"background-color":"var(--ast-global-color-5)","background-image":"","background-repeat":"repeat","background-position":"center center","background-size":"auto","background-attachment":"scroll","background-type":"","background-media":"","overlay-type":"","overlay-color":"","overlay-opacity":"","overlay-gradient":""},"tablet":{"background-color":"var(--ast-global-color-5)","background-image":"","background-repeat":"repeat","background-position":"center center","background-size":"auto","background-attachment":"scroll","background-type":"","background-media":"","overlay-type":"","overlay-color":"","overlay-opacity":"","overlay-gradient":""},"mobile":{"background-color":"var(--ast-global-color-5)","background-image":"","background-repeat":"repeat","background-position":"center center","background-size":"auto","background-attachment":"scroll","background-type":"","background-media":"","overlay-type":"","overlay-color":"","overlay-opacity":"","overlay-gradient":""}}},"product_brand":[],"product_cat":[998],"product_tag":[],"class_list":{"0":"post-41350","1":"product","2":"type-product","3":"status-publish","4":"has-post-thumbnail","6":"product_cat-automotive-products","7":"pa_29351_rvlo7blm-horisontell","8":"pa_29351_rvlo7blm-vertikal","9":"desktop-align-left","10":"tablet-align-left","11":"mobile-align-left","13":"first","14":"instock","15":"shipping-taxable","16":"purchasable","17":"product-type-variable"},"_links":{"self":[{"href":"https:\/\/keluvo.com\/se\/wp-json\/wp\/v2\/product\/41350","targetHints":{"allow":["GET"]}}],"collection":[{"href":"https:\/\/keluvo.com\/se\/wp-json\/wp\/v2\/product"}],"about":[{"href":"https:\/\/keluvo.com\/se\/wp-json\/wp\/v2\/types\/product"}],"replies":[{"embeddable":true,"href":"https:\/\/keluvo.com\/se\/wp-json\/wp\/v2\/comments?post=41350"}],"wp:featuredmedia":[{"embeddable":true,"href":"https:\/\/keluvo.com\/se\/wp-json\/wp\/v2\/media\/41346"}],"wp:attachment":[{"href":"https:\/\/keluvo.com\/se\/wp-json\/wp\/v2\/media?parent=41350"}],"wp:term":[{"taxonomy":"product_brand","embeddable":true,"href":"https:\/\/keluvo.com\/se\/wp-json\/wp\/v2\/product_brand?post=41350"},{"taxonomy":"product_cat","embeddable":true,"href":"https:\/\/keluvo.com\/se\/wp-json\/wp\/v2\/product_cat?post=41350"},{"taxonomy":"product_tag","embeddable":true,"href":"https:\/\/keluvo.com\/se\/wp-json\/wp\/v2\/product_tag?post=41350"}],"curies":[{"name":"wp","href":"https:\/\/api.w.org\/{rel}","templated":true}]}}