{"id":41317,"date":"2025-10-13T15:58:52","date_gmt":"2025-10-13T12:58:52","guid":{"rendered":"https:\/\/keluvo.com\/se\/product\/skydd-for-laddare\/"},"modified":"2025-10-16T15:37:13","modified_gmt":"2025-10-16T12:37:13","slug":"skydd-for-laddare","status":"publish","type":"product","link":"https:\/\/keluvo.com\/se\/product\/skydd-for-laddare\/","title":{"rendered":"Skydd f\u00f6r laddare"},"content":{"rendered":"<p style=\"text-align: center;\" data-start=\"278\" data-end=\"458\">H\u00e5ll din laddare s\u00e4ker och ren var du \u00e4n g\u00e5r \u26a1<\/p>\n<p style=\"text-align: center;\" data-start=\"278\" data-end=\"458\">Det h\u00e4r enkla laddningsskyddet i silikon skyddar din laddare fr\u00e5n smuts, repor och kabelskador &#8211; s\u00e5 att den h\u00e5ller l\u00e4ngre och ser renare ut.<\/p>\n<p data-start=\"278\" data-end=\"458\"><img decoding=\"async\" class=\"size-full wp-image-36438 aligncenter\" src=\"https:\/\/keluvo.com\/template\/wp-content\/uploads\/sites\/5\/2025\/10\/giphy_75daa82e-6665-4fee-ab9f-7059d1421b9c_480x480.webp\" alt=\"\" \/><\/p>\n<h2 style=\"text-align: center;\" data-start=\"465\" data-end=\"484\">Huvudf\u00f6rdelar \u2728<\/h2>\n<p data-start=\"487\" data-end=\"548\">\ud83e\uddfc Skyddar laddaren fr\u00e5n damm, repor och slitage<\/p>\n<p data-start=\"551\" data-end=\"614\">\ud83d\udd0c F\u00f6rhindrar att kabeln b\u00f6js och f\u00f6rl\u00e4nger laddarens livsl\u00e4ngd<\/p>\n<p data-start=\"617\" data-end=\"691\">\ud83d\udc5c L\u00e4tt att b\u00e4ra med sig &#8211; den kompakta storleken passar perfekt i v\u00e4skan eller fickan<\/p>\n<p data-start=\"694\" data-end=\"759\">\ud83d\udcaa H\u00e5llbart silikon som \u00e4r mjukt, flexibelt och h\u00e5llbart<\/p>\n<p data-start=\"762\" data-end=\"837\">\ud83c\udfa8 Modernt utseende &#8211; ger dina tekniska tillbeh\u00f6r en ren och elegant touch<\/p>\n<p data-start=\"762\" data-end=\"837\"><img decoding=\"async\" class=\"size-full wp-image-36437 aligncenter\" src=\"https:\/\/keluvo.com\/template\/wp-content\/uploads\/sites\/5\/2025\/10\/71ddF4K1o8L._AC_SX679_480x480.webp\" alt=\"\" \/><\/p>\n<h2 style=\"text-align: center;\" data-start=\"844\" data-end=\"862\">S\u00e5 h\u00e4r anv\u00e4nder du skyddet \ud83d\udee0\ufe0f<\/h2>\n<ol data-start=\"863\" data-end=\"1019\">\n<li data-start=\"863\" data-end=\"915\">\n<p data-start=\"866\" data-end=\"915\">Dra p\u00e5 silikonh\u00f6ljet \u00f6ver laddningshuvudet.<\/p>\n<\/li>\n<li data-start=\"916\" data-end=\"963\">\n<p data-start=\"919\" data-end=\"963\">Linda upp kabeln i sidosp\u00e5ret.<\/p>\n<\/li>\n<li data-start=\"964\" data-end=\"1019\">\n<p data-start=\"967\" data-end=\"1019\">Njut av fullt skydd och eliminerat sladdtrassel!<\/p>\n<\/li>\n<\/ol>\n<h2 style=\"text-align: center;\" data-start=\"1026\" data-end=\"1048\">Produktdetaljer \ud83d\udccf<\/h2>\n<ul data-start=\"1049\" data-end=\"1209\">\n<li data-start=\"1049\" data-end=\"1084\">\n<p data-start=\"1051\" data-end=\"1084\">Material: mjuk premiumsilikon<\/p>\n<\/li>\n<li data-start=\"1085\" data-end=\"1144\">\n<p data-start=\"1087\" data-end=\"1144\">Anpassad till laddarmodeller: USB-C 20w\/18w<\/p>\n<\/li>\n<li data-start=\"1085\" data-end=\"1144\">\n<p data-start=\"1087\" data-end=\"1144\">Fungerar \u00e4ven med EU-kontakter<\/p>\n<\/li>\n<li data-start=\"1085\" data-end=\"1144\">\n<p data-start=\"1087\" data-end=\"1144\">Vikt: ca 25 g<\/p>\n<\/li>\n<li data-start=\"1170\" data-end=\"1209\">\n<p data-start=\"1172\" data-end=\"1209\">Tillg\u00e4ngliga f\u00e4rger: rosa, gr\u00e5, vit och svart<\/p>\n<\/li>\n<\/ul>\n<h2 style=\"text-align: center;\" data-start=\"1216\" data-end=\"1239\">Paketet inneh\u00e5ller \ud83d\udce6<\/h2>\n<ul data-start=\"1240\" data-end=\"1280\">\n<li data-start=\"1240\" data-end=\"1280\">\n<p data-start=\"1242\" data-end=\"1280\">2, 4, 6x silikonskydd f\u00f6r laddare.<\/p>\n<\/li>\n<\/ul>\n","protected":false},"excerpt":{"rendered":"<p>H\u00e5ll din laddare s\u00e4ker och ren var du \u00e4n g\u00e5r \u26a1 Det h\u00e4r enkla laddningsskyddet i silikon skyddar din laddare [&hellip;]<\/p>\n","protected":false},"featured_media":41313,"comment_status":"open","ping_status":"closed","template":"","meta":{"site-sidebar-layout":"default","site-content-layout":"","ast-site-content-layout":"default","site-content-style":"default","site-sidebar-style":"default","ast-global-header-display":"","ast-banner-title-visibility":"","ast-main-header-display":"","ast-hfb-above-header-display":"","ast-hfb-below-header-display":"","ast-hfb-mobile-header-display":"","site-post-title":"","ast-breadcrumbs-content":"","ast-featured-img":"","footer-sml-layout":"","theme-transparent-header-meta":"default","adv-header-id-meta":"","stick-header-meta":"","header-above-stick-meta":"","header-main-stick-meta":"","header-below-stick-meta":"","astra-migrate-meta-layouts":"set","ast-page-background-enabled":"default","ast-page-background-meta":{"desktop":{"background-color":"var(--ast-global-color-4)","background-image":"","background-repeat":"repeat","background-position":"center center","background-size":"auto","background-attachment":"scroll","background-type":"","background-media":"","overlay-type":"","overlay-color":"","overlay-opacity":"","overlay-gradient":""},"tablet":{"background-color":"","background-image":"","background-repeat":"repeat","background-position":"center center","background-size":"auto","background-attachment":"scroll","background-type":"","background-media":"","overlay-type":"","overlay-color":"","overlay-opacity":"","overlay-gradient":""},"mobile":{"background-color":"","background-image":"","background-repeat":"repeat","background-position":"center center","background-size":"auto","background-attachment":"scroll","background-type":"","background-media":"","overlay-type":"","overlay-color":"","overlay-opacity":"","overlay-gradient":""}},"ast-content-background-meta":{"desktop":{"background-color":"var(--ast-global-color-5)","background-image":"","background-repeat":"repeat","background-position":"center center","background-size":"auto","background-attachment":"scroll","background-type":"","background-media":"","overlay-type":"","overlay-color":"","overlay-opacity":"","overlay-gradient":""},"tablet":{"background-color":"var(--ast-global-color-5)","background-image":"","background-repeat":"repeat","background-position":"center center","background-size":"auto","background-attachment":"scroll","background-type":"","background-media":"","overlay-type":"","overlay-color":"","overlay-opacity":"","overlay-gradient":""},"mobile":{"background-color":"var(--ast-global-color-5)","background-image":"","background-repeat":"repeat","background-position":"center center","background-size":"auto","background-attachment":"scroll","background-type":"","background-media":"","overlay-type":"","overlay-color":"","overlay-opacity":"","overlay-gradient":""}}},"product_brand":[],"product_cat":[1001],"product_tag":[],"class_list":{"0":"post-41317","1":"product","2":"type-product","3":"status-publish","4":"has-post-thumbnail","6":"product_cat-household-goods","7":"pa_23614_ct87n2nr-gra","8":"pa_23614_ct87n2nr-rosa","9":"pa_23614_ct87n2nr-svart","10":"pa_23614_ct87n2nr-vit","11":"pa_23614_h5d3lkph-2-st","12":"pa_23614_h5d3lkph-4-st","13":"pa_23614_h5d3lkph-6-st","14":"desktop-align-left","15":"tablet-align-left","16":"mobile-align-left","18":"first","19":"instock","20":"shipping-taxable","21":"purchasable","22":"product-type-variable","23":"has-default-attributes"},"_links":{"self":[{"href":"https:\/\/keluvo.com\/se\/wp-json\/wp\/v2\/product\/41317","targetHints":{"allow":["GET"]}}],"collection":[{"href":"https:\/\/keluvo.com\/se\/wp-json\/wp\/v2\/product"}],"about":[{"href":"https:\/\/keluvo.com\/se\/wp-json\/wp\/v2\/types\/product"}],"replies":[{"embeddable":true,"href":"https:\/\/keluvo.com\/se\/wp-json\/wp\/v2\/comments?post=41317"}],"wp:featuredmedia":[{"embeddable":true,"href":"https:\/\/keluvo.com\/se\/wp-json\/wp\/v2\/media\/41313"}],"wp:attachment":[{"href":"https:\/\/keluvo.com\/se\/wp-json\/wp\/v2\/media?parent=41317"}],"wp:term":[{"taxonomy":"product_brand","embeddable":true,"href":"https:\/\/keluvo.com\/se\/wp-json\/wp\/v2\/product_brand?post=41317"},{"taxonomy":"product_cat","embeddable":true,"href":"https:\/\/keluvo.com\/se\/wp-json\/wp\/v2\/product_cat?post=41317"},{"taxonomy":"product_tag","embeddable":true,"href":"https:\/\/keluvo.com\/se\/wp-json\/wp\/v2\/product_tag?post=41317"}],"curies":[{"name":"wp","href":"https:\/\/api.w.org\/{rel}","templated":true}]}}