{"id":4116,"date":"2024-12-02T17:57:32","date_gmt":"2024-12-02T15:57:32","guid":{"rendered":"https:\/\/keluvo.com\/se\/product\/bakplatar-for-engangsbruk-50-st\/"},"modified":"2024-12-02T18:00:24","modified_gmt":"2024-12-02T16:00:24","slug":"bakplatar-for-engangsbruk-50-st","status":"publish","type":"product","link":"https:\/\/keluvo.com\/se\/product\/bakplatar-for-engangsbruk-50-st\/","title":{"rendered":"Bakpl\u00e5tar f\u00f6r eng\u00e5ngsbruk (50 st)"},"content":{"rendered":"<h2 style=\"text-align: center;\"><strong>H\u00e5llbarhet och h\u00f6g kvalitet<\/strong><\/h2>\n<p style=\"text-align: center;\">V\u00e5ra eng\u00e5ngsbakpl\u00e5tar \u00e4r utformade f\u00f6r att t\u00e5la h\u00f6ga temperaturer utan att vridas eller urlakas, vilket garanterar en robust matlagningsupplevelse varje g\u00e5ng.<\/p>\n<p><img decoding=\"async\" class=\"size-medium wp-image-1254 aligncenter\" src=\"https:\/\/keluvo.com\/template\/wp-content\/uploads\/sites\/5\/2024\/10\/disposabletray1.webp\" alt=\"\" \/><\/p>\n<h2><\/h2>\n<h2 style=\"text-align: center;\"><strong>H\u00e5ller frit\u00f6sen ren<\/strong><\/h2>\n<p style=\"text-align: center;\">Dessa brickor h\u00e5ller din frit\u00f6s fl\u00e4ckfri, vilket minskar behovet av frekvent tv\u00e4tt. Ta bara bort den anv\u00e4nda brickan s\u00e5 \u00e4r frit\u00f6sen redo f\u00f6r n\u00e4sta omg\u00e5ng!<\/p>\n<p><img decoding=\"async\" class=\"size-medium wp-image-1254 aligncenter\" src=\"https:\/\/keluvo.com\/template\/wp-content\/uploads\/sites\/5\/2024\/10\/disposabletray2.webp\" alt=\"\" \/><\/p>\n<p>&nbsp;<\/p>\n<h2 style=\"text-align: center;\"><strong>M\u00e5ngsidig anv\u00e4ndning<\/strong><\/h2>\n<p style=\"text-align: center;\">De h\u00e4r m\u00e5ngsidiga brickorna kan inte bara anv\u00e4ndas f\u00f6r bakning, utan \u00e4ven f\u00f6r grillning, rostning eller servering. De \u00e4r ett m\u00e5ste i alla k\u00f6k och f\u00f6renklar matlagning och reng\u00f6ring.<\/p>\n<p><img fetchpriority=\"high\" decoding=\"async\" width=\"720\" height=\"720\" class=\"size-medium wp-image-1256 aligncenter\" src=\"https:\/\/keluvo.com\/template\/wp-content\/uploads\/sites\/5\/2024\/10\/21a8ac20-4e02-4fff-8a74-bc21aeb06df4.webp\" alt=\"\" srcset=\"https:\/\/keluvo.com\/se\/wp-content\/uploads\/sites\/12\/2024\/10\/21a8ac20-4e02-4fff-8a74-bc21aeb06df4.webp 720w, https:\/\/keluvo.com\/se\/wp-content\/uploads\/sites\/12\/2024\/10\/21a8ac20-4e02-4fff-8a74-bc21aeb06df4-300x300.webp 300w, https:\/\/keluvo.com\/se\/wp-content\/uploads\/sites\/12\/2024\/10\/21a8ac20-4e02-4fff-8a74-bc21aeb06df4-150x150.webp 150w, https:\/\/keluvo.com\/se\/wp-content\/uploads\/sites\/12\/2024\/10\/21a8ac20-4e02-4fff-8a74-bc21aeb06df4-600x600.webp 600w, https:\/\/keluvo.com\/se\/wp-content\/uploads\/sites\/12\/2024\/10\/21a8ac20-4e02-4fff-8a74-bc21aeb06df4-100x100.webp 100w, https:\/\/keluvo.com\/se\/wp-content\/uploads\/sites\/12\/2024\/10\/21a8ac20-4e02-4fff-8a74-bc21aeb06df4-50x50.webp 50w\" sizes=\"(max-width: 720px) 100vw, 720px\" \/><\/p>\n","protected":false},"excerpt":{"rendered":"<p>H\u00e5llbarhet och h\u00f6g kvalitet V\u00e5ra eng\u00e5ngsbakpl\u00e5tar \u00e4r utformade f\u00f6r att t\u00e5la h\u00f6ga temperaturer utan att vridas eller urlakas, vilket garanterar [&hellip;]<\/p>\n","protected":false},"featured_media":4112,"comment_status":"open","ping_status":"closed","template":"","meta":{"site-sidebar-layout":"default","site-content-layout":"","ast-site-content-layout":"default","site-content-style":"default","site-sidebar-style":"default","ast-global-header-display":"","ast-banner-title-visibility":"","ast-main-header-display":"","ast-hfb-above-header-display":"","ast-hfb-below-header-display":"","ast-hfb-mobile-header-display":"","site-post-title":"","ast-breadcrumbs-content":"","ast-featured-img":"","footer-sml-layout":"","theme-transparent-header-meta":"default","adv-header-id-meta":"","stick-header-meta":"","header-above-stick-meta":"","header-main-stick-meta":"","header-below-stick-meta":"","astra-migrate-meta-layouts":"set","ast-page-background-enabled":"default","ast-page-background-meta":{"desktop":{"background-color":"var(--ast-global-color-4)","background-image":"","background-repeat":"repeat","background-position":"center center","background-size":"auto","background-attachment":"scroll","background-type":"","background-media":"","overlay-type":"","overlay-color":"","overlay-opacity":"","overlay-gradient":""},"tablet":{"background-color":"","background-image":"","background-repeat":"repeat","background-position":"center center","background-size":"auto","background-attachment":"scroll","background-type":"","background-media":"","overlay-type":"","overlay-color":"","overlay-opacity":"","overlay-gradient":""},"mobile":{"background-color":"","background-image":"","background-repeat":"repeat","background-position":"center center","background-size":"auto","background-attachment":"scroll","background-type":"","background-media":"","overlay-type":"","overlay-color":"","overlay-opacity":"","overlay-gradient":""}},"ast-content-background-meta":{"desktop":{"background-color":"var(--ast-global-color-5)","background-image":"","background-repeat":"repeat","background-position":"center center","background-size":"auto","background-attachment":"scroll","background-type":"","background-media":"","overlay-type":"","overlay-color":"","overlay-opacity":"","overlay-gradient":""},"tablet":{"background-color":"var(--ast-global-color-5)","background-image":"","background-repeat":"repeat","background-position":"center center","background-size":"auto","background-attachment":"scroll","background-type":"","background-media":"","overlay-type":"","overlay-color":"","overlay-opacity":"","overlay-gradient":""},"mobile":{"background-color":"var(--ast-global-color-5)","background-image":"","background-repeat":"repeat","background-position":"center center","background-size":"auto","background-attachment":"scroll","background-type":"","background-media":"","overlay-type":"","overlay-color":"","overlay-opacity":"","overlay-gradient":""}}},"product_brand":[],"product_cat":[1001],"product_tag":[],"class_list":{"0":"post-4116","1":"product","2":"type-product","3":"status-publish","4":"has-post-thumbnail","6":"product_cat-household-goods","7":"desktop-align-left","8":"tablet-align-left","9":"mobile-align-left","11":"first","12":"instock","13":"shipping-taxable","14":"purchasable","15":"product-type-simple"},"_links":{"self":[{"href":"https:\/\/keluvo.com\/se\/wp-json\/wp\/v2\/product\/4116","targetHints":{"allow":["GET"]}}],"collection":[{"href":"https:\/\/keluvo.com\/se\/wp-json\/wp\/v2\/product"}],"about":[{"href":"https:\/\/keluvo.com\/se\/wp-json\/wp\/v2\/types\/product"}],"replies":[{"embeddable":true,"href":"https:\/\/keluvo.com\/se\/wp-json\/wp\/v2\/comments?post=4116"}],"wp:featuredmedia":[{"embeddable":true,"href":"https:\/\/keluvo.com\/se\/wp-json\/wp\/v2\/media\/4112"}],"wp:attachment":[{"href":"https:\/\/keluvo.com\/se\/wp-json\/wp\/v2\/media?parent=4116"}],"wp:term":[{"taxonomy":"product_brand","embeddable":true,"href":"https:\/\/keluvo.com\/se\/wp-json\/wp\/v2\/product_brand?post=4116"},{"taxonomy":"product_cat","embeddable":true,"href":"https:\/\/keluvo.com\/se\/wp-json\/wp\/v2\/product_cat?post=4116"},{"taxonomy":"product_tag","embeddable":true,"href":"https:\/\/keluvo.com\/se\/wp-json\/wp\/v2\/product_tag?post=4116"}],"curies":[{"name":"wp","href":"https:\/\/api.w.org\/{rel}","templated":true}]}}