{"id":40619,"date":"2025-10-06T16:58:32","date_gmt":"2025-10-06T13:58:32","guid":{"rendered":"https:\/\/keluvo.com\/se\/product\/airbrush-spruta\/"},"modified":"2025-10-20T16:10:05","modified_gmt":"2025-10-20T13:10:05","slug":"airbrush-spruta","status":"publish","type":"product","link":"https:\/\/keluvo.com\/se\/product\/airbrush-spruta\/","title":{"rendered":"Airbrush-spruta"},"content":{"rendered":"<p style=\"text-align: center;\" data-start=\"124\" data-end=\"177\"><strong>Skapa Felfria Sprayeffekter Med Precision \ud83c\udfa8\u2728<\/strong><\/p>\n<p style=\"text-align: center;\" data-start=\"178\" data-end=\"417\">Den h\u00e4r b\u00e4rbara uppladdningsbara airbrush-sprayer \u00e4r perfekt f\u00f6r ansiktsm\u00e5lning, nagelkonst, tatueringar, hantverk och till och med t\u00e5rtdekoration. Med justerbart tryck och fin sprutning g\u00f6r den varje projekt smidigt, detaljerat och professionellt.<\/p>\n<p data-start=\"178\" data-end=\"417\"><img decoding=\"async\" class=\"size-full wp-image-36284 aligncenter\" src=\"https:\/\/keluvo.com\/template\/wp-content\/uploads\/sites\/5\/2025\/10\/092218-ezgif.com-video-to-webp-converter.webp\" alt=\"\" \/><\/p>\n<h2 style=\"text-align: center;\" data-start=\"419\" data-end=\"440\">Huvudf\u00f6rdelar \u2705<\/h2>\n<p data-start=\"443\" data-end=\"524\">\ud83c\udfa8 Multifunktionell anv\u00e4ndning &#8211; perfekt f\u00f6r smink, naglar, tatueringar, hantverk och bakning<\/p>\n<p data-start=\"527\" data-end=\"602\">\u26a1 Uppladdningsbar och b\u00e4rbar &#8211; 1.5-timmars laddning ger upp till 1 timmes anv\u00e4ndning<\/p>\n<p data-start=\"605\" data-end=\"668\">\ud83e\udeb6 L\u00e4ttviktsdesign &#8211; endast 463 g, l\u00e4tt att ta med sig \u00f6verallt<\/p>\n<p data-start=\"671\" data-end=\"736\">\ud83c\udf0d Universell ing\u00e5ng &#8211; fungerar i flera l\u00e4nder (100-250 V)<\/p>\n<p data-start=\"739\" data-end=\"826\">\ud83d\udca8 Starkt luftfl\u00f6de &#8211; 25 psi maxtryck och 10 l\/min luftutg\u00e5ng f\u00f6r smidig sprutning<\/p>\n<p data-start=\"829\" data-end=\"901\">\ud83c\udfaf H\u00f6g precision \u2013 0,3 mm munstycke f\u00f6r detaljerad och j\u00e4mn applicering<\/p>\n<p data-start=\"904\" data-end=\"985\">\ud83d\udd27 Justerbart tryck &#8211; anpassa sprayintensiteten med ett enkelt skruvdrag<\/p>\n<p data-start=\"904\" data-end=\"985\"><img decoding=\"async\" class=\"size-full wp-image-36281 aligncenter\" src=\"https:\/\/keluvo.com\/template\/wp-content\/uploads\/sites\/5\/2025\/10\/S4cd32ab81b3a40809a1feb9f639a1c4bB.jpg_960x960q75.jpg_.jpg\" alt=\"\" \/><\/p>\n<h2 style=\"text-align: center;\" data-start=\"987\" data-end=\"1007\">Hur du anv\u00e4nder den \ud83d\udee0\ufe0f<\/h2>\n<ol data-start=\"1008\" data-end=\"1391\">\n<li data-start=\"1008\" data-end=\"1051\">\n<p data-start=\"1011\" data-end=\"1051\">Place v\u00e4tskekoppen p\u00e5 luftmunstycket.<\/p>\n<\/li>\n<li data-start=\"1052\" data-end=\"1101\">\n<p data-start=\"1055\" data-end=\"1101\">F\u00e4st luftmunstycket p\u00e5 luftkompressorn.<\/p>\n<\/li>\n<li data-start=\"1102\" data-end=\"1170\">\n<p data-start=\"1105\" data-end=\"1170\">Sp\u00e4d ut din f\u00e4rg eller v\u00e4tska ordentligt och h\u00e4ll den sedan i koppen.<\/p>\n<\/li>\n<li data-start=\"1171\" data-end=\"1222\">\n<p data-start=\"1174\" data-end=\"1222\">Tryck p\u00e5 str\u00f6mbrytaren f\u00f6r att s\u00e4tta p\u00e5 sprutan.<\/p>\n<\/li>\n<li data-start=\"1223\" data-end=\"1270\">\n<p data-start=\"1226\" data-end=\"1270\">H\u00e5ll sprutan 3-5 cm fr\u00e5n ytan.<\/p>\n<\/li>\n<li data-start=\"1271\" data-end=\"1341\">\n<p data-start=\"1274\" data-end=\"1341\">Justera avtryckaren p\u00e5 baksidan f\u00f6r att kontrollera sprutfl\u00f6de och densitet.<\/p>\n<\/li>\n<li data-start=\"1342\" data-end=\"1391\">\n<p data-start=\"1345\" data-end=\"1391\">Spruta j\u00e4mnt f\u00f6r att uppn\u00e5 \u00f6nskad effekt.<\/p>\n<\/li>\n<\/ol>\n<h2 style=\"text-align: center;\" data-start=\"1393\" data-end=\"1417\"><strong>Produktinformation \u2139\ufe0f<\/strong><\/h2>\n<ul data-start=\"1418\" data-end=\"1824\">\n<li data-start=\"1448\" data-end=\"1474\">\n<p data-start=\"1450\" data-end=\"1474\">Material: Aluminium<\/p>\n<\/li>\n<li data-start=\"1475\" data-end=\"1496\">\n<p data-start=\"1477\" data-end=\"1496\">Vikt: 463 g<\/p>\n<\/li>\n<li data-start=\"1497\" data-end=\"1540\">\n<p data-start=\"1499\" data-end=\"1540\">Dimensioner: 16,51 x 4,57 x 15,49 cm<\/p>\n<\/li>\n<li data-start=\"1541\" data-end=\"1572\">\n<p data-start=\"1543\" data-end=\"1572\">Munstycksdiameter: 0,3 mm<\/p>\n<\/li>\n<li data-start=\"1573\" data-end=\"1614\">\n<p data-start=\"1575\" data-end=\"1614\">Max tryck: 25 psi (justerbart)<\/p>\n<\/li>\n<li data-start=\"1615\" data-end=\"1643\">\n<p data-start=\"1617\" data-end=\"1643\">Luftfl\u00f6de: 10 L\/min<\/p>\n<\/li>\n<li data-start=\"1644\" data-end=\"1676\">\n<p data-start=\"1646\" data-end=\"1676\">Laddningstid: 1,5 timmar<\/p>\n<\/li>\n<li data-start=\"1677\" data-end=\"1713\">\n<p data-start=\"1679\" data-end=\"1713\">Driftstid: Upp till 1 timme<\/p>\n<\/li>\n<li data-start=\"1714\" data-end=\"1762\">\n<p data-start=\"1716\" data-end=\"1762\">Str\u00f6mf\u00f6rs\u00f6rjning: Uppladdningsbar via USB-kabel<\/p>\n<\/li>\n<li data-start=\"1763\" data-end=\"1793\">\n<p data-start=\"1765\" data-end=\"1793\">P\u00e5\/av: Knappkontroll<\/p>\n<\/li>\n<li data-start=\"1794\" data-end=\"1824\">\n<p data-start=\"1796\" data-end=\"1824\">Vattenbest\u00e4ndighet: Inget<\/p>\n<\/li>\n<\/ul>\n<h2 style=\"text-align: center;\" data-start=\"1826\" data-end=\"1851\"><strong>Paketet inneh\u00e5ller \ud83d\udce6<\/strong><\/h2>\n<ul data-start=\"1852\" data-end=\"1895\">\n<li data-start=\"1852\" data-end=\"1876\">1x huvudmaskin<\/li>\n<li data-start=\"1852\" data-end=\"1876\">1x sprutpistol<\/li>\n<li data-start=\"1852\" data-end=\"1876\">3x vattentank<\/li>\n<li data-start=\"1852\" data-end=\"1876\">1x typ-c laddningskabel<\/li>\n<li data-start=\"1852\" data-end=\"1876\">1x anv\u00e4ndarmanual.<\/li>\n<\/ul>\n","protected":false},"excerpt":{"rendered":"<p>Skapa Felfria Sprayeffekter Med Precision \ud83c\udfa8\u2728 Den h\u00e4r b\u00e4rbara uppladdningsbara airbrush-sprayer \u00e4r perfekt f\u00f6r ansiktsm\u00e5lning, nagelkonst, tatueringar, hantverk och till [&hellip;]<\/p>\n","protected":false},"featured_media":40615,"comment_status":"open","ping_status":"closed","template":"","meta":{"site-sidebar-layout":"default","site-content-layout":"","ast-site-content-layout":"default","site-content-style":"default","site-sidebar-style":"default","ast-global-header-display":"","ast-banner-title-visibility":"","ast-main-header-display":"","ast-hfb-above-header-display":"","ast-hfb-below-header-display":"","ast-hfb-mobile-header-display":"","site-post-title":"","ast-breadcrumbs-content":"","ast-featured-img":"","footer-sml-layout":"","theme-transparent-header-meta":"default","adv-header-id-meta":"","stick-header-meta":"","header-above-stick-meta":"","header-main-stick-meta":"","header-below-stick-meta":"","astra-migrate-meta-layouts":"set","ast-page-background-enabled":"default","ast-page-background-meta":{"desktop":{"background-color":"var(--ast-global-color-4)","background-image":"","background-repeat":"repeat","background-position":"center center","background-size":"auto","background-attachment":"scroll","background-type":"","background-media":"","overlay-type":"","overlay-color":"","overlay-opacity":"","overlay-gradient":""},"tablet":{"background-color":"","background-image":"","background-repeat":"repeat","background-position":"center center","background-size":"auto","background-attachment":"scroll","background-type":"","background-media":"","overlay-type":"","overlay-color":"","overlay-opacity":"","overlay-gradient":""},"mobile":{"background-color":"","background-image":"","background-repeat":"repeat","background-position":"center center","background-size":"auto","background-attachment":"scroll","background-type":"","background-media":"","overlay-type":"","overlay-color":"","overlay-opacity":"","overlay-gradient":""}},"ast-content-background-meta":{"desktop":{"background-color":"var(--ast-global-color-5)","background-image":"","background-repeat":"repeat","background-position":"center center","background-size":"auto","background-attachment":"scroll","background-type":"","background-media":"","overlay-type":"","overlay-color":"","overlay-opacity":"","overlay-gradient":""},"tablet":{"background-color":"var(--ast-global-color-5)","background-image":"","background-repeat":"repeat","background-position":"center center","background-size":"auto","background-attachment":"scroll","background-type":"","background-media":"","overlay-type":"","overlay-color":"","overlay-opacity":"","overlay-gradient":""},"mobile":{"background-color":"var(--ast-global-color-5)","background-image":"","background-repeat":"repeat","background-position":"center center","background-size":"auto","background-attachment":"scroll","background-type":"","background-media":"","overlay-type":"","overlay-color":"","overlay-opacity":"","overlay-gradient":""}}},"product_brand":[],"product_cat":[996],"product_tag":[],"class_list":{"0":"post-40619","1":"product","2":"type-product","3":"status-publish","4":"has-post-thumbnail","6":"product_cat-tools","7":"pa_24093_dekakt8l-gron","8":"pa_24093_dekakt8l-rosa","9":"pa_24093_dekakt8l-svart","10":"desktop-align-left","11":"tablet-align-left","12":"mobile-align-left","14":"first","15":"instock","16":"shipping-taxable","17":"purchasable","18":"product-type-variable"},"_links":{"self":[{"href":"https:\/\/keluvo.com\/se\/wp-json\/wp\/v2\/product\/40619","targetHints":{"allow":["GET"]}}],"collection":[{"href":"https:\/\/keluvo.com\/se\/wp-json\/wp\/v2\/product"}],"about":[{"href":"https:\/\/keluvo.com\/se\/wp-json\/wp\/v2\/types\/product"}],"replies":[{"embeddable":true,"href":"https:\/\/keluvo.com\/se\/wp-json\/wp\/v2\/comments?post=40619"}],"wp:featuredmedia":[{"embeddable":true,"href":"https:\/\/keluvo.com\/se\/wp-json\/wp\/v2\/media\/40615"}],"wp:attachment":[{"href":"https:\/\/keluvo.com\/se\/wp-json\/wp\/v2\/media?parent=40619"}],"wp:term":[{"taxonomy":"product_brand","embeddable":true,"href":"https:\/\/keluvo.com\/se\/wp-json\/wp\/v2\/product_brand?post=40619"},{"taxonomy":"product_cat","embeddable":true,"href":"https:\/\/keluvo.com\/se\/wp-json\/wp\/v2\/product_cat?post=40619"},{"taxonomy":"product_tag","embeddable":true,"href":"https:\/\/keluvo.com\/se\/wp-json\/wp\/v2\/product_tag?post=40619"}],"curies":[{"name":"wp","href":"https:\/\/api.w.org\/{rel}","templated":true}]}}