{"id":40388,"date":"2025-10-06T16:47:28","date_gmt":"2025-10-06T13:47:28","guid":{"rendered":"https:\/\/keluvo.com\/se\/product\/rullar-for-duschdorr-8-st\/"},"modified":"2025-10-20T16:11:46","modified_gmt":"2025-10-20T13:11:46","slug":"rullar-for-duschdorr-8-st","status":"publish","type":"product","link":"https:\/\/keluvo.com\/se\/product\/rullar-for-duschdorr-8-st\/","title":{"rendered":"Rullar f\u00f6r duschd\u00f6rr (8 st)"},"content":{"rendered":"<p style=\"text-align: center;\" data-start=\"113\" data-end=\"159\">F\u00e5 dina duschd\u00f6rrar att glida mjukt \ud83d\udebf\u2728<\/p>\n<p style=\"text-align: center;\" data-start=\"161\" data-end=\"346\">S\u00e4g adj\u00f6 till bullriga, stela eller fastnade duschd\u00f6rrar. Dessa h\u00f6gkvalitativa duschd\u00f6rrsrullar s\u00e4kerst\u00e4ller smidig och tyst r\u00f6relse, vilket g\u00f6r din dagliga rutin mer bekv\u00e4m och problemfri.<\/p>\n<p data-start=\"161\" data-end=\"346\"><img decoding=\"async\" class=\"size-full wp-image-36049 aligncenter\" src=\"https:\/\/keluvo.com\/template\/wp-content\/uploads\/sites\/5\/2025\/10\/092216-ezgif.com-video-to-webp-converter.webp\" alt=\"\" \/><\/p>\n<h2 style=\"text-align: center;\" data-start=\"348\" data-end=\"370\">Huvudf\u00f6rdelar \ud83c\udf1f<\/h2>\n<p data-start=\"373\" data-end=\"423\">\ud83e\udd2b Ultra tyst drift &#8211; inga fler gnisslande d\u00f6rrar<\/p>\n<p data-start=\"426\" data-end=\"483\">\ud83d\udebf Enkel gliddesign f\u00f6r enkel \u00f6ppning och st\u00e4ngning<\/p>\n<p data-start=\"486\" data-end=\"553\">\ud83d\udc8e Tillverkad av h\u00e5llbar metall, plast och skyddande gummilager<\/p>\n<p data-start=\"556\" data-end=\"612\">\ud83d\udee1\ufe0f Rost- och korrosionsbest\u00e4ndig f\u00f6r l\u00e5ngvarig anv\u00e4ndning<\/p>\n<p data-start=\"615\" data-end=\"673\">\ud83d\udd27 Snabb och enkel att installera &#8211; inga specialverktyg kr\u00e4vs<\/p>\n<p data-start=\"615\" data-end=\"673\"><img fetchpriority=\"high\" decoding=\"async\" class=\" wp-image-36048 aligncenter\" src=\"https:\/\/keluvo.com\/template\/wp-content\/uploads\/sites\/5\/2025\/10\/01_8e9e31d6-4b82-40da-bb2e-4dd7c767b626_480x480.webp\" alt=\"\" width=\"432\" height=\"432\" \/><\/p>\n<h2 style=\"text-align: center;\" data-start=\"675\" data-end=\"694\"><strong>Anv\u00e4ndning \ud83d\udc47<\/strong><\/h2>\n<ol data-start=\"695\" data-end=\"895\">\n<li data-start=\"695\" data-end=\"746\">\n<p data-start=\"698\" data-end=\"746\">Ta bort dina gamla eller trasiga duschd\u00f6rrrullar.<\/p>\n<\/li>\n<li data-start=\"747\" data-end=\"802\">\n<p data-start=\"750\" data-end=\"802\">F\u00e4st de nya rullarna s\u00e4kert p\u00e5 glasd\u00f6rren.<\/p>\n<\/li>\n<li data-start=\"803\" data-end=\"843\">\n<p data-start=\"806\" data-end=\"843\">Skjut tillbaka d\u00f6rren i ramen.<\/p>\n<\/li>\n<li data-start=\"844\" data-end=\"895\">\n<p data-start=\"847\" data-end=\"895\">Njut av smidig och tyst drift omedelbart.<\/p>\n<\/li>\n<\/ol>\n<h2 style=\"text-align: center;\" data-start=\"897\" data-end=\"921\">Produktdetaljer \ud83d\udccf<\/h2>\n<ul>\n<li data-start=\"924\" data-end=\"980\">Material: h\u00f6gkvalitativ metall + plast + gummilager<\/li>\n<li data-start=\"983\" data-end=\"1055\">Hjuldiameter: 19 mm, 23 mm, 25 mm, 27 mm<\/li>\n<li>Maximal glastjocklek: 6 mm<\/li>\n<li>H\u00e5lets mitt till glasets kant \u00e4r 18 mm.<\/li>\n<li>Vikt: 300\u2013360 g<\/li>\n<li data-start=\"1080\" data-end=\"1129\">L\u00e4mplig f\u00f6r: duschd\u00f6rrar och glasv\u00e4ggar<\/li>\n<\/ul>\n<h2 style=\"text-align: center;\" data-start=\"1354\" data-end=\"1379\"><strong>Paketet inneh\u00e5ller \ud83c\udf81<\/strong><\/h2>\n<ul data-start=\"1380\" data-end=\"1493\">\n<li data-start=\"1380\" data-end=\"1422\">\n<p data-start=\"1382\" data-end=\"1422\">8x duschd\u00f6rrrullar (4 topp- och 4 bottenstycken)<\/p>\n<\/li>\n<\/ul>\n","protected":false},"excerpt":{"rendered":"<p>F\u00e5 dina duschd\u00f6rrar att glida mjukt \ud83d\udebf\u2728 S\u00e4g adj\u00f6 till bullriga, stela eller fastnade duschd\u00f6rrar. Dessa h\u00f6gkvalitativa duschd\u00f6rrsrullar s\u00e4kerst\u00e4ller smidig [&hellip;]<\/p>\n","protected":false},"featured_media":40384,"comment_status":"open","ping_status":"closed","template":"","meta":{"site-sidebar-layout":"default","site-content-layout":"","ast-site-content-layout":"default","site-content-style":"default","site-sidebar-style":"default","ast-global-header-display":"","ast-banner-title-visibility":"","ast-main-header-display":"","ast-hfb-above-header-display":"","ast-hfb-below-header-display":"","ast-hfb-mobile-header-display":"","site-post-title":"","ast-breadcrumbs-content":"","ast-featured-img":"","footer-sml-layout":"","theme-transparent-header-meta":"default","adv-header-id-meta":"","stick-header-meta":"","header-above-stick-meta":"","header-main-stick-meta":"","header-below-stick-meta":"","astra-migrate-meta-layouts":"set","ast-page-background-enabled":"default","ast-page-background-meta":{"desktop":{"background-color":"var(--ast-global-color-4)","background-image":"","background-repeat":"repeat","background-position":"center center","background-size":"auto","background-attachment":"scroll","background-type":"","background-media":"","overlay-type":"","overlay-color":"","overlay-opacity":"","overlay-gradient":""},"tablet":{"background-color":"","background-image":"","background-repeat":"repeat","background-position":"center center","background-size":"auto","background-attachment":"scroll","background-type":"","background-media":"","overlay-type":"","overlay-color":"","overlay-opacity":"","overlay-gradient":""},"mobile":{"background-color":"","background-image":"","background-repeat":"repeat","background-position":"center center","background-size":"auto","background-attachment":"scroll","background-type":"","background-media":"","overlay-type":"","overlay-color":"","overlay-opacity":"","overlay-gradient":""}},"ast-content-background-meta":{"desktop":{"background-color":"var(--ast-global-color-5)","background-image":"","background-repeat":"repeat","background-position":"center center","background-size":"auto","background-attachment":"scroll","background-type":"","background-media":"","overlay-type":"","overlay-color":"","overlay-opacity":"","overlay-gradient":""},"tablet":{"background-color":"var(--ast-global-color-5)","background-image":"","background-repeat":"repeat","background-position":"center center","background-size":"auto","background-attachment":"scroll","background-type":"","background-media":"","overlay-type":"","overlay-color":"","overlay-opacity":"","overlay-gradient":""},"mobile":{"background-color":"var(--ast-global-color-5)","background-image":"","background-repeat":"repeat","background-position":"center center","background-size":"auto","background-attachment":"scroll","background-type":"","background-media":"","overlay-type":"","overlay-color":"","overlay-opacity":"","overlay-gradient":""}}},"product_brand":[],"product_cat":[1001],"product_tag":[],"class_list":{"0":"post-40388","1":"product","2":"type-product","3":"status-publish","4":"has-post-thumbnail","6":"product_cat-household-goods","7":"pa_21917_ahydbxsf-19-mm","8":"pa_21917_ahydbxsf-23-mm","9":"pa_21917_ahydbxsf-25-mm","10":"pa_21917_ahydbxsf-27-mm","11":"desktop-align-left","12":"tablet-align-left","13":"mobile-align-left","15":"first","16":"instock","17":"shipping-taxable","18":"purchasable","19":"product-type-variable"},"_links":{"self":[{"href":"https:\/\/keluvo.com\/se\/wp-json\/wp\/v2\/product\/40388","targetHints":{"allow":["GET"]}}],"collection":[{"href":"https:\/\/keluvo.com\/se\/wp-json\/wp\/v2\/product"}],"about":[{"href":"https:\/\/keluvo.com\/se\/wp-json\/wp\/v2\/types\/product"}],"replies":[{"embeddable":true,"href":"https:\/\/keluvo.com\/se\/wp-json\/wp\/v2\/comments?post=40388"}],"wp:featuredmedia":[{"embeddable":true,"href":"https:\/\/keluvo.com\/se\/wp-json\/wp\/v2\/media\/40384"}],"wp:attachment":[{"href":"https:\/\/keluvo.com\/se\/wp-json\/wp\/v2\/media?parent=40388"}],"wp:term":[{"taxonomy":"product_brand","embeddable":true,"href":"https:\/\/keluvo.com\/se\/wp-json\/wp\/v2\/product_brand?post=40388"},{"taxonomy":"product_cat","embeddable":true,"href":"https:\/\/keluvo.com\/se\/wp-json\/wp\/v2\/product_cat?post=40388"},{"taxonomy":"product_tag","embeddable":true,"href":"https:\/\/keluvo.com\/se\/wp-json\/wp\/v2\/product_tag?post=40388"}],"curies":[{"name":"wp","href":"https:\/\/api.w.org\/{rel}","templated":true}]}}