{"id":40314,"date":"2025-10-06T16:42:53","date_gmt":"2025-10-06T13:42:53","guid":{"rendered":"https:\/\/keluvo.com\/se\/product\/magnethallare-for-svetsning\/"},"modified":"2025-10-11T15:39:40","modified_gmt":"2025-10-11T12:39:40","slug":"magnethallare-for-svetsning","status":"publish","type":"product","link":"https:\/\/keluvo.com\/se\/product\/magnethallare-for-svetsning\/","title":{"rendered":"Magneth\u00e5llare f\u00f6r svetsning"},"content":{"rendered":"<p style=\"text-align: center;\" data-start=\"129\" data-end=\"196\">Stark magnetisk svetsh\u00e5llare \u2013 handsfree-svetsning blir enkelt \ud83d\udd29<\/p>\n<p style=\"text-align: center;\" data-start=\"198\" data-end=\"372\">F\u00e5 perfekta svetsvinklar varje g\u00e5ng med den h\u00e4r starka magnetiska svetsh\u00e5llaren. Den l\u00e5ser dina metalldelar p\u00e5 plats s\u00e5 att du kan arbeta snabbare, s\u00e4krare och med b\u00e5da h\u00e4nderna fria.<\/p>\n<p data-start=\"198\" data-end=\"372\"><img decoding=\"async\" class=\"size-full wp-image-36373 aligncenter\" src=\"https:\/\/keluvo.com\/template\/wp-content\/uploads\/sites\/5\/2025\/10\/1002-ezgif.com-video-to-webp-converter.webp\" alt=\"\" \/><\/p>\n<h2 style=\"text-align: center;\" data-start=\"379\" data-end=\"400\">Huvudf\u00f6rdelar \u2728<\/h2>\n<p data-start=\"403\" data-end=\"453\">\ud83d\udd29 H\u00e5ller metalldelarna stadigt f\u00f6r exakt svetsning<\/p>\n<p data-start=\"456\" data-end=\"500\">\ud83d\udcd0 St\u00f6der vanliga vinklar (45\u00b0, 90\u00b0, 135\u00b0)<\/p>\n<p data-start=\"503\" data-end=\"556\">\ud83d\udee0\ufe0f Frig\u00f6r h\u00e4nderna f\u00f6r s\u00e4krare och renare svetsningar<\/p>\n<p data-start=\"559\" data-end=\"608\">\ud83d\udcaa Kraftig magnetisk kraft h\u00e5ller delarna stadiga<\/p>\n<p data-start=\"611\" data-end=\"655\">\u26a1 Snabbar upp arbetet och minskar antalet misstag<\/p>\n<p data-start=\"611\" data-end=\"655\"><img decoding=\"async\" class=\"size-full wp-image-36375 aligncenter\" src=\"https:\/\/keluvo.com\/template\/wp-content\/uploads\/sites\/5\/2025\/10\/2.jpeg\" alt=\"\" \/><\/p>\n<h2 style=\"text-align: center;\" data-start=\"662\" data-end=\"681\">Anv\u00e4ndning \ud83d\udc47<\/h2>\n<ol data-start=\"682\" data-end=\"894\">\n<li data-start=\"682\" data-end=\"734\">\n<p data-start=\"685\" data-end=\"734\">Placera den magnetiska h\u00e5llaren p\u00e5 metallytan.<\/p>\n<\/li>\n<li data-start=\"735\" data-end=\"783\">\n<p data-start=\"738\" data-end=\"783\">Justera arbetsstycket till \u00f6nskad vinkel.<\/p>\n<\/li>\n<li data-start=\"784\" data-end=\"837\">\n<p data-start=\"787\" data-end=\"837\">B\u00f6rja svetsa eller l\u00f6da med b\u00e5da h\u00e4nderna fria.<\/p>\n<\/li>\n<li data-start=\"838\" data-end=\"894\">\n<p data-start=\"841\" data-end=\"894\">Ta bort h\u00e5llaren n\u00e4r du \u00e4r klar &#8211; enkelt och snabbt.<\/p>\n<\/li>\n<\/ol>\n<h2 style=\"text-align: center;\" data-start=\"901\" data-end=\"925\">Produktdetaljer \ud83d\udccb<\/h2>\n<ul data-start=\"926\" data-end=\"1074\">\n<li data-start=\"926\" data-end=\"964\">\n<p data-start=\"928\" data-end=\"964\">Material: st\u00e5l + kraftfulla magneter<\/p>\n<\/li>\n<li data-start=\"965\" data-end=\"998\">\n<p data-start=\"967\" data-end=\"998\">Vinkelst\u00f6d: 45\u00b0, 90\u00b0, 135\u00b0<\/p>\n<\/li>\n<li data-start=\"999\" data-end=\"1043\">\n<p data-start=\"1001\" data-end=\"1043\">Stark magnetisk kraft f\u00f6r stabil h\u00e5llning<\/p>\n<\/li>\n<li data-start=\"1044\" data-end=\"1074\">\n<p data-start=\"1046\" data-end=\"1074\">\u00c5teranv\u00e4ndbar och l\u00e4tt att b\u00e4ra<\/p>\n<\/li>\n<\/ul>\n<h2 style=\"text-align: center;\" data-start=\"1081\" data-end=\"1106\">Paketet inneh\u00e5ller \ud83c\udf81<\/h2>\n<ul data-start=\"1107\" data-end=\"1137\">\n<li data-start=\"1107\" data-end=\"1137\">\n<p data-start=\"1109\" data-end=\"1137\">1, 4x magnetisk svetsh\u00e5llare.<\/p>\n<\/li>\n<\/ul>\n","protected":false},"excerpt":{"rendered":"<p>Stark magnetisk svetsh\u00e5llare \u2013 handsfree-svetsning blir enkelt \ud83d\udd29 F\u00e5 perfekta svetsvinklar varje g\u00e5ng med den h\u00e4r starka magnetiska svetsh\u00e5llaren. Den [&hellip;]<\/p>\n","protected":false},"featured_media":40310,"comment_status":"open","ping_status":"closed","template":"","meta":{"site-sidebar-layout":"default","site-content-layout":"","ast-site-content-layout":"default","site-content-style":"default","site-sidebar-style":"default","ast-global-header-display":"","ast-banner-title-visibility":"","ast-main-header-display":"","ast-hfb-above-header-display":"","ast-hfb-below-header-display":"","ast-hfb-mobile-header-display":"","site-post-title":"","ast-breadcrumbs-content":"","ast-featured-img":"","footer-sml-layout":"","theme-transparent-header-meta":"default","adv-header-id-meta":"","stick-header-meta":"","header-above-stick-meta":"","header-main-stick-meta":"","header-below-stick-meta":"","astra-migrate-meta-layouts":"set","ast-page-background-enabled":"default","ast-page-background-meta":{"desktop":{"background-color":"var(--ast-global-color-4)","background-image":"","background-repeat":"repeat","background-position":"center center","background-size":"auto","background-attachment":"scroll","background-type":"","background-media":"","overlay-type":"","overlay-color":"","overlay-opacity":"","overlay-gradient":""},"tablet":{"background-color":"","background-image":"","background-repeat":"repeat","background-position":"center center","background-size":"auto","background-attachment":"scroll","background-type":"","background-media":"","overlay-type":"","overlay-color":"","overlay-opacity":"","overlay-gradient":""},"mobile":{"background-color":"","background-image":"","background-repeat":"repeat","background-position":"center center","background-size":"auto","background-attachment":"scroll","background-type":"","background-media":"","overlay-type":"","overlay-color":"","overlay-opacity":"","overlay-gradient":""}},"ast-content-background-meta":{"desktop":{"background-color":"var(--ast-global-color-5)","background-image":"","background-repeat":"repeat","background-position":"center center","background-size":"auto","background-attachment":"scroll","background-type":"","background-media":"","overlay-type":"","overlay-color":"","overlay-opacity":"","overlay-gradient":""},"tablet":{"background-color":"var(--ast-global-color-5)","background-image":"","background-repeat":"repeat","background-position":"center center","background-size":"auto","background-attachment":"scroll","background-type":"","background-media":"","overlay-type":"","overlay-color":"","overlay-opacity":"","overlay-gradient":""},"mobile":{"background-color":"var(--ast-global-color-5)","background-image":"","background-repeat":"repeat","background-position":"center center","background-size":"auto","background-attachment":"scroll","background-type":"","background-media":"","overlay-type":"","overlay-color":"","overlay-opacity":"","overlay-gradient":""}}},"product_brand":[],"product_cat":[996],"product_tag":[],"class_list":{"0":"post-40314","1":"product","2":"type-product","3":"status-publish","4":"has-post-thumbnail","6":"product_cat-tools","7":"pa_19905_n38shwk6-1-st","8":"pa_19905_n38shwk6-4-st","9":"desktop-align-left","10":"tablet-align-left","11":"mobile-align-left","13":"first","14":"instock","15":"shipping-taxable","16":"purchasable","17":"product-type-variable"},"_links":{"self":[{"href":"https:\/\/keluvo.com\/se\/wp-json\/wp\/v2\/product\/40314","targetHints":{"allow":["GET"]}}],"collection":[{"href":"https:\/\/keluvo.com\/se\/wp-json\/wp\/v2\/product"}],"about":[{"href":"https:\/\/keluvo.com\/se\/wp-json\/wp\/v2\/types\/product"}],"replies":[{"embeddable":true,"href":"https:\/\/keluvo.com\/se\/wp-json\/wp\/v2\/comments?post=40314"}],"wp:featuredmedia":[{"embeddable":true,"href":"https:\/\/keluvo.com\/se\/wp-json\/wp\/v2\/media\/40310"}],"wp:attachment":[{"href":"https:\/\/keluvo.com\/se\/wp-json\/wp\/v2\/media?parent=40314"}],"wp:term":[{"taxonomy":"product_brand","embeddable":true,"href":"https:\/\/keluvo.com\/se\/wp-json\/wp\/v2\/product_brand?post=40314"},{"taxonomy":"product_cat","embeddable":true,"href":"https:\/\/keluvo.com\/se\/wp-json\/wp\/v2\/product_cat?post=40314"},{"taxonomy":"product_tag","embeddable":true,"href":"https:\/\/keluvo.com\/se\/wp-json\/wp\/v2\/product_tag?post=40314"}],"curies":[{"name":"wp","href":"https:\/\/api.w.org\/{rel}","templated":true}]}}