{"id":40299,"date":"2025-10-06T16:42:03","date_gmt":"2025-10-06T13:42:03","guid":{"rendered":"https:\/\/keluvo.com\/se\/product\/hastborste\/"},"modified":"2025-10-20T16:11:31","modified_gmt":"2025-10-20T13:11:31","slug":"hastborste","status":"publish","type":"product","link":"https:\/\/keluvo.com\/se\/product\/hastborste\/","title":{"rendered":"Ryktborste till h\u00e4st"},"content":{"rendered":"<p style=\"text-align: center;\" data-start=\"125\" data-end=\"174\">H\u00e5ll din h\u00e4sts p\u00e4ls blank och frisk \ud83d\udc34\u2728<\/p>\n<p style=\"text-align: center;\" data-start=\"176\" data-end=\"390\">Den h\u00e4r multifunktionella h\u00e4stborsten \u00e4r det perfekta verktyget f\u00f6r daglig h\u00e4stsk\u00f6tsel. Den \u00e4r utformad med slitstarkt gummi och ergonomiskt grepp och tar bort smuts, l\u00f6st h\u00e5r och damm samtidigt som den f\u00f6rsiktigt masserar din h\u00e4sts hud.<\/p>\n<p data-start=\"176\" data-end=\"390\"><img decoding=\"async\" class=\"size-full wp-image-35978 aligncenter\" src=\"https:\/\/keluvo.com\/template\/wp-content\/uploads\/sites\/5\/2025\/10\/Horse-gif.gif\" alt=\"\" \/><\/p>\n<h2 style=\"text-align: center;\" data-start=\"392\" data-end=\"414\">Huvudf\u00f6rdelar \ud83c\udf1f<\/h2>\n<p data-start=\"417\" data-end=\"470\">\ud83e\uddfd Avl\u00e4gsnar effektivt smuts, lera och h\u00e5r som lossnar<\/p>\n<p data-start=\"473\" data-end=\"526\">\ud83d\udc86 Stimulerar blodcirkulationen med mild massage<\/p>\n<p data-start=\"529\" data-end=\"583\">\ud83d\udc0e H\u00e5ller din h\u00e4sts p\u00e4ls ren, gl\u00e4nsande och frisk<\/p>\n<p data-start=\"586\" data-end=\"633\">\u270b Bekv\u00e4mt halkfritt grepp f\u00f6r enkel hantering<\/p>\n<p data-start=\"636\" data-end=\"680\">\ud83d\udee1\ufe0f Slitstark och h\u00e5llbar gummidesign<\/p>\n<p><img decoding=\"async\" class=\"size-full wp-image-35977\" src=\"https:\/\/keluvo.com\/template\/wp-content\/uploads\/sites\/5\/2025\/10\/Horse-brush-zadnja-slika.jpg\" alt=\"\" \/><\/p>\n<h2 style=\"text-align: center;\" data-start=\"682\" data-end=\"701\">Anv\u00e4nd s\u00e5 h\u00e4r \ud83d\udc47<\/h2>\n<ol data-start=\"702\" data-end=\"919\">\n<li data-start=\"702\" data-end=\"751\">\n<p data-start=\"705\" data-end=\"751\">H\u00e5ll ryktborsten i det ergonomiska handtaget.<\/p>\n<\/li>\n<li data-start=\"752\" data-end=\"813\">\n<p data-start=\"755\" data-end=\"813\">Borsta med l\u00e4tt tryck i h\u00e5rriktningen \u00f6ver h\u00e4stens kropp.<\/p>\n<\/li>\n<li data-start=\"814\" data-end=\"869\">\n<p data-start=\"817\" data-end=\"869\">Fokusera p\u00e5 omr\u00e5den med smuts, lera eller l\u00f6s p\u00e4ls.<\/p>\n<\/li>\n<li data-start=\"870\" data-end=\"919\">\n<p data-start=\"873\" data-end=\"919\">Sk\u00f6lj efter anv\u00e4ndning och f\u00f6rvara f\u00f6r n\u00e4sta rykt.<\/p>\n<\/li>\n<\/ol>\n<h2 style=\"text-align: center;\" data-start=\"921\" data-end=\"945\">Produktdetaljer \ud83d\udccf<\/h2>\n<ul data-start=\"946\" data-end=\"1171\">\n<li data-start=\"946\" data-end=\"979\">\n<p data-start=\"948\" data-end=\"979\">Material: h\u00f6gkvalitativt gummi<\/p>\n<\/li>\n<li data-start=\"980\" data-end=\"1040\">\n<p data-start=\"982\" data-end=\"1040\">Design: uppgraderad med 11 runda h\u00e5l f\u00f6r b\u00e4ttre reng\u00f6ring<\/p>\n<\/li>\n<li data-start=\"1041\" data-end=\"1069\">\n<p data-start=\"1043\" data-end=\"1069\">F\u00e4rger: svart, r\u00f6d, bl\u00e5<\/p>\n<\/li>\n<li data-start=\"1070\" data-end=\"1113\">\n<p data-start=\"1072\" data-end=\"1113\">Storlek: ca 21,8 cm l\u00e4ngd<\/p>\n<\/li>\n<li data-start=\"1114\" data-end=\"1171\">\n<p data-start=\"1116\" data-end=\"1171\">Ber\u00e4ttigad f\u00f6r: h\u00e4star, ponnyer och andra stora djur<\/p>\n<\/li>\n<\/ul>\n<h2 style=\"text-align: center;\" data-start=\"1427\" data-end=\"1452\">Paketet inneh\u00e5ller \ud83c\udf81<\/h2>\n<ul data-start=\"1453\" data-end=\"1498\">\n<li data-start=\"1453\" data-end=\"1498\">\n<p data-start=\"1455\" data-end=\"1498\">1x ryktborste.<\/p>\n<\/li>\n<\/ul>\n","protected":false},"excerpt":{"rendered":"<p>H\u00e5ll din h\u00e4sts p\u00e4ls blank och frisk \ud83d\udc34\u2728 Den h\u00e4r multifunktionella h\u00e4stborsten \u00e4r det perfekta verktyget f\u00f6r daglig h\u00e4stsk\u00f6tsel. Den [&hellip;]<\/p>\n","protected":false},"featured_media":40295,"comment_status":"open","ping_status":"closed","template":"","meta":{"site-sidebar-layout":"default","site-content-layout":"","ast-site-content-layout":"default","site-content-style":"default","site-sidebar-style":"default","ast-global-header-display":"","ast-banner-title-visibility":"","ast-main-header-display":"","ast-hfb-above-header-display":"","ast-hfb-below-header-display":"","ast-hfb-mobile-header-display":"","site-post-title":"","ast-breadcrumbs-content":"","ast-featured-img":"","footer-sml-layout":"","theme-transparent-header-meta":"default","adv-header-id-meta":"","stick-header-meta":"","header-above-stick-meta":"","header-main-stick-meta":"","header-below-stick-meta":"","astra-migrate-meta-layouts":"set","ast-page-background-enabled":"default","ast-page-background-meta":{"desktop":{"background-color":"var(--ast-global-color-4)","background-image":"","background-repeat":"repeat","background-position":"center center","background-size":"auto","background-attachment":"scroll","background-type":"","background-media":"","overlay-type":"","overlay-color":"","overlay-opacity":"","overlay-gradient":""},"tablet":{"background-color":"","background-image":"","background-repeat":"repeat","background-position":"center center","background-size":"auto","background-attachment":"scroll","background-type":"","background-media":"","overlay-type":"","overlay-color":"","overlay-opacity":"","overlay-gradient":""},"mobile":{"background-color":"","background-image":"","background-repeat":"repeat","background-position":"center center","background-size":"auto","background-attachment":"scroll","background-type":"","background-media":"","overlay-type":"","overlay-color":"","overlay-opacity":"","overlay-gradient":""}},"ast-content-background-meta":{"desktop":{"background-color":"var(--ast-global-color-5)","background-image":"","background-repeat":"repeat","background-position":"center center","background-size":"auto","background-attachment":"scroll","background-type":"","background-media":"","overlay-type":"","overlay-color":"","overlay-opacity":"","overlay-gradient":""},"tablet":{"background-color":"var(--ast-global-color-5)","background-image":"","background-repeat":"repeat","background-position":"center center","background-size":"auto","background-attachment":"scroll","background-type":"","background-media":"","overlay-type":"","overlay-color":"","overlay-opacity":"","overlay-gradient":""},"mobile":{"background-color":"var(--ast-global-color-5)","background-image":"","background-repeat":"repeat","background-position":"center center","background-size":"auto","background-attachment":"scroll","background-type":"","background-media":"","overlay-type":"","overlay-color":"","overlay-opacity":"","overlay-gradient":""}}},"product_brand":[],"product_cat":[997],"product_tag":[],"class_list":{"0":"post-40299","1":"product","2":"type-product","3":"status-publish","4":"has-post-thumbnail","6":"product_cat-pets-products","7":"pa_18214_s5wrejxp-bla","8":"pa_18214_s5wrejxp-rod","9":"pa_18214_s5wrejxp-svart","10":"desktop-align-left","11":"tablet-align-left","12":"mobile-align-left","14":"first","15":"instock","16":"shipping-taxable","17":"purchasable","18":"product-type-variable"},"_links":{"self":[{"href":"https:\/\/keluvo.com\/se\/wp-json\/wp\/v2\/product\/40299","targetHints":{"allow":["GET"]}}],"collection":[{"href":"https:\/\/keluvo.com\/se\/wp-json\/wp\/v2\/product"}],"about":[{"href":"https:\/\/keluvo.com\/se\/wp-json\/wp\/v2\/types\/product"}],"replies":[{"embeddable":true,"href":"https:\/\/keluvo.com\/se\/wp-json\/wp\/v2\/comments?post=40299"}],"wp:featuredmedia":[{"embeddable":true,"href":"https:\/\/keluvo.com\/se\/wp-json\/wp\/v2\/media\/40295"}],"wp:attachment":[{"href":"https:\/\/keluvo.com\/se\/wp-json\/wp\/v2\/media?parent=40299"}],"wp:term":[{"taxonomy":"product_brand","embeddable":true,"href":"https:\/\/keluvo.com\/se\/wp-json\/wp\/v2\/product_brand?post=40299"},{"taxonomy":"product_cat","embeddable":true,"href":"https:\/\/keluvo.com\/se\/wp-json\/wp\/v2\/product_cat?post=40299"},{"taxonomy":"product_tag","embeddable":true,"href":"https:\/\/keluvo.com\/se\/wp-json\/wp\/v2\/product_tag?post=40299"}],"curies":[{"name":"wp","href":"https:\/\/api.w.org\/{rel}","templated":true}]}}