{"id":39336,"date":"2025-09-29T17:50:15","date_gmt":"2025-09-29T14:50:15","guid":{"rendered":"https:\/\/keluvo.com\/se\/product\/nivelleringsverktyg-for-kakelplattor\/"},"modified":"2025-10-13T11:22:23","modified_gmt":"2025-10-13T08:22:23","slug":"nivelleringsverktyg-for-kakelplattor","status":"publish","type":"product","link":"https:\/\/keluvo.com\/se\/product\/nivelleringsverktyg-for-kakelplattor\/","title":{"rendered":"Nivelleringsverktyg f\u00f6r kakelplattor"},"content":{"rendered":"<p style=\"text-align: center;\" data-start=\"130\" data-end=\"174\"><strong>F\u00e5 perfekt nivellerade plattor med l\u00e4tthet. \ud83e\uddf1<\/strong><\/p>\n<p style=\"text-align: center;\" data-start=\"176\" data-end=\"469\">Det h\u00e4r nivelleringsverktyget h\u00e5ller plattorna plana och i linje under installationen och f\u00f6rhindrar att de glider och r\u00f6r sig under h\u00e4rdningen. Det \u00e4r utformat f\u00f6r b\u00e5de DIY och professionell anv\u00e4ndning och f\u00f6rb\u00e4ttrar installationshastigheten, minskar stress och s\u00e4kerst\u00e4ller en felfri finish utan behov av extra slipning eller polering.<\/p>\n<p data-start=\"176\" data-end=\"469\"><img decoding=\"async\" class=\"size-full wp-image-35504 aligncenter\" src=\"https:\/\/keluvo.com\/template\/wp-content\/uploads\/sites\/5\/2025\/09\/0-02-05-3c47372751761296a84482fc2e4c3c9d159aaec9a442d2f45bc7f4c672a6760d_48147a554a50e3ff_480x480.webp\" alt=\"\" \/><\/p>\n<h2 style=\"text-align: center;\" data-start=\"476\" data-end=\"498\">Huvudf\u00f6rdelar<\/h2>\n<p data-start=\"501\" data-end=\"548\">\ud83e\uddf1 H\u00e5ller plattorna balanserade och p\u00e5 samma niv\u00e5.<\/p>\n<p data-start=\"501\" data-end=\"548\">\u26a1 Snabbar upp plattinstallationen och minskar tr\u00f6ttheten.<\/p>\n<p data-start=\"501\" data-end=\"548\">\ud83d\udeab F\u00f6rhindrar att plattorna flyttar sig under h\u00e4rdning.<\/p>\n<p data-start=\"501\" data-end=\"548\">\u2728 Skapar sl\u00e4ta, sl\u00e4ta ytor.<\/p>\n<p data-start=\"501\" data-end=\"548\">\ud83d\udd04 Slitstark, \u00e5teranv\u00e4ndbar och milj\u00f6v\u00e4nlig.<\/p>\n<p data-start=\"501\" data-end=\"548\">\ud83d\udee0\ufe0f L\u00e4mplig f\u00f6r golv, v\u00e4ggar och olika typer av plattor.<\/p>\n<p data-start=\"748\" data-end=\"806\"><img decoding=\"async\" class=\"size-full wp-image-35503 aligncenter\" src=\"https:\/\/keluvo.com\/template\/wp-content\/uploads\/sites\/5\/2025\/09\/0-02-05-fac3cdfa280b6c4a9a98a2fb8005c3946e3b1c40bc1ba8220abdf2258190f8eb_6cef7b2c4be1fba7_480x480.webp\" alt=\"\" \/><\/p>\n<h2 style=\"text-align: center;\" data-start=\"813\" data-end=\"832\">S\u00e5 h\u00e4r g\u00f6r du<\/h2>\n<ol data-start=\"833\" data-end=\"1163\">\n<li data-start=\"833\" data-end=\"892\">\n<p data-start=\"836\" data-end=\"892\">L\u00e4gg den f\u00f6rsta plattan och l\u00e4mna plats f\u00f6r en tv\u00e4rdistans.<\/p>\n<\/li>\n<li data-start=\"833\" data-end=\"892\">\n<p data-start=\"836\" data-end=\"892\">F\u00f6r in den T-formade n\u00e5len i kakelmellanrummet.<\/p>\n<\/li>\n<li data-start=\"833\" data-end=\"892\">\n<p data-start=\"836\" data-end=\"892\">Rotera 180\u00b0 s\u00e5 att n\u00e5len l\u00e5ses fast under kakelplattorna.<\/p>\n<\/li>\n<li data-start=\"833\" data-end=\"892\">\n<p data-start=\"836\" data-end=\"892\">Justera locken f\u00f6r hand eller med den medf\u00f6ljande skiftnyckeln tills kakelplattorna \u00e4r i niv\u00e5.<\/p>\n<\/li>\n<li data-start=\"833\" data-end=\"892\">\n<p data-start=\"836\" data-end=\"892\">Efter 4\u20136 timmar, innan limmet torkat helt, rotera locken i omv\u00e4nd riktning och ta bort.<\/p>\n<\/li>\n<\/ol>\n<h2 style=\"text-align: center;\" data-start=\"1170\" data-end=\"1194\">Produktdetaljer<\/h2>\n<ul data-start=\"1195\" data-end=\"1502\">\n<li data-start=\"1231\" data-end=\"1269\">\n<p data-start=\"1233\" data-end=\"1269\">Material: PP + 430 rostfritt st\u00e5l<\/p>\n<\/li>\n<li data-start=\"1231\" data-end=\"1269\">\n<p data-start=\"1233\" data-end=\"1269\">L\u00e4mpliga avst\u00e5nd: 2\u20138 mm<\/p>\n<\/li>\n<li data-start=\"1231\" data-end=\"1269\">\n<p data-start=\"1233\" data-end=\"1269\">\u00c5teranv\u00e4ndbar och h\u00e5llbar f\u00f6r flera projekt<\/p>\n<\/li>\n<\/ul>\n<h2 style=\"text-align: center;\" data-start=\"1509\" data-end=\"1534\">Paketet inneh\u00e5ller<\/h2>\n<ul data-start=\"1845\" data-end=\"2037\">\n<li data-start=\"2008\" data-end=\"2037\">\n<p data-start=\"2010\" data-end=\"2037\">25, 50, 100x kakelutj\u00e4mningsverktyg<\/p>\n<\/li>\n<li data-start=\"2008\" data-end=\"2037\">\n<p data-start=\"2010\" data-end=\"2037\">1x skiftnyckel.<\/p>\n<\/li>\n<\/ul>\n","protected":false},"excerpt":{"rendered":"<p>F\u00e5 perfekt nivellerade plattor med l\u00e4tthet. \ud83e\uddf1 Det h\u00e4r nivelleringsverktyget h\u00e5ller plattorna plana och i linje under installationen och f\u00f6rhindrar [&hellip;]<\/p>\n","protected":false},"featured_media":39332,"comment_status":"open","ping_status":"closed","template":"","meta":{"site-sidebar-layout":"default","site-content-layout":"","ast-site-content-layout":"default","site-content-style":"default","site-sidebar-style":"default","ast-global-header-display":"","ast-banner-title-visibility":"","ast-main-header-display":"","ast-hfb-above-header-display":"","ast-hfb-below-header-display":"","ast-hfb-mobile-header-display":"","site-post-title":"","ast-breadcrumbs-content":"","ast-featured-img":"","footer-sml-layout":"","theme-transparent-header-meta":"default","adv-header-id-meta":"","stick-header-meta":"","header-above-stick-meta":"","header-main-stick-meta":"","header-below-stick-meta":"","astra-migrate-meta-layouts":"set","ast-page-background-enabled":"default","ast-page-background-meta":{"desktop":{"background-color":"var(--ast-global-color-4)","background-image":"","background-repeat":"repeat","background-position":"center center","background-size":"auto","background-attachment":"scroll","background-type":"","background-media":"","overlay-type":"","overlay-color":"","overlay-opacity":"","overlay-gradient":""},"tablet":{"background-color":"","background-image":"","background-repeat":"repeat","background-position":"center center","background-size":"auto","background-attachment":"scroll","background-type":"","background-media":"","overlay-type":"","overlay-color":"","overlay-opacity":"","overlay-gradient":""},"mobile":{"background-color":"","background-image":"","background-repeat":"repeat","background-position":"center center","background-size":"auto","background-attachment":"scroll","background-type":"","background-media":"","overlay-type":"","overlay-color":"","overlay-opacity":"","overlay-gradient":""}},"ast-content-background-meta":{"desktop":{"background-color":"var(--ast-global-color-5)","background-image":"","background-repeat":"repeat","background-position":"center center","background-size":"auto","background-attachment":"scroll","background-type":"","background-media":"","overlay-type":"","overlay-color":"","overlay-opacity":"","overlay-gradient":""},"tablet":{"background-color":"var(--ast-global-color-5)","background-image":"","background-repeat":"repeat","background-position":"center center","background-size":"auto","background-attachment":"scroll","background-type":"","background-media":"","overlay-type":"","overlay-color":"","overlay-opacity":"","overlay-gradient":""},"mobile":{"background-color":"var(--ast-global-color-5)","background-image":"","background-repeat":"repeat","background-position":"center center","background-size":"auto","background-attachment":"scroll","background-type":"","background-media":"","overlay-type":"","overlay-color":"","overlay-opacity":"","overlay-gradient":""}}},"product_brand":[],"product_cat":[996],"product_tag":[],"class_list":{"0":"post-39336","1":"product","2":"type-product","3":"status-publish","4":"has-post-thumbnail","6":"product_cat-tools","7":"pa_20168_tx3kv2y2-25-st","8":"pa_20168_tx3kv2y2-50-st","9":"pa_20168_tx3kv2y2-100-st","10":"desktop-align-left","11":"tablet-align-left","12":"mobile-align-left","14":"first","15":"instock","16":"shipping-taxable","17":"purchasable","18":"product-type-variable"},"_links":{"self":[{"href":"https:\/\/keluvo.com\/se\/wp-json\/wp\/v2\/product\/39336","targetHints":{"allow":["GET"]}}],"collection":[{"href":"https:\/\/keluvo.com\/se\/wp-json\/wp\/v2\/product"}],"about":[{"href":"https:\/\/keluvo.com\/se\/wp-json\/wp\/v2\/types\/product"}],"replies":[{"embeddable":true,"href":"https:\/\/keluvo.com\/se\/wp-json\/wp\/v2\/comments?post=39336"}],"wp:featuredmedia":[{"embeddable":true,"href":"https:\/\/keluvo.com\/se\/wp-json\/wp\/v2\/media\/39332"}],"wp:attachment":[{"href":"https:\/\/keluvo.com\/se\/wp-json\/wp\/v2\/media?parent=39336"}],"wp:term":[{"taxonomy":"product_brand","embeddable":true,"href":"https:\/\/keluvo.com\/se\/wp-json\/wp\/v2\/product_brand?post=39336"},{"taxonomy":"product_cat","embeddable":true,"href":"https:\/\/keluvo.com\/se\/wp-json\/wp\/v2\/product_cat?post=39336"},{"taxonomy":"product_tag","embeddable":true,"href":"https:\/\/keluvo.com\/se\/wp-json\/wp\/v2\/product_tag?post=39336"}],"curies":[{"name":"wp","href":"https:\/\/api.w.org\/{rel}","templated":true}]}}