{"id":39320,"date":"2025-09-29T17:49:07","date_gmt":"2025-09-29T14:49:07","guid":{"rendered":"https:\/\/keluvo.com\/se\/product\/magnetiskt-verktyg-for-armband\/"},"modified":"2025-10-13T11:21:59","modified_gmt":"2025-10-13T08:21:59","slug":"magnetiskt-verktyg-for-armband","status":"publish","type":"product","link":"https:\/\/keluvo.com\/se\/product\/magnetiskt-verktyg-for-armband\/","title":{"rendered":"Magnetiskt armbandsverktyg"},"content":{"rendered":"<p style=\"text-align: center;\" data-start=\"126\" data-end=\"179\"><strong>Ha sm\u00e5 verktyg och delar n\u00e4ra handleden. \ud83d\udee0\ufe0f<\/strong><\/p>\n<p style=\"text-align: center;\" data-start=\"181\" data-end=\"551\">Detta magnetiska armbandsverktyg \u00e4r utformat f\u00f6r att h\u00e5lla skruvar, spikar, bultar, h\u00e5rn\u00e5lar och andra sm\u00e5 f\u00f6rem\u00e5l s\u00e4kert p\u00e5 plats medan du arbetar. Tillverkat av slitstarkt Oxford-tyg med starka magneter inuti, erbjuder det handsfree bekv\u00e4mlighet f\u00f6r hemmaprojekt, snickeri, bilreparationer eller utomhusarbeten. Den \u00e4r bekv\u00e4m och justerbar och \u00e4r den perfekta hj\u00e4lpen f\u00f6r DIY-\u00e4lskare, mekaniker och hantverkare.<\/p>\n<p data-start=\"181\" data-end=\"551\"><img decoding=\"async\" class=\"size-full wp-image-35491 aligncenter\" src=\"https:\/\/keluvo.com\/template\/wp-content\/uploads\/sites\/5\/2025\/09\/WhatsAppVideo2023-10-03at11.07.13_1_480x480.webp\" alt=\"\" \/><\/p>\n<h2 style=\"text-align: center;\" data-start=\"558\" data-end=\"580\">Huvudf\u00f6rdelar<\/h2>\n<p data-start=\"583\" data-end=\"655\">\ud83e\uddf2 Stark magnetisk attraktion h\u00e5ller sm\u00e5 verktyg och delar inom r\u00e4ckh\u00e5ll.<\/p>\n<p data-start=\"583\" data-end=\"655\">\ud83d\udee0\ufe0f Perfekt f\u00f6r hemreparation, konstruktion, tr\u00e4bearbetning och bilunderh\u00e5ll.<\/p>\n<p data-start=\"583\" data-end=\"655\">\ud83d\udcaa Rivt\u00e5ligt 1680D Oxford-tyg f\u00f6r l\u00e5ngvarig h\u00e5llbarhet.<\/p>\n<p data-start=\"583\" data-end=\"655\">\ud83e\udeb6 L\u00e4tt, mesh som andas med justerbara remmar f\u00f6r komfort hela dagen.<\/p>\n<p data-start=\"583\" data-end=\"655\">\ud83c\udf81 En praktisk och unik present till pappor, partners och DIY-entusiaster.<\/p>\n<p data-start=\"583\" data-end=\"655\">\ud83d\udd04 Kan b\u00e4ras p\u00e5 handleden, b\u00e4ltet eller f\u00e4stas p\u00e5 en arbetsb\u00e4nk.<\/p>\n<p data-start=\"960\" data-end=\"1023\"><img decoding=\"async\" class=\"size-full wp-image-35490 aligncenter\" src=\"https:\/\/keluvo.com\/template\/wp-content\/uploads\/sites\/5\/2025\/09\/WhatsAppImage2023-10-03at11.07.13.webp\" alt=\"\" \/><\/p>\n<h2 style=\"text-align: center;\" data-start=\"1030\" data-end=\"1049\">S\u00e5 h\u00e4r g\u00f6r du<\/h2>\n<ol data-start=\"1050\" data-end=\"1304\">\n<li data-start=\"1050\" data-end=\"1108\">\n<p data-start=\"1053\" data-end=\"1108\">Vira det magnetiska armbandet runt handleden eller b\u00e4ltet.<\/p>\n<\/li>\n<li data-start=\"1050\" data-end=\"1108\">\n<p data-start=\"1053\" data-end=\"1108\">Justera remmen f\u00f6r en s\u00e4ker och bekv\u00e4m passform.<\/p>\n<\/li>\n<li data-start=\"1050\" data-end=\"1108\">\n<p data-start=\"1053\" data-end=\"1108\">Placera skruvar, spikar, bultar eller andra sm\u00e5 metallf\u00f6rem\u00e5l p\u00e5 armbandet.<\/p>\n<\/li>\n<li data-start=\"1050\" data-end=\"1108\">\n<p data-start=\"1053\" data-end=\"1108\">Arbeta handsfree med enkel \u00e5tkomst till dina delar och verktyg.<\/p>\n<\/li>\n<\/ol>\n<h2 style=\"text-align: center;\" data-start=\"1311\" data-end=\"1335\">Produktdetaljer<\/h2>\n<ul data-start=\"1336\" data-end=\"1565\">\n<li data-start=\"1372\" data-end=\"1421\">\n<p data-start=\"1374\" data-end=\"1421\">Material: 1680D Oxford-tyg + starka magneter<\/p>\n<\/li>\n<li data-start=\"1372\" data-end=\"1421\">\n<p data-start=\"1374\" data-end=\"1421\">Storlek: 33 x 10 cm<\/p>\n<\/li>\n<li data-start=\"1372\" data-end=\"1421\">\n<p data-start=\"1374\" data-end=\"1421\">Funktioner: Stark magnetisk attraktion, ventilerande mesh, justerbara remmar, slitstarka och rivt\u00e5liga<\/p>\n<\/li>\n<\/ul>\n<h2 style=\"text-align: center;\" data-start=\"1572\" data-end=\"1597\">Paketet inneh\u00e5ller<\/h2>\n<ul data-start=\"1598\" data-end=\"1624\">\n<li data-start=\"1598\" data-end=\"1624\">\n<p data-start=\"1600\" data-end=\"1624\">1x magnetiskt armbandsverktyg.<\/p>\n<\/li>\n<\/ul>\n","protected":false},"excerpt":{"rendered":"<p>Ha sm\u00e5 verktyg och delar n\u00e4ra handleden. \ud83d\udee0\ufe0f Detta magnetiska armbandsverktyg \u00e4r utformat f\u00f6r att h\u00e5lla skruvar, spikar, bultar, h\u00e5rn\u00e5lar [&hellip;]<\/p>\n","protected":false},"featured_media":39316,"comment_status":"open","ping_status":"closed","template":"","meta":{"site-sidebar-layout":"default","site-content-layout":"","ast-site-content-layout":"default","site-content-style":"default","site-sidebar-style":"default","ast-global-header-display":"","ast-banner-title-visibility":"","ast-main-header-display":"","ast-hfb-above-header-display":"","ast-hfb-below-header-display":"","ast-hfb-mobile-header-display":"","site-post-title":"","ast-breadcrumbs-content":"","ast-featured-img":"","footer-sml-layout":"","theme-transparent-header-meta":"default","adv-header-id-meta":"","stick-header-meta":"","header-above-stick-meta":"","header-main-stick-meta":"","header-below-stick-meta":"","astra-migrate-meta-layouts":"set","ast-page-background-enabled":"default","ast-page-background-meta":{"desktop":{"background-color":"var(--ast-global-color-4)","background-image":"","background-repeat":"repeat","background-position":"center center","background-size":"auto","background-attachment":"scroll","background-type":"","background-media":"","overlay-type":"","overlay-color":"","overlay-opacity":"","overlay-gradient":""},"tablet":{"background-color":"","background-image":"","background-repeat":"repeat","background-position":"center center","background-size":"auto","background-attachment":"scroll","background-type":"","background-media":"","overlay-type":"","overlay-color":"","overlay-opacity":"","overlay-gradient":""},"mobile":{"background-color":"","background-image":"","background-repeat":"repeat","background-position":"center center","background-size":"auto","background-attachment":"scroll","background-type":"","background-media":"","overlay-type":"","overlay-color":"","overlay-opacity":"","overlay-gradient":""}},"ast-content-background-meta":{"desktop":{"background-color":"var(--ast-global-color-5)","background-image":"","background-repeat":"repeat","background-position":"center center","background-size":"auto","background-attachment":"scroll","background-type":"","background-media":"","overlay-type":"","overlay-color":"","overlay-opacity":"","overlay-gradient":""},"tablet":{"background-color":"var(--ast-global-color-5)","background-image":"","background-repeat":"repeat","background-position":"center center","background-size":"auto","background-attachment":"scroll","background-type":"","background-media":"","overlay-type":"","overlay-color":"","overlay-opacity":"","overlay-gradient":""},"mobile":{"background-color":"var(--ast-global-color-5)","background-image":"","background-repeat":"repeat","background-position":"center center","background-size":"auto","background-attachment":"scroll","background-type":"","background-media":"","overlay-type":"","overlay-color":"","overlay-opacity":"","overlay-gradient":""}}},"product_brand":[],"product_cat":[996],"product_tag":[],"class_list":{"0":"post-39320","1":"product","2":"type-product","3":"status-publish","4":"has-post-thumbnail","6":"product_cat-tools","7":"pa_20087_2di8ztr3-bla","8":"pa_20087_2di8ztr3-rod","9":"pa_20087_2di8ztr3-svart","10":"desktop-align-left","11":"tablet-align-left","12":"mobile-align-left","14":"first","15":"instock","16":"shipping-taxable","17":"purchasable","18":"product-type-variable"},"_links":{"self":[{"href":"https:\/\/keluvo.com\/se\/wp-json\/wp\/v2\/product\/39320","targetHints":{"allow":["GET"]}}],"collection":[{"href":"https:\/\/keluvo.com\/se\/wp-json\/wp\/v2\/product"}],"about":[{"href":"https:\/\/keluvo.com\/se\/wp-json\/wp\/v2\/types\/product"}],"replies":[{"embeddable":true,"href":"https:\/\/keluvo.com\/se\/wp-json\/wp\/v2\/comments?post=39320"}],"wp:featuredmedia":[{"embeddable":true,"href":"https:\/\/keluvo.com\/se\/wp-json\/wp\/v2\/media\/39316"}],"wp:attachment":[{"href":"https:\/\/keluvo.com\/se\/wp-json\/wp\/v2\/media?parent=39320"}],"wp:term":[{"taxonomy":"product_brand","embeddable":true,"href":"https:\/\/keluvo.com\/se\/wp-json\/wp\/v2\/product_brand?post=39320"},{"taxonomy":"product_cat","embeddable":true,"href":"https:\/\/keluvo.com\/se\/wp-json\/wp\/v2\/product_cat?post=39320"},{"taxonomy":"product_tag","embeddable":true,"href":"https:\/\/keluvo.com\/se\/wp-json\/wp\/v2\/product_tag?post=39320"}],"curies":[{"name":"wp","href":"https:\/\/api.w.org\/{rel}","templated":true}]}}